{"id":4271,"date":"2026-02-16T14:39:11","date_gmt":"2026-02-16T13:39:11","guid":{"rendered":"https:\/\/miloscispokoj.pl\/?page_id=4271"},"modified":"2026-03-16T22:10:02","modified_gmt":"2026-03-16T21:10:02","slug":"wie-wir-handpan-verpacken-versandkostenfrei","status":"publish","type":"page","link":"https:\/\/miloscispokoj.pl\/de\/jak-pakujemy-twoje-handpany-przesylka-0-pln\/","title":{"rendered":"So verpacken wir Ihre Handpans \u2013 Versandkosten 0 PLN"},"content":{"rendered":"<p>Wir behandeln jede <a href=\"https:\/\/miloscispokoj.pl\/de\/skad-pochodzi-handpan-historia-instrumentu-ktory-podbil-swiat\/\">handpan<\/a> wie einen Schatz. Unsere Instrumente werden sorgf\u00e4ltig verpackt, um sie w\u00e4hrend des Transports vor St\u00f6\u00dfen, Feuchtigkeit und Besch\u00e4digungen zu sch\u00fctzen. So stellen wir sicher, dass sie in einwandfreiem Zustand und sofort spielbereit bei Ihnen ankommen.<\/p>\n\n\n\n<h2 class=\"wp-block-heading\">Qualit\u00e4tspr\u00fcfung von Handpans in Danzig<\/h2>\n\n\n\n<p>Jede Handpan, die ich beim Hersteller in Danzig abhole, wird von mir zun\u00e4chst gr\u00fcndlich gepr\u00fcft. Erst wenn sie alle Qualit\u00e4tsanforderungen erf\u00fcllt (perfekte Intonation, harmonischer Klang, keine M\u00e4ngel), verpacken wir sie und versenden sie an Sie.<\/p>\n\n\n\n<p>Erfahren Sie mehr \u00fcber unsere <a href=\"https:\/\/miloscispokoj.pl\/de\/handpan-qualitatsprufungen-lieferung-in-danzig\/\" target=\"_blank\" rel=\"noreferrer noopener\">Qualit\u00e4tspr\u00fcfung und Lieferung von Handpans in Danzig.<\/a>.<\/p>\n\n\n\n<h2 class=\"wp-block-heading\" id=\"etapy-pakowania-handpana\">Handpan-Verpackungsschritte<\/h2>\n\n\n\n<p>So sch\u00fctzen wir Ihr Instrument Schritt f\u00fcr Schritt, damit es in einwandfreiem Zustand ankommt:<\/p>\n\n\n\n<p><strong>Einfacher Karton<\/strong><br>Die Handpan ist in einem stabilen Karton mit den Ma\u00dfen 63 x 63 x 45 cm verpackt, der perfekt auf Standardwaagen abgestimmt ist.<\/p>\n\n\n\n<p><strong>Handpan mit Hartschalenkoffer<\/strong><br>Das Instrument befindet sich in einem Hartschalenkoffer und ist von stabilen, hohlen Pappr\u00f6hren umgeben, die f\u00fcr Stabilit\u00e4t sorgen und ein Zerdr\u00fccken verhindern. Die gesamte Konstruktion ist in einem tiefen Styroporrahmen eingeschlossen, der mit einer zus\u00e4tzlichen Schicht dicker Pappe (mehrere Zentimeter dick) \u00fcberzogen ist. Dar\u00fcber befindet sich Plexiglas zum Schutz der empfindlichsten T\u00f6ne (Mittel- und Hochtonbereich).<\/p>\n\n\n\n<p><strong>Handpan in einer weichen Tasche<\/strong><br>Bei Instrumenten, die mit einem Softcase gekauft wurden, befindet sich die Handpan in einem tiefen Styroporrahmen, und das Softcase sch\u00fctzt sie zus\u00e4tzlich von oben \u2013 es bietet eine doppelte Schutzschicht gegen St\u00f6\u00dfe und Feuchtigkeit.<\/p>\n\n\n\n<p>Dank dieser Verpackung ist Ihre Handpan auch unter h\u00e4rtesten Bedingungen beim Transport optimal gesch\u00fctzt!<\/p>\n\n\n\n<h2 class=\"wp-block-heading\" id=\"koszty-i-czasy-dostawy\">Lieferkosten und Lieferzeiten<\/h2>\n\n\n\n<p>Hier einige Beispielpreise (abh\u00e4ngig von Gewicht, Verpackung und Versanddienstleister wie DPD, UPS oder InPost):<\/p>\n\n\n\n<div id=\"cennik-dostaw\" class=\"table-responsive\"> <table class=\"table table-striped\"> <thead> <tr> <th>Region<\/th> <th>Versandkosten<\/th> <th>Lieferzeit<\/th> <\/tr> <\/thead> <tbody> <tr> <td><strong>Polen<\/strong><\/td> <td>Gratis bei Eink\u00e4ufen \u00fcber 5.000 PLN \u2013 unter 150 PLN <\/td> <td>1-3 Tage<\/td> <\/tr> <tr> <td><strong>UE<\/strong><\/td> <td>250-350 z\u0142<\/td> <td>4-12 Tage<\/td> <\/tr> <tr> <td><strong>Au\u00dferhalb der EU<\/strong><\/td> <td>Auf Anfrage<\/td> <td>Individuell<\/td> <\/tr> <\/tbody> <\/table> <\/div>\n<br>\n<p><strong>Die Pakete sind vollst\u00e4ndig versichert.<br> En cas de carton endommag\u00e9 <u style=\"color:red\">bitten Sie den Kurier, einen Schadensbericht zu erstellen, Fotos zu machen und uns alle Informationen per E-Mail zu senden.<\/u> kontakt@miloscispokoj.pl. <br \/>Wir k\u00fcmmern uns um den gesamten Beschwerdeprozess \u2013 Sie brauchen sich um nichts zu sorgen.<\/strong><\/p>","protected":false},"excerpt":{"rendered":"<p>Traktujemy ka\u017cdy handpan jak skarb. Nasze instrumenty podr\u00f3\u017cuj\u0105 w precyzyjnie przygotowanym opakowaniu, kt\u00f3re chroni je przed wstrz\u0105sami, wilgoci\u0105 i uszkodzeniami podczas wysy\u0142ki. Dzi\u0119ki temu docieraj\u0105 do Ciebie w idealnym stanie, gotowe do gry. Testowanie jako\u015bci handpana w Gda\u0144sku Ka\u017cdy handpan, kt\u00f3ry odbiram od makera w Gda\u0144sku, jest najpierw dok\u0142adnie przeze mnie testowany. Dopiero gdy spe\u0142ni [&hellip;]<\/p>","protected":false},"author":1,"featured_media":0,"parent":0,"menu_order":0,"comment_status":"closed","ping_status":"closed","template":"","meta":{"footnotes":""},"class_list":["post-4271","page","type-page","status-publish","hentry"],"yoast_head":"<!-- This site is optimized with the Yoast SEO plugin v27.4 - https:\/\/yoast.com\/product\/yoast-seo-wordpress\/ -->\n<title>Bezpieczna przesy\u0142ka GRATIS -Mi\u0142o\u015b\u0107 i Spok\u00f3j<\/title>\n<meta name=\"description\" content=\"Bezpieczna, darmowa i ubezpieczona przesy\u0142a - testy handpan\u00f3w w Gda\u0144sku. Paczka w Polsce za 0z\u0142 (2-5 dni), UE 250-350z\u0142 (5-14 dni).\" \/>\n<meta name=\"robots\" content=\"index, follow, max-snippet:-1, max-image-preview:large, max-video-preview:-1\" \/>\n<link rel=\"canonical\" href=\"https:\/\/miloscispokoj.pl\/de\/wie-wir-handpan-verpacken-versandkostenfrei\/\" \/>\n<meta property=\"og:locale\" content=\"de_DE\" \/>\n<meta property=\"og:type\" content=\"article\" \/>\n<meta property=\"og:title\" content=\"Bezpieczna przesy\u0142ka GRATIS -Mi\u0142o\u015b\u0107 i Spok\u00f3j\" \/>\n<meta property=\"og:description\" content=\"Bezpieczna, darmowa i ubezpieczona przesy\u0142a - testy handpan\u00f3w w Gda\u0144sku. Paczka w Polsce za 0z\u0142 (2-5 dni), UE 250-350z\u0142 (5-14 dni).\" \/>\n<meta property=\"og:url\" content=\"https:\/\/miloscispokoj.pl\/de\/wie-wir-handpan-verpacken-versandkostenfrei\/\" \/>\n<meta property=\"og:site_name\" content=\"Mi\u0142o\u015b\u0107 i Spok\u00f3j\" \/>\n<meta property=\"article:publisher\" content=\"https:\/\/www.facebook.com\/HandpanyMiloscISpokoj\" \/>\n<meta property=\"article:modified_time\" content=\"2026-03-16T21:10:02+00:00\" \/>\n<meta property=\"og:image\" content=\"https:\/\/miloscispokoj.pl\/wp-content\/uploads\/2025\/04\/cropped-Logo_MILOSC-I-SPOKOJ_pl_CMYK_v1_RGB_z-bialym-tlem.png?wsr\" \/>\n\t<meta property=\"og:image:width\" content=\"512\" \/>\n\t<meta property=\"og:image:height\" content=\"512\" \/>\n\t<meta property=\"og:image:type\" content=\"image\/png\" \/>\n<meta name=\"twitter:card\" content=\"summary_large_image\" \/>\n<meta name=\"twitter:label1\" content=\"Gesch\u00e4tzte Lesezeit\" \/>\n\t<meta name=\"twitter:data1\" content=\"2\u00a0Minuten\" \/>\n<script type=\"application\/ld+json\" class=\"yoast-schema-graph\">{\"@context\":\"https:\\\/\\\/schema.org\",\"@graph\":[{\"@type\":\"WebPage\",\"@id\":\"https:\\\/\\\/miloscispokoj.pl\\\/jak-pakujemy-twoje-handpany-przesylka-0-pln\\\/\",\"url\":\"https:\\\/\\\/miloscispokoj.pl\\\/jak-pakujemy-twoje-handpany-przesylka-0-pln\\\/\",\"name\":\"Bezpieczna przesy\u0142ka GRATIS -Mi\u0142o\u015b\u0107 i Spok\u00f3j\",\"isPartOf\":{\"@id\":\"https:\\\/\\\/miloscispokoj.pl\\\/#website\"},\"datePublished\":\"2026-02-16T13:39:11+00:00\",\"dateModified\":\"2026-03-16T21:10:02+00:00\",\"description\":\"Bezpieczna, darmowa i ubezpieczona przesy\u0142a - testy handpan\u00f3w w Gda\u0144sku. Paczka w Polsce za 0z\u0142 (2-5 dni), UE 250-350z\u0142 (5-14 dni).\",\"breadcrumb\":{\"@id\":\"https:\\\/\\\/miloscispokoj.pl\\\/jak-pakujemy-twoje-handpany-przesylka-0-pln\\\/#breadcrumb\"},\"inLanguage\":\"de\",\"potentialAction\":[{\"@type\":\"ReadAction\",\"target\":[\"https:\\\/\\\/miloscispokoj.pl\\\/jak-pakujemy-twoje-handpany-przesylka-0-pln\\\/\"]}]},{\"@type\":\"BreadcrumbList\",\"@id\":\"https:\\\/\\\/miloscispokoj.pl\\\/jak-pakujemy-twoje-handpany-przesylka-0-pln\\\/#breadcrumb\",\"itemListElement\":[{\"@type\":\"ListItem\",\"position\":1,\"name\":\"Mi\u0142o\u015b\u0107 i Spok\u00f3j\",\"item\":\"https:\\\/\\\/miloscispokoj.pl\\\/\"},{\"@type\":\"ListItem\",\"position\":2,\"name\":\"Jak pakujemy Twoje handpany \u2013 przesy\u0142ka 0 PLN\"}]},{\"@type\":\"WebSite\",\"@id\":\"https:\\\/\\\/miloscispokoj.pl\\\/#website\",\"url\":\"https:\\\/\\\/miloscispokoj.pl\\\/\",\"name\":\"handpany Mi\u0142o\u015b\u0107 i Spok\u00f3j\",\"description\":\"Odkryj moc instrumentu, kt\u00f3ry przenosi do krainy medytacji, relaksu i duchowego wzrostu.\",\"publisher\":{\"@id\":\"https:\\\/\\\/miloscispokoj.pl\\\/#organization\"},\"alternateName\":\"R\u0119cznie robione handpany marki Mi\u0142o\u015b\u0107 i Spok\u00f3j\",\"potentialAction\":[{\"@type\":\"SearchAction\",\"target\":{\"@type\":\"EntryPoint\",\"urlTemplate\":\"https:\\\/\\\/miloscispokoj.pl\\\/?s={search_term_string}\"},\"query-input\":{\"@type\":\"PropertyValueSpecification\",\"valueRequired\":true,\"valueName\":\"search_term_string\"}}],\"inLanguage\":\"de\"},{\"@type\":\"Organization\",\"@id\":\"https:\\\/\\\/miloscispokoj.pl\\\/#organization\",\"name\":\"Firma: Kreatywne \u015acie\u017cki Piotr Kaczorowski Marka: Mi\u0142o\u015b\u0107 i Spok\u00f3j\",\"alternateName\":\"Mi\u0142o\u015b\u0107 i spok\u00f3j\",\"url\":\"https:\\\/\\\/miloscispokoj.pl\\\/\",\"logo\":{\"@type\":\"ImageObject\",\"inLanguage\":\"de\",\"@id\":\"https:\\\/\\\/miloscispokoj.pl\\\/#\\\/schema\\\/logo\\\/image\\\/\",\"url\":\"https:\\\/\\\/miloscispokoj.pl\\\/wp-content\\\/uploads\\\/2025\\\/04\\\/cropped-Logo_MILOSC-I-SPOKOJ_pl_CMYK_v1_RGB_z-bialym-tlem.png?wsr\",\"contentUrl\":\"https:\\\/\\\/miloscispokoj.pl\\\/wp-content\\\/uploads\\\/2025\\\/04\\\/cropped-Logo_MILOSC-I-SPOKOJ_pl_CMYK_v1_RGB_z-bialym-tlem.png?wsr\",\"width\":512,\"height\":512,\"caption\":\"Firma: Kreatywne \u015acie\u017cki Piotr Kaczorowski Marka: Mi\u0142o\u015b\u0107 i Spok\u00f3j\"},\"image\":{\"@id\":\"https:\\\/\\\/miloscispokoj.pl\\\/#\\\/schema\\\/logo\\\/image\\\/\"},\"sameAs\":[\"https:\\\/\\\/www.facebook.com\\\/HandpanyMiloscISpokoj\",\"https:\\\/\\\/www.youtube.com\\\/@miloscispokoj\"]}]}<\/script>\n<!-- \/ Yoast SEO plugin. -->","yoast_head_json":{"title":"Sicherer, kostenloser Versand \u2013 Mi\u0142o\u015b\u0107 i Spok\u00f3j Handpans","description":"Sicherer, kostenloser und versicherter Versand \u2013 Handpan-Tests in Danzig. Pakete innerhalb Polens kosten 0 PLN (2\u20135 Tage), innerhalb der EU 250\u2013350 PLN (5\u201314 Tage).","robots":{"index":"index","follow":"follow","max-snippet":"max-snippet:-1","max-image-preview":"max-image-preview:large","max-video-preview":"max-video-preview:-1"},"canonical":"https:\/\/miloscispokoj.pl\/de\/wie-wir-handpan-verpacken-versandkostenfrei\/","og_locale":"de_DE","og_type":"article","og_title":"Bezpieczna przesy\u0142ka GRATIS -Mi\u0142o\u015b\u0107 i Spok\u00f3j","og_description":"Bezpieczna, darmowa i ubezpieczona przesy\u0142a - testy handpan\u00f3w w Gda\u0144sku. Paczka w Polsce za 0z\u0142 (2-5 dni), UE 250-350z\u0142 (5-14 dni).","og_url":"https:\/\/miloscispokoj.pl\/de\/wie-wir-handpan-verpacken-versandkostenfrei\/","og_site_name":"Mi\u0142o\u015b\u0107 i Spok\u00f3j","article_publisher":"https:\/\/www.facebook.com\/HandpanyMiloscISpokoj","article_modified_time":"2026-03-16T21:10:02+00:00","og_image":[{"width":512,"height":512,"url":"https:\/\/miloscispokoj.pl\/wp-content\/uploads\/2025\/04\/cropped-Logo_MILOSC-I-SPOKOJ_pl_CMYK_v1_RGB_z-bialym-tlem.png?wsr","type":"image\/png"}],"twitter_card":"summary_large_image","twitter_misc":{"Gesch\u00e4tzte Lesezeit":"2\u00a0Minuten"},"schema":{"@context":"https:\/\/schema.org","@graph":[{"@type":"WebPage","@id":"https:\/\/miloscispokoj.pl\/jak-pakujemy-twoje-handpany-przesylka-0-pln\/","url":"https:\/\/miloscispokoj.pl\/jak-pakujemy-twoje-handpany-przesylka-0-pln\/","name":"Sicherer, kostenloser Versand \u2013 Mi\u0142o\u015b\u0107 i Spok\u00f3j Handpans","isPartOf":{"@id":"https:\/\/miloscispokoj.pl\/#website"},"datePublished":"2026-02-16T13:39:11+00:00","dateModified":"2026-03-16T21:10:02+00:00","description":"Sicherer, kostenloser und versicherter Versand \u2013 Handpan-Tests in Danzig. Pakete innerhalb Polens kosten 0 PLN (2\u20135 Tage), innerhalb der EU 250\u2013350 PLN (5\u201314 Tage).","breadcrumb":{"@id":"https:\/\/miloscispokoj.pl\/jak-pakujemy-twoje-handpany-przesylka-0-pln\/#breadcrumb"},"inLanguage":"de","potentialAction":[{"@type":"ReadAction","target":["https:\/\/miloscispokoj.pl\/jak-pakujemy-twoje-handpany-przesylka-0-pln\/"]}]},{"@type":"BreadcrumbList","@id":"https:\/\/miloscispokoj.pl\/jak-pakujemy-twoje-handpany-przesylka-0-pln\/#breadcrumb","itemListElement":[{"@type":"ListItem","position":1,"name":"Mi\u0142o\u015b\u0107 i Spok\u00f3j","item":"https:\/\/miloscispokoj.pl\/"},{"@type":"ListItem","position":2,"name":"Jak pakujemy Twoje handpany \u2013 przesy\u0142ka 0 PLN"}]},{"@type":"WebSite","@id":"https:\/\/miloscispokoj.pl\/#website","url":"https:\/\/miloscispokoj.pl\/","name":"handpany Mi\u0142o\u015b\u0107 i Spok\u00f3j","description":"Entdecken Sie die Kraft des Instruments, der entf\u00fchrt dich ins Land der Meditation, der Entspannung und des spirituellen Wachstums.","publisher":{"@id":"https:\/\/miloscispokoj.pl\/#organization"},"alternateName":"R\u0119cznie robione handpany marki Mi\u0142o\u015b\u0107 i Spok\u00f3j","potentialAction":[{"@type":"SearchAction","target":{"@type":"EntryPoint","urlTemplate":"https:\/\/miloscispokoj.pl\/?s={search_term_string}"},"query-input":{"@type":"PropertyValueSpecification","valueRequired":true,"valueName":"search_term_string"}}],"inLanguage":"de"},{"@type":"Organization","@id":"https:\/\/miloscispokoj.pl\/#organization","name":"Firmenname: Peter kreative Wege \u041a\u0430\u0447\u043e\u0440\u043e\u0432\u0441\u043a\u0438 Marke: Liebe und Frieden","alternateName":"Mi\u0142o\u015b\u0107 i spok\u00f3j","url":"https:\/\/miloscispokoj.pl\/","logo":{"@type":"ImageObject","inLanguage":"de","@id":"https:\/\/miloscispokoj.pl\/#\/schema\/logo\/image\/","url":"https:\/\/miloscispokoj.pl\/wp-content\/uploads\/2025\/04\/cropped-Logo_MILOSC-I-SPOKOJ_pl_CMYK_v1_RGB_z-bialym-tlem.png?wsr","contentUrl":"https:\/\/miloscispokoj.pl\/wp-content\/uploads\/2025\/04\/cropped-Logo_MILOSC-I-SPOKOJ_pl_CMYK_v1_RGB_z-bialym-tlem.png?wsr","width":512,"height":512,"caption":"Firma: Kreatywne \u015acie\u017cki Piotr Kaczorowski Marka: Mi\u0142o\u015b\u0107 i Spok\u00f3j"},"image":{"@id":"https:\/\/miloscispokoj.pl\/#\/schema\/logo\/image\/"},"sameAs":["https:\/\/www.facebook.com\/HandpanyMiloscISpokoj","https:\/\/www.youtube.com\/@miloscispokoj"]}]}},"_links":{"self":[{"href":"https:\/\/miloscispokoj.pl\/de\/wp-json\/wp\/v2\/pages\/4271","targetHints":{"allow":["GET"]}}],"collection":[{"href":"https:\/\/miloscispokoj.pl\/de\/wp-json\/wp\/v2\/pages"}],"about":[{"href":"https:\/\/miloscispokoj.pl\/de\/wp-json\/wp\/v2\/types\/page"}],"author":[{"embeddable":true,"href":"https:\/\/miloscispokoj.pl\/de\/wp-json\/wp\/v2\/users\/1"}],"replies":[{"embeddable":true,"href":"https:\/\/miloscispokoj.pl\/de\/wp-json\/wp\/v2\/comments?post=4271"}],"version-history":[{"count":36,"href":"https:\/\/miloscispokoj.pl\/de\/wp-json\/wp\/v2\/pages\/4271\/revisions"}],"predecessor-version":[{"id":4545,"href":"https:\/\/miloscispokoj.pl\/de\/wp-json\/wp\/v2\/pages\/4271\/revisions\/4545"}],"wp:attachment":[{"href":"https:\/\/miloscispokoj.pl\/de\/wp-json\/wp\/v2\/media?parent=4271"}],"curies":[{"name":"wp","href":"https:\/\/api.w.org\/{rel}","templated":true}]}}