{"id":1619,"date":"2025-04-18T18:57:41","date_gmt":"2025-04-18T16:57:41","guid":{"rendered":"https:\/\/miloscispokoj.pl\/?post_type=product&#038;p=1619"},"modified":"2026-04-07T21:11:35","modified_gmt":"2026-04-07T19:11:35","slug":"handpan-100-twoja-mistyczna-wizja","status":"publish","type":"product","link":"https:\/\/miloscispokoj.pl\/de\/produkt\/handpan-100-twoja-mistyczna-wizja\/","title":{"rendered":"HANDPAN \u2013 100% Ihre mystische Vision"},"content":{"rendered":"<p><em><strong>So senden Sie eine Angebotsanfrage <\/strong><\/em>Klicken Sie auf die Schaltfl\u00e4che <strong>\u201eBitte senden Sie mir ein Angebot per E-Mail\u201c<\/strong>, das Sie \u00fcber dieser Beschreibung finden. Geben Sie anschlie\u00dfend Ihre Daten ein und w\u00e4hlen Sie Ihr bevorzugtes Outfit, die Farbe und den Bezugstyp aus. Geben Sie im Beschreibungsfeld Ihre Bestelldetails gem\u00e4\u00df den Beispielanweisungen ein:<\/p>\n<p><strong>Skala<\/strong>:<\/p>\n<p>zB F#3 niedriger Pygm\u00e4e<\/p>\n<p><strong>Sounds f\u00fcr mein Instrument<\/strong>:<\/p>\n<p>z.B.<\/p>\n<p>Obere Noten: F#3\/G#3, A3, C#4, E4, F#4, G#4, A4, C#5, E5, F#5, G#5<\/p>\n<p>Tiefere Noten: (D3) (B3) (E3)<\/p>\n<p><strong>Gesamtzahl der Notizen<\/strong>:<\/p>\n<p>zB 15<\/p>","protected":false},"excerpt":{"rendered":"<p>Klicken Sie einfach auf \u201eAngebot per E-Mail anfordern\u201c und f\u00fcllen Sie das kurze Formular aus \u2013 wir k\u00fcmmern uns um den Rest. Schon bald fertigen wir f\u00fcr Sie eine Handpan, die nicht nur Ihre Pers\u00f6nlichkeit widerspiegelt, sondern auch Ihre musikalischen Tr\u00e4ume erf\u00fcllt. Machen Sie Ihr eigenes Instrument zum Beginn einer au\u00dfergew\u00f6hnlichen Klangreise.<br \/><\/p>","protected":false},"featured_media":1960,"comment_status":"closed","ping_status":"closed","template":"","meta":[],"product_brand":[285],"product_cat":[286],"product_tag":[],"class_list":{"0":"post-1619","1":"product","2":"type-product","3":"status-publish","4":"has-post-thumbnail","6":"product_brand-milosc-i-spokoj-handpany-z-serca-harmonii","7":"product_cat-handpan-z-stali-nierdzewnej-premium-edycja-mistyczna","9":"first","10":"onbackorder","11":"virtual","12":"product-type-simple"},"yoast_head":"<!-- This site is optimized with the Yoast SEO plugin v27.4 - https:\/\/yoast.com\/product\/yoast-seo-wordpress\/ -->\n<title>HANDPAN - 100% Twoja Mistyczna Wizja - Mi\u0142o\u015b\u0107 i Spok\u00f3j<\/title>\n<meta name=\"description\" content=\"Zam\u00f3w handpan szyty na miar\u0119. Wybierz kolor, skal\u0119 i liczb\u0119 nut. Stw\u00f3rz instrument, kt\u00f3ry odzwierciedli Tw\u00f3j unikalny muzyczny \u015bwiat.\" \/>\n<meta name=\"robots\" content=\"index, follow, max-snippet:-1, max-image-preview:large, max-video-preview:-1\" \/>\n<link rel=\"canonical\" href=\"https:\/\/miloscispokoj.pl\/de\/product-2\/handpan-100-twoja-mistyczna-wizja\/\" \/>\n<meta property=\"og:locale\" content=\"de_DE\" \/>\n<meta property=\"og:type\" content=\"article\" \/>\n<meta property=\"og:title\" content=\"HANDPAN - 100% Twoja Mistyczna Wizja - Mi\u0142o\u015b\u0107 i Spok\u00f3j\" \/>\n<meta property=\"og:description\" content=\"Zam\u00f3w handpan szyty na miar\u0119. Wybierz kolor, skal\u0119 i liczb\u0119 nut. Stw\u00f3rz instrument, kt\u00f3ry odzwierciedli Tw\u00f3j unikalny muzyczny \u015bwiat.\" \/>\n<meta property=\"og:url\" content=\"https:\/\/miloscispokoj.pl\/de\/product-2\/handpan-100-twoja-mistyczna-wizja\/\" \/>\n<meta property=\"og:site_name\" content=\"Mi\u0142o\u015b\u0107 i Spok\u00f3j\" \/>\n<meta property=\"article:publisher\" content=\"https:\/\/www.facebook.com\/HandpanyMiloscISpokoj\" \/>\n<meta property=\"article:modified_time\" content=\"2026-04-07T19:11:35+00:00\" \/>\n<meta property=\"og:image\" content=\"https:\/\/miloscispokoj.pl\/wp-content\/uploads\/2025\/04\/handpan-na-zamowienie.png?wsr\" \/>\n\t<meta property=\"og:image:width\" content=\"500\" \/>\n\t<meta property=\"og:image:height\" content=\"500\" \/>\n\t<meta property=\"og:image:type\" content=\"image\/png\" \/>\n<meta name=\"twitter:card\" content=\"summary_large_image\" \/>\n<meta name=\"twitter:label1\" content=\"Gesch\u00e4tzte Lesezeit\" \/>\n\t<meta name=\"twitter:data1\" content=\"1\u00a0Minute\" \/>\n<script type=\"application\/ld+json\" class=\"yoast-schema-graph\">{\"@context\":\"https:\\\/\\\/schema.org\",\"@graph\":[{\"@type\":\"WebPage\",\"@id\":\"https:\\\/\\\/miloscispokoj.pl\\\/produkt\\\/handpan-100-twoja-mistyczna-wizja\\\/\",\"url\":\"https:\\\/\\\/miloscispokoj.pl\\\/produkt\\\/handpan-100-twoja-mistyczna-wizja\\\/\",\"name\":\"HANDPAN - 100% Twoja Mistyczna Wizja - Mi\u0142o\u015b\u0107 i Spok\u00f3j\",\"isPartOf\":{\"@id\":\"https:\\\/\\\/miloscispokoj.pl\\\/#website\"},\"primaryImageOfPage\":{\"@id\":\"https:\\\/\\\/miloscispokoj.pl\\\/produkt\\\/handpan-100-twoja-mistyczna-wizja\\\/#primaryimage\"},\"image\":{\"@id\":\"https:\\\/\\\/miloscispokoj.pl\\\/produkt\\\/handpan-100-twoja-mistyczna-wizja\\\/#primaryimage\"},\"thumbnailUrl\":\"https:\\\/\\\/miloscispokoj.pl\\\/wp-content\\\/uploads\\\/2025\\\/04\\\/handpan-na-zamowienie.png?wsr\",\"datePublished\":\"2025-04-18T16:57:41+00:00\",\"dateModified\":\"2026-04-07T19:11:35+00:00\",\"description\":\"Zam\u00f3w handpan szyty na miar\u0119. Wybierz kolor, skal\u0119 i liczb\u0119 nut. Stw\u00f3rz instrument, kt\u00f3ry odzwierciedli Tw\u00f3j unikalny muzyczny \u015bwiat.\",\"breadcrumb\":{\"@id\":\"https:\\\/\\\/miloscispokoj.pl\\\/produkt\\\/handpan-100-twoja-mistyczna-wizja\\\/#breadcrumb\"},\"inLanguage\":\"de\",\"potentialAction\":[{\"@type\":\"ReadAction\",\"target\":[\"https:\\\/\\\/miloscispokoj.pl\\\/produkt\\\/handpan-100-twoja-mistyczna-wizja\\\/\"]}]},{\"@type\":\"ImageObject\",\"inLanguage\":\"de\",\"@id\":\"https:\\\/\\\/miloscispokoj.pl\\\/produkt\\\/handpan-100-twoja-mistyczna-wizja\\\/#primaryimage\",\"url\":\"https:\\\/\\\/miloscispokoj.pl\\\/wp-content\\\/uploads\\\/2025\\\/04\\\/handpan-na-zamowienie.png?wsr\",\"contentUrl\":\"https:\\\/\\\/miloscispokoj.pl\\\/wp-content\\\/uploads\\\/2025\\\/04\\\/handpan-na-zamowienie.png?wsr\",\"width\":500,\"height\":500,\"caption\":\"handpan-na-zamowienie handpanpolska.pl\"},{\"@type\":\"BreadcrumbList\",\"@id\":\"https:\\\/\\\/miloscispokoj.pl\\\/produkt\\\/handpan-100-twoja-mistyczna-wizja\\\/#breadcrumb\",\"itemListElement\":[{\"@type\":\"ListItem\",\"position\":1,\"name\":\"Mi\u0142o\u015b\u0107 i Spok\u00f3j\",\"item\":\"https:\\\/\\\/miloscispokoj.pl\\\/\"},{\"@type\":\"ListItem\",\"position\":2,\"name\":\"Sklep z handpanami \u2013 wybierz sw\u00f3j instrument\",\"item\":\"https:\\\/\\\/miloscispokoj.pl\\\/sklep-handpan-milosc-i-spokoj\\\/\"},{\"@type\":\"ListItem\",\"position\":3,\"name\":\"HANDPAN &#8211; 100% Twoja Mistyczna Wizja\"}]},{\"@type\":\"WebSite\",\"@id\":\"https:\\\/\\\/miloscispokoj.pl\\\/#website\",\"url\":\"https:\\\/\\\/miloscispokoj.pl\\\/\",\"name\":\"handpany Mi\u0142o\u015b\u0107 i Spok\u00f3j\",\"description\":\"Odkryj moc instrumentu, kt\u00f3ry przenosi do krainy medytacji, relaksu i duchowego wzrostu.\",\"publisher\":{\"@id\":\"https:\\\/\\\/miloscispokoj.pl\\\/#organization\"},\"alternateName\":\"R\u0119cznie robione handpany marki Mi\u0142o\u015b\u0107 i Spok\u00f3j\",\"potentialAction\":[{\"@type\":\"SearchAction\",\"target\":{\"@type\":\"EntryPoint\",\"urlTemplate\":\"https:\\\/\\\/miloscispokoj.pl\\\/?s={search_term_string}\"},\"query-input\":{\"@type\":\"PropertyValueSpecification\",\"valueRequired\":true,\"valueName\":\"search_term_string\"}}],\"inLanguage\":\"de\"},{\"@type\":\"Organization\",\"@id\":\"https:\\\/\\\/miloscispokoj.pl\\\/#organization\",\"name\":\"Firma: Kreatywne \u015acie\u017cki Piotr Kaczorowski Marka: Mi\u0142o\u015b\u0107 i Spok\u00f3j\",\"alternateName\":\"Mi\u0142o\u015b\u0107 i spok\u00f3j\",\"url\":\"https:\\\/\\\/miloscispokoj.pl\\\/\",\"logo\":{\"@type\":\"ImageObject\",\"inLanguage\":\"de\",\"@id\":\"https:\\\/\\\/miloscispokoj.pl\\\/#\\\/schema\\\/logo\\\/image\\\/\",\"url\":\"https:\\\/\\\/miloscispokoj.pl\\\/wp-content\\\/uploads\\\/2025\\\/04\\\/cropped-Logo_MILOSC-I-SPOKOJ_pl_CMYK_v1_RGB_z-bialym-tlem.png?wsr\",\"contentUrl\":\"https:\\\/\\\/miloscispokoj.pl\\\/wp-content\\\/uploads\\\/2025\\\/04\\\/cropped-Logo_MILOSC-I-SPOKOJ_pl_CMYK_v1_RGB_z-bialym-tlem.png?wsr\",\"width\":512,\"height\":512,\"caption\":\"Firma: Kreatywne \u015acie\u017cki Piotr Kaczorowski Marka: Mi\u0142o\u015b\u0107 i Spok\u00f3j\"},\"image\":{\"@id\":\"https:\\\/\\\/miloscispokoj.pl\\\/#\\\/schema\\\/logo\\\/image\\\/\"},\"sameAs\":[\"https:\\\/\\\/www.facebook.com\\\/HandpanyMiloscISpokoj\",\"https:\\\/\\\/www.youtube.com\\\/@miloscispokoj\"]}]}<\/script>\n<!-- \/ Yoast SEO plugin. -->","yoast_head_json":{"title":"HANDPAN - 100% Twoja Mistyczna Wizja - Mi\u0142o\u015b\u0107 i Spok\u00f3j","description":"Bestellen Sie eine ma\u00dfgefertigte Handpan. W\u00e4hlen Sie Farbe, Tonleiter und Anzahl der T\u00f6ne. Kreieren Sie ein Instrument, das Ihre einzigartige musikalische Welt widerspiegelt.","robots":{"index":"index","follow":"follow","max-snippet":"max-snippet:-1","max-image-preview":"max-image-preview:large","max-video-preview":"max-video-preview:-1"},"canonical":"https:\/\/miloscispokoj.pl\/de\/product-2\/handpan-100-twoja-mistyczna-wizja\/","og_locale":"de_DE","og_type":"article","og_title":"HANDPAN - 100% Twoja Mistyczna Wizja - Mi\u0142o\u015b\u0107 i Spok\u00f3j","og_description":"Zam\u00f3w handpan szyty na miar\u0119. Wybierz kolor, skal\u0119 i liczb\u0119 nut. Stw\u00f3rz instrument, kt\u00f3ry odzwierciedli Tw\u00f3j unikalny muzyczny \u015bwiat.","og_url":"https:\/\/miloscispokoj.pl\/de\/product-2\/handpan-100-twoja-mistyczna-wizja\/","og_site_name":"Mi\u0142o\u015b\u0107 i Spok\u00f3j","article_publisher":"https:\/\/www.facebook.com\/HandpanyMiloscISpokoj","article_modified_time":"2026-04-07T19:11:35+00:00","og_image":[{"width":500,"height":500,"url":"https:\/\/miloscispokoj.pl\/wp-content\/uploads\/2025\/04\/handpan-na-zamowienie.png?wsr","type":"image\/png"}],"twitter_card":"summary_large_image","twitter_misc":{"Gesch\u00e4tzte Lesezeit":"1\u00a0Minute"},"schema":{"@context":"https:\/\/schema.org","@graph":[{"@type":"WebPage","@id":"https:\/\/miloscispokoj.pl\/produkt\/handpan-100-twoja-mistyczna-wizja\/","url":"https:\/\/miloscispokoj.pl\/produkt\/handpan-100-twoja-mistyczna-wizja\/","name":"HANDPAN - 100% Twoja Mistyczna Wizja - Mi\u0142o\u015b\u0107 i Spok\u00f3j","isPartOf":{"@id":"https:\/\/miloscispokoj.pl\/#website"},"primaryImageOfPage":{"@id":"https:\/\/miloscispokoj.pl\/produkt\/handpan-100-twoja-mistyczna-wizja\/#primaryimage"},"image":{"@id":"https:\/\/miloscispokoj.pl\/produkt\/handpan-100-twoja-mistyczna-wizja\/#primaryimage"},"thumbnailUrl":"https:\/\/miloscispokoj.pl\/wp-content\/uploads\/2025\/04\/handpan-na-zamowienie.png?wsr","datePublished":"2025-04-18T16:57:41+00:00","dateModified":"2026-04-07T19:11:35+00:00","description":"Bestellen Sie eine ma\u00dfgefertigte Handpan. W\u00e4hlen Sie Farbe, Tonleiter und Anzahl der T\u00f6ne. Kreieren Sie ein Instrument, das Ihre einzigartige musikalische Welt widerspiegelt.","breadcrumb":{"@id":"https:\/\/miloscispokoj.pl\/produkt\/handpan-100-twoja-mistyczna-wizja\/#breadcrumb"},"inLanguage":"de","potentialAction":[{"@type":"ReadAction","target":["https:\/\/miloscispokoj.pl\/produkt\/handpan-100-twoja-mistyczna-wizja\/"]}]},{"@type":"ImageObject","inLanguage":"de","@id":"https:\/\/miloscispokoj.pl\/produkt\/handpan-100-twoja-mistyczna-wizja\/#primaryimage","url":"https:\/\/miloscispokoj.pl\/wp-content\/uploads\/2025\/04\/handpan-na-zamowienie.png?wsr","contentUrl":"https:\/\/miloscispokoj.pl\/wp-content\/uploads\/2025\/04\/handpan-na-zamowienie.png?wsr","width":500,"height":500,"caption":"handpan-na-zamowienie handpanpolska.pl"},{"@type":"BreadcrumbList","@id":"https:\/\/miloscispokoj.pl\/produkt\/handpan-100-twoja-mistyczna-wizja\/#breadcrumb","itemListElement":[{"@type":"ListItem","position":1,"name":"Mi\u0142o\u015b\u0107 i Spok\u00f3j","item":"https:\/\/miloscispokoj.pl\/"},{"@type":"ListItem","position":2,"name":"Sklep z handpanami \u2013 wybierz sw\u00f3j instrument","item":"https:\/\/miloscispokoj.pl\/sklep-handpan-milosc-i-spokoj\/"},{"@type":"ListItem","position":3,"name":"HANDPAN &#8211; 100% Twoja Mistyczna Wizja"}]},{"@type":"WebSite","@id":"https:\/\/miloscispokoj.pl\/#website","url":"https:\/\/miloscispokoj.pl\/","name":"handpany Mi\u0142o\u015b\u0107 i Spok\u00f3j","description":"Entdecken Sie die Kraft des Instruments, der entf\u00fchrt dich ins Land der Meditation, der Entspannung und des spirituellen Wachstums.","publisher":{"@id":"https:\/\/miloscispokoj.pl\/#organization"},"alternateName":"R\u0119cznie robione handpany marki Mi\u0142o\u015b\u0107 i Spok\u00f3j","potentialAction":[{"@type":"SearchAction","target":{"@type":"EntryPoint","urlTemplate":"https:\/\/miloscispokoj.pl\/?s={search_term_string}"},"query-input":{"@type":"PropertyValueSpecification","valueRequired":true,"valueName":"search_term_string"}}],"inLanguage":"de"},{"@type":"Organization","@id":"https:\/\/miloscispokoj.pl\/#organization","name":"Firmenname: Peter kreative Wege \u041a\u0430\u0447\u043e\u0440\u043e\u0432\u0441\u043a\u0438 Marke: Liebe und Frieden","alternateName":"Mi\u0142o\u015b\u0107 i spok\u00f3j","url":"https:\/\/miloscispokoj.pl\/","logo":{"@type":"ImageObject","inLanguage":"de","@id":"https:\/\/miloscispokoj.pl\/#\/schema\/logo\/image\/","url":"https:\/\/miloscispokoj.pl\/wp-content\/uploads\/2025\/04\/cropped-Logo_MILOSC-I-SPOKOJ_pl_CMYK_v1_RGB_z-bialym-tlem.png?wsr","contentUrl":"https:\/\/miloscispokoj.pl\/wp-content\/uploads\/2025\/04\/cropped-Logo_MILOSC-I-SPOKOJ_pl_CMYK_v1_RGB_z-bialym-tlem.png?wsr","width":512,"height":512,"caption":"Firma: Kreatywne \u015acie\u017cki Piotr Kaczorowski Marka: Mi\u0142o\u015b\u0107 i Spok\u00f3j"},"image":{"@id":"https:\/\/miloscispokoj.pl\/#\/schema\/logo\/image\/"},"sameAs":["https:\/\/www.facebook.com\/HandpanyMiloscISpokoj","https:\/\/www.youtube.com\/@miloscispokoj"]}]}},"_links":{"self":[{"href":"https:\/\/miloscispokoj.pl\/de\/wp-json\/wp\/v2\/product\/1619","targetHints":{"allow":["GET"]}}],"collection":[{"href":"https:\/\/miloscispokoj.pl\/de\/wp-json\/wp\/v2\/product"}],"about":[{"href":"https:\/\/miloscispokoj.pl\/de\/wp-json\/wp\/v2\/types\/product"}],"replies":[{"embeddable":true,"href":"https:\/\/miloscispokoj.pl\/de\/wp-json\/wp\/v2\/comments?post=1619"}],"wp:featuredmedia":[{"embeddable":true,"href":"https:\/\/miloscispokoj.pl\/de\/wp-json\/wp\/v2\/media\/1960"}],"wp:attachment":[{"href":"https:\/\/miloscispokoj.pl\/de\/wp-json\/wp\/v2\/media?parent=1619"}],"wp:term":[{"taxonomy":"product_brand","embeddable":true,"href":"https:\/\/miloscispokoj.pl\/de\/wp-json\/wp\/v2\/product_brand?post=1619"},{"taxonomy":"product_cat","embeddable":true,"href":"https:\/\/miloscispokoj.pl\/de\/wp-json\/wp\/v2\/product_cat?post=1619"},{"taxonomy":"product_tag","embeddable":true,"href":"https:\/\/miloscispokoj.pl\/de\/wp-json\/wp\/v2\/product_tag?post=1619"}],"curies":[{"name":"wp","href":"https:\/\/api.w.org\/{rel}","templated":true}]}}