{"id":1930,"date":"2025-05-16T16:08:55","date_gmt":"2025-05-16T14:08:55","guid":{"rendered":"https:\/\/miloscispokoj.pl\/?post_type=product&#038;p=1930"},"modified":"2026-03-26T21:09:40","modified_gmt":"2026-03-26T20:09:40","slug":"handpan-d-kurd-14122-premium-edelstahl-440-hz","status":"publish","type":"product","link":"https:\/\/miloscispokoj.pl\/de\/produkt\/handpan-d-kurd-14122-stal-nierdzewna-premium-440hz\/","title":{"rendered":"Handpan D Kurd 14 (12 + 2) PREMIUM Edelstahl 440 Hz"},"content":{"rendered":"<h2>Handpan D Kurd 14 \u2013 Mi\u0142o\u015b\u0107 i spok\u00f3j<\/h2>\n<p class=\"my-0\">Ein Klang, der tief ber\u00fchrt. Die Mi\u0142o\u015b\u0107 i Spok\u00f3j D Kurd Handpan wird aus hochwertigem Edelstahl gefertigt \u2013 mit Respekt vor Material und Verarbeitung. Sie ist ein Instrument, das Raum zum Atmen l\u00e4sst und musikalische Freiheit erm\u00f6glicht.<\/p>\n<p class=\"my-0\"><strong>Die Schale mit einem Durchmesser von 53 cm enth\u00e4lt 14 Kl\u00e4nge:<\/strong><br \/>\nD3\/A3 bB3 C4 D4 E4 F4 G4 A4 C5 D5 E5 (F3 G3)<br \/>\nist eine volle, reiche Tonleiter, die vielf\u00e4ltige M\u00f6glichkeiten zur Improvisation und Schaffung atmosph\u00e4rischer Klanglandschaften er\u00f6ffnet.<\/p>\n<p class=\"my-0\">Der Klang der D Kurd ist tief, ausgewogen und langanhaltend. Jeder Ton ist pr\u00e4zise auf 432 Hz oder 440 Hz gestimmt \u2013 Sie haben die Wahl.<\/p>\n<p class=\"my-0\">Diese Handpan wurde entwickelt, um Sie in Momenten der Konzentration, Meditation, K\u00f6rperarbeit und auf Ihren allt\u00e4glichen musikalischen Reisen zu begleiten. Ihre Vielseitigkeit erm\u00f6glicht es Ihnen, neue Wege zu entdecken \u2013 von Weltmusik und Ambient bis hin zu Ihren eigenen, intimen Kompositionen.<\/p>\n<p class=\"my-0\">Das Mi\u0142o\u015b\u0107 i Spok\u00f3j ist mehr als nur ein Instrument. Es ist eine Einladung, dem Klang und der eigenen Stille zu begegnen.<\/p>\n<div style=\"padding:56.25% 0 0 0;position:relative;\"><iframe src=\"https:\/\/player.vimeo.com\/video\/1100638467?badge=0&amp;autopause=0&amp;player_id=0&amp;app_id=58479\" frameborder=\"0\" allow=\"autoplay; fullscreen; picture-in-picture; clipboard-write; encrypted-media; web-share\" style=\"position:absolute;top:0;left:0;width:100%;height:100%;\" title=\"Handpan D KURD 14 (12+2) 440 Hz Premium Edelstahl \u2013 Produktionsvideo zur Projektfreigabe.\"><\/iframe><\/div>\n<p><script src=\"https:\/\/player.vimeo.com\/api\/player.js\"><\/script><\/p>\n<p class=\"my-0\"><strong>Aufmerksamkeit:<\/strong><\/p>\n<p class=\"my-0\">Die meisten unserer Handpans sind in Gold oder Bronze erh\u00e4ltlich. Wir best\u00e4tigen den endg\u00fcltigen Farbton immer vor der Bestellung mit Ihnen, um sicherzustellen, dass Ihre Erwartungen erf\u00fcllt werden.<\/p>\n<p class=\"my-0\">Detaillierte Informationen zu den verf\u00fcgbaren Farben und eine Beispielfarbpalette finden Sie auf unserer Website: <a href=\"https:\/\/miloscispokoj.pl\/de\/farbpalette\/\" rel=\"nofollow noopener\">https:\/\/miloscispokoj.pl\/de\/farbpalette\/<\/a>.<\/p>\n<p class=\"my-0\">Bitte beachten Sie au\u00dferdem, dass die Patina, die sich auf der Oberfl\u00e4che von Premium-Edelstahl-Handpans bildet, nicht vollst\u00e4ndig dauerhaft ist. Im Laufe der Zeit kann sich die Farbe des Instruments leicht ver\u00e4ndern, was jedoch weder Klang noch Stimmung beeintr\u00e4chtigt. Diese Ver\u00e4nderung ist rein kosmetischer Natur und verleiht dem Instrument einen einzigartigen, stilvollen und unverwechselbaren Vintage-Charakter.<\/p>\n<p class=\"my-0\">Wenn Sie Fragen oder Bedenken haben, sind wir f\u00fcr Sie da!<\/p>","protected":false},"excerpt":{"rendered":"<ul>\n<li>Material: Hochwertiger Edelstahl<\/li>\n<li>Gr\u00f6\u00dfe: 53 cm<\/li>\n<li>Ma\u00dfstab: D Kurd<\/li>\n<li>Anzahl der Noten: D3\/A3 bB3 C4 D4 E4 F4 G4 A4 C5 D5 E5(F3G3)<\/li>\n<li>Stimmung: 432 Hz oder 440 Hz (w\u00e4hlbar)<\/li>\n<li>Farbe: Gold\/Braun\/Silber: Spirale\/Silber: Retro 1,2,3\/Goldene Spirale<\/li>\n<li>H\u00fclle: Weich (kostenlos) \/ Hart (+ 107 EUR)<\/li>\n<\/ul>\n<hr \/>\n<h2>Preis f\u00fcr die Handpan ab: 8750 z\u0142<\/h2>\n<p><br ><\/p>","protected":false},"featured_media":1952,"comment_status":"closed","ping_status":"closed","template":"","meta":[],"product_brand":[285],"product_cat":[286],"product_tag":[],"class_list":{"0":"post-1930","1":"product","2":"type-product","3":"status-publish","4":"has-post-thumbnail","6":"product_brand-milosc-i-spokoj-handpany-z-serca-harmonii","7":"product_cat-handpan-z-stali-nierdzewnej-premium-edycja-mistyczna","9":"first","10":"instock","11":"shipping-taxable","12":"product-type-simple"},"yoast_head":"<!-- This site is optimized with the Yoast SEO plugin v27.4 - https:\/\/yoast.com\/product\/yoast-seo-wordpress\/ -->\n<title>Handpan D Kurd 14(12+2) Stal nierdzewna Premium 440Hz - Mi\u0142o\u015b\u0107 i Spok\u00f3j<\/title>\n<meta name=\"description\" content=\"Handpan D Kurd od Mi\u0142o\u015b\u0107 i Spok\u00f3j \u2013 r\u0119cznie wykonany z Stal nierdzewna Premium, 14 d\u017awi\u0119k\u00f3w, g\u0142\u0119bokie i zr\u00f3wnowa\u017cone brzmienie. Idealny do muzycznych podr\u00f3\u017cy.\" \/>\n<meta name=\"robots\" content=\"index, follow, max-snippet:-1, max-image-preview:large, max-video-preview:-1\" \/>\n<link rel=\"canonical\" href=\"https:\/\/miloscispokoj.pl\/de\/product-2\/handpan-d-kurd-14122-premium-edelstahl-440-hz\/\" \/>\n<meta property=\"og:locale\" content=\"de_DE\" \/>\n<meta property=\"og:type\" content=\"article\" \/>\n<meta property=\"og:title\" content=\"Handpan D Kurd 14(12+2) Stal nierdzewna Premium 440Hz - Mi\u0142o\u015b\u0107 i Spok\u00f3j\" \/>\n<meta property=\"og:description\" content=\"Handpan D Kurd od Mi\u0142o\u015b\u0107 i Spok\u00f3j \u2013 r\u0119cznie wykonany z Stal nierdzewna Premium, 14 d\u017awi\u0119k\u00f3w, g\u0142\u0119bokie i zr\u00f3wnowa\u017cone brzmienie. Idealny do muzycznych podr\u00f3\u017cy.\" \/>\n<meta property=\"og:url\" content=\"https:\/\/miloscispokoj.pl\/de\/product-2\/handpan-d-kurd-14122-premium-edelstahl-440-hz\/\" \/>\n<meta property=\"og:site_name\" content=\"Mi\u0142o\u015b\u0107 i Spok\u00f3j\" \/>\n<meta property=\"article:publisher\" content=\"https:\/\/www.facebook.com\/HandpanyMiloscISpokoj\" \/>\n<meta property=\"article:modified_time\" content=\"2026-03-26T20:09:40+00:00\" \/>\n<meta property=\"og:image\" content=\"https:\/\/miloscispokoj.pl\/wp-content\/uploads\/2025\/05\/handpan-12-nut-zloty-miloscispokoj.pl_.png?wsr\" \/>\n\t<meta property=\"og:image:width\" content=\"800\" \/>\n\t<meta property=\"og:image:height\" content=\"800\" \/>\n\t<meta property=\"og:image:type\" content=\"image\/png\" \/>\n<meta name=\"twitter:card\" content=\"summary_large_image\" \/>\n<meta name=\"twitter:label1\" content=\"Gesch\u00e4tzte Lesezeit\" \/>\n\t<meta name=\"twitter:data1\" content=\"2\u00a0Minuten\" \/>\n<script type=\"application\/ld+json\" class=\"yoast-schema-graph\">{\"@context\":\"https:\\\/\\\/schema.org\",\"@graph\":[{\"@type\":\"WebPage\",\"@id\":\"https:\\\/\\\/miloscispokoj.pl\\\/produkt\\\/handpan-d-kurd-14122-stal-nierdzewna-premium-440hz\\\/\",\"url\":\"https:\\\/\\\/miloscispokoj.pl\\\/produkt\\\/handpan-d-kurd-14122-stal-nierdzewna-premium-440hz\\\/\",\"name\":\"Handpan D Kurd 14(12+2) Stal nierdzewna Premium 440Hz - Mi\u0142o\u015b\u0107 i Spok\u00f3j\",\"isPartOf\":{\"@id\":\"https:\\\/\\\/miloscispokoj.pl\\\/#website\"},\"primaryImageOfPage\":{\"@id\":\"https:\\\/\\\/miloscispokoj.pl\\\/produkt\\\/handpan-d-kurd-14122-stal-nierdzewna-premium-440hz\\\/#primaryimage\"},\"image\":{\"@id\":\"https:\\\/\\\/miloscispokoj.pl\\\/produkt\\\/handpan-d-kurd-14122-stal-nierdzewna-premium-440hz\\\/#primaryimage\"},\"thumbnailUrl\":\"https:\\\/\\\/miloscispokoj.pl\\\/wp-content\\\/uploads\\\/2025\\\/05\\\/handpan-12-nut-zloty-miloscispokoj.pl_.png?wsr\",\"datePublished\":\"2025-05-16T14:08:55+00:00\",\"dateModified\":\"2026-03-26T20:09:40+00:00\",\"description\":\"Handpan D Kurd od Mi\u0142o\u015b\u0107 i Spok\u00f3j \u2013 r\u0119cznie wykonany z Stal nierdzewna Premium, 14 d\u017awi\u0119k\u00f3w, g\u0142\u0119bokie i zr\u00f3wnowa\u017cone brzmienie. Idealny do muzycznych podr\u00f3\u017cy.\",\"breadcrumb\":{\"@id\":\"https:\\\/\\\/miloscispokoj.pl\\\/produkt\\\/handpan-d-kurd-14122-stal-nierdzewna-premium-440hz\\\/#breadcrumb\"},\"inLanguage\":\"de\",\"potentialAction\":[{\"@type\":\"ReadAction\",\"target\":[\"https:\\\/\\\/miloscispokoj.pl\\\/produkt\\\/handpan-d-kurd-14122-stal-nierdzewna-premium-440hz\\\/\"]}]},{\"@type\":\"ImageObject\",\"inLanguage\":\"de\",\"@id\":\"https:\\\/\\\/miloscispokoj.pl\\\/produkt\\\/handpan-d-kurd-14122-stal-nierdzewna-premium-440hz\\\/#primaryimage\",\"url\":\"https:\\\/\\\/miloscispokoj.pl\\\/wp-content\\\/uploads\\\/2025\\\/05\\\/handpan-12-nut-zloty-miloscispokoj.pl_.png?wsr\",\"contentUrl\":\"https:\\\/\\\/miloscispokoj.pl\\\/wp-content\\\/uploads\\\/2025\\\/05\\\/handpan-12-nut-zloty-miloscispokoj.pl_.png?wsr\",\"width\":800,\"height\":800,\"caption\":\"handpan 12 nut z\u0142oty miloscispokoj.pl\"},{\"@type\":\"BreadcrumbList\",\"@id\":\"https:\\\/\\\/miloscispokoj.pl\\\/produkt\\\/handpan-d-kurd-14122-stal-nierdzewna-premium-440hz\\\/#breadcrumb\",\"itemListElement\":[{\"@type\":\"ListItem\",\"position\":1,\"name\":\"Mi\u0142o\u015b\u0107 i Spok\u00f3j\",\"item\":\"https:\\\/\\\/miloscispokoj.pl\\\/\"},{\"@type\":\"ListItem\",\"position\":2,\"name\":\"Sklep z handpanami \u2013 wybierz sw\u00f3j instrument\",\"item\":\"https:\\\/\\\/miloscispokoj.pl\\\/sklep-handpan-milosc-i-spokoj\\\/\"},{\"@type\":\"ListItem\",\"position\":3,\"name\":\"Handpan D Kurd 14(12+2) Stal nierdzewna Premium 440Hz\"}]},{\"@type\":\"WebSite\",\"@id\":\"https:\\\/\\\/miloscispokoj.pl\\\/#website\",\"url\":\"https:\\\/\\\/miloscispokoj.pl\\\/\",\"name\":\"handpany Mi\u0142o\u015b\u0107 i Spok\u00f3j\",\"description\":\"Odkryj moc instrumentu, kt\u00f3ry przenosi do krainy medytacji, relaksu i duchowego wzrostu.\",\"publisher\":{\"@id\":\"https:\\\/\\\/miloscispokoj.pl\\\/#organization\"},\"alternateName\":\"R\u0119cznie robione handpany marki Mi\u0142o\u015b\u0107 i Spok\u00f3j\",\"potentialAction\":[{\"@type\":\"SearchAction\",\"target\":{\"@type\":\"EntryPoint\",\"urlTemplate\":\"https:\\\/\\\/miloscispokoj.pl\\\/?s={search_term_string}\"},\"query-input\":{\"@type\":\"PropertyValueSpecification\",\"valueRequired\":true,\"valueName\":\"search_term_string\"}}],\"inLanguage\":\"de\"},{\"@type\":\"Organization\",\"@id\":\"https:\\\/\\\/miloscispokoj.pl\\\/#organization\",\"name\":\"Firma: Kreatywne \u015acie\u017cki Piotr Kaczorowski Marka: Mi\u0142o\u015b\u0107 i Spok\u00f3j\",\"alternateName\":\"Mi\u0142o\u015b\u0107 i spok\u00f3j\",\"url\":\"https:\\\/\\\/miloscispokoj.pl\\\/\",\"logo\":{\"@type\":\"ImageObject\",\"inLanguage\":\"de\",\"@id\":\"https:\\\/\\\/miloscispokoj.pl\\\/#\\\/schema\\\/logo\\\/image\\\/\",\"url\":\"https:\\\/\\\/miloscispokoj.pl\\\/wp-content\\\/uploads\\\/2025\\\/04\\\/cropped-Logo_MILOSC-I-SPOKOJ_pl_CMYK_v1_RGB_z-bialym-tlem.png?wsr\",\"contentUrl\":\"https:\\\/\\\/miloscispokoj.pl\\\/wp-content\\\/uploads\\\/2025\\\/04\\\/cropped-Logo_MILOSC-I-SPOKOJ_pl_CMYK_v1_RGB_z-bialym-tlem.png?wsr\",\"width\":512,\"height\":512,\"caption\":\"Firma: Kreatywne \u015acie\u017cki Piotr Kaczorowski Marka: Mi\u0142o\u015b\u0107 i Spok\u00f3j\"},\"image\":{\"@id\":\"https:\\\/\\\/miloscispokoj.pl\\\/#\\\/schema\\\/logo\\\/image\\\/\"},\"sameAs\":[\"https:\\\/\\\/www.facebook.com\\\/HandpanyMiloscISpokoj\",\"https:\\\/\\\/www.youtube.com\\\/@miloscispokoj\"]}]}<\/script>\n<!-- \/ Yoast SEO plugin. -->","yoast_head_json":{"title":"Handpan D Kurd 14(12+2) Stal nierdzewna Premium 440Hz - Mi\u0142o\u015b\u0107 i Spok\u00f3j","description":"Die Mi\u0142o\u015b\u0107 i Spok\u00f3j D-Kurd Handpan wird aus hochwertigem Edelstahl handgefertigt und besticht durch 14 T\u00f6ne und einen tiefen, ausgewogenen Klang. Perfekt f\u00fcr musikalische Reisen.","robots":{"index":"index","follow":"follow","max-snippet":"max-snippet:-1","max-image-preview":"max-image-preview:large","max-video-preview":"max-video-preview:-1"},"canonical":"https:\/\/miloscispokoj.pl\/de\/product-2\/handpan-d-kurd-14122-premium-edelstahl-440-hz\/","og_locale":"de_DE","og_type":"article","og_title":"Handpan D Kurd 14(12+2) Stal nierdzewna Premium 440Hz - Mi\u0142o\u015b\u0107 i Spok\u00f3j","og_description":"Handpan D Kurd od Mi\u0142o\u015b\u0107 i Spok\u00f3j \u2013 r\u0119cznie wykonany z Stal nierdzewna Premium, 14 d\u017awi\u0119k\u00f3w, g\u0142\u0119bokie i zr\u00f3wnowa\u017cone brzmienie. Idealny do muzycznych podr\u00f3\u017cy.","og_url":"https:\/\/miloscispokoj.pl\/de\/product-2\/handpan-d-kurd-14122-premium-edelstahl-440-hz\/","og_site_name":"Mi\u0142o\u015b\u0107 i Spok\u00f3j","article_publisher":"https:\/\/www.facebook.com\/HandpanyMiloscISpokoj","article_modified_time":"2026-03-26T20:09:40+00:00","og_image":[{"width":800,"height":800,"url":"https:\/\/miloscispokoj.pl\/wp-content\/uploads\/2025\/05\/handpan-12-nut-zloty-miloscispokoj.pl_.png?wsr","type":"image\/png"}],"twitter_card":"summary_large_image","twitter_misc":{"Gesch\u00e4tzte Lesezeit":"2\u00a0Minuten"},"schema":{"@context":"https:\/\/schema.org","@graph":[{"@type":"WebPage","@id":"https:\/\/miloscispokoj.pl\/produkt\/handpan-d-kurd-14122-stal-nierdzewna-premium-440hz\/","url":"https:\/\/miloscispokoj.pl\/produkt\/handpan-d-kurd-14122-stal-nierdzewna-premium-440hz\/","name":"Handpan D Kurd 14(12+2) Stal nierdzewna Premium 440Hz - Mi\u0142o\u015b\u0107 i Spok\u00f3j","isPartOf":{"@id":"https:\/\/miloscispokoj.pl\/#website"},"primaryImageOfPage":{"@id":"https:\/\/miloscispokoj.pl\/produkt\/handpan-d-kurd-14122-stal-nierdzewna-premium-440hz\/#primaryimage"},"image":{"@id":"https:\/\/miloscispokoj.pl\/produkt\/handpan-d-kurd-14122-stal-nierdzewna-premium-440hz\/#primaryimage"},"thumbnailUrl":"https:\/\/miloscispokoj.pl\/wp-content\/uploads\/2025\/05\/handpan-12-nut-zloty-miloscispokoj.pl_.png?wsr","datePublished":"2025-05-16T14:08:55+00:00","dateModified":"2026-03-26T20:09:40+00:00","description":"Die Mi\u0142o\u015b\u0107 i Spok\u00f3j D-Kurd Handpan wird aus hochwertigem Edelstahl handgefertigt und besticht durch 14 T\u00f6ne und einen tiefen, ausgewogenen Klang. Perfekt f\u00fcr musikalische Reisen.","breadcrumb":{"@id":"https:\/\/miloscispokoj.pl\/produkt\/handpan-d-kurd-14122-stal-nierdzewna-premium-440hz\/#breadcrumb"},"inLanguage":"de","potentialAction":[{"@type":"ReadAction","target":["https:\/\/miloscispokoj.pl\/produkt\/handpan-d-kurd-14122-stal-nierdzewna-premium-440hz\/"]}]},{"@type":"ImageObject","inLanguage":"de","@id":"https:\/\/miloscispokoj.pl\/produkt\/handpan-d-kurd-14122-stal-nierdzewna-premium-440hz\/#primaryimage","url":"https:\/\/miloscispokoj.pl\/wp-content\/uploads\/2025\/05\/handpan-12-nut-zloty-miloscispokoj.pl_.png?wsr","contentUrl":"https:\/\/miloscispokoj.pl\/wp-content\/uploads\/2025\/05\/handpan-12-nut-zloty-miloscispokoj.pl_.png?wsr","width":800,"height":800,"caption":"handpan 12 nut z\u0142oty miloscispokoj.pl"},{"@type":"BreadcrumbList","@id":"https:\/\/miloscispokoj.pl\/produkt\/handpan-d-kurd-14122-stal-nierdzewna-premium-440hz\/#breadcrumb","itemListElement":[{"@type":"ListItem","position":1,"name":"Mi\u0142o\u015b\u0107 i Spok\u00f3j","item":"https:\/\/miloscispokoj.pl\/"},{"@type":"ListItem","position":2,"name":"Sklep z handpanami \u2013 wybierz sw\u00f3j instrument","item":"https:\/\/miloscispokoj.pl\/sklep-handpan-milosc-i-spokoj\/"},{"@type":"ListItem","position":3,"name":"Handpan D Kurd 14(12+2) Stal nierdzewna Premium 440Hz"}]},{"@type":"WebSite","@id":"https:\/\/miloscispokoj.pl\/#website","url":"https:\/\/miloscispokoj.pl\/","name":"handpany Mi\u0142o\u015b\u0107 i Spok\u00f3j","description":"Entdecken Sie die Kraft des Instruments, der entf\u00fchrt dich ins Land der Meditation, der Entspannung und des spirituellen Wachstums.","publisher":{"@id":"https:\/\/miloscispokoj.pl\/#organization"},"alternateName":"R\u0119cznie robione handpany marki Mi\u0142o\u015b\u0107 i Spok\u00f3j","potentialAction":[{"@type":"SearchAction","target":{"@type":"EntryPoint","urlTemplate":"https:\/\/miloscispokoj.pl\/?s={search_term_string}"},"query-input":{"@type":"PropertyValueSpecification","valueRequired":true,"valueName":"search_term_string"}}],"inLanguage":"de"},{"@type":"Organization","@id":"https:\/\/miloscispokoj.pl\/#organization","name":"Firmenname: Peter kreative Wege \u041a\u0430\u0447\u043e\u0440\u043e\u0432\u0441\u043a\u0438 Marke: Liebe und Frieden","alternateName":"Mi\u0142o\u015b\u0107 i spok\u00f3j","url":"https:\/\/miloscispokoj.pl\/","logo":{"@type":"ImageObject","inLanguage":"de","@id":"https:\/\/miloscispokoj.pl\/#\/schema\/logo\/image\/","url":"https:\/\/miloscispokoj.pl\/wp-content\/uploads\/2025\/04\/cropped-Logo_MILOSC-I-SPOKOJ_pl_CMYK_v1_RGB_z-bialym-tlem.png?wsr","contentUrl":"https:\/\/miloscispokoj.pl\/wp-content\/uploads\/2025\/04\/cropped-Logo_MILOSC-I-SPOKOJ_pl_CMYK_v1_RGB_z-bialym-tlem.png?wsr","width":512,"height":512,"caption":"Firma: Kreatywne \u015acie\u017cki Piotr Kaczorowski Marka: Mi\u0142o\u015b\u0107 i Spok\u00f3j"},"image":{"@id":"https:\/\/miloscispokoj.pl\/#\/schema\/logo\/image\/"},"sameAs":["https:\/\/www.facebook.com\/HandpanyMiloscISpokoj","https:\/\/www.youtube.com\/@miloscispokoj"]}]}},"_links":{"self":[{"href":"https:\/\/miloscispokoj.pl\/de\/wp-json\/wp\/v2\/product\/1930","targetHints":{"allow":["GET"]}}],"collection":[{"href":"https:\/\/miloscispokoj.pl\/de\/wp-json\/wp\/v2\/product"}],"about":[{"href":"https:\/\/miloscispokoj.pl\/de\/wp-json\/wp\/v2\/types\/product"}],"replies":[{"embeddable":true,"href":"https:\/\/miloscispokoj.pl\/de\/wp-json\/wp\/v2\/comments?post=1930"}],"wp:featuredmedia":[{"embeddable":true,"href":"https:\/\/miloscispokoj.pl\/de\/wp-json\/wp\/v2\/media\/1952"}],"wp:attachment":[{"href":"https:\/\/miloscispokoj.pl\/de\/wp-json\/wp\/v2\/media?parent=1930"}],"wp:term":[{"taxonomy":"product_brand","embeddable":true,"href":"https:\/\/miloscispokoj.pl\/de\/wp-json\/wp\/v2\/product_brand?post=1930"},{"taxonomy":"product_cat","embeddable":true,"href":"https:\/\/miloscispokoj.pl\/de\/wp-json\/wp\/v2\/product_cat?post=1930"},{"taxonomy":"product_tag","embeddable":true,"href":"https:\/\/miloscispokoj.pl\/de\/wp-json\/wp\/v2\/product_tag?post=1930"}],"curies":[{"name":"wp","href":"https:\/\/api.w.org\/{rel}","templated":true}]}}