{"id":2019,"date":"2025-05-21T22:01:55","date_gmt":"2025-05-21T20:01:55","guid":{"rendered":"https:\/\/miloscispokoj.pl\/?post_type=product&#038;p=2019"},"modified":"2026-03-26T21:31:06","modified_gmt":"2026-03-26T20:31:06","slug":"handpan-e-amara-20137-premium-edelstahl","status":"publish","type":"product","link":"https:\/\/miloscispokoj.pl\/de\/produkt\/handpan-e-amara-20137-stal-nierdzewna-premium\/","title":{"rendered":"Handpan E Amara 20 (13 + 7) Premium Edelstahl"},"content":{"rendered":"<h2>Handpan E Amara 20 Sounds Premium Edelstahl<\/h2>\n<p>Begeben Sie sich mit der Amara Handpan E, gefertigt aus hochwertigem Edelstahl, auf eine musikalische Reise. Dieses 53 Zentimeter gro\u00dfe Instrument bietet eine einzigartige Kombination aus pr\u00e4ziser Handwerkskunst und einem vollen Klang, der neue Dimensionen der Sensibilit\u00e4t er\u00f6ffnet.<\/p>\n<div class=\"video-grid\">\n<div class=\"video-tile\">\n<div class=\"video-container\"><iframe src=\"https:\/\/player.vimeo.com\/video\/1094364708\" frameborder=\"0\" allowfullscreen=\"allowfullscreen\"><\/iframe><\/div>\n<\/div>\n<div class=\"video-tile\">\n<div class=\"video-container\"><iframe src=\"https:\/\/player.vimeo.com\/video\/1094377735\" frameborder=\"0\" allowfullscreen=\"allowfullscreen\"><\/iframe><\/div>\n<\/div>\n<p><!-- Dodaj kolejne kafelki wed\u0142ug potrzeb --><\/p>\n<\/div>\n<h2 style=\"clear: both;\">Amaras erweiterte E-Skala<\/h2>\n<p>Die Handpan bietet 20 T\u00f6ne \u2013 13 oben (E3, B3, D4, E4, F#4, G4, A4, B4, D5, E5, F#5, G5, A5) und 7 unten ((C3), (D3), (F#3), (G3), (A3), (C4), (C5)). Dieser gro\u00dfe Tonumfang erm\u00f6glicht sowohl die Erstellung subtiler Melodien als auch komplexer, vielschichtiger Kompositionen.<\/p>\n<h2>Au\u00dfergew\u00f6hnlicher Klang und Abstimmung<\/h2>\n<p>Gefertigt aus hochwertigem Edelstahl, liefert sie klare, tiefe und lang anhaltende T\u00f6ne. Dank der Wahlm\u00f6glichkeit zwischen 432 Hz und 440 Hz k\u00f6nnen Sie das Instrument an Ihre Vorlieben und Ihren Spielstil anpassen und so neue musikalische Ausdrucksm\u00f6glichkeiten entdecken.<\/p>\n<h2>Komfort und Mobilit\u00e4t<\/h2>\n<p>Das Instrument wird mit einem Softcase geliefert. F\u00fcr zus\u00e4tzlichen Schutz k\u00f6nnen Sie sich gegen Aufpreis auch f\u00fcr ein Hartschalenetui entscheiden. So k\u00f6nnen Sie Ihre Handpan \u00fcberallhin mitnehmen, wo die Musik Sie hinf\u00fchrt.<\/p>\n<h2>Mit Liebe und Frieden geschaffen<\/h2>\n<p>Jede Handpan wird mit Leidenschaft gefertigt, um die Schaffung und Weitergabe der Sch\u00f6nheit des Klangs zu inspirieren. Sie ist nicht nur ein Instrument \u2013 sie ist ein Werkzeug zur Selbstfindung und zum Aufbau eines Raums der Harmonie.<\/p>\n<p>Tauchen Sie ein in Kl\u00e4nge, die Frieden und Freude schenken. W\u00e4hlen Sie die Handpan E Amara aus hochwertigem Edelstahl und lassen Sie Musik zu einem festen Bestandteil Ihres Alltags werden.<\/p>\n<p class=\"my-0\"><strong>Aufmerksamkeit:<\/strong><\/p>\n<p class=\"my-0\">Die meisten unserer Handpans sind in Gold oder Bronze erh\u00e4ltlich. Wir best\u00e4tigen den endg\u00fcltigen Farbton immer vor der Bestellung mit Ihnen, um sicherzustellen, dass Ihre Erwartungen erf\u00fcllt werden.<\/p>\n<p class=\"my-0\">Detaillierte Informationen zu den verf\u00fcgbaren Farben und eine Beispielfarbpalette finden Sie auf unserer Website: <a href=\"https:\/\/miloscispokoj.pl\/de\/farbpalette\/\" rel=\"nofollow noopener\">https:\/\/miloscispokoj.pl\/de\/farbpalette\/<\/a>.<\/p>\n<p class=\"my-0\">Bitte beachten Sie au\u00dferdem, dass die Patina, die sich auf der Oberfl\u00e4che von Premium-Edelstahl-Handpans bildet, nicht vollst\u00e4ndig dauerhaft ist. Im Laufe der Zeit kann sich die Farbe des Instruments leicht ver\u00e4ndern, was jedoch weder Klang noch Stimmung beeintr\u00e4chtigt. Diese Ver\u00e4nderung ist rein kosmetischer Natur und verleiht dem Instrument einen einzigartigen, stilvollen und unverwechselbaren Vintage-Charakter.<\/p>\n<p class=\"my-0\">Wenn Sie Fragen oder Bedenken haben, sind wir f\u00fcr Sie da!<\/p>\n<div id=\"simple-translate\" class=\"simple-translate-system-theme\">\n<div>\n<div class=\"simple-translate-button isShow\" style=\"background-image: url('moz-extension:\/\/d2ec7cf9-3b8d-4ea2-9d96-4897196402bf\/icons\/512.png'); height: 22px; width: 22px; top: 354px; left: 699px;\"><\/div>\n<div class=\"simple-translate-panel\" style=\"width: 300px; height: 200px; top: 0px; left: 0px; font-size: 13px;\">\n<div class=\"simple-translate-result-wrapper\" style=\"overflow: hidden;\">\n<div class=\"simple-translate-move\" draggable=\"true\"><\/div>\n<div class=\"simple-translate-result-contents\">\n<p class=\"simple-translate-candidate\" dir=\"auto\">\n<\/div>\n<\/div>\n<\/div>\n<\/div>\n<\/div>","protected":false},"excerpt":{"rendered":"<ul class=\"marker:text-textOff list-disc\">\n<li>Material: Hochwertiger Edelstahl<\/li>\n<li>Gr\u00f6\u00dfe: 53 cm<\/li>\n<li>Ma\u00dfstab: E Amara<\/li>\n<li>Anzahl der T\u00f6ne: 20\n<ul class=\"marker:text-textOff list-disc\">\n<li>Oben: E3) B3 D4 E4 F#4 G4 A4 B4 D5 E5 F#5 G5 A5<\/li>\n<li>Unten: (C3) (D3) (F#3) (G3) (A3) (C4) (C5)<\/li>\n<\/ul>\n<\/li>\n<li>Stimmung: 432 Hz\/440 Hz<\/li>\n<li>Farbe: Gold\/Braun\/Silber: Spirale\/Silber: Retro 1,2,3\/Goldene Spirale<\/li>\n<li>H\u00fclle: Weich (kostenlos) \/ Hart (+ 107 EUR)<\/li>\n<\/ul>\n<hr \/>\n<h2>Handpan-Preis ab: 11 800 z\u0142<\/h2>\n<p><\/p>","protected":false},"featured_media":4045,"comment_status":"closed","ping_status":"closed","template":"","meta":[],"product_brand":[285],"product_cat":[286],"product_tag":[],"class_list":{"0":"post-2019","1":"product","2":"type-product","3":"status-publish","4":"has-post-thumbnail","6":"product_brand-milosc-i-spokoj-handpany-z-serca-harmonii","7":"product_cat-handpan-z-stali-nierdzewnej-premium-edycja-mistyczna","9":"first","10":"instock","11":"shipping-taxable","12":"product-type-simple"},"yoast_head":"<!-- This site is optimized with the Yoast SEO plugin v27.4 - https:\/\/yoast.com\/product\/yoast-seo-wordpress\/ -->\n<title>Handpan E Amara 20(13+7) Stal nierdzewna Premium - Mi\u0142o\u015b\u0107 i Spok\u00f3j<\/title>\n<meta name=\"description\" content=\"Handpan E Amara 20 d\u017awi\u0119k\u00f3w z Stal nierdzewna Premium \u2013 odkryj g\u0142\u0119bi\u0119 i harmoni\u0119 muzyki. Skala E Amara, stroje 432\/440 Hz. Do\u015bwiadcz instrumentu Mi\u0142o\u015bci i Spokoju!\" \/>\n<meta name=\"robots\" content=\"index, follow, max-snippet:-1, max-image-preview:large, max-video-preview:-1\" \/>\n<link rel=\"canonical\" href=\"https:\/\/miloscispokoj.pl\/de\/product-2\/handpan-e-amara-20137-premium-edelstahl\/\" \/>\n<meta property=\"og:locale\" content=\"de_DE\" \/>\n<meta property=\"og:type\" content=\"article\" \/>\n<meta property=\"og:title\" content=\"Handpan E Amara 20(13+7) Stal nierdzewna Premium - Mi\u0142o\u015b\u0107 i Spok\u00f3j\" \/>\n<meta property=\"og:description\" content=\"Handpan E Amara 20 d\u017awi\u0119k\u00f3w z Stal nierdzewna Premium \u2013 odkryj g\u0142\u0119bi\u0119 i harmoni\u0119 muzyki. Skala E Amara, stroje 432\/440 Hz. Do\u015bwiadcz instrumentu Mi\u0142o\u015bci i Spokoju!\" \/>\n<meta property=\"og:url\" content=\"https:\/\/miloscispokoj.pl\/de\/product-2\/handpan-e-amara-20137-premium-edelstahl\/\" \/>\n<meta property=\"og:site_name\" content=\"Mi\u0142o\u015b\u0107 i Spok\u00f3j\" \/>\n<meta property=\"article:publisher\" content=\"https:\/\/www.facebook.com\/HandpanyMiloscISpokoj\" \/>\n<meta property=\"article:modified_time\" content=\"2026-03-26T20:31:06+00:00\" \/>\n<meta property=\"og:image\" content=\"https:\/\/miloscispokoj.pl\/wp-content\/uploads\/2025\/05\/miloscispokoj.pl-handpan-e-amara-2013-7-stal-nierdzewna-premium-miloscispokoj.pl-handpan-e-amara-2013-7-stal-nierdzewna-premium-d-amara-20137-gora-handpana-miloscispokoj.pl--e1769094454423-1024x1014.png\" \/>\n\t<meta property=\"og:image:width\" content=\"1024\" \/>\n\t<meta property=\"og:image:height\" content=\"1014\" \/>\n\t<meta property=\"og:image:type\" content=\"image\/png\" \/>\n<meta name=\"twitter:card\" content=\"summary_large_image\" \/>\n<meta name=\"twitter:label1\" content=\"Gesch\u00e4tzte Lesezeit\" \/>\n\t<meta name=\"twitter:data1\" content=\"3\u00a0Minuten\" \/>\n<script type=\"application\/ld+json\" class=\"yoast-schema-graph\">{\"@context\":\"https:\\\/\\\/schema.org\",\"@graph\":[{\"@type\":\"WebPage\",\"@id\":\"https:\\\/\\\/miloscispokoj.pl\\\/produkt\\\/handpan-e-amara-20137-stal-nierdzewna-premium\\\/\",\"url\":\"https:\\\/\\\/miloscispokoj.pl\\\/produkt\\\/handpan-e-amara-20137-stal-nierdzewna-premium\\\/\",\"name\":\"Handpan E Amara 20(13+7) Stal nierdzewna Premium - Mi\u0142o\u015b\u0107 i Spok\u00f3j\",\"isPartOf\":{\"@id\":\"https:\\\/\\\/miloscispokoj.pl\\\/#website\"},\"primaryImageOfPage\":{\"@id\":\"https:\\\/\\\/miloscispokoj.pl\\\/produkt\\\/handpan-e-amara-20137-stal-nierdzewna-premium\\\/#primaryimage\"},\"image\":{\"@id\":\"https:\\\/\\\/miloscispokoj.pl\\\/produkt\\\/handpan-e-amara-20137-stal-nierdzewna-premium\\\/#primaryimage\"},\"thumbnailUrl\":\"https:\\\/\\\/miloscispokoj.pl\\\/wp-content\\\/uploads\\\/2025\\\/05\\\/miloscispokoj.pl-handpan-e-amara-2013-7-stal-nierdzewna-premium-miloscispokoj.pl-handpan-e-amara-2013-7-stal-nierdzewna-premium-d-amara-20137-gora-handpana-miloscispokoj.pl--e1769094454423.png?wsr\",\"datePublished\":\"2025-05-21T20:01:55+00:00\",\"dateModified\":\"2026-03-26T20:31:06+00:00\",\"description\":\"Handpan E Amara 20 d\u017awi\u0119k\u00f3w z Stal nierdzewna Premium \u2013 odkryj g\u0142\u0119bi\u0119 i harmoni\u0119 muzyki. Skala E Amara, stroje 432\\\/440 Hz. Do\u015bwiadcz instrumentu Mi\u0142o\u015bci i Spokoju!\",\"breadcrumb\":{\"@id\":\"https:\\\/\\\/miloscispokoj.pl\\\/produkt\\\/handpan-e-amara-20137-stal-nierdzewna-premium\\\/#breadcrumb\"},\"inLanguage\":\"de\",\"potentialAction\":[{\"@type\":\"ReadAction\",\"target\":[\"https:\\\/\\\/miloscispokoj.pl\\\/produkt\\\/handpan-e-amara-20137-stal-nierdzewna-premium\\\/\"]}]},{\"@type\":\"ImageObject\",\"inLanguage\":\"de\",\"@id\":\"https:\\\/\\\/miloscispokoj.pl\\\/produkt\\\/handpan-e-amara-20137-stal-nierdzewna-premium\\\/#primaryimage\",\"url\":\"https:\\\/\\\/miloscispokoj.pl\\\/wp-content\\\/uploads\\\/2025\\\/05\\\/miloscispokoj.pl-handpan-e-amara-2013-7-stal-nierdzewna-premium-miloscispokoj.pl-handpan-e-amara-2013-7-stal-nierdzewna-premium-d-amara-20137-gora-handpana-miloscispokoj.pl--e1769094454423.png?wsr\",\"contentUrl\":\"https:\\\/\\\/miloscispokoj.pl\\\/wp-content\\\/uploads\\\/2025\\\/05\\\/miloscispokoj.pl-handpan-e-amara-2013-7-stal-nierdzewna-premium-miloscispokoj.pl-handpan-e-amara-2013-7-stal-nierdzewna-premium-d-amara-20137-gora-handpana-miloscispokoj.pl--e1769094454423.png?wsr\",\"width\":1313,\"height\":1300,\"caption\":\"e Amara 20(13+7) g\u00f3ra handpana miloscispokoj.pl\"},{\"@type\":\"BreadcrumbList\",\"@id\":\"https:\\\/\\\/miloscispokoj.pl\\\/produkt\\\/handpan-e-amara-20137-stal-nierdzewna-premium\\\/#breadcrumb\",\"itemListElement\":[{\"@type\":\"ListItem\",\"position\":1,\"name\":\"Mi\u0142o\u015b\u0107 i Spok\u00f3j\",\"item\":\"https:\\\/\\\/miloscispokoj.pl\\\/\"},{\"@type\":\"ListItem\",\"position\":2,\"name\":\"Sklep z handpanami \u2013 wybierz sw\u00f3j instrument\",\"item\":\"https:\\\/\\\/miloscispokoj.pl\\\/sklep-handpan-milosc-i-spokoj\\\/\"},{\"@type\":\"ListItem\",\"position\":3,\"name\":\"Handpan E Amara 20(13+7) Stal nierdzewna Premium\"}]},{\"@type\":\"WebSite\",\"@id\":\"https:\\\/\\\/miloscispokoj.pl\\\/#website\",\"url\":\"https:\\\/\\\/miloscispokoj.pl\\\/\",\"name\":\"handpany Mi\u0142o\u015b\u0107 i Spok\u00f3j\",\"description\":\"Odkryj moc instrumentu, kt\u00f3ry przenosi do krainy medytacji, relaksu i duchowego wzrostu.\",\"publisher\":{\"@id\":\"https:\\\/\\\/miloscispokoj.pl\\\/#organization\"},\"alternateName\":\"R\u0119cznie robione handpany marki Mi\u0142o\u015b\u0107 i Spok\u00f3j\",\"potentialAction\":[{\"@type\":\"SearchAction\",\"target\":{\"@type\":\"EntryPoint\",\"urlTemplate\":\"https:\\\/\\\/miloscispokoj.pl\\\/?s={search_term_string}\"},\"query-input\":{\"@type\":\"PropertyValueSpecification\",\"valueRequired\":true,\"valueName\":\"search_term_string\"}}],\"inLanguage\":\"de\"},{\"@type\":\"Organization\",\"@id\":\"https:\\\/\\\/miloscispokoj.pl\\\/#organization\",\"name\":\"Firma: Kreatywne \u015acie\u017cki Piotr Kaczorowski Marka: Mi\u0142o\u015b\u0107 i Spok\u00f3j\",\"alternateName\":\"Mi\u0142o\u015b\u0107 i spok\u00f3j\",\"url\":\"https:\\\/\\\/miloscispokoj.pl\\\/\",\"logo\":{\"@type\":\"ImageObject\",\"inLanguage\":\"de\",\"@id\":\"https:\\\/\\\/miloscispokoj.pl\\\/#\\\/schema\\\/logo\\\/image\\\/\",\"url\":\"https:\\\/\\\/miloscispokoj.pl\\\/wp-content\\\/uploads\\\/2025\\\/04\\\/cropped-Logo_MILOSC-I-SPOKOJ_pl_CMYK_v1_RGB_z-bialym-tlem.png?wsr\",\"contentUrl\":\"https:\\\/\\\/miloscispokoj.pl\\\/wp-content\\\/uploads\\\/2025\\\/04\\\/cropped-Logo_MILOSC-I-SPOKOJ_pl_CMYK_v1_RGB_z-bialym-tlem.png?wsr\",\"width\":512,\"height\":512,\"caption\":\"Firma: Kreatywne \u015acie\u017cki Piotr Kaczorowski Marka: Mi\u0142o\u015b\u0107 i Spok\u00f3j\"},\"image\":{\"@id\":\"https:\\\/\\\/miloscispokoj.pl\\\/#\\\/schema\\\/logo\\\/image\\\/\"},\"sameAs\":[\"https:\\\/\\\/www.facebook.com\\\/HandpanyMiloscISpokoj\",\"https:\\\/\\\/www.youtube.com\\\/@miloscispokoj\"]}]}<\/script>\n<!-- \/ Yoast SEO plugin. -->","yoast_head_json":{"title":"Handpan E Amara 20(13+7) Premium Edelstahl - Mi\u0142o\u015b\u0107 i Spok\u00f3j","description":"Handpan E Amara, 20-t\u00f6nig, Premium-Edelstahl \u2013 entdecken Sie die Tiefe und Harmonie der Musik. E-Amara-Tonleiter, 432\/440 Hz Stimmung. Erleben Sie das Instrument der Liebe und des Friedens!","robots":{"index":"index","follow":"follow","max-snippet":"max-snippet:-1","max-image-preview":"max-image-preview:large","max-video-preview":"max-video-preview:-1"},"canonical":"https:\/\/miloscispokoj.pl\/de\/product-2\/handpan-e-amara-20137-premium-edelstahl\/","og_locale":"de_DE","og_type":"article","og_title":"Handpan E Amara 20(13+7) Stal nierdzewna Premium - Mi\u0142o\u015b\u0107 i Spok\u00f3j","og_description":"Handpan E Amara 20 d\u017awi\u0119k\u00f3w z Stal nierdzewna Premium \u2013 odkryj g\u0142\u0119bi\u0119 i harmoni\u0119 muzyki. Skala E Amara, stroje 432\/440 Hz. Do\u015bwiadcz instrumentu Mi\u0142o\u015bci i Spokoju!","og_url":"https:\/\/miloscispokoj.pl\/de\/product-2\/handpan-e-amara-20137-premium-edelstahl\/","og_site_name":"Mi\u0142o\u015b\u0107 i Spok\u00f3j","article_publisher":"https:\/\/www.facebook.com\/HandpanyMiloscISpokoj","article_modified_time":"2026-03-26T20:31:06+00:00","og_image":[{"width":1024,"height":1014,"url":"https:\/\/miloscispokoj.pl\/wp-content\/uploads\/2025\/05\/miloscispokoj.pl-handpan-e-amara-2013-7-stal-nierdzewna-premium-miloscispokoj.pl-handpan-e-amara-2013-7-stal-nierdzewna-premium-d-amara-20137-gora-handpana-miloscispokoj.pl--e1769094454423-1024x1014.png","type":"image\/png"}],"twitter_card":"summary_large_image","twitter_misc":{"Gesch\u00e4tzte Lesezeit":"3\u00a0Minuten"},"schema":{"@context":"https:\/\/schema.org","@graph":[{"@type":"WebPage","@id":"https:\/\/miloscispokoj.pl\/produkt\/handpan-e-amara-20137-stal-nierdzewna-premium\/","url":"https:\/\/miloscispokoj.pl\/produkt\/handpan-e-amara-20137-stal-nierdzewna-premium\/","name":"Handpan E Amara 20(13+7) Premium Edelstahl - Mi\u0142o\u015b\u0107 i Spok\u00f3j","isPartOf":{"@id":"https:\/\/miloscispokoj.pl\/#website"},"primaryImageOfPage":{"@id":"https:\/\/miloscispokoj.pl\/produkt\/handpan-e-amara-20137-stal-nierdzewna-premium\/#primaryimage"},"image":{"@id":"https:\/\/miloscispokoj.pl\/produkt\/handpan-e-amara-20137-stal-nierdzewna-premium\/#primaryimage"},"thumbnailUrl":"https:\/\/miloscispokoj.pl\/wp-content\/uploads\/2025\/05\/miloscispokoj.pl-handpan-e-amara-2013-7-stal-nierdzewna-premium-miloscispokoj.pl-handpan-e-amara-2013-7-stal-nierdzewna-premium-d-amara-20137-gora-handpana-miloscispokoj.pl--e1769094454423.png?wsr","datePublished":"2025-05-21T20:01:55+00:00","dateModified":"2026-03-26T20:31:06+00:00","description":"Handpan E Amara, 20-t\u00f6nig, Premium-Edelstahl \u2013 entdecken Sie die Tiefe und Harmonie der Musik. E-Amara-Tonleiter, 432\/440 Hz Stimmung. Erleben Sie das Instrument der Liebe und des Friedens!","breadcrumb":{"@id":"https:\/\/miloscispokoj.pl\/produkt\/handpan-e-amara-20137-stal-nierdzewna-premium\/#breadcrumb"},"inLanguage":"de","potentialAction":[{"@type":"ReadAction","target":["https:\/\/miloscispokoj.pl\/produkt\/handpan-e-amara-20137-stal-nierdzewna-premium\/"]}]},{"@type":"ImageObject","inLanguage":"de","@id":"https:\/\/miloscispokoj.pl\/produkt\/handpan-e-amara-20137-stal-nierdzewna-premium\/#primaryimage","url":"https:\/\/miloscispokoj.pl\/wp-content\/uploads\/2025\/05\/miloscispokoj.pl-handpan-e-amara-2013-7-stal-nierdzewna-premium-miloscispokoj.pl-handpan-e-amara-2013-7-stal-nierdzewna-premium-d-amara-20137-gora-handpana-miloscispokoj.pl--e1769094454423.png?wsr","contentUrl":"https:\/\/miloscispokoj.pl\/wp-content\/uploads\/2025\/05\/miloscispokoj.pl-handpan-e-amara-2013-7-stal-nierdzewna-premium-miloscispokoj.pl-handpan-e-amara-2013-7-stal-nierdzewna-premium-d-amara-20137-gora-handpana-miloscispokoj.pl--e1769094454423.png?wsr","width":1313,"height":1300,"caption":"e Amara 20(13+7) g\u00f3ra handpana miloscispokoj.pl"},{"@type":"BreadcrumbList","@id":"https:\/\/miloscispokoj.pl\/produkt\/handpan-e-amara-20137-stal-nierdzewna-premium\/#breadcrumb","itemListElement":[{"@type":"ListItem","position":1,"name":"Mi\u0142o\u015b\u0107 i Spok\u00f3j","item":"https:\/\/miloscispokoj.pl\/"},{"@type":"ListItem","position":2,"name":"Sklep z handpanami \u2013 wybierz sw\u00f3j instrument","item":"https:\/\/miloscispokoj.pl\/sklep-handpan-milosc-i-spokoj\/"},{"@type":"ListItem","position":3,"name":"Handpan E Amara 20(13+7) Stal nierdzewna Premium"}]},{"@type":"WebSite","@id":"https:\/\/miloscispokoj.pl\/#website","url":"https:\/\/miloscispokoj.pl\/","name":"handpany Mi\u0142o\u015b\u0107 i Spok\u00f3j","description":"Entdecken Sie die Kraft des Instruments, der entf\u00fchrt dich ins Land der Meditation, der Entspannung und des spirituellen Wachstums.","publisher":{"@id":"https:\/\/miloscispokoj.pl\/#organization"},"alternateName":"R\u0119cznie robione handpany marki Mi\u0142o\u015b\u0107 i Spok\u00f3j","potentialAction":[{"@type":"SearchAction","target":{"@type":"EntryPoint","urlTemplate":"https:\/\/miloscispokoj.pl\/?s={search_term_string}"},"query-input":{"@type":"PropertyValueSpecification","valueRequired":true,"valueName":"search_term_string"}}],"inLanguage":"de"},{"@type":"Organization","@id":"https:\/\/miloscispokoj.pl\/#organization","name":"Firmenname: Peter kreative Wege \u041a\u0430\u0447\u043e\u0440\u043e\u0432\u0441\u043a\u0438 Marke: Liebe und Frieden","alternateName":"Mi\u0142o\u015b\u0107 i spok\u00f3j","url":"https:\/\/miloscispokoj.pl\/","logo":{"@type":"ImageObject","inLanguage":"de","@id":"https:\/\/miloscispokoj.pl\/#\/schema\/logo\/image\/","url":"https:\/\/miloscispokoj.pl\/wp-content\/uploads\/2025\/04\/cropped-Logo_MILOSC-I-SPOKOJ_pl_CMYK_v1_RGB_z-bialym-tlem.png?wsr","contentUrl":"https:\/\/miloscispokoj.pl\/wp-content\/uploads\/2025\/04\/cropped-Logo_MILOSC-I-SPOKOJ_pl_CMYK_v1_RGB_z-bialym-tlem.png?wsr","width":512,"height":512,"caption":"Firma: Kreatywne \u015acie\u017cki Piotr Kaczorowski Marka: Mi\u0142o\u015b\u0107 i Spok\u00f3j"},"image":{"@id":"https:\/\/miloscispokoj.pl\/#\/schema\/logo\/image\/"},"sameAs":["https:\/\/www.facebook.com\/HandpanyMiloscISpokoj","https:\/\/www.youtube.com\/@miloscispokoj"]}]}},"_links":{"self":[{"href":"https:\/\/miloscispokoj.pl\/de\/wp-json\/wp\/v2\/product\/2019","targetHints":{"allow":["GET"]}}],"collection":[{"href":"https:\/\/miloscispokoj.pl\/de\/wp-json\/wp\/v2\/product"}],"about":[{"href":"https:\/\/miloscispokoj.pl\/de\/wp-json\/wp\/v2\/types\/product"}],"replies":[{"embeddable":true,"href":"https:\/\/miloscispokoj.pl\/de\/wp-json\/wp\/v2\/comments?post=2019"}],"wp:featuredmedia":[{"embeddable":true,"href":"https:\/\/miloscispokoj.pl\/de\/wp-json\/wp\/v2\/media\/4045"}],"wp:attachment":[{"href":"https:\/\/miloscispokoj.pl\/de\/wp-json\/wp\/v2\/media?parent=2019"}],"wp:term":[{"taxonomy":"product_brand","embeddable":true,"href":"https:\/\/miloscispokoj.pl\/de\/wp-json\/wp\/v2\/product_brand?post=2019"},{"taxonomy":"product_cat","embeddable":true,"href":"https:\/\/miloscispokoj.pl\/de\/wp-json\/wp\/v2\/product_cat?post=2019"},{"taxonomy":"product_tag","embeddable":true,"href":"https:\/\/miloscispokoj.pl\/de\/wp-json\/wp\/v2\/product_tag?post=2019"}],"curies":[{"name":"wp","href":"https:\/\/api.w.org\/{rel}","templated":true}]}}