{"id":2055,"date":"2025-05-29T20:06:21","date_gmt":"2025-05-29T18:06:21","guid":{"rendered":"https:\/\/miloscispokoj.pl\/?post_type=product&#038;p=2055"},"modified":"2026-03-26T20:49:16","modified_gmt":"2026-03-26T19:49:16","slug":"handpan-celtic-minor-e-amara-13-mit-hochwertigem-edelstahl","status":"publish","type":"product","link":"https:\/\/miloscispokoj.pl\/de\/produkt\/handpan-celtic-minor-e-amara-13-z-stal-nierdzewna-premium\/","title":{"rendered":"Handpan Celtic Minor (E Amara) 13 Zoll Premium Edelstahl"},"content":{"rendered":"<h2>Handpan E Amara 13 mit Premium-Edelstahl 440 Hz<\/h2>\n<p class=\"my-0\">Die Premium Edelstahl-Handpan E Amara 13 ist ein Instrument f\u00fcr alle, die in einen Ozean melodischer, \u00e4therischer Kl\u00e4nge eintauchen m\u00f6chten. Die E-Amara-Tonleiter, auch bekannt als keltische Molltonleiter, er\u00f6ffnet eine Welt voller tiefgr\u00fcndiger Emotionen und freier Improvisation. Dreizehn pr\u00e4zise gestimmte Bereiche (E3, B3, D4, E4, F#4, G4, A4, B4, D5, E5, F#5, G5, A5) erm\u00f6glichen es Ihnen, harmonische Melodien zu erschaffen, die ganz nat\u00fcrlich flie\u00dfen \u2013 von ruhigen, meditativen Phrasen bis hin zu dynamischen, ausdrucksstarken Kompositionen.<\/p>\n<p class=\"my-0\">Hochwertiger Edelstahl verleiht dem Instrument einen warmen, vollen und lang anhaltenden Klang. Jede Handpan wird mit viel Liebe zum Detail handgefertigt und ist somit ein Unikat. Die Patina des Edelstahls vertieft sich mit der Zeit und unterstreicht den einzigartigen Charakter Ihres Instruments.<\/p>\n<h3>Technische Parameter der Handpan E Amara 13:<\/h3>\n<ul class=\"marker:text-textOff list-disc\">\n<li>\n<p class=\"my-0\">Material: Hochwertiger Edelstahl<\/p>\n<\/li>\n<li>\n<p class=\"my-0\">Gr\u00f6\u00dfe: 53 cm<\/p>\n<\/li>\n<li>\n<p class=\"my-0\">Tonleiter: E Amara (keltisch-Moll)<\/p>\n<\/li>\n<li>\n<p class=\"my-0\">Anzahl der T\u00f6ne: 13 (E3, B3, D4, E4, F#4, G4, A4, B4, D5, E5, F#5, G5, A5)<\/p>\n<\/li>\n<li>\n<p class=\"my-0\">Stimmung: 432 Hz \/ 440 Hz (w\u00e4hlbar)<\/p>\n<\/li>\n<li>Farbe: Gold\/Braun\/Silber: Spirale\/Silber: Retro 1,2,3\/Goldene Spirale<\/li>\n<li>H\u00fclle: Weich (kostenlos) \/ Hart (+ 107 EUR)<\/li>\n<\/ul>\n<p class=\"my-0\">Die Amara 13 Handpan E ist ein Instrument f\u00fcr alle, die Inspiration, Tiefe und Authentizit\u00e4t in jedem Klang suchen. W\u00e4hlen Sie Ihr Outfit und tauchen Sie ein in eine Welt der Liebe und des Friedens.<\/p>\n<p class=\"my-0\"><strong>Aufmerksamkeit:<\/strong><\/p>\n<p class=\"my-0\">Die meisten unserer Handpans sind in Gold oder Bronze erh\u00e4ltlich. Wir best\u00e4tigen den endg\u00fcltigen Farbton immer vor der Bestellung mit Ihnen, um sicherzustellen, dass Ihre Erwartungen erf\u00fcllt werden.<\/p>\n<p class=\"my-0\">Detaillierte Informationen zu den verf\u00fcgbaren Farben und eine Beispielfarbpalette finden Sie auf unserer Website: <a href=\"https:\/\/miloscispokoj.pl\/de\/farbpalette\/\" rel=\"nofollow noopener\">https:\/\/miloscispokoj.pl\/de\/farbpalette\/<\/a>.<\/p>\n<p class=\"my-0\">Bitte beachten Sie au\u00dferdem, dass die Patina, die sich auf der Oberfl\u00e4che von Premium-Edelstahl-Handpans bildet, nicht vollst\u00e4ndig dauerhaft ist. Im Laufe der Zeit kann sich die Farbe des Instruments leicht ver\u00e4ndern, was jedoch weder Klang noch Stimmung beeintr\u00e4chtigt. Diese Ver\u00e4nderung ist rein kosmetischer Natur und verleiht dem Instrument einen einzigartigen, stilvollen und unverwechselbaren Vintage-Charakter.<\/p>\n<p class=\"my-0\">Wenn Sie Fragen oder Bedenken haben, sind wir f\u00fcr Sie da!<\/p>","protected":false},"excerpt":{"rendered":"<ul class=\"marker:text-textOff list-disc\">\n<li>Material: Hochwertiger Edelstahl<\/li>\n<li>Gr\u00f6\u00dfe: 53 cm<\/li>\n<li>Ma\u00dfstab: E Amara<\/li>\n<li>Anzahl der T\u00f6ne: 13\n<ul class=\"marker:text-textOff list-disc\">\n<li>Oben: E3, B3, D4, E4, F#4, G4, A4, B4, D5, E5, F#5, G5, A5<\/li>\n<\/ul>\n<\/li>\n<li>Stimmung: 432 Hz\/440 Hz<\/li>\n<li>Farbe: Gold\/Braun\/Silber: Spirale\/Silber: Retro 1,2,3\/Goldene Spirale<\/li>\n<li>H\u00fclle: Weich (kostenlos) \/ Hart (+ 107 EUR)<\/li>\n<\/ul>\n<hr \/>\n<h2>Handpan-Preis ab: 8.999 PLN<\/h2>\n<p><\/p>","protected":false},"featured_media":2056,"comment_status":"closed","ping_status":"closed","template":"","meta":[],"product_brand":[285],"product_cat":[286],"product_tag":[],"class_list":{"0":"post-2055","1":"product","2":"type-product","3":"status-publish","4":"has-post-thumbnail","6":"product_brand-milosc-i-spokoj-handpany-z-serca-harmonii","7":"product_cat-handpan-z-stali-nierdzewnej-premium-edycja-mistyczna","9":"first","10":"instock","11":"shipping-taxable","12":"product-type-simple"},"yoast_head":"<!-- This site is optimized with the Yoast SEO plugin v27.4 - https:\/\/yoast.com\/product\/yoast-seo-wordpress\/ -->\n<title>Handpan Celtic Minor (E Amara) 13 z Stal nierdzewna Premium - Mi\u0142o\u015b\u0107 i Spok\u00f3j<\/title>\n<meta name=\"description\" content=\"Handpan E Amara 13 z Stal nierdzewna Premium \u2013 13 d\u017awi\u0119k\u00f3w, ciep\u0142e brzmienie, r\u0119czne rzemios\u0142o. Odkryj magi\u0119 skali Celtic Minor i zam\u00f3w instrument ju\u017c dzi\u015b!\" \/>\n<meta name=\"robots\" content=\"index, follow, max-snippet:-1, max-image-preview:large, max-video-preview:-1\" \/>\n<link rel=\"canonical\" href=\"https:\/\/miloscispokoj.pl\/de\/product-2\/handpan-celtic-minor-e-amara-13-mit-hochwertigem-edelstahl\/\" \/>\n<meta property=\"og:locale\" content=\"de_DE\" \/>\n<meta property=\"og:type\" content=\"article\" \/>\n<meta property=\"og:title\" content=\"Handpan Celtic Minor (E Amara) 13 z Stal nierdzewna Premium - Mi\u0142o\u015b\u0107 i Spok\u00f3j\" \/>\n<meta property=\"og:description\" content=\"Handpan E Amara 13 z Stal nierdzewna Premium \u2013 13 d\u017awi\u0119k\u00f3w, ciep\u0142e brzmienie, r\u0119czne rzemios\u0142o. Odkryj magi\u0119 skali Celtic Minor i zam\u00f3w instrument ju\u017c dzi\u015b!\" \/>\n<meta property=\"og:url\" content=\"https:\/\/miloscispokoj.pl\/de\/product-2\/handpan-celtic-minor-e-amara-13-mit-hochwertigem-edelstahl\/\" \/>\n<meta property=\"og:site_name\" content=\"Mi\u0142o\u015b\u0107 i Spok\u00f3j\" \/>\n<meta property=\"article:publisher\" content=\"https:\/\/www.facebook.com\/HandpanyMiloscISpokoj\" \/>\n<meta property=\"article:modified_time\" content=\"2026-03-26T19:49:16+00:00\" \/>\n<meta property=\"og:image\" content=\"https:\/\/miloscispokoj.pl\/wp-content\/uploads\/2025\/05\/Amara-13.png?wsr\" \/>\n\t<meta property=\"og:image:width\" content=\"800\" \/>\n\t<meta property=\"og:image:height\" content=\"800\" \/>\n\t<meta property=\"og:image:type\" content=\"image\/png\" \/>\n<meta name=\"twitter:card\" content=\"summary_large_image\" \/>\n<meta name=\"twitter:label1\" content=\"Gesch\u00e4tzte Lesezeit\" \/>\n\t<meta name=\"twitter:data1\" content=\"3\u00a0Minuten\" \/>\n<script type=\"application\/ld+json\" class=\"yoast-schema-graph\">{\"@context\":\"https:\\\/\\\/schema.org\",\"@graph\":[{\"@type\":\"WebPage\",\"@id\":\"https:\\\/\\\/miloscispokoj.pl\\\/produkt\\\/handpan-celtic-minor-e-amara-13-z-stal-nierdzewna-premium\\\/\",\"url\":\"https:\\\/\\\/miloscispokoj.pl\\\/produkt\\\/handpan-celtic-minor-e-amara-13-z-stal-nierdzewna-premium\\\/\",\"name\":\"Handpan Celtic Minor (E Amara) 13 z Stal nierdzewna Premium - Mi\u0142o\u015b\u0107 i Spok\u00f3j\",\"isPartOf\":{\"@id\":\"https:\\\/\\\/miloscispokoj.pl\\\/#website\"},\"primaryImageOfPage\":{\"@id\":\"https:\\\/\\\/miloscispokoj.pl\\\/produkt\\\/handpan-celtic-minor-e-amara-13-z-stal-nierdzewna-premium\\\/#primaryimage\"},\"image\":{\"@id\":\"https:\\\/\\\/miloscispokoj.pl\\\/produkt\\\/handpan-celtic-minor-e-amara-13-z-stal-nierdzewna-premium\\\/#primaryimage\"},\"thumbnailUrl\":\"https:\\\/\\\/miloscispokoj.pl\\\/wp-content\\\/uploads\\\/2025\\\/05\\\/Amara-13.png?wsr\",\"datePublished\":\"2025-05-29T18:06:21+00:00\",\"dateModified\":\"2026-03-26T19:49:16+00:00\",\"description\":\"Handpan E Amara 13 z Stal nierdzewna Premium \u2013 13 d\u017awi\u0119k\u00f3w, ciep\u0142e brzmienie, r\u0119czne rzemios\u0142o. Odkryj magi\u0119 skali Celtic Minor i zam\u00f3w instrument ju\u017c dzi\u015b!\",\"breadcrumb\":{\"@id\":\"https:\\\/\\\/miloscispokoj.pl\\\/produkt\\\/handpan-celtic-minor-e-amara-13-z-stal-nierdzewna-premium\\\/#breadcrumb\"},\"inLanguage\":\"de\",\"potentialAction\":[{\"@type\":\"ReadAction\",\"target\":[\"https:\\\/\\\/miloscispokoj.pl\\\/produkt\\\/handpan-celtic-minor-e-amara-13-z-stal-nierdzewna-premium\\\/\"]}]},{\"@type\":\"ImageObject\",\"inLanguage\":\"de\",\"@id\":\"https:\\\/\\\/miloscispokoj.pl\\\/produkt\\\/handpan-celtic-minor-e-amara-13-z-stal-nierdzewna-premium\\\/#primaryimage\",\"url\":\"https:\\\/\\\/miloscispokoj.pl\\\/wp-content\\\/uploads\\\/2025\\\/05\\\/Amara-13.png?wsr\",\"contentUrl\":\"https:\\\/\\\/miloscispokoj.pl\\\/wp-content\\\/uploads\\\/2025\\\/05\\\/Amara-13.png?wsr\",\"width\":800,\"height\":800,\"caption\":\"Handpan Celtic Minor (E Amara) 13 z Stal nierdzewna Premium\"},{\"@type\":\"BreadcrumbList\",\"@id\":\"https:\\\/\\\/miloscispokoj.pl\\\/produkt\\\/handpan-celtic-minor-e-amara-13-z-stal-nierdzewna-premium\\\/#breadcrumb\",\"itemListElement\":[{\"@type\":\"ListItem\",\"position\":1,\"name\":\"Mi\u0142o\u015b\u0107 i Spok\u00f3j\",\"item\":\"https:\\\/\\\/miloscispokoj.pl\\\/\"},{\"@type\":\"ListItem\",\"position\":2,\"name\":\"Sklep z handpanami \u2013 wybierz sw\u00f3j instrument\",\"item\":\"https:\\\/\\\/miloscispokoj.pl\\\/sklep-handpan-milosc-i-spokoj\\\/\"},{\"@type\":\"ListItem\",\"position\":3,\"name\":\"Handpan Celtic Minor (E Amara) 13 z Stal nierdzewna Premium\"}]},{\"@type\":\"WebSite\",\"@id\":\"https:\\\/\\\/miloscispokoj.pl\\\/#website\",\"url\":\"https:\\\/\\\/miloscispokoj.pl\\\/\",\"name\":\"handpany Mi\u0142o\u015b\u0107 i Spok\u00f3j\",\"description\":\"Odkryj moc instrumentu, kt\u00f3ry przenosi do krainy medytacji, relaksu i duchowego wzrostu.\",\"publisher\":{\"@id\":\"https:\\\/\\\/miloscispokoj.pl\\\/#organization\"},\"alternateName\":\"R\u0119cznie robione handpany marki Mi\u0142o\u015b\u0107 i Spok\u00f3j\",\"potentialAction\":[{\"@type\":\"SearchAction\",\"target\":{\"@type\":\"EntryPoint\",\"urlTemplate\":\"https:\\\/\\\/miloscispokoj.pl\\\/?s={search_term_string}\"},\"query-input\":{\"@type\":\"PropertyValueSpecification\",\"valueRequired\":true,\"valueName\":\"search_term_string\"}}],\"inLanguage\":\"de\"},{\"@type\":\"Organization\",\"@id\":\"https:\\\/\\\/miloscispokoj.pl\\\/#organization\",\"name\":\"Firma: Kreatywne \u015acie\u017cki Piotr Kaczorowski Marka: Mi\u0142o\u015b\u0107 i Spok\u00f3j\",\"alternateName\":\"Mi\u0142o\u015b\u0107 i spok\u00f3j\",\"url\":\"https:\\\/\\\/miloscispokoj.pl\\\/\",\"logo\":{\"@type\":\"ImageObject\",\"inLanguage\":\"de\",\"@id\":\"https:\\\/\\\/miloscispokoj.pl\\\/#\\\/schema\\\/logo\\\/image\\\/\",\"url\":\"https:\\\/\\\/miloscispokoj.pl\\\/wp-content\\\/uploads\\\/2025\\\/04\\\/cropped-Logo_MILOSC-I-SPOKOJ_pl_CMYK_v1_RGB_z-bialym-tlem.png?wsr\",\"contentUrl\":\"https:\\\/\\\/miloscispokoj.pl\\\/wp-content\\\/uploads\\\/2025\\\/04\\\/cropped-Logo_MILOSC-I-SPOKOJ_pl_CMYK_v1_RGB_z-bialym-tlem.png?wsr\",\"width\":512,\"height\":512,\"caption\":\"Firma: Kreatywne \u015acie\u017cki Piotr Kaczorowski Marka: Mi\u0142o\u015b\u0107 i Spok\u00f3j\"},\"image\":{\"@id\":\"https:\\\/\\\/miloscispokoj.pl\\\/#\\\/schema\\\/logo\\\/image\\\/\"},\"sameAs\":[\"https:\\\/\\\/www.facebook.com\\\/HandpanyMiloscISpokoj\",\"https:\\\/\\\/www.youtube.com\\\/@miloscispokoj\"]}]}<\/script>\n<!-- \/ Yoast SEO plugin. -->","yoast_head_json":{"title":"Handpan Celtic Minor (E Amara) 13 z Stal nierdzewna Premium - Mi\u0142o\u015b\u0107 i Spok\u00f3j","description":"Handpan E Amara 13 aus hochwertigem Edelstahl \u2013 13 T\u00f6ne, warmer Klang, handgefertigt. Entdecken Sie die Magie der keltischen Molltonleiter und bestellen Sie Ihr Instrument noch heute!","robots":{"index":"index","follow":"follow","max-snippet":"max-snippet:-1","max-image-preview":"max-image-preview:large","max-video-preview":"max-video-preview:-1"},"canonical":"https:\/\/miloscispokoj.pl\/de\/product-2\/handpan-celtic-minor-e-amara-13-mit-hochwertigem-edelstahl\/","og_locale":"de_DE","og_type":"article","og_title":"Handpan Celtic Minor (E Amara) 13 z Stal nierdzewna Premium - Mi\u0142o\u015b\u0107 i Spok\u00f3j","og_description":"Handpan E Amara 13 z Stal nierdzewna Premium \u2013 13 d\u017awi\u0119k\u00f3w, ciep\u0142e brzmienie, r\u0119czne rzemios\u0142o. Odkryj magi\u0119 skali Celtic Minor i zam\u00f3w instrument ju\u017c dzi\u015b!","og_url":"https:\/\/miloscispokoj.pl\/de\/product-2\/handpan-celtic-minor-e-amara-13-mit-hochwertigem-edelstahl\/","og_site_name":"Mi\u0142o\u015b\u0107 i Spok\u00f3j","article_publisher":"https:\/\/www.facebook.com\/HandpanyMiloscISpokoj","article_modified_time":"2026-03-26T19:49:16+00:00","og_image":[{"width":800,"height":800,"url":"https:\/\/miloscispokoj.pl\/wp-content\/uploads\/2025\/05\/Amara-13.png?wsr","type":"image\/png"}],"twitter_card":"summary_large_image","twitter_misc":{"Gesch\u00e4tzte Lesezeit":"3\u00a0Minuten"},"schema":{"@context":"https:\/\/schema.org","@graph":[{"@type":"WebPage","@id":"https:\/\/miloscispokoj.pl\/produkt\/handpan-celtic-minor-e-amara-13-z-stal-nierdzewna-premium\/","url":"https:\/\/miloscispokoj.pl\/produkt\/handpan-celtic-minor-e-amara-13-z-stal-nierdzewna-premium\/","name":"Handpan Celtic Minor (E Amara) 13 z Stal nierdzewna Premium - Mi\u0142o\u015b\u0107 i Spok\u00f3j","isPartOf":{"@id":"https:\/\/miloscispokoj.pl\/#website"},"primaryImageOfPage":{"@id":"https:\/\/miloscispokoj.pl\/produkt\/handpan-celtic-minor-e-amara-13-z-stal-nierdzewna-premium\/#primaryimage"},"image":{"@id":"https:\/\/miloscispokoj.pl\/produkt\/handpan-celtic-minor-e-amara-13-z-stal-nierdzewna-premium\/#primaryimage"},"thumbnailUrl":"https:\/\/miloscispokoj.pl\/wp-content\/uploads\/2025\/05\/Amara-13.png?wsr","datePublished":"2025-05-29T18:06:21+00:00","dateModified":"2026-03-26T19:49:16+00:00","description":"Handpan E Amara 13 aus hochwertigem Edelstahl \u2013 13 T\u00f6ne, warmer Klang, handgefertigt. Entdecken Sie die Magie der keltischen Molltonleiter und bestellen Sie Ihr Instrument noch heute!","breadcrumb":{"@id":"https:\/\/miloscispokoj.pl\/produkt\/handpan-celtic-minor-e-amara-13-z-stal-nierdzewna-premium\/#breadcrumb"},"inLanguage":"de","potentialAction":[{"@type":"ReadAction","target":["https:\/\/miloscispokoj.pl\/produkt\/handpan-celtic-minor-e-amara-13-z-stal-nierdzewna-premium\/"]}]},{"@type":"ImageObject","inLanguage":"de","@id":"https:\/\/miloscispokoj.pl\/produkt\/handpan-celtic-minor-e-amara-13-z-stal-nierdzewna-premium\/#primaryimage","url":"https:\/\/miloscispokoj.pl\/wp-content\/uploads\/2025\/05\/Amara-13.png?wsr","contentUrl":"https:\/\/miloscispokoj.pl\/wp-content\/uploads\/2025\/05\/Amara-13.png?wsr","width":800,"height":800,"caption":"Handpan Celtic Minor (E Amara) 13 z Stal nierdzewna Premium"},{"@type":"BreadcrumbList","@id":"https:\/\/miloscispokoj.pl\/produkt\/handpan-celtic-minor-e-amara-13-z-stal-nierdzewna-premium\/#breadcrumb","itemListElement":[{"@type":"ListItem","position":1,"name":"Mi\u0142o\u015b\u0107 i Spok\u00f3j","item":"https:\/\/miloscispokoj.pl\/"},{"@type":"ListItem","position":2,"name":"Sklep z handpanami \u2013 wybierz sw\u00f3j instrument","item":"https:\/\/miloscispokoj.pl\/sklep-handpan-milosc-i-spokoj\/"},{"@type":"ListItem","position":3,"name":"Handpan Celtic Minor (E Amara) 13 z Stal nierdzewna Premium"}]},{"@type":"WebSite","@id":"https:\/\/miloscispokoj.pl\/#website","url":"https:\/\/miloscispokoj.pl\/","name":"handpany Mi\u0142o\u015b\u0107 i Spok\u00f3j","description":"Entdecken Sie die Kraft des Instruments, der entf\u00fchrt dich ins Land der Meditation, der Entspannung und des spirituellen Wachstums.","publisher":{"@id":"https:\/\/miloscispokoj.pl\/#organization"},"alternateName":"R\u0119cznie robione handpany marki Mi\u0142o\u015b\u0107 i Spok\u00f3j","potentialAction":[{"@type":"SearchAction","target":{"@type":"EntryPoint","urlTemplate":"https:\/\/miloscispokoj.pl\/?s={search_term_string}"},"query-input":{"@type":"PropertyValueSpecification","valueRequired":true,"valueName":"search_term_string"}}],"inLanguage":"de"},{"@type":"Organization","@id":"https:\/\/miloscispokoj.pl\/#organization","name":"Firmenname: Peter kreative Wege \u041a\u0430\u0447\u043e\u0440\u043e\u0432\u0441\u043a\u0438 Marke: Liebe und Frieden","alternateName":"Mi\u0142o\u015b\u0107 i spok\u00f3j","url":"https:\/\/miloscispokoj.pl\/","logo":{"@type":"ImageObject","inLanguage":"de","@id":"https:\/\/miloscispokoj.pl\/#\/schema\/logo\/image\/","url":"https:\/\/miloscispokoj.pl\/wp-content\/uploads\/2025\/04\/cropped-Logo_MILOSC-I-SPOKOJ_pl_CMYK_v1_RGB_z-bialym-tlem.png?wsr","contentUrl":"https:\/\/miloscispokoj.pl\/wp-content\/uploads\/2025\/04\/cropped-Logo_MILOSC-I-SPOKOJ_pl_CMYK_v1_RGB_z-bialym-tlem.png?wsr","width":512,"height":512,"caption":"Firma: Kreatywne \u015acie\u017cki Piotr Kaczorowski Marka: Mi\u0142o\u015b\u0107 i Spok\u00f3j"},"image":{"@id":"https:\/\/miloscispokoj.pl\/#\/schema\/logo\/image\/"},"sameAs":["https:\/\/www.facebook.com\/HandpanyMiloscISpokoj","https:\/\/www.youtube.com\/@miloscispokoj"]}]}},"_links":{"self":[{"href":"https:\/\/miloscispokoj.pl\/de\/wp-json\/wp\/v2\/product\/2055","targetHints":{"allow":["GET"]}}],"collection":[{"href":"https:\/\/miloscispokoj.pl\/de\/wp-json\/wp\/v2\/product"}],"about":[{"href":"https:\/\/miloscispokoj.pl\/de\/wp-json\/wp\/v2\/types\/product"}],"replies":[{"embeddable":true,"href":"https:\/\/miloscispokoj.pl\/de\/wp-json\/wp\/v2\/comments?post=2055"}],"wp:featuredmedia":[{"embeddable":true,"href":"https:\/\/miloscispokoj.pl\/de\/wp-json\/wp\/v2\/media\/2056"}],"wp:attachment":[{"href":"https:\/\/miloscispokoj.pl\/de\/wp-json\/wp\/v2\/media?parent=2055"}],"wp:term":[{"taxonomy":"product_brand","embeddable":true,"href":"https:\/\/miloscispokoj.pl\/de\/wp-json\/wp\/v2\/product_brand?post=2055"},{"taxonomy":"product_cat","embeddable":true,"href":"https:\/\/miloscispokoj.pl\/de\/wp-json\/wp\/v2\/product_cat?post=2055"},{"taxonomy":"product_tag","embeddable":true,"href":"https:\/\/miloscispokoj.pl\/de\/wp-json\/wp\/v2\/product_tag?post=2055"}],"curies":[{"name":"wp","href":"https:\/\/api.w.org\/{rel}","templated":true}]}}