{"id":2846,"date":"2025-07-10T12:45:20","date_gmt":"2025-07-10T10:45:20","guid":{"rendered":"https:\/\/miloscispokoj.pl\/?post_type=product&#038;p=2846"},"modified":"2026-03-26T21:13:45","modified_gmt":"2026-03-26T20:13:45","slug":"handpan-f3-low-pygmy-15123-premium-edelstahl-432-hz","status":"publish","type":"product","link":"https:\/\/miloscispokoj.pl\/de\/produkt\/handpan-f3-low-pygmy-15123-stal-nierdzewna-premium-432hz\/","title":{"rendered":"Handpan F#3 low Pygmy 15(12+3) Premium Edelstahl 432Hz"},"content":{"rendered":"<h2 class=\"my-0\">Mi\u0142o\u015b\u0107 i Spok\u00f3j \u2013 Schallwellen F#3 niedrig Pygm\u00e4en<\/h2>\n<p class=\"my-0\">In einer Welt, in der jede Note eine Geschichte erz\u00e4hlt, schl\u00e4gt die Premium Stainless Steel F#3 Low Pygmy 15 (12+3) Handpan die Br\u00fccke zwischen Harmonie und Inspiration. Dieses Instrument ist f\u00fcr all jene, die neue Klangwelten entdecken und in einen tiefen Ozean reiner, faszinierender und einzigartiger Kl\u00e4nge eintauchen m\u00f6chten.<\/p>\n<h3 class=\"my-0\">F\u00fcnfzehn Wege der Inspiration<\/h3>\n<p class=\"my-0\">F\u00fcnfzehn sorgf\u00e4ltig abgestimmte Felder er\u00f6ffnen eine Welt voller musikalischer M\u00f6glichkeiten. Das zentrale F#3-Ding f\u00fchrt Sie durch einen Klangkreis, der nahtlos durch das reiche Tonspektrum der oberen Kuppel \u00fcbergeht: G#3, A3, C#4, E4, F#4, G#4, A4, C#5, E5, F#5, G#5. Drei zus\u00e4tzliche Felder an der Unterseite (D3, B3, E3) verleihen dem Instrument eine neue Ausdrucksdimension und erm\u00f6glichen noch mehr Improvisationsfreiheit.<\/p>\n<h3 class=\"my-0\">Premium-Edelstahl \u2013 Stahl, der singt<\/h3>\n<p class=\"my-0\">Wir haben uns f\u00fcr hochwertigen Edelstahl entschieden, um jedem Klang Tiefe, Harmonie und ein langes, faszinierendes Nachklingen zu verleihen. Die handgefertigte Formgebung und Stimmung machen jede Handpan zu einem Unikat \u2013 subtile Unterschiede in Klangfarbe und Textur zeugen von authentischer Handwerkskunst.<\/p>\n<h3>Technische Parameter der Handpan<\/h3>\n<ul>\n<li><strong>Material<\/strong>: Hochwertiger Edelstahl<\/li>\n<li><strong>Gr\u00f6\u00dfe<\/strong>: 53 cm<\/li>\n<li><strong>Skala<\/strong>: F#3 niedriger Pygm\u00e4e<\/li>\n<li><strong>Anzahl der T\u00f6ne<\/strong>: 15\n<ul>\n<li><strong>DING<\/strong>: F#3<\/li>\n<li><strong>Obere Kuppel<\/strong>: G#3, A3, C#4, E4, F#4, G#4, A4, C#5, E5, F#5, G#5<\/li>\n<li><strong>Untere Kuppel<\/strong>: (D3) (B3) (E3)<\/li>\n<\/ul>\n<\/li>\n<li><strong>Outfit<\/strong>: 432 Hz (oder andere zB 440)<\/li>\n<li><strong>Farbe<\/strong>: Gold\/Bronze\/Silber: Spirale\/Silber: Retro 1,2,3\/Goldene Spirale<\/li>\n<li><strong>Fall<\/strong>: Soft (kostenlos) \/ Hard (+ 107 EUR)<\/li>\n<\/ul>\n<h3 class=\"my-0\">Ihr personalisiertes Pygmy-Instrument<\/h3>\n<p class=\"my-0\">Jede F#3 Low Pygmy 15(12+3) Handpan wird auf Bestellung gefertigt \u2013 ganz im Sinne Ihrer musikalischen Reise. W\u00e4hlen Sie Farbe, Stimmung und Koffer und lassen Sie sich von den Kl\u00e4ngen dieses Instruments durch die Welt der Harmonie f\u00fchren.<\/p>\n<p class=\"my-0\">Lass dich von neuen Inspirationen leiten. Bestelle die Handpan F#3 Low Pygmy aus hochwertigem Edelstahl und lass dich von der Musik der Liebe und des Friedens begleiten.<\/p>\n<p class=\"my-0\"><strong>Aufmerksamkeit:<\/strong><\/p>\n<p class=\"my-0\">Die meisten unserer Handpans sind in Gold oder Bronze erh\u00e4ltlich. Wir best\u00e4tigen den endg\u00fcltigen Farbton immer vor der Bestellung mit Ihnen, um sicherzustellen, dass Ihre Erwartungen erf\u00fcllt werden.<\/p>\n<p class=\"my-0\">Detaillierte Informationen zu den verf\u00fcgbaren Farben und eine Beispielfarbpalette finden Sie auf unserer Website: <a href=\"https:\/\/miloscispokoj.pl\/de\/farbpalette\/\" rel=\"nofollow noopener\">https:\/\/miloscispokoj.pl\/de\/farbpalette\/<\/a>.<\/p>\n<p class=\"my-0\">Bitte beachten Sie au\u00dferdem, dass die Patina, die sich auf der Oberfl\u00e4che von Premium-Edelstahl-Handpans bildet, nicht vollst\u00e4ndig dauerhaft ist. Im Laufe der Zeit kann sich die Farbe des Instruments leicht ver\u00e4ndern, was jedoch weder Klang noch Stimmung beeintr\u00e4chtigt. Diese Ver\u00e4nderung ist rein kosmetischer Natur und verleiht dem Instrument einen einzigartigen, stilvollen und unverwechselbaren Vintage-Charakter.<\/p>\n<p class=\"my-0\">Wenn Sie Fragen oder Bedenken haben, sind wir f\u00fcr Sie da!<\/p>\n<h3>Handpan F#3 Low Pygmy 15 \u2013 Produktionsvideo zur Designfreigabe<\/h3>\n<div style=\"padding: 56.25% 0 0 0; position: relative;\"><iframe style=\"position: absolute; top: 0; left: 0; width: 100%; height: 100%;\" title=\"Handpan F#3 low Pygmy 15 \u2013 Video vor Ort nach dem Auspacken aufgenommen.\" src=\"https:\/\/player.vimeo.com\/video\/1100268701?badge=0&amp;autopause=0&amp;player_id=0&amp;app_id=58479\" frameborder=\"0\"><\/iframe><\/div>\n<p><script src=\"https:\/\/player.vimeo.com\/api\/player.js\"><\/script><\/p>\n<h3>Handpan F#3 Low Pygmy 15 \u2013 Video vor Ort nach dem Auspacken aufgenommen<\/h3>\n<div style=\"padding: 56.25% 0 0 0; position: relative;\"><iframe style=\"position: absolute; top: 0; left: 0; width: 100%; height: 100%;\" title=\"Handpan F#3 low Pygmy 15 - gefilmt vor Ort nach dem Auspacken des Produkts\" src=\"https:\/\/player.vimeo.com\/video\/1107046373?badge=0&amp;autopause=0&amp;player_id=0&amp;app_id=58479\" frameborder=\"0\"><\/iframe><\/div>\n<p><script src=\"https:\/\/player.vimeo.com\/api\/player.js\"><\/script><\/p>","protected":false},"excerpt":{"rendered":"<ul>\n<li>Material: Hochwertiger Edelstahl<\/li>\n<li>Gr\u00f6\u00dfe: 53 cm<\/li>\n<li>Ma\u00dfstab: F#3 niedriger Pygm\u00e4e<\/li>\n<li>Anzahl der T\u00f6ne: 15\n<ul>\n<li>DING: F#3<\/li>\n<li>Obere Kuppel: G#3, A3, C#4, E4, F#4, G#4, A4, C#5, E5, F#5, G#5<\/li>\n<li>Untere Kuppel: (D3) (B3) (E3)<\/li>\n<\/ul>\n<\/li>\n<li>Stimmung: 432 Hz (oder andere, z.B. 440)<\/li>\n<li>Farbe: Gold\/Braun\/Silber: Spirale\/Silber: Retro 1,2,3\/Goldene Spirale<\/li>\n<li>H\u00fclle: Weich (kostenlos) \/ Hart (+ 107 EUR)<\/li>\n<\/ul>\n<hr \/>\n<h2>Handpan-Preis ab: 8990 z\u0142<\/h2>\n<p><\/p>","protected":false},"featured_media":2074,"comment_status":"closed","ping_status":"closed","template":"","meta":[],"product_brand":[285],"product_cat":[286],"product_tag":[],"class_list":{"0":"post-2846","1":"product","2":"type-product","3":"status-publish","4":"has-post-thumbnail","6":"product_brand-milosc-i-spokoj-handpany-z-serca-harmonii","7":"product_cat-handpan-z-stali-nierdzewnej-premium-edycja-mistyczna","9":"first","10":"instock","11":"shipping-taxable","12":"product-type-simple"},"yoast_head":"<!-- This site is optimized with the Yoast SEO plugin v27.4 - https:\/\/yoast.com\/product\/yoast-seo-wordpress\/ -->\n<title>Handpan F#3 low Pygmy 15(12+3) Stal nierdzewna Premium 432Hz - Mi\u0142o\u015b\u0107 i Spok\u00f3j<\/title>\n<meta name=\"description\" content=\"Handpan F#3 low Pygmy 15 (12+3) z Stal nierdzewna Premium \u2013 53 cm, 15 d\u017awi\u0119k\u00f3w, strojenie 432 Hz. G\u0142\u0119bokie brzmienie idealny do inspiruj\u0105cych muzycznych podr\u00f3\u017cy.\" \/>\n<meta name=\"robots\" content=\"index, follow, max-snippet:-1, max-image-preview:large, max-video-preview:-1\" \/>\n<link rel=\"canonical\" href=\"https:\/\/miloscispokoj.pl\/de\/product-2\/handpan-f3-low-pygmy-15123-premium-edelstahl-432-hz\/\" \/>\n<meta property=\"og:locale\" content=\"de_DE\" \/>\n<meta property=\"og:type\" content=\"article\" \/>\n<meta property=\"og:title\" content=\"Handpan F#3 low Pygmy 15(12+3) Stal nierdzewna Premium 432Hz - Mi\u0142o\u015b\u0107 i Spok\u00f3j\" \/>\n<meta property=\"og:description\" content=\"Handpan F#3 low Pygmy 15 (12+3) z Stal nierdzewna Premium \u2013 53 cm, 15 d\u017awi\u0119k\u00f3w, strojenie 432 Hz. G\u0142\u0119bokie brzmienie idealny do inspiruj\u0105cych muzycznych podr\u00f3\u017cy.\" \/>\n<meta property=\"og:url\" content=\"https:\/\/miloscispokoj.pl\/de\/product-2\/handpan-f3-low-pygmy-15123-premium-edelstahl-432-hz\/\" \/>\n<meta property=\"og:site_name\" content=\"Mi\u0142o\u015b\u0107 i Spok\u00f3j\" \/>\n<meta property=\"article:publisher\" content=\"https:\/\/www.facebook.com\/HandpanyMiloscISpokoj\" \/>\n<meta property=\"article:modified_time\" content=\"2026-03-26T20:13:45+00:00\" \/>\n<meta property=\"og:image\" content=\"https:\/\/miloscispokoj.pl\/wp-content\/uploads\/2025\/05\/handpan-marki-miloscispokoj.pl-sklep-handpanpolska.png?wsr\" \/>\n\t<meta property=\"og:image:width\" content=\"800\" \/>\n\t<meta property=\"og:image:height\" content=\"800\" \/>\n\t<meta property=\"og:image:type\" content=\"image\/png\" \/>\n<meta name=\"twitter:card\" content=\"summary_large_image\" \/>\n<meta name=\"twitter:label1\" content=\"Gesch\u00e4tzte Lesezeit\" \/>\n\t<meta name=\"twitter:data1\" content=\"3\u00a0Minuten\" \/>\n<script type=\"application\/ld+json\" class=\"yoast-schema-graph\">{\"@context\":\"https:\\\/\\\/schema.org\",\"@graph\":[{\"@type\":\"WebPage\",\"@id\":\"https:\\\/\\\/miloscispokoj.pl\\\/produkt\\\/handpan-f3-low-pygmy-15123-stal-nierdzewna-premium-432hz\\\/\",\"url\":\"https:\\\/\\\/miloscispokoj.pl\\\/produkt\\\/handpan-f3-low-pygmy-15123-stal-nierdzewna-premium-432hz\\\/\",\"name\":\"Handpan F#3 low Pygmy 15(12+3) Stal nierdzewna Premium 432Hz - Mi\u0142o\u015b\u0107 i Spok\u00f3j\",\"isPartOf\":{\"@id\":\"https:\\\/\\\/miloscispokoj.pl\\\/#website\"},\"primaryImageOfPage\":{\"@id\":\"https:\\\/\\\/miloscispokoj.pl\\\/produkt\\\/handpan-f3-low-pygmy-15123-stal-nierdzewna-premium-432hz\\\/#primaryimage\"},\"image\":{\"@id\":\"https:\\\/\\\/miloscispokoj.pl\\\/produkt\\\/handpan-f3-low-pygmy-15123-stal-nierdzewna-premium-432hz\\\/#primaryimage\"},\"thumbnailUrl\":\"https:\\\/\\\/miloscispokoj.pl\\\/wp-content\\\/uploads\\\/2025\\\/05\\\/handpan-marki-miloscispokoj.pl-sklep-handpanpolska.png?wsr\",\"datePublished\":\"2025-07-10T10:45:20+00:00\",\"dateModified\":\"2026-03-26T20:13:45+00:00\",\"description\":\"Handpan F#3 low Pygmy 15 (12+3) z Stal nierdzewna Premium \u2013 53 cm, 15 d\u017awi\u0119k\u00f3w, strojenie 432 Hz. G\u0142\u0119bokie brzmienie idealny do inspiruj\u0105cych muzycznych podr\u00f3\u017cy.\",\"breadcrumb\":{\"@id\":\"https:\\\/\\\/miloscispokoj.pl\\\/produkt\\\/handpan-f3-low-pygmy-15123-stal-nierdzewna-premium-432hz\\\/#breadcrumb\"},\"inLanguage\":\"de\",\"potentialAction\":[{\"@type\":\"ReadAction\",\"target\":[\"https:\\\/\\\/miloscispokoj.pl\\\/produkt\\\/handpan-f3-low-pygmy-15123-stal-nierdzewna-premium-432hz\\\/\"]}]},{\"@type\":\"ImageObject\",\"inLanguage\":\"de\",\"@id\":\"https:\\\/\\\/miloscispokoj.pl\\\/produkt\\\/handpan-f3-low-pygmy-15123-stal-nierdzewna-premium-432hz\\\/#primaryimage\",\"url\":\"https:\\\/\\\/miloscispokoj.pl\\\/wp-content\\\/uploads\\\/2025\\\/05\\\/handpan-marki-miloscispokoj.pl-sklep-handpanpolska.png?wsr\",\"contentUrl\":\"https:\\\/\\\/miloscispokoj.pl\\\/wp-content\\\/uploads\\\/2025\\\/05\\\/handpan-marki-miloscispokoj.pl-sklep-handpanpolska.png?wsr\",\"width\":800,\"height\":800,\"caption\":\"handpan marki miloscispokoj.pl sklep handpanpolska\"},{\"@type\":\"BreadcrumbList\",\"@id\":\"https:\\\/\\\/miloscispokoj.pl\\\/produkt\\\/handpan-f3-low-pygmy-15123-stal-nierdzewna-premium-432hz\\\/#breadcrumb\",\"itemListElement\":[{\"@type\":\"ListItem\",\"position\":1,\"name\":\"Mi\u0142o\u015b\u0107 i Spok\u00f3j\",\"item\":\"https:\\\/\\\/miloscispokoj.pl\\\/\"},{\"@type\":\"ListItem\",\"position\":2,\"name\":\"Sklep z handpanami \u2013 wybierz sw\u00f3j instrument\",\"item\":\"https:\\\/\\\/miloscispokoj.pl\\\/sklep-handpan-milosc-i-spokoj\\\/\"},{\"@type\":\"ListItem\",\"position\":3,\"name\":\"Handpan F#3 low Pygmy 15(12+3) Stal nierdzewna Premium 432Hz\"}]},{\"@type\":\"WebSite\",\"@id\":\"https:\\\/\\\/miloscispokoj.pl\\\/#website\",\"url\":\"https:\\\/\\\/miloscispokoj.pl\\\/\",\"name\":\"handpany Mi\u0142o\u015b\u0107 i Spok\u00f3j\",\"description\":\"Odkryj moc instrumentu, kt\u00f3ry przenosi do krainy medytacji, relaksu i duchowego wzrostu.\",\"publisher\":{\"@id\":\"https:\\\/\\\/miloscispokoj.pl\\\/#organization\"},\"alternateName\":\"R\u0119cznie robione handpany marki Mi\u0142o\u015b\u0107 i Spok\u00f3j\",\"potentialAction\":[{\"@type\":\"SearchAction\",\"target\":{\"@type\":\"EntryPoint\",\"urlTemplate\":\"https:\\\/\\\/miloscispokoj.pl\\\/?s={search_term_string}\"},\"query-input\":{\"@type\":\"PropertyValueSpecification\",\"valueRequired\":true,\"valueName\":\"search_term_string\"}}],\"inLanguage\":\"de\"},{\"@type\":\"Organization\",\"@id\":\"https:\\\/\\\/miloscispokoj.pl\\\/#organization\",\"name\":\"Firma: Kreatywne \u015acie\u017cki Piotr Kaczorowski Marka: Mi\u0142o\u015b\u0107 i Spok\u00f3j\",\"alternateName\":\"Mi\u0142o\u015b\u0107 i spok\u00f3j\",\"url\":\"https:\\\/\\\/miloscispokoj.pl\\\/\",\"logo\":{\"@type\":\"ImageObject\",\"inLanguage\":\"de\",\"@id\":\"https:\\\/\\\/miloscispokoj.pl\\\/#\\\/schema\\\/logo\\\/image\\\/\",\"url\":\"https:\\\/\\\/miloscispokoj.pl\\\/wp-content\\\/uploads\\\/2025\\\/04\\\/cropped-Logo_MILOSC-I-SPOKOJ_pl_CMYK_v1_RGB_z-bialym-tlem.png?wsr\",\"contentUrl\":\"https:\\\/\\\/miloscispokoj.pl\\\/wp-content\\\/uploads\\\/2025\\\/04\\\/cropped-Logo_MILOSC-I-SPOKOJ_pl_CMYK_v1_RGB_z-bialym-tlem.png?wsr\",\"width\":512,\"height\":512,\"caption\":\"Firma: Kreatywne \u015acie\u017cki Piotr Kaczorowski Marka: Mi\u0142o\u015b\u0107 i Spok\u00f3j\"},\"image\":{\"@id\":\"https:\\\/\\\/miloscispokoj.pl\\\/#\\\/schema\\\/logo\\\/image\\\/\"},\"sameAs\":[\"https:\\\/\\\/www.facebook.com\\\/HandpanyMiloscISpokoj\",\"https:\\\/\\\/www.youtube.com\\\/@miloscispokoj\"]}]}<\/script>\n<!-- \/ Yoast SEO plugin. -->","yoast_head_json":{"title":"Handpan F#3 low Pygmy 15(12+3) Stal nierdzewna Premium 432Hz - Mi\u0142o\u015b\u0107 i Spok\u00f3j","description":"Handpan F#3 Low Pygmy 15 (12+3) aus hochwertigem Edelstahl \u2013 53 cm, 15 T\u00f6ne, 432 Hz Stimmung. Tiefer Klang, perfekt f\u00fcr inspirierende musikalische Reisen.","robots":{"index":"index","follow":"follow","max-snippet":"max-snippet:-1","max-image-preview":"max-image-preview:large","max-video-preview":"max-video-preview:-1"},"canonical":"https:\/\/miloscispokoj.pl\/de\/product-2\/handpan-f3-low-pygmy-15123-premium-edelstahl-432-hz\/","og_locale":"de_DE","og_type":"article","og_title":"Handpan F#3 low Pygmy 15(12+3) Stal nierdzewna Premium 432Hz - Mi\u0142o\u015b\u0107 i Spok\u00f3j","og_description":"Handpan F#3 low Pygmy 15 (12+3) z Stal nierdzewna Premium \u2013 53 cm, 15 d\u017awi\u0119k\u00f3w, strojenie 432 Hz. G\u0142\u0119bokie brzmienie idealny do inspiruj\u0105cych muzycznych podr\u00f3\u017cy.","og_url":"https:\/\/miloscispokoj.pl\/de\/product-2\/handpan-f3-low-pygmy-15123-premium-edelstahl-432-hz\/","og_site_name":"Mi\u0142o\u015b\u0107 i Spok\u00f3j","article_publisher":"https:\/\/www.facebook.com\/HandpanyMiloscISpokoj","article_modified_time":"2026-03-26T20:13:45+00:00","og_image":[{"width":800,"height":800,"url":"https:\/\/miloscispokoj.pl\/wp-content\/uploads\/2025\/05\/handpan-marki-miloscispokoj.pl-sklep-handpanpolska.png?wsr","type":"image\/png"}],"twitter_card":"summary_large_image","twitter_misc":{"Gesch\u00e4tzte Lesezeit":"3\u00a0Minuten"},"schema":{"@context":"https:\/\/schema.org","@graph":[{"@type":"WebPage","@id":"https:\/\/miloscispokoj.pl\/produkt\/handpan-f3-low-pygmy-15123-stal-nierdzewna-premium-432hz\/","url":"https:\/\/miloscispokoj.pl\/produkt\/handpan-f3-low-pygmy-15123-stal-nierdzewna-premium-432hz\/","name":"Handpan F#3 low Pygmy 15(12+3) Stal nierdzewna Premium 432Hz - Mi\u0142o\u015b\u0107 i Spok\u00f3j","isPartOf":{"@id":"https:\/\/miloscispokoj.pl\/#website"},"primaryImageOfPage":{"@id":"https:\/\/miloscispokoj.pl\/produkt\/handpan-f3-low-pygmy-15123-stal-nierdzewna-premium-432hz\/#primaryimage"},"image":{"@id":"https:\/\/miloscispokoj.pl\/produkt\/handpan-f3-low-pygmy-15123-stal-nierdzewna-premium-432hz\/#primaryimage"},"thumbnailUrl":"https:\/\/miloscispokoj.pl\/wp-content\/uploads\/2025\/05\/handpan-marki-miloscispokoj.pl-sklep-handpanpolska.png?wsr","datePublished":"2025-07-10T10:45:20+00:00","dateModified":"2026-03-26T20:13:45+00:00","description":"Handpan F#3 Low Pygmy 15 (12+3) aus hochwertigem Edelstahl \u2013 53 cm, 15 T\u00f6ne, 432 Hz Stimmung. Tiefer Klang, perfekt f\u00fcr inspirierende musikalische Reisen.","breadcrumb":{"@id":"https:\/\/miloscispokoj.pl\/produkt\/handpan-f3-low-pygmy-15123-stal-nierdzewna-premium-432hz\/#breadcrumb"},"inLanguage":"de","potentialAction":[{"@type":"ReadAction","target":["https:\/\/miloscispokoj.pl\/produkt\/handpan-f3-low-pygmy-15123-stal-nierdzewna-premium-432hz\/"]}]},{"@type":"ImageObject","inLanguage":"de","@id":"https:\/\/miloscispokoj.pl\/produkt\/handpan-f3-low-pygmy-15123-stal-nierdzewna-premium-432hz\/#primaryimage","url":"https:\/\/miloscispokoj.pl\/wp-content\/uploads\/2025\/05\/handpan-marki-miloscispokoj.pl-sklep-handpanpolska.png?wsr","contentUrl":"https:\/\/miloscispokoj.pl\/wp-content\/uploads\/2025\/05\/handpan-marki-miloscispokoj.pl-sklep-handpanpolska.png?wsr","width":800,"height":800,"caption":"handpan marki miloscispokoj.pl sklep handpanpolska"},{"@type":"BreadcrumbList","@id":"https:\/\/miloscispokoj.pl\/produkt\/handpan-f3-low-pygmy-15123-stal-nierdzewna-premium-432hz\/#breadcrumb","itemListElement":[{"@type":"ListItem","position":1,"name":"Mi\u0142o\u015b\u0107 i Spok\u00f3j","item":"https:\/\/miloscispokoj.pl\/"},{"@type":"ListItem","position":2,"name":"Sklep z handpanami \u2013 wybierz sw\u00f3j instrument","item":"https:\/\/miloscispokoj.pl\/sklep-handpan-milosc-i-spokoj\/"},{"@type":"ListItem","position":3,"name":"Handpan F#3 low Pygmy 15(12+3) Stal nierdzewna Premium 432Hz"}]},{"@type":"WebSite","@id":"https:\/\/miloscispokoj.pl\/#website","url":"https:\/\/miloscispokoj.pl\/","name":"handpany Mi\u0142o\u015b\u0107 i Spok\u00f3j","description":"Entdecken Sie die Kraft des Instruments, der entf\u00fchrt dich ins Land der Meditation, der Entspannung und des spirituellen Wachstums.","publisher":{"@id":"https:\/\/miloscispokoj.pl\/#organization"},"alternateName":"R\u0119cznie robione handpany marki Mi\u0142o\u015b\u0107 i Spok\u00f3j","potentialAction":[{"@type":"SearchAction","target":{"@type":"EntryPoint","urlTemplate":"https:\/\/miloscispokoj.pl\/?s={search_term_string}"},"query-input":{"@type":"PropertyValueSpecification","valueRequired":true,"valueName":"search_term_string"}}],"inLanguage":"de"},{"@type":"Organization","@id":"https:\/\/miloscispokoj.pl\/#organization","name":"Firmenname: Peter kreative Wege \u041a\u0430\u0447\u043e\u0440\u043e\u0432\u0441\u043a\u0438 Marke: Liebe und Frieden","alternateName":"Mi\u0142o\u015b\u0107 i spok\u00f3j","url":"https:\/\/miloscispokoj.pl\/","logo":{"@type":"ImageObject","inLanguage":"de","@id":"https:\/\/miloscispokoj.pl\/#\/schema\/logo\/image\/","url":"https:\/\/miloscispokoj.pl\/wp-content\/uploads\/2025\/04\/cropped-Logo_MILOSC-I-SPOKOJ_pl_CMYK_v1_RGB_z-bialym-tlem.png?wsr","contentUrl":"https:\/\/miloscispokoj.pl\/wp-content\/uploads\/2025\/04\/cropped-Logo_MILOSC-I-SPOKOJ_pl_CMYK_v1_RGB_z-bialym-tlem.png?wsr","width":512,"height":512,"caption":"Firma: Kreatywne \u015acie\u017cki Piotr Kaczorowski Marka: Mi\u0142o\u015b\u0107 i Spok\u00f3j"},"image":{"@id":"https:\/\/miloscispokoj.pl\/#\/schema\/logo\/image\/"},"sameAs":["https:\/\/www.facebook.com\/HandpanyMiloscISpokoj","https:\/\/www.youtube.com\/@miloscispokoj"]}]}},"_links":{"self":[{"href":"https:\/\/miloscispokoj.pl\/de\/wp-json\/wp\/v2\/product\/2846","targetHints":{"allow":["GET"]}}],"collection":[{"href":"https:\/\/miloscispokoj.pl\/de\/wp-json\/wp\/v2\/product"}],"about":[{"href":"https:\/\/miloscispokoj.pl\/de\/wp-json\/wp\/v2\/types\/product"}],"replies":[{"embeddable":true,"href":"https:\/\/miloscispokoj.pl\/de\/wp-json\/wp\/v2\/comments?post=2846"}],"wp:featuredmedia":[{"embeddable":true,"href":"https:\/\/miloscispokoj.pl\/de\/wp-json\/wp\/v2\/media\/2074"}],"wp:attachment":[{"href":"https:\/\/miloscispokoj.pl\/de\/wp-json\/wp\/v2\/media?parent=2846"}],"wp:term":[{"taxonomy":"product_brand","embeddable":true,"href":"https:\/\/miloscispokoj.pl\/de\/wp-json\/wp\/v2\/product_brand?post=2846"},{"taxonomy":"product_cat","embeddable":true,"href":"https:\/\/miloscispokoj.pl\/de\/wp-json\/wp\/v2\/product_cat?post=2846"},{"taxonomy":"product_tag","embeddable":true,"href":"https:\/\/miloscispokoj.pl\/de\/wp-json\/wp\/v2\/product_tag?post=2846"}],"curies":[{"name":"wp","href":"https:\/\/api.w.org\/{rel}","templated":true}]}}