{"id":1773,"date":"2025-05-05T20:39:12","date_gmt":"2025-05-05T18:39:12","guid":{"rendered":"https:\/\/miloscispokoj.pl\/?page_id=1773"},"modified":"2026-03-14T20:17:04","modified_gmt":"2026-03-14T19:17:04","slug":"contact","status":"publish","type":"page","link":"https:\/\/miloscispokoj.pl\/en\/kontakt\/","title":{"rendered":"Contacts-Handpan Gdansk"},"content":{"rendered":"<p>Fill out the form and I'll contact you.<\/p>\n\n\n\n<style>\n\/* Kontener i uk\u0142ad flex *\/\n.kontener {\n    width: 100%;\n    display: flex;\n    flex-wrap: wrap;\n    align-items: flex-start;\n}\n\n.kontener .formularz {\n    flex: 1 1 50%;\n    min-width: 300px;\n    margin: 0;\n    padding: 0;\n}\n\n.kontener .zdjecie {\n    flex: 1 1 calc(40% - 6px); \/* Szeroko\u015b\u0107 zmniejszona o grubo\u015b\u0107 ramki *\/\n    min-width: 300px;\n    margin: 0;\n    padding: 0;\n    margin-left: 20px; \/* Odst\u0119p po lewej tylko na du\u017cych ekranach *\/\n    margin-top: -14px; \/* Podniesienie o 14px *\/\n}\n\n.kontener .zdjecie img {\n    display: block;\n    max-width: 100%;\n    height: auto;\n}\n\n\/* Styl ramki i cienia tylko na du\u017cych ekranach *\/\n@media (min-width: 769px) {\n    .kontener .zdjecie img {\n        border: 3px solid #ccc;\n        border-radius: 8px;\n        box-shadow: 0 2px 8px rgba(0,0,0,0.1);\n    }\n}\n\n\/* Na ma\u0142ych ekranach usuwamy lewy margines i podniesienie *\/\n@media (max-width: 768px) {\n    .kontener .zdjecie {\n        margin-left: 0;\n        margin-top: 0;\n        flex: 1 1 100%;\n    }\n}\n<\/style>\n\n<div class=\"kontener\">\n    <div class=\"formularz\">\n        \n<div class=\"wpcf7 no-js\" id=\"wpcf7-f1772-o1\" lang=\"pl-PL\" dir=\"ltr\" data-wpcf7-id=\"1772\">\n<div class=\"screen-reader-response\"><p role=\"status\" aria-live=\"polite\" aria-atomic=\"true\"><\/p> <ul><\/ul><\/div>\n<form action=\"\/en\/wp-json\/wp\/v2\/pages\/1773#wpcf7-f1772-o1\" method=\"post\" class=\"wpcf7-form init\" aria-label=\"Formularz kontaktowy\" novalidate=\"novalidate\" data-status=\"init\" data-trp-original-action=\"\/en\/wp-json\/wp\/v2\/pages\/1773#wpcf7-f1772-o1\">\n<fieldset class=\"hidden-fields-container\"><input type=\"hidden\" name=\"_wpcf7\" value=\"1772\" \/><input type=\"hidden\" name=\"_wpcf7_version\" value=\"6.1.5\" \/><input type=\"hidden\" name=\"_wpcf7_locale\" value=\"pl_PL\" \/><input type=\"hidden\" name=\"_wpcf7_unit_tag\" value=\"wpcf7-f1772-o1\" \/><input type=\"hidden\" name=\"_wpcf7_container_post\" value=\"0\" \/><input type=\"hidden\" name=\"_wpcf7_posted_data_hash\" value=\"\" \/>\n<\/fieldset>\n<p><label> Your name<br \/>\n<span class=\"wpcf7-form-control-wrap\" data-name=\"your-name\"><input size=\"40\" maxlength=\"400\" class=\"wpcf7-form-control wpcf7-text wpcf7-validates-as-required\" autocomplete=\"name\" aria-required=\"true\" aria-invalid=\"false\" value=\"\" type=\"text\" name=\"your-name\" \/><\/span> <\/label>\n<\/p>\n<p><label> Your email address<br \/>\n<span class=\"wpcf7-form-control-wrap\" data-name=\"your-email\"><input size=\"40\" maxlength=\"400\" class=\"wpcf7-form-control wpcf7-email wpcf7-validates-as-required wpcf7-text wpcf7-validates-as-email\" autocomplete=\"email\" aria-required=\"true\" aria-invalid=\"false\" value=\"\" type=\"email\" name=\"your-email\" \/><\/span> <\/label>\n<\/p>\n<p><label> Your phone number<br \/>\n<span class=\"wpcf7-form-control-wrap\" data-name=\"tel-562\"><input size=\"40\" maxlength=\"400\" class=\"wpcf7-form-control wpcf7-tel wpcf7-text wpcf7-validates-as-tel\" aria-invalid=\"false\" value=\"\" type=\"tel\" name=\"tel-562\" \/><\/span><br \/>\n<\/label>\n<\/p>\n<p><label> Write a message<br \/>\n<span class=\"wpcf7-form-control-wrap\" data-name=\"your-message\"><textarea cols=\"40\" rows=\"10\" maxlength=\"2000\" class=\"wpcf7-form-control wpcf7-textarea wpcf7-validates-as-required\" aria-required=\"true\" aria-invalid=\"false\" name=\"your-message\"><\/textarea><\/span><\/label><br \/>\n<label><span class=\"wpcf7-form-control-wrap\" data-name=\"acceptance-1\"><span class=\"wpcf7-form-control wpcf7-acceptance\"><span class=\"wpcf7-list-item\"><label><input type=\"checkbox\" name=\"acceptance-1\" value=\"1\" aria-invalid=\"false\" \/><span class=\"wpcf7-list-item-label\">I accept <a href=\"https:\/\/miloscispokoj.pl\/en\/privacy-policy-and-information-on-the-processing-of-personal-data\/\">Privacy Policy and GDPR<\/a> *<\/span><\/label><\/span><\/span><\/span><\/label><br \/>\n<label><span class=\"wpcf7-form-control-wrap\" data-name=\"acceptance-2\"><span class=\"wpcf7-form-control wpcf7-acceptance\"><span class=\"wpcf7-list-item\"><label><input type=\"checkbox\" name=\"acceptance-2\" value=\"1\" aria-invalid=\"false\" \/><span class=\"wpcf7-list-item-label\">I accept <a href=\"https:\/\/miloscispokoj.pl\/en\/shopping-terms-and-conditions-in-the-love-and-peace-shop\/\">store rules<\/a> *<\/span><\/label><\/span><\/span><\/span><\/label><br \/>\n<input class=\"wpcf7-form-control wpcf7-submit has-spinner\" type=\"submit\" value=\"Send\" \/>\n<\/p><div class=\"wpcf7-response-output\" aria-hidden=\"true\"><\/div>\n<input type=\"hidden\" name=\"trp-form-language\" value=\"en\"\/><\/form>\n<\/div>\n\n    <\/div>\n    <div class=\"zdjecie\">\n        <img decoding=\"async\" \n            src=\"https:\/\/miloscispokoj.pl\/wp-content\/uploads\/2025\/08\/miloscispokoj.pl-piotr-kaczorowski-miloscispokoj.pl--piotr-kaczorowski-miloscispokoj.pl-.jpg\" \n            alt=\"Mi\u0142o\u015b\u0107 i Spok\u00f3j - Piotr Kaczorowski\"\n        >\n    <\/div>\n<\/div>\n\n\n\n<iframe src=\"https:\/\/www.google.com\/maps\/embed?pb=!1m18!1m12!1m3!1d74304.15595927091!2d18.642163912379683!3d54.409890078875215!2m3!1f0!2f0!3f0!3m2!1i1024!2i768!4f13.1!3m3!1m2!1s0x8522b524e645ccc7%3A0xde2b8cae9cde0097!2sProdukcja%20Handpan%C3%B3w%20-%20Mi%C5%82o%C5%9B%C4%87%20i%20Spok%C3%B3j%20Piotr%20Kaczorowski!5e0!3m2!1spl!2spl!4v1754550560553!5m2!1spl!2spl\" width=\"100%\" height=\"450\" style=\"border:0;\" allowfullscreen=\"\" loading=\"lazy\" referrerpolicy=\"no-referrer-when-downgrade\"><\/iframe>\n<br>\n<b>Company contact details:<\/b>\n<p>Kreatywne \u015acie\u017cki Piotr Kaczorowski\n<br>e-mail: kontakt@miloscispokoj.pl\n<br>&nbsp;\n<br>5\/51 Filarskogo str.,\n<br>80-536 Gdansk, Poland\n<br>NIP: 8882761402,\n<br>\n<br>Opening hours:<br>9:30 a.m. \u2013 6:30 p.m. Monday through Friday\n<\/p>","protected":false},"excerpt":{"rendered":"<p>Wype\u0142nij formularz, a odezw\u0119 si\u0119 do Ciebie. Dane kontaktowe firmy: Kreatywne \u015acie\u017cki Piotr Kaczorowski e-mail: kontakt@miloscispokoj.pl tel. 539118504 ul. Filarskiego 5\/51, 80-536 Gda\u0144sk, NIP: 8882761402, Godziny otwarcia:9:30 &#8211; 18:30 od poniedzia\u0142ku do pi\u0105tku<\/p>","protected":false},"author":1,"featured_media":0,"parent":0,"menu_order":0,"comment_status":"closed","ping_status":"closed","template":"","meta":{"footnotes":""},"class_list":["post-1773","page","type-page","status-publish","hentry"],"yoast_head":"<!-- This site is optimized with the Yoast SEO plugin v27.4 - https:\/\/yoast.com\/product\/yoast-seo-wordpress\/ -->\n<title>Kontakt - Handpan Gda\u0144sk - Mi\u0142o\u015b\u0107 i Spok\u00f3j<\/title>\n<meta name=\"description\" content=\"Skontaktuj si\u0119 z Mi\u0142o\u015b\u0107 i Spok\u00f3j \u2013 rozpocznij rozmow\u0119 o d\u017awi\u0119ku, pasji i wyj\u0105tkowych instrumentach. Jeste\u015bmy tutaj, by wsp\u00f3lnie tworzy\u0107 muzyczne historie.\" \/>\n<meta name=\"robots\" content=\"index, follow, max-snippet:-1, max-image-preview:large, max-video-preview:-1\" \/>\n<link rel=\"canonical\" href=\"https:\/\/miloscispokoj.pl\/en\/contact\/\" \/>\n<meta property=\"og:locale\" content=\"en_GB\" \/>\n<meta property=\"og:type\" content=\"article\" \/>\n<meta property=\"og:title\" content=\"Kontakt - Handpan Gda\u0144sk - Mi\u0142o\u015b\u0107 i Spok\u00f3j\" \/>\n<meta property=\"og:description\" content=\"Skontaktuj si\u0119 z Mi\u0142o\u015b\u0107 i Spok\u00f3j \u2013 rozpocznij rozmow\u0119 o d\u017awi\u0119ku, pasji i wyj\u0105tkowych instrumentach. Jeste\u015bmy tutaj, by wsp\u00f3lnie tworzy\u0107 muzyczne historie.\" \/>\n<meta property=\"og:url\" content=\"https:\/\/miloscispokoj.pl\/en\/contact\/\" \/>\n<meta property=\"og:site_name\" content=\"Mi\u0142o\u015b\u0107 i Spok\u00f3j\" \/>\n<meta property=\"article:publisher\" content=\"https:\/\/www.facebook.com\/HandpanyMiloscISpokoj\" \/>\n<meta property=\"article:modified_time\" content=\"2026-03-14T19:17:04+00:00\" \/>\n<meta property=\"og:image\" content=\"https:\/\/miloscispokoj.pl\/wp-content\/uploads\/2025\/08\/miloscispokoj.pl-piotr-kaczorowski-miloscispokoj.pl--piotr-kaczorowski-miloscispokoj.pl-.jpg\" \/>\n<meta name=\"twitter:card\" content=\"summary_large_image\" \/>\n<meta name=\"twitter:label1\" content=\"Estimated reading time\" \/>\n\t<meta name=\"twitter:data1\" content=\"1 minute\" \/>\n<script type=\"application\/ld+json\" class=\"yoast-schema-graph\">{\"@context\":\"https:\\\/\\\/schema.org\",\"@graph\":[{\"@type\":\"WebPage\",\"@id\":\"https:\\\/\\\/miloscispokoj.pl\\\/kontakt\\\/\",\"url\":\"https:\\\/\\\/miloscispokoj.pl\\\/kontakt\\\/\",\"name\":\"Kontakt - Handpan Gda\u0144sk - Mi\u0142o\u015b\u0107 i Spok\u00f3j\",\"isPartOf\":{\"@id\":\"https:\\\/\\\/miloscispokoj.pl\\\/#website\"},\"primaryImageOfPage\":{\"@id\":\"https:\\\/\\\/miloscispokoj.pl\\\/kontakt\\\/#primaryimage\"},\"image\":{\"@id\":\"https:\\\/\\\/miloscispokoj.pl\\\/kontakt\\\/#primaryimage\"},\"thumbnailUrl\":\"https:\\\/\\\/miloscispokoj.pl\\\/wp-content\\\/uploads\\\/2025\\\/08\\\/miloscispokoj.pl-piotr-kaczorowski-miloscispokoj.pl--piotr-kaczorowski-miloscispokoj.pl-.jpg\",\"datePublished\":\"2025-05-05T18:39:12+00:00\",\"dateModified\":\"2026-03-14T19:17:04+00:00\",\"description\":\"Skontaktuj si\u0119 z Mi\u0142o\u015b\u0107 i Spok\u00f3j \u2013 rozpocznij rozmow\u0119 o d\u017awi\u0119ku, pasji i wyj\u0105tkowych instrumentach. Jeste\u015bmy tutaj, by wsp\u00f3lnie tworzy\u0107 muzyczne historie.\",\"breadcrumb\":{\"@id\":\"https:\\\/\\\/miloscispokoj.pl\\\/kontakt\\\/#breadcrumb\"},\"inLanguage\":\"en-GB\",\"potentialAction\":[{\"@type\":\"ReadAction\",\"target\":[\"https:\\\/\\\/miloscispokoj.pl\\\/kontakt\\\/\"]}]},{\"@type\":\"ImageObject\",\"inLanguage\":\"en-GB\",\"@id\":\"https:\\\/\\\/miloscispokoj.pl\\\/kontakt\\\/#primaryimage\",\"url\":\"https:\\\/\\\/miloscispokoj.pl\\\/wp-content\\\/uploads\\\/2025\\\/08\\\/miloscispokoj.pl-piotr-kaczorowski-miloscispokoj.pl--piotr-kaczorowski-miloscispokoj.pl-.jpg\",\"contentUrl\":\"https:\\\/\\\/miloscispokoj.pl\\\/wp-content\\\/uploads\\\/2025\\\/08\\\/miloscispokoj.pl-piotr-kaczorowski-miloscispokoj.pl--piotr-kaczorowski-miloscispokoj.pl-.jpg\"},{\"@type\":\"BreadcrumbList\",\"@id\":\"https:\\\/\\\/miloscispokoj.pl\\\/kontakt\\\/#breadcrumb\",\"itemListElement\":[{\"@type\":\"ListItem\",\"position\":1,\"name\":\"Mi\u0142o\u015b\u0107 i Spok\u00f3j\",\"item\":\"https:\\\/\\\/miloscispokoj.pl\\\/\"},{\"@type\":\"ListItem\",\"position\":2,\"name\":\"Kontakt &#8211; Handpan Gda\u0144sk\"}]},{\"@type\":\"WebSite\",\"@id\":\"https:\\\/\\\/miloscispokoj.pl\\\/#website\",\"url\":\"https:\\\/\\\/miloscispokoj.pl\\\/\",\"name\":\"handpany Mi\u0142o\u015b\u0107 i Spok\u00f3j\",\"description\":\"Odkryj moc instrumentu, kt\u00f3ry przenosi do krainy medytacji, relaksu i duchowego wzrostu.\",\"publisher\":{\"@id\":\"https:\\\/\\\/miloscispokoj.pl\\\/#organization\"},\"alternateName\":\"R\u0119cznie robione handpany marki Mi\u0142o\u015b\u0107 i Spok\u00f3j\",\"potentialAction\":[{\"@type\":\"SearchAction\",\"target\":{\"@type\":\"EntryPoint\",\"urlTemplate\":\"https:\\\/\\\/miloscispokoj.pl\\\/?s={search_term_string}\"},\"query-input\":{\"@type\":\"PropertyValueSpecification\",\"valueRequired\":true,\"valueName\":\"search_term_string\"}}],\"inLanguage\":\"en-GB\"},{\"@type\":\"Organization\",\"@id\":\"https:\\\/\\\/miloscispokoj.pl\\\/#organization\",\"name\":\"Firma: Kreatywne \u015acie\u017cki Piotr Kaczorowski Marka: Mi\u0142o\u015b\u0107 i Spok\u00f3j\",\"alternateName\":\"Mi\u0142o\u015b\u0107 i spok\u00f3j\",\"url\":\"https:\\\/\\\/miloscispokoj.pl\\\/\",\"logo\":{\"@type\":\"ImageObject\",\"inLanguage\":\"en-GB\",\"@id\":\"https:\\\/\\\/miloscispokoj.pl\\\/#\\\/schema\\\/logo\\\/image\\\/\",\"url\":\"https:\\\/\\\/miloscispokoj.pl\\\/wp-content\\\/uploads\\\/2025\\\/04\\\/cropped-Logo_MILOSC-I-SPOKOJ_pl_CMYK_v1_RGB_z-bialym-tlem.png?wsr\",\"contentUrl\":\"https:\\\/\\\/miloscispokoj.pl\\\/wp-content\\\/uploads\\\/2025\\\/04\\\/cropped-Logo_MILOSC-I-SPOKOJ_pl_CMYK_v1_RGB_z-bialym-tlem.png?wsr\",\"width\":512,\"height\":512,\"caption\":\"Firma: Kreatywne \u015acie\u017cki Piotr Kaczorowski Marka: Mi\u0142o\u015b\u0107 i Spok\u00f3j\"},\"image\":{\"@id\":\"https:\\\/\\\/miloscispokoj.pl\\\/#\\\/schema\\\/logo\\\/image\\\/\"},\"sameAs\":[\"https:\\\/\\\/www.facebook.com\\\/HandpanyMiloscISpokoj\",\"https:\\\/\\\/www.youtube.com\\\/@miloscispokoj\"]}]}<\/script>\n<!-- \/ Yoast SEO plugin. -->","yoast_head_json":{"title":"Contact - Handpan Gda\u0144sk - Love and Peace","description":"Contact Mi\u0142o\u015b\u0107 i Spok\u00f3j \u2013 start a conversation about sound, passion, and unique instruments. We're here to create musical stories together.","robots":{"index":"index","follow":"follow","max-snippet":"max-snippet:-1","max-image-preview":"max-image-preview:large","max-video-preview":"max-video-preview:-1"},"canonical":"https:\/\/miloscispokoj.pl\/en\/contact\/","og_locale":"en_GB","og_type":"article","og_title":"Kontakt - Handpan Gda\u0144sk - Mi\u0142o\u015b\u0107 i Spok\u00f3j","og_description":"Skontaktuj si\u0119 z Mi\u0142o\u015b\u0107 i Spok\u00f3j \u2013 rozpocznij rozmow\u0119 o d\u017awi\u0119ku, pasji i wyj\u0105tkowych instrumentach. Jeste\u015bmy tutaj, by wsp\u00f3lnie tworzy\u0107 muzyczne historie.","og_url":"https:\/\/miloscispokoj.pl\/en\/contact\/","og_site_name":"Mi\u0142o\u015b\u0107 i Spok\u00f3j","article_publisher":"https:\/\/www.facebook.com\/HandpanyMiloscISpokoj","article_modified_time":"2026-03-14T19:17:04+00:00","og_image":[{"url":"https:\/\/miloscispokoj.pl\/wp-content\/uploads\/2025\/08\/miloscispokoj.pl-piotr-kaczorowski-miloscispokoj.pl--piotr-kaczorowski-miloscispokoj.pl-.jpg","type":"","width":"","height":""}],"twitter_card":"summary_large_image","twitter_misc":{"Estimated reading time":"1 minute"},"schema":{"@context":"https:\/\/schema.org","@graph":[{"@type":"WebPage","@id":"https:\/\/miloscispokoj.pl\/kontakt\/","url":"https:\/\/miloscispokoj.pl\/kontakt\/","name":"Contact - Handpan Gda\u0144sk - Love and Peace","isPartOf":{"@id":"https:\/\/miloscispokoj.pl\/#website"},"primaryImageOfPage":{"@id":"https:\/\/miloscispokoj.pl\/kontakt\/#primaryimage"},"image":{"@id":"https:\/\/miloscispokoj.pl\/kontakt\/#primaryimage"},"thumbnailUrl":"https:\/\/miloscispokoj.pl\/wp-content\/uploads\/2025\/08\/miloscispokoj.pl-piotr-kaczorowski-miloscispokoj.pl--piotr-kaczorowski-miloscispokoj.pl-.jpg","datePublished":"2025-05-05T18:39:12+00:00","dateModified":"2026-03-14T19:17:04+00:00","description":"Contact Mi\u0142o\u015b\u0107 i Spok\u00f3j \u2013 start a conversation about sound, passion, and unique instruments. We're here to create musical stories together.","breadcrumb":{"@id":"https:\/\/miloscispokoj.pl\/kontakt\/#breadcrumb"},"inLanguage":"en-GB","potentialAction":[{"@type":"ReadAction","target":["https:\/\/miloscispokoj.pl\/kontakt\/"]}]},{"@type":"ImageObject","inLanguage":"en-GB","@id":"https:\/\/miloscispokoj.pl\/kontakt\/#primaryimage","url":"https:\/\/miloscispokoj.pl\/wp-content\/uploads\/2025\/08\/miloscispokoj.pl-piotr-kaczorowski-miloscispokoj.pl--piotr-kaczorowski-miloscispokoj.pl-.jpg","contentUrl":"https:\/\/miloscispokoj.pl\/wp-content\/uploads\/2025\/08\/miloscispokoj.pl-piotr-kaczorowski-miloscispokoj.pl--piotr-kaczorowski-miloscispokoj.pl-.jpg"},{"@type":"BreadcrumbList","@id":"https:\/\/miloscispokoj.pl\/kontakt\/#breadcrumb","itemListElement":[{"@type":"ListItem","position":1,"name":"Mi\u0142o\u015b\u0107 i Spok\u00f3j","item":"https:\/\/miloscispokoj.pl\/"},{"@type":"ListItem","position":2,"name":"Kontakt &#8211; Handpan Gda\u0144sk"}]},{"@type":"WebSite","@id":"https:\/\/miloscispokoj.pl\/#website","url":"https:\/\/miloscispokoj.pl\/","name":"Mi\u0142o\u015b\u0107 i Spok\u00f3j handpans","description":"Discover the power of a tool that takes you to the land of meditation, relaxation, and spiritual growth.","publisher":{"@id":"https:\/\/miloscispokoj.pl\/#organization"},"alternateName":"R\u0119cznie robione handpany marki Mi\u0142o\u015b\u0107 i Spok\u00f3j","potentialAction":[{"@type":"SearchAction","target":{"@type":"EntryPoint","urlTemplate":"https:\/\/miloscispokoj.pl\/?s={search_term_string}"},"query-input":{"@type":"PropertyValueSpecification","valueRequired":true,"valueName":"search_term_string"}}],"inLanguage":"en-GB"},{"@type":"Organization","@id":"https:\/\/miloscispokoj.pl\/#organization","name":"Company: creative ways Peter Kaczorowski brand: love and tranquility","alternateName":"Mi\u0142o\u015b\u0107 i spok\u00f3j","url":"https:\/\/miloscispokoj.pl\/","logo":{"@type":"ImageObject","inLanguage":"en-GB","@id":"https:\/\/miloscispokoj.pl\/#\/schema\/logo\/image\/","url":"https:\/\/miloscispokoj.pl\/wp-content\/uploads\/2025\/04\/cropped-Logo_MILOSC-I-SPOKOJ_pl_CMYK_v1_RGB_z-bialym-tlem.png?wsr","contentUrl":"https:\/\/miloscispokoj.pl\/wp-content\/uploads\/2025\/04\/cropped-Logo_MILOSC-I-SPOKOJ_pl_CMYK_v1_RGB_z-bialym-tlem.png?wsr","width":512,"height":512,"caption":"Firma: Kreatywne \u015acie\u017cki Piotr Kaczorowski Marka: Mi\u0142o\u015b\u0107 i Spok\u00f3j"},"image":{"@id":"https:\/\/miloscispokoj.pl\/#\/schema\/logo\/image\/"},"sameAs":["https:\/\/www.facebook.com\/HandpanyMiloscISpokoj","https:\/\/www.youtube.com\/@miloscispokoj"]}]}},"_links":{"self":[{"href":"https:\/\/miloscispokoj.pl\/en\/wp-json\/wp\/v2\/pages\/1773","targetHints":{"allow":["GET"]}}],"collection":[{"href":"https:\/\/miloscispokoj.pl\/en\/wp-json\/wp\/v2\/pages"}],"about":[{"href":"https:\/\/miloscispokoj.pl\/en\/wp-json\/wp\/v2\/types\/page"}],"author":[{"embeddable":true,"href":"https:\/\/miloscispokoj.pl\/en\/wp-json\/wp\/v2\/users\/1"}],"replies":[{"embeddable":true,"href":"https:\/\/miloscispokoj.pl\/en\/wp-json\/wp\/v2\/comments?post=1773"}],"version-history":[{"count":6,"href":"https:\/\/miloscispokoj.pl\/en\/wp-json\/wp\/v2\/pages\/1773\/revisions"}],"predecessor-version":[{"id":4497,"href":"https:\/\/miloscispokoj.pl\/en\/wp-json\/wp\/v2\/pages\/1773\/revisions\/4497"}],"wp:attachment":[{"href":"https:\/\/miloscispokoj.pl\/en\/wp-json\/wp\/v2\/media?parent=1773"}],"curies":[{"name":"wp","href":"https:\/\/api.w.org\/{rel}","templated":true}]}}