{"id":4249,"date":"2026-02-16T11:40:43","date_gmt":"2026-02-16T10:40:43","guid":{"rendered":"https:\/\/miloscispokoj.pl\/?page_id=4249"},"modified":"2026-04-07T18:42:57","modified_gmt":"2026-04-07T16:42:57","slug":"handpan-maker-milosc-i-spokoj","status":"publish","type":"page","link":"https:\/\/miloscispokoj.pl\/en\/handpan-maker-milosc-i-spokoj\/","title":{"rendered":"Handpan maker \u2013 mark Mi\u0142o\u015b\u0107 i Spok\u00f3j"},"content":{"rendered":"<p>Our makers are the elite of Mi\u0142o\u015b\u0107 i Spok\u00f3j handpan craftsmen \u2013 passionate enthusiasts who, with precision and heart, give instruments a unique character, inspiring musical expression and peace.<\/p>\n\n\n\n<h2 class=\"wp-block-heading\" id=\"rzemielnicy-serii-professional\">Professional Series Craftsmen<\/h2>\n\n\n\n<p>Experienced masters with four to seven years of experience hand-finish each sound field in <a rel=\"noreferrer noopener\" target=\"_blank\" href=\"https:\/\/miloscispokoj.pl\/en\/instruments\/stainless-steel-handpan-professional-series\/\">handpans made of high-quality stainless steel<\/a>Their precise tuning ensures a clear sound, long sustain, rich harmonics, and high resistance to moisture\u2014ideal for ambitious musicians, meditators, and stage performers. These instruments offer individual personalization (from 9 to 14 notes), unwavering tuning stability, and confidence in everyday practice and on stage.<\/p>\n\n\n\n<h2 class=\"wp-block-heading\" id=\"arcymistrzowie-serii-mistycznej\">Grandmasters of the Mystic Series<\/h2>\n\n\n\n<p>The Mystic Edition makers are selected with at least fifteen years of experience \u2013 they surpass the Professional Series specialists in craftsmanship, thanks to their mastery of demanding projects such as mutant handhelds and woofers. <a rel=\"noreferrer noopener\" target=\"_blank\" href=\"https:\/\/miloscispokoj.pl\/en\/instruments\/premium-stainless-steel-handpan-mystic-edition\/\">Made of specially hardened premium stainless steel<\/a> 1.2 mm thick, they hand-sculpt sound fields with extraordinary care, extracting a velvety, ceramic tone and ultra-high-precision resonance. Their creations delight with exceptional touch sensitivity, even deeper sustain, a symphony of harmonies, and durability for years to come \u2013 with customization of up to 21 notes, dedicated to discerning artists, sound therapies, and large stages. This is the pinnacle of craftsmanship, where every detail ignites genuine passion.<\/p>","protected":false},"excerpt":{"rendered":"<p>Nasi makerzy Mi\u0142o\u015b\u0107 i Spok\u00f3j to elita rzemie\u015blnik\u00f3w handpanowych \u2013 pasjonaci, kt\u00f3rzy z precyzj\u0105 i sercem nadaj\u0105 instrumentom niepowtarzalny charakter, budz\u0105c pragnienie muzycznej ekspresji i g\u0142\u0119bokiego spokoju. Rzemie\u015blnicy serii Professional Do\u015bwiadczeni mistrzowie z cztero- do siedmioletnim sta\u017cem r\u0119cznie dopieszczaj\u0105 ka\u017cde pole d\u017awi\u0119kowe w handpanach z wysokiej pr\u00f3by stali nierdzewnej. Ich indywidualna precyzja strojenia zapewnia klarowne [&hellip;]<\/p>","protected":false},"author":1,"featured_media":4259,"parent":0,"menu_order":0,"comment_status":"closed","ping_status":"closed","template":"","meta":{"footnotes":""},"class_list":["post-4249","page","type-page","status-publish","has-post-thumbnail","hentry"],"yoast_head":"<!-- This site is optimized with the Yoast SEO plugin v27.4 - https:\/\/yoast.com\/product\/yoast-seo-wordpress\/ -->\n<title>Handpan maker - Mi\u0142o\u015b\u0107 i Spok\u00f3j<\/title>\n<meta name=\"description\" content=\"Makerzy handpan\u00f3w Mi\u0142o\u015b\u0107 i Spok\u00f3j: rzemie\u015blnicy Professional i mistrzowie Premium. R\u0119czne strojenie, stal premium, 9-21 nut. Elita brzmienia!\" \/>\n<meta name=\"robots\" content=\"index, follow, max-snippet:-1, max-image-preview:large, max-video-preview:-1\" \/>\n<link rel=\"canonical\" href=\"https:\/\/miloscispokoj.pl\/en\/handpan-maker-milosc-i-spokoj\/\" \/>\n<meta property=\"og:locale\" content=\"en_GB\" \/>\n<meta property=\"og:type\" content=\"article\" \/>\n<meta property=\"og:title\" content=\"Handpan maker - Mi\u0142o\u015b\u0107 i Spok\u00f3j\" \/>\n<meta property=\"og:description\" content=\"Makerzy handpan\u00f3w Mi\u0142o\u015b\u0107 i Spok\u00f3j: rzemie\u015blnicy Professional i mistrzowie Premium. R\u0119czne strojenie, stal premium, 9-21 nut. Elita brzmienia!\" \/>\n<meta property=\"og:url\" content=\"https:\/\/miloscispokoj.pl\/en\/handpan-maker-milosc-i-spokoj\/\" \/>\n<meta property=\"og:site_name\" content=\"Mi\u0142o\u015b\u0107 i Spok\u00f3j\" \/>\n<meta property=\"article:publisher\" content=\"https:\/\/www.facebook.com\/HandpanyMiloscISpokoj\" \/>\n<meta property=\"article:modified_time\" content=\"2026-04-07T16:42:57+00:00\" \/>\n<meta property=\"og:image\" content=\"https:\/\/miloscispokoj.pl\/wp-content\/uploads\/2026\/02\/miloscispokoj.pl-handpan-maker-milosc-i-spokoj-handpan-maker-przy-pracy-milosc-i-spokoj-683x1024.png\" \/>\n\t<meta property=\"og:image:width\" content=\"683\" \/>\n\t<meta property=\"og:image:height\" content=\"1024\" \/>\n\t<meta property=\"og:image:type\" content=\"image\/png\" \/>\n<meta name=\"twitter:card\" content=\"summary_large_image\" \/>\n<meta name=\"twitter:label1\" content=\"Estimated reading time\" \/>\n\t<meta name=\"twitter:data1\" content=\"2 minutes\" \/>\n<script type=\"application\/ld+json\" class=\"yoast-schema-graph\">{\"@context\":\"https:\\\/\\\/schema.org\",\"@graph\":[{\"@type\":\"WebPage\",\"@id\":\"https:\\\/\\\/miloscispokoj.pl\\\/handpan-maker-milosc-i-spokoj\\\/\",\"url\":\"https:\\\/\\\/miloscispokoj.pl\\\/handpan-maker-milosc-i-spokoj\\\/\",\"name\":\"Handpan maker - Mi\u0142o\u015b\u0107 i Spok\u00f3j\",\"isPartOf\":{\"@id\":\"https:\\\/\\\/miloscispokoj.pl\\\/#website\"},\"primaryImageOfPage\":{\"@id\":\"https:\\\/\\\/miloscispokoj.pl\\\/handpan-maker-milosc-i-spokoj\\\/#primaryimage\"},\"image\":{\"@id\":\"https:\\\/\\\/miloscispokoj.pl\\\/handpan-maker-milosc-i-spokoj\\\/#primaryimage\"},\"thumbnailUrl\":\"https:\\\/\\\/miloscispokoj.pl\\\/wp-content\\\/uploads\\\/2026\\\/02\\\/miloscispokoj.pl-handpan-maker-milosc-i-spokoj-handpan-maker-przy-pracy-milosc-i-spokoj.png?wsr\",\"datePublished\":\"2026-02-16T10:40:43+00:00\",\"dateModified\":\"2026-04-07T16:42:57+00:00\",\"description\":\"Makerzy handpan\u00f3w Mi\u0142o\u015b\u0107 i Spok\u00f3j: rzemie\u015blnicy Professional i mistrzowie Premium. R\u0119czne strojenie, stal premium, 9-21 nut. Elita brzmienia!\",\"breadcrumb\":{\"@id\":\"https:\\\/\\\/miloscispokoj.pl\\\/handpan-maker-milosc-i-spokoj\\\/#breadcrumb\"},\"inLanguage\":\"en-GB\",\"potentialAction\":[{\"@type\":\"ReadAction\",\"target\":[\"https:\\\/\\\/miloscispokoj.pl\\\/handpan-maker-milosc-i-spokoj\\\/\"]}]},{\"@type\":\"ImageObject\",\"inLanguage\":\"en-GB\",\"@id\":\"https:\\\/\\\/miloscispokoj.pl\\\/handpan-maker-milosc-i-spokoj\\\/#primaryimage\",\"url\":\"https:\\\/\\\/miloscispokoj.pl\\\/wp-content\\\/uploads\\\/2026\\\/02\\\/miloscispokoj.pl-handpan-maker-milosc-i-spokoj-handpan-maker-przy-pracy-milosc-i-spokoj.png?wsr\",\"contentUrl\":\"https:\\\/\\\/miloscispokoj.pl\\\/wp-content\\\/uploads\\\/2026\\\/02\\\/miloscispokoj.pl-handpan-maker-milosc-i-spokoj-handpan-maker-przy-pracy-milosc-i-spokoj.png?wsr\",\"width\":1024,\"height\":1536,\"caption\":\"handpan maker przy pracy - Mi\u0142o\u015b\u0107 i Spok\u00f3j\"},{\"@type\":\"BreadcrumbList\",\"@id\":\"https:\\\/\\\/miloscispokoj.pl\\\/handpan-maker-milosc-i-spokoj\\\/#breadcrumb\",\"itemListElement\":[{\"@type\":\"ListItem\",\"position\":1,\"name\":\"Mi\u0142o\u015b\u0107 i Spok\u00f3j\",\"item\":\"https:\\\/\\\/miloscispokoj.pl\\\/\"},{\"@type\":\"ListItem\",\"position\":2,\"name\":\"Handpan maker &#8211; Mi\u0142o\u015b\u0107 i Spok\u00f3j\"}]},{\"@type\":\"WebSite\",\"@id\":\"https:\\\/\\\/miloscispokoj.pl\\\/#website\",\"url\":\"https:\\\/\\\/miloscispokoj.pl\\\/\",\"name\":\"handpany Mi\u0142o\u015b\u0107 i Spok\u00f3j\",\"description\":\"Odkryj moc instrumentu, kt\u00f3ry przenosi do krainy medytacji, relaksu i duchowego wzrostu.\",\"publisher\":{\"@id\":\"https:\\\/\\\/miloscispokoj.pl\\\/#organization\"},\"alternateName\":\"R\u0119cznie robione handpany marki Mi\u0142o\u015b\u0107 i Spok\u00f3j\",\"potentialAction\":[{\"@type\":\"SearchAction\",\"target\":{\"@type\":\"EntryPoint\",\"urlTemplate\":\"https:\\\/\\\/miloscispokoj.pl\\\/?s={search_term_string}\"},\"query-input\":{\"@type\":\"PropertyValueSpecification\",\"valueRequired\":true,\"valueName\":\"search_term_string\"}}],\"inLanguage\":\"en-GB\"},{\"@type\":\"Organization\",\"@id\":\"https:\\\/\\\/miloscispokoj.pl\\\/#organization\",\"name\":\"Firma: Kreatywne \u015acie\u017cki Piotr Kaczorowski Marka: Mi\u0142o\u015b\u0107 i Spok\u00f3j\",\"alternateName\":\"Mi\u0142o\u015b\u0107 i spok\u00f3j\",\"url\":\"https:\\\/\\\/miloscispokoj.pl\\\/\",\"logo\":{\"@type\":\"ImageObject\",\"inLanguage\":\"en-GB\",\"@id\":\"https:\\\/\\\/miloscispokoj.pl\\\/#\\\/schema\\\/logo\\\/image\\\/\",\"url\":\"https:\\\/\\\/miloscispokoj.pl\\\/wp-content\\\/uploads\\\/2025\\\/04\\\/cropped-Logo_MILOSC-I-SPOKOJ_pl_CMYK_v1_RGB_z-bialym-tlem.png?wsr\",\"contentUrl\":\"https:\\\/\\\/miloscispokoj.pl\\\/wp-content\\\/uploads\\\/2025\\\/04\\\/cropped-Logo_MILOSC-I-SPOKOJ_pl_CMYK_v1_RGB_z-bialym-tlem.png?wsr\",\"width\":512,\"height\":512,\"caption\":\"Firma: Kreatywne \u015acie\u017cki Piotr Kaczorowski Marka: Mi\u0142o\u015b\u0107 i Spok\u00f3j\"},\"image\":{\"@id\":\"https:\\\/\\\/miloscispokoj.pl\\\/#\\\/schema\\\/logo\\\/image\\\/\"},\"sameAs\":[\"https:\\\/\\\/www.facebook.com\\\/HandpanyMiloscISpokoj\",\"https:\\\/\\\/www.youtube.com\\\/@miloscispokoj\"]}]}<\/script>\n<!-- \/ Yoast SEO plugin. -->","yoast_head_json":{"title":"Handpan maker - Mi\u0142o\u015b\u0107 i Spok\u00f3j handpans","description":"Mi\u0142o\u015b\u0107 i Spok\u00f3j Handpan Makers: Professional craftsmen and premium masters. Hand-tuned, premium steel, 9-21 notes. Elite sound!","robots":{"index":"index","follow":"follow","max-snippet":"max-snippet:-1","max-image-preview":"max-image-preview:large","max-video-preview":"max-video-preview:-1"},"canonical":"https:\/\/miloscispokoj.pl\/en\/handpan-maker-milosc-i-spokoj\/","og_locale":"en_GB","og_type":"article","og_title":"Handpan maker - Mi\u0142o\u015b\u0107 i Spok\u00f3j","og_description":"Makerzy handpan\u00f3w Mi\u0142o\u015b\u0107 i Spok\u00f3j: rzemie\u015blnicy Professional i mistrzowie Premium. R\u0119czne strojenie, stal premium, 9-21 nut. Elita brzmienia!","og_url":"https:\/\/miloscispokoj.pl\/en\/handpan-maker-milosc-i-spokoj\/","og_site_name":"Mi\u0142o\u015b\u0107 i Spok\u00f3j","article_publisher":"https:\/\/www.facebook.com\/HandpanyMiloscISpokoj","article_modified_time":"2026-04-07T16:42:57+00:00","og_image":[{"width":683,"height":1024,"url":"https:\/\/miloscispokoj.pl\/wp-content\/uploads\/2026\/02\/miloscispokoj.pl-handpan-maker-milosc-i-spokoj-handpan-maker-przy-pracy-milosc-i-spokoj-683x1024.png","type":"image\/png"}],"twitter_card":"summary_large_image","twitter_misc":{"Estimated reading time":"2 minutes"},"schema":{"@context":"https:\/\/schema.org","@graph":[{"@type":"WebPage","@id":"https:\/\/miloscispokoj.pl\/handpan-maker-milosc-i-spokoj\/","url":"https:\/\/miloscispokoj.pl\/handpan-maker-milosc-i-spokoj\/","name":"Handpan maker - Mi\u0142o\u015b\u0107 i Spok\u00f3j handpans","isPartOf":{"@id":"https:\/\/miloscispokoj.pl\/#website"},"primaryImageOfPage":{"@id":"https:\/\/miloscispokoj.pl\/handpan-maker-milosc-i-spokoj\/#primaryimage"},"image":{"@id":"https:\/\/miloscispokoj.pl\/handpan-maker-milosc-i-spokoj\/#primaryimage"},"thumbnailUrl":"https:\/\/miloscispokoj.pl\/wp-content\/uploads\/2026\/02\/miloscispokoj.pl-handpan-maker-milosc-i-spokoj-handpan-maker-przy-pracy-milosc-i-spokoj.png?wsr","datePublished":"2026-02-16T10:40:43+00:00","dateModified":"2026-04-07T16:42:57+00:00","description":"Mi\u0142o\u015b\u0107 i Spok\u00f3j Handpan Makers: Professional craftsmen and premium masters. Hand-tuned, premium steel, 9-21 notes. Elite sound!","breadcrumb":{"@id":"https:\/\/miloscispokoj.pl\/handpan-maker-milosc-i-spokoj\/#breadcrumb"},"inLanguage":"en-GB","potentialAction":[{"@type":"ReadAction","target":["https:\/\/miloscispokoj.pl\/handpan-maker-milosc-i-spokoj\/"]}]},{"@type":"ImageObject","inLanguage":"en-GB","@id":"https:\/\/miloscispokoj.pl\/handpan-maker-milosc-i-spokoj\/#primaryimage","url":"https:\/\/miloscispokoj.pl\/wp-content\/uploads\/2026\/02\/miloscispokoj.pl-handpan-maker-milosc-i-spokoj-handpan-maker-przy-pracy-milosc-i-spokoj.png?wsr","contentUrl":"https:\/\/miloscispokoj.pl\/wp-content\/uploads\/2026\/02\/miloscispokoj.pl-handpan-maker-milosc-i-spokoj-handpan-maker-przy-pracy-milosc-i-spokoj.png?wsr","width":1024,"height":1536,"caption":"handpan maker przy pracy - Mi\u0142o\u015b\u0107 i Spok\u00f3j"},{"@type":"BreadcrumbList","@id":"https:\/\/miloscispokoj.pl\/handpan-maker-milosc-i-spokoj\/#breadcrumb","itemListElement":[{"@type":"ListItem","position":1,"name":"Mi\u0142o\u015b\u0107 i Spok\u00f3j","item":"https:\/\/miloscispokoj.pl\/"},{"@type":"ListItem","position":2,"name":"Handpan maker &#8211; Mi\u0142o\u015b\u0107 i Spok\u00f3j"}]},{"@type":"WebSite","@id":"https:\/\/miloscispokoj.pl\/#website","url":"https:\/\/miloscispokoj.pl\/","name":"Mi\u0142o\u015b\u0107 i Spok\u00f3j handpans","description":"Discover the power of a tool that takes you to the land of meditation, relaxation, and spiritual growth.","publisher":{"@id":"https:\/\/miloscispokoj.pl\/#organization"},"alternateName":"R\u0119cznie robione handpany marki Mi\u0142o\u015b\u0107 i Spok\u00f3j","potentialAction":[{"@type":"SearchAction","target":{"@type":"EntryPoint","urlTemplate":"https:\/\/miloscispokoj.pl\/?s={search_term_string}"},"query-input":{"@type":"PropertyValueSpecification","valueRequired":true,"valueName":"search_term_string"}}],"inLanguage":"en-GB"},{"@type":"Organization","@id":"https:\/\/miloscispokoj.pl\/#organization","name":"Company: creative ways Peter Kaczorowski brand: love and tranquility","alternateName":"Mi\u0142o\u015b\u0107 i spok\u00f3j","url":"https:\/\/miloscispokoj.pl\/","logo":{"@type":"ImageObject","inLanguage":"en-GB","@id":"https:\/\/miloscispokoj.pl\/#\/schema\/logo\/image\/","url":"https:\/\/miloscispokoj.pl\/wp-content\/uploads\/2025\/04\/cropped-Logo_MILOSC-I-SPOKOJ_pl_CMYK_v1_RGB_z-bialym-tlem.png?wsr","contentUrl":"https:\/\/miloscispokoj.pl\/wp-content\/uploads\/2025\/04\/cropped-Logo_MILOSC-I-SPOKOJ_pl_CMYK_v1_RGB_z-bialym-tlem.png?wsr","width":512,"height":512,"caption":"Firma: Kreatywne \u015acie\u017cki Piotr Kaczorowski Marka: Mi\u0142o\u015b\u0107 i Spok\u00f3j"},"image":{"@id":"https:\/\/miloscispokoj.pl\/#\/schema\/logo\/image\/"},"sameAs":["https:\/\/www.facebook.com\/HandpanyMiloscISpokoj","https:\/\/www.youtube.com\/@miloscispokoj"]}]}},"_links":{"self":[{"href":"https:\/\/miloscispokoj.pl\/en\/wp-json\/wp\/v2\/pages\/4249","targetHints":{"allow":["GET"]}}],"collection":[{"href":"https:\/\/miloscispokoj.pl\/en\/wp-json\/wp\/v2\/pages"}],"about":[{"href":"https:\/\/miloscispokoj.pl\/en\/wp-json\/wp\/v2\/types\/page"}],"author":[{"embeddable":true,"href":"https:\/\/miloscispokoj.pl\/en\/wp-json\/wp\/v2\/users\/1"}],"replies":[{"embeddable":true,"href":"https:\/\/miloscispokoj.pl\/en\/wp-json\/wp\/v2\/comments?post=4249"}],"version-history":[{"count":19,"href":"https:\/\/miloscispokoj.pl\/en\/wp-json\/wp\/v2\/pages\/4249\/revisions"}],"predecessor-version":[{"id":4775,"href":"https:\/\/miloscispokoj.pl\/en\/wp-json\/wp\/v2\/pages\/4249\/revisions\/4775"}],"wp:featuredmedia":[{"embeddable":true,"href":"https:\/\/miloscispokoj.pl\/en\/wp-json\/wp\/v2\/media\/4259"}],"wp:attachment":[{"href":"https:\/\/miloscispokoj.pl\/en\/wp-json\/wp\/v2\/media?parent=4249"}],"curies":[{"name":"wp","href":"https:\/\/api.w.org\/{rel}","templated":true}]}}