{"id":4271,"date":"2026-02-16T14:39:11","date_gmt":"2026-02-16T13:39:11","guid":{"rendered":"https:\/\/miloscispokoj.pl\/?page_id=4271"},"modified":"2026-03-16T22:10:02","modified_gmt":"2026-03-16T21:10:02","slug":"how-we-pack-your-handpans-shipment-0-pln","status":"publish","type":"page","link":"https:\/\/miloscispokoj.pl\/en\/jak-pakujemy-twoje-handpany-przesylka-0-pln\/","title":{"rendered":"How we pack your handpans \u2013 shipping 0 PLN"},"content":{"rendered":"<p>We treat every <a href=\"https:\/\/miloscispokoj.pl\/en\/skad-pochodzi-handpan-historia-instrumentu-ktory-podbil-swiat\/\">handpan<\/a> like a treasure. Our instruments are carefully packaged to protect them from shock, moisture, and damage during shipping. This ensures they arrive in perfect condition, ready to play.<\/p>\n\n\n\n<h2 class=\"wp-block-heading\">Handpan quality testing in Gda\u0144sk<\/h2>\n\n\n\n<p>Every handpan I pick up from the maker in Gda\u0144sk is thoroughly tested by me first. Only when it meets all quality requirements (perfect intonation, harmonies, no defects) do we package it and ship it to you.<\/p>\n\n\n\n<p>Learn more about our <a href=\"https:\/\/miloscispokoj.pl\/en\/handpan-quality-tests-delivery-in-gdansk\/\" target=\"_blank\" rel=\"noreferrer noopener\">handpan quality testing and delivery in Gdansk<\/a>.<\/p>\n\n\n\n<h2 class=\"wp-block-heading\" id=\"etapy-pakowania-handpana\">Handpan packaging steps<\/h2>\n\n\n\n<p>Here's how we protect your instrument, step by step, so it arrives in perfect condition:<\/p>\n\n\n\n<p><strong>Basic cardboard<\/strong><br>The Handpan is packed in a solid cardboard box measuring 63 x 63 x 45 cm, perfectly suited to standard scales.<\/p>\n\n\n\n<p><strong>Handpan with hard case<\/strong><br>The instrument, housed in a hard case, is surrounded by hollow, durable cardboard tubes that maintain its stability and prevent crushing. The entire structure is enclosed in a deep Styrofoam frame, covered with an additional layer of thick cardboard (several centimeters thick). On top, we add Plexiglas to protect the most sensitive notes (midrange and high notes).<\/p>\n\n\n\n<p><strong>Handpan in a soft case<\/strong><br>In the case of an instrument purchased with a soft case, the handpan is placed inside a deep Styrofoam frame, and the soft case additionally protects it from above \u2013 it provides a double layer of protection against shocks and moisture.<\/p>\n\n\n\n<p>Thanks to this packaging, your handpan is fully protected during transport, even in the harshest conditions!<\/p>\n\n\n\n<h2 class=\"wp-block-heading\" id=\"koszty-i-czasy-dostawy\">Delivery costs and times<\/h2>\n\n\n\n<p>Here are some sample rates (depending on weight, case and carrier such as DPD, UPS or InPost):<\/p>\n\n\n\n<div id=\"cennik-dostaw\" class=\"table-responsive\"> <table class=\"table table-striped\"> <thead> <tr> <th>Region<\/th> <th>Shipping cost<\/th> <th>Delivery time<\/th> <\/tr> <\/thead> <tbody> <tr> <td><strong>Poland<\/strong><\/td> <td>FREE for purchases over PLN 5,000 \u2013 below PLN 150 <\/td> <td>1-3 days<\/td> <\/tr> <tr> <td><strong>UE<\/strong><\/td> <td>250-350 z\u0142<\/td> <td>4-12 days<\/td> <\/tr> <tr> <td><strong>Outside the EU<\/strong><\/td> <td>On request<\/td> <td>Individually<\/td> <\/tr> <\/tbody> <\/table> <\/div>\n<br>\n<p><strong>Parcels are fully insured.<br> In case of damaged carton <u style=\"color:red\">ask the courier to prepare a damage report, take photos and send all the information to us by e-mail<\/u> kontakt@miloscispokoj.pl. <br \/>We will handle the entire complaint process \u2013 you don't have to worry about a thing.<\/strong><\/p>","protected":false},"excerpt":{"rendered":"<p>Traktujemy ka\u017cdy handpan jak skarb. Nasze instrumenty podr\u00f3\u017cuj\u0105 w precyzyjnie przygotowanym opakowaniu, kt\u00f3re chroni je przed wstrz\u0105sami, wilgoci\u0105 i uszkodzeniami podczas wysy\u0142ki. Dzi\u0119ki temu docieraj\u0105 do Ciebie w idealnym stanie, gotowe do gry. Testowanie jako\u015bci handpana w Gda\u0144sku Ka\u017cdy handpan, kt\u00f3ry odbiram od makera w Gda\u0144sku, jest najpierw dok\u0142adnie przeze mnie testowany. Dopiero gdy spe\u0142ni [&hellip;]<\/p>","protected":false},"author":1,"featured_media":0,"parent":0,"menu_order":0,"comment_status":"closed","ping_status":"closed","template":"","meta":{"footnotes":""},"class_list":["post-4271","page","type-page","status-publish","hentry"],"yoast_head":"<!-- This site is optimized with the Yoast SEO plugin v27.4 - https:\/\/yoast.com\/product\/yoast-seo-wordpress\/ -->\n<title>Bezpieczna przesy\u0142ka GRATIS -Mi\u0142o\u015b\u0107 i Spok\u00f3j<\/title>\n<meta name=\"description\" content=\"Bezpieczna, darmowa i ubezpieczona przesy\u0142a - testy handpan\u00f3w w Gda\u0144sku. Paczka w Polsce za 0z\u0142 (2-5 dni), UE 250-350z\u0142 (5-14 dni).\" \/>\n<meta name=\"robots\" content=\"index, follow, max-snippet:-1, max-image-preview:large, max-video-preview:-1\" \/>\n<link rel=\"canonical\" href=\"https:\/\/miloscispokoj.pl\/en\/how-we-pack-your-handpans-shipment-0-pln\/\" \/>\n<meta property=\"og:locale\" content=\"en_GB\" \/>\n<meta property=\"og:type\" content=\"article\" \/>\n<meta property=\"og:title\" content=\"Bezpieczna przesy\u0142ka GRATIS -Mi\u0142o\u015b\u0107 i Spok\u00f3j\" \/>\n<meta property=\"og:description\" content=\"Bezpieczna, darmowa i ubezpieczona przesy\u0142a - testy handpan\u00f3w w Gda\u0144sku. Paczka w Polsce za 0z\u0142 (2-5 dni), UE 250-350z\u0142 (5-14 dni).\" \/>\n<meta property=\"og:url\" content=\"https:\/\/miloscispokoj.pl\/en\/how-we-pack-your-handpans-shipment-0-pln\/\" \/>\n<meta property=\"og:site_name\" content=\"Mi\u0142o\u015b\u0107 i Spok\u00f3j\" \/>\n<meta property=\"article:publisher\" content=\"https:\/\/www.facebook.com\/HandpanyMiloscISpokoj\" \/>\n<meta property=\"article:modified_time\" content=\"2026-03-16T21:10:02+00:00\" \/>\n<meta property=\"og:image\" content=\"https:\/\/miloscispokoj.pl\/wp-content\/uploads\/2025\/04\/cropped-Logo_MILOSC-I-SPOKOJ_pl_CMYK_v1_RGB_z-bialym-tlem.png?wsr\" \/>\n\t<meta property=\"og:image:width\" content=\"512\" \/>\n\t<meta property=\"og:image:height\" content=\"512\" \/>\n\t<meta property=\"og:image:type\" content=\"image\/png\" \/>\n<meta name=\"twitter:card\" content=\"summary_large_image\" \/>\n<meta name=\"twitter:label1\" content=\"Estimated reading time\" \/>\n\t<meta name=\"twitter:data1\" content=\"2 minutes\" \/>\n<script type=\"application\/ld+json\" class=\"yoast-schema-graph\">{\"@context\":\"https:\\\/\\\/schema.org\",\"@graph\":[{\"@type\":\"WebPage\",\"@id\":\"https:\\\/\\\/miloscispokoj.pl\\\/jak-pakujemy-twoje-handpany-przesylka-0-pln\\\/\",\"url\":\"https:\\\/\\\/miloscispokoj.pl\\\/jak-pakujemy-twoje-handpany-przesylka-0-pln\\\/\",\"name\":\"Bezpieczna przesy\u0142ka GRATIS -Mi\u0142o\u015b\u0107 i Spok\u00f3j\",\"isPartOf\":{\"@id\":\"https:\\\/\\\/miloscispokoj.pl\\\/#website\"},\"datePublished\":\"2026-02-16T13:39:11+00:00\",\"dateModified\":\"2026-03-16T21:10:02+00:00\",\"description\":\"Bezpieczna, darmowa i ubezpieczona przesy\u0142a - testy handpan\u00f3w w Gda\u0144sku. Paczka w Polsce za 0z\u0142 (2-5 dni), UE 250-350z\u0142 (5-14 dni).\",\"breadcrumb\":{\"@id\":\"https:\\\/\\\/miloscispokoj.pl\\\/jak-pakujemy-twoje-handpany-przesylka-0-pln\\\/#breadcrumb\"},\"inLanguage\":\"en-GB\",\"potentialAction\":[{\"@type\":\"ReadAction\",\"target\":[\"https:\\\/\\\/miloscispokoj.pl\\\/jak-pakujemy-twoje-handpany-przesylka-0-pln\\\/\"]}]},{\"@type\":\"BreadcrumbList\",\"@id\":\"https:\\\/\\\/miloscispokoj.pl\\\/jak-pakujemy-twoje-handpany-przesylka-0-pln\\\/#breadcrumb\",\"itemListElement\":[{\"@type\":\"ListItem\",\"position\":1,\"name\":\"Mi\u0142o\u015b\u0107 i Spok\u00f3j\",\"item\":\"https:\\\/\\\/miloscispokoj.pl\\\/\"},{\"@type\":\"ListItem\",\"position\":2,\"name\":\"Jak pakujemy Twoje handpany \u2013 przesy\u0142ka 0 PLN\"}]},{\"@type\":\"WebSite\",\"@id\":\"https:\\\/\\\/miloscispokoj.pl\\\/#website\",\"url\":\"https:\\\/\\\/miloscispokoj.pl\\\/\",\"name\":\"handpany Mi\u0142o\u015b\u0107 i Spok\u00f3j\",\"description\":\"Odkryj moc instrumentu, kt\u00f3ry przenosi do krainy medytacji, relaksu i duchowego wzrostu.\",\"publisher\":{\"@id\":\"https:\\\/\\\/miloscispokoj.pl\\\/#organization\"},\"alternateName\":\"R\u0119cznie robione handpany marki Mi\u0142o\u015b\u0107 i Spok\u00f3j\",\"potentialAction\":[{\"@type\":\"SearchAction\",\"target\":{\"@type\":\"EntryPoint\",\"urlTemplate\":\"https:\\\/\\\/miloscispokoj.pl\\\/?s={search_term_string}\"},\"query-input\":{\"@type\":\"PropertyValueSpecification\",\"valueRequired\":true,\"valueName\":\"search_term_string\"}}],\"inLanguage\":\"en-GB\"},{\"@type\":\"Organization\",\"@id\":\"https:\\\/\\\/miloscispokoj.pl\\\/#organization\",\"name\":\"Firma: Kreatywne \u015acie\u017cki Piotr Kaczorowski Marka: Mi\u0142o\u015b\u0107 i Spok\u00f3j\",\"alternateName\":\"Mi\u0142o\u015b\u0107 i spok\u00f3j\",\"url\":\"https:\\\/\\\/miloscispokoj.pl\\\/\",\"logo\":{\"@type\":\"ImageObject\",\"inLanguage\":\"en-GB\",\"@id\":\"https:\\\/\\\/miloscispokoj.pl\\\/#\\\/schema\\\/logo\\\/image\\\/\",\"url\":\"https:\\\/\\\/miloscispokoj.pl\\\/wp-content\\\/uploads\\\/2025\\\/04\\\/cropped-Logo_MILOSC-I-SPOKOJ_pl_CMYK_v1_RGB_z-bialym-tlem.png?wsr\",\"contentUrl\":\"https:\\\/\\\/miloscispokoj.pl\\\/wp-content\\\/uploads\\\/2025\\\/04\\\/cropped-Logo_MILOSC-I-SPOKOJ_pl_CMYK_v1_RGB_z-bialym-tlem.png?wsr\",\"width\":512,\"height\":512,\"caption\":\"Firma: Kreatywne \u015acie\u017cki Piotr Kaczorowski Marka: Mi\u0142o\u015b\u0107 i Spok\u00f3j\"},\"image\":{\"@id\":\"https:\\\/\\\/miloscispokoj.pl\\\/#\\\/schema\\\/logo\\\/image\\\/\"},\"sameAs\":[\"https:\\\/\\\/www.facebook.com\\\/HandpanyMiloscISpokoj\",\"https:\\\/\\\/www.youtube.com\\\/@miloscispokoj\"]}]}<\/script>\n<!-- \/ Yoast SEO plugin. -->","yoast_head_json":{"title":"Secure FREE shipping - Mi\u0142o\u015b\u0107 i Spok\u00f3j handpans","description":"Safe, free, and insured shipping - handpan tests in Gdansk. Parcels within Poland cost 0 PLN (2-5 days), EU 250-350 PLN (5-14 days).","robots":{"index":"index","follow":"follow","max-snippet":"max-snippet:-1","max-image-preview":"max-image-preview:large","max-video-preview":"max-video-preview:-1"},"canonical":"https:\/\/miloscispokoj.pl\/en\/how-we-pack-your-handpans-shipment-0-pln\/","og_locale":"en_GB","og_type":"article","og_title":"Bezpieczna przesy\u0142ka GRATIS -Mi\u0142o\u015b\u0107 i Spok\u00f3j","og_description":"Bezpieczna, darmowa i ubezpieczona przesy\u0142a - testy handpan\u00f3w w Gda\u0144sku. Paczka w Polsce za 0z\u0142 (2-5 dni), UE 250-350z\u0142 (5-14 dni).","og_url":"https:\/\/miloscispokoj.pl\/en\/how-we-pack-your-handpans-shipment-0-pln\/","og_site_name":"Mi\u0142o\u015b\u0107 i Spok\u00f3j","article_publisher":"https:\/\/www.facebook.com\/HandpanyMiloscISpokoj","article_modified_time":"2026-03-16T21:10:02+00:00","og_image":[{"width":512,"height":512,"url":"https:\/\/miloscispokoj.pl\/wp-content\/uploads\/2025\/04\/cropped-Logo_MILOSC-I-SPOKOJ_pl_CMYK_v1_RGB_z-bialym-tlem.png?wsr","type":"image\/png"}],"twitter_card":"summary_large_image","twitter_misc":{"Estimated reading time":"2 minutes"},"schema":{"@context":"https:\/\/schema.org","@graph":[{"@type":"WebPage","@id":"https:\/\/miloscispokoj.pl\/jak-pakujemy-twoje-handpany-przesylka-0-pln\/","url":"https:\/\/miloscispokoj.pl\/jak-pakujemy-twoje-handpany-przesylka-0-pln\/","name":"Secure FREE shipping - Mi\u0142o\u015b\u0107 i Spok\u00f3j handpans","isPartOf":{"@id":"https:\/\/miloscispokoj.pl\/#website"},"datePublished":"2026-02-16T13:39:11+00:00","dateModified":"2026-03-16T21:10:02+00:00","description":"Safe, free, and insured shipping - handpan tests in Gdansk. Parcels within Poland cost 0 PLN (2-5 days), EU 250-350 PLN (5-14 days).","breadcrumb":{"@id":"https:\/\/miloscispokoj.pl\/jak-pakujemy-twoje-handpany-przesylka-0-pln\/#breadcrumb"},"inLanguage":"en-GB","potentialAction":[{"@type":"ReadAction","target":["https:\/\/miloscispokoj.pl\/jak-pakujemy-twoje-handpany-przesylka-0-pln\/"]}]},{"@type":"BreadcrumbList","@id":"https:\/\/miloscispokoj.pl\/jak-pakujemy-twoje-handpany-przesylka-0-pln\/#breadcrumb","itemListElement":[{"@type":"ListItem","position":1,"name":"Mi\u0142o\u015b\u0107 i Spok\u00f3j","item":"https:\/\/miloscispokoj.pl\/"},{"@type":"ListItem","position":2,"name":"Jak pakujemy Twoje handpany \u2013 przesy\u0142ka 0 PLN"}]},{"@type":"WebSite","@id":"https:\/\/miloscispokoj.pl\/#website","url":"https:\/\/miloscispokoj.pl\/","name":"Mi\u0142o\u015b\u0107 i Spok\u00f3j handpans","description":"Discover the power of a tool that takes you to the land of meditation, relaxation, and spiritual growth.","publisher":{"@id":"https:\/\/miloscispokoj.pl\/#organization"},"alternateName":"R\u0119cznie robione handpany marki Mi\u0142o\u015b\u0107 i Spok\u00f3j","potentialAction":[{"@type":"SearchAction","target":{"@type":"EntryPoint","urlTemplate":"https:\/\/miloscispokoj.pl\/?s={search_term_string}"},"query-input":{"@type":"PropertyValueSpecification","valueRequired":true,"valueName":"search_term_string"}}],"inLanguage":"en-GB"},{"@type":"Organization","@id":"https:\/\/miloscispokoj.pl\/#organization","name":"Company: creative ways Peter Kaczorowski brand: love and tranquility","alternateName":"Mi\u0142o\u015b\u0107 i spok\u00f3j","url":"https:\/\/miloscispokoj.pl\/","logo":{"@type":"ImageObject","inLanguage":"en-GB","@id":"https:\/\/miloscispokoj.pl\/#\/schema\/logo\/image\/","url":"https:\/\/miloscispokoj.pl\/wp-content\/uploads\/2025\/04\/cropped-Logo_MILOSC-I-SPOKOJ_pl_CMYK_v1_RGB_z-bialym-tlem.png?wsr","contentUrl":"https:\/\/miloscispokoj.pl\/wp-content\/uploads\/2025\/04\/cropped-Logo_MILOSC-I-SPOKOJ_pl_CMYK_v1_RGB_z-bialym-tlem.png?wsr","width":512,"height":512,"caption":"Firma: Kreatywne \u015acie\u017cki Piotr Kaczorowski Marka: Mi\u0142o\u015b\u0107 i Spok\u00f3j"},"image":{"@id":"https:\/\/miloscispokoj.pl\/#\/schema\/logo\/image\/"},"sameAs":["https:\/\/www.facebook.com\/HandpanyMiloscISpokoj","https:\/\/www.youtube.com\/@miloscispokoj"]}]}},"_links":{"self":[{"href":"https:\/\/miloscispokoj.pl\/en\/wp-json\/wp\/v2\/pages\/4271","targetHints":{"allow":["GET"]}}],"collection":[{"href":"https:\/\/miloscispokoj.pl\/en\/wp-json\/wp\/v2\/pages"}],"about":[{"href":"https:\/\/miloscispokoj.pl\/en\/wp-json\/wp\/v2\/types\/page"}],"author":[{"embeddable":true,"href":"https:\/\/miloscispokoj.pl\/en\/wp-json\/wp\/v2\/users\/1"}],"replies":[{"embeddable":true,"href":"https:\/\/miloscispokoj.pl\/en\/wp-json\/wp\/v2\/comments?post=4271"}],"version-history":[{"count":36,"href":"https:\/\/miloscispokoj.pl\/en\/wp-json\/wp\/v2\/pages\/4271\/revisions"}],"predecessor-version":[{"id":4545,"href":"https:\/\/miloscispokoj.pl\/en\/wp-json\/wp\/v2\/pages\/4271\/revisions\/4545"}],"wp:attachment":[{"href":"https:\/\/miloscispokoj.pl\/en\/wp-json\/wp\/v2\/media?parent=4271"}],"curies":[{"name":"wp","href":"https:\/\/api.w.org\/{rel}","templated":true}]}}