{"id":1929,"date":"2025-05-16T15:10:33","date_gmt":"2025-05-16T13:10:33","guid":{"rendered":"https:\/\/miloscispokoj.pl\/?post_type=product&#038;p=1929"},"modified":"2026-04-07T15:33:07","modified_gmt":"2026-04-07T13:33:07","slug":"handpan-f3-pygmy-9-premium-stainless-steel","status":"publish","type":"product","link":"https:\/\/miloscispokoj.pl\/en\/produkt\/handpan-f3-pygmy-9-stal-nierdzewna-premium\/","title":{"rendered":"Handpan F3 Pygmy 9 Premium Stainless Steel"},"content":{"rendered":"<h2>Handpan F3 Pygmy - Mi\u0142o\u015b\u0107 i Spok\u00f3j<\/h2>\n<p class=\"my-0\">In the space of sound, silence is born. The Handpan F3 Pygmy from Mi\u0142o\u015b\u0107 i Spok\u00f3j is an instrument that leads you inwards - to the source of harmony.<\/p>\n<p class=\"my-0\">Each piece is made of Premium Stainless Steel, formed with care and respect for the material.<\/p>\n<p class=\"my-0\">The 53-centimetre canopy conceals 9 sounds: F \/ G G# C D# F G G# C. It is a scale that pulsates with earthiness and tranquillity, allowing for free improvisation and deep immersion in the music.<\/p>\n<p class=\"my-0\">The F3 Pygmy impresses with its long decay and purity of tone. Its sound soothes, envelops and lulls you into a state of natural meditation - whether on solo journeys or making music together.<\/p>\n<p class=\"my-0\">We tune each instrument at 432 Hz or 440 Hz, according to your choice. We create with the idea that sound is a bridge - between you and the world, between silence and movement.<\/p>\n<p class=\"my-0\">Handpan Mi\u0142o\u015b\u0107 i Spok\u00f3j is not just an instrument. It is an invitation to meet your own rhythm.<\/p>\n<p class=\"my-0\"><strong>Note:<\/strong><\/p>\n<p class=\"my-0\">Most of our hands are available in gold or brown. We always confirm with you the final shade of the ordered tool before completing the order to meet all your expectations.<\/p>\n<p class=\"my-0\">For more information about the available colors and an example of the color palette, please visit our website: <a href=\"https:\/\/miloscispokoj.pl\/en\/colour-palette\/\" rel=\"nofollow noopener\">https:\/\/miloscispokoj.pl\/en\/colour-palette\/<\/a>.<\/p>\n<p class=\"my-0\">Please also note that the patina that develops on the surface of Premium Stainless Steel handpans is not entirely permanent. Over time, the instrument may slightly change color, but this does not affect its sound or tuning. This change is purely cosmetic, giving the instrument a unique, stylish, and unmistakable vintage character.<\/p>\n<p class=\"my-0\">If you have any questions or doubts, we will help you!<\/p>","protected":false},"excerpt":{"rendered":"<ul>\n<li>Material: Premium stainless steel<\/li>\n<li>Size: 53cm<\/li>\n<li>Scale: F3 Pygmy<\/li>\n<li>Number of sounds: F\/ G G# C D# F G G# C<\/li>\n<li>Frequency: 432 Hz or 440 Hz (optional)<\/li>\n<li>Color: Gold \/ Bronze \/ Silver: Spiral \/ Silver: Retro 1,2,3 \/ Gold spiral<\/li>\n<li>Case: Soft ( free ) \/ Hard (+$125 )<\/li>\n<\/ul>\n<hr>\n<h2>Handpan price from: 1360 \u20ac<\/h2>\n<p><\/p>","protected":false},"featured_media":1962,"comment_status":"closed","ping_status":"closed","template":"","meta":[],"product_brand":[285],"product_cat":[286],"product_tag":[],"class_list":{"0":"post-1929","1":"product","2":"type-product","3":"status-publish","4":"has-post-thumbnail","6":"product_brand-milosc-i-spokoj-handpany-z-serca-harmonii","7":"product_cat-handpan-z-stali-nierdzewnej-premium-edycja-mistyczna","9":"first","10":"instock","11":"shipping-taxable","12":"product-type-simple"},"yoast_head":"<!-- This site is optimized with the Yoast SEO plugin v27.4 - https:\/\/yoast.com\/product\/yoast-seo-wordpress\/ -->\n<title>Handpan F3 Pygmy 9 Stal nierdzewna Premium - Mi\u0142o\u015b\u0107 i Spok\u00f3j<\/title>\n<meta name=\"description\" content=\"Handpan Pygmy F3 na 9 nut od Mi\u0142o\u015b\u0107 i Spok\u00f3j \u2013 r\u0119cznie wykonany instrument z Stal nierdzewna Premium. Rozpocznij now\u0105 podr\u00f3\u017c z muzyk\u0105 przez \u017cycie.\" \/>\n<meta name=\"robots\" content=\"index, follow, max-snippet:-1, max-image-preview:large, max-video-preview:-1\" \/>\n<link rel=\"canonical\" href=\"https:\/\/miloscispokoj.pl\/en\/product\/handpan-f3-pygmy-9-premium-stainless-steel\/\" \/>\n<meta property=\"og:locale\" content=\"en_GB\" \/>\n<meta property=\"og:type\" content=\"article\" \/>\n<meta property=\"og:title\" content=\"Handpan F3 Pygmy 9 Stal nierdzewna Premium - Mi\u0142o\u015b\u0107 i Spok\u00f3j\" \/>\n<meta property=\"og:description\" content=\"Handpan Pygmy F3 na 9 nut od Mi\u0142o\u015b\u0107 i Spok\u00f3j \u2013 r\u0119cznie wykonany instrument z Stal nierdzewna Premium. Rozpocznij now\u0105 podr\u00f3\u017c z muzyk\u0105 przez \u017cycie.\" \/>\n<meta property=\"og:url\" content=\"https:\/\/miloscispokoj.pl\/en\/product\/handpan-f3-pygmy-9-premium-stainless-steel\/\" \/>\n<meta property=\"og:site_name\" content=\"Mi\u0142o\u015b\u0107 i Spok\u00f3j\" \/>\n<meta property=\"article:publisher\" content=\"https:\/\/www.facebook.com\/HandpanyMiloscISpokoj\" \/>\n<meta property=\"article:modified_time\" content=\"2026-04-07T13:33:07+00:00\" \/>\n<meta property=\"og:image\" content=\"https:\/\/miloscispokoj.pl\/wp-content\/uploads\/2025\/05\/handpan-instrument-miloscispokoj.png?wsr\" \/>\n\t<meta property=\"og:image:width\" content=\"800\" \/>\n\t<meta property=\"og:image:height\" content=\"800\" \/>\n\t<meta property=\"og:image:type\" content=\"image\/png\" \/>\n<meta name=\"twitter:card\" content=\"summary_large_image\" \/>\n<meta name=\"twitter:label1\" content=\"Estimated reading time\" \/>\n\t<meta name=\"twitter:data1\" content=\"2 minutes\" \/>\n<script type=\"application\/ld+json\" class=\"yoast-schema-graph\">{\"@context\":\"https:\\\/\\\/schema.org\",\"@graph\":[{\"@type\":\"WebPage\",\"@id\":\"https:\\\/\\\/miloscispokoj.pl\\\/produkt\\\/handpan-f3-pygmy-9-stal-nierdzewna-premium\\\/\",\"url\":\"https:\\\/\\\/miloscispokoj.pl\\\/produkt\\\/handpan-f3-pygmy-9-stal-nierdzewna-premium\\\/\",\"name\":\"Handpan F3 Pygmy 9 Stal nierdzewna Premium - Mi\u0142o\u015b\u0107 i Spok\u00f3j\",\"isPartOf\":{\"@id\":\"https:\\\/\\\/miloscispokoj.pl\\\/#website\"},\"primaryImageOfPage\":{\"@id\":\"https:\\\/\\\/miloscispokoj.pl\\\/produkt\\\/handpan-f3-pygmy-9-stal-nierdzewna-premium\\\/#primaryimage\"},\"image\":{\"@id\":\"https:\\\/\\\/miloscispokoj.pl\\\/produkt\\\/handpan-f3-pygmy-9-stal-nierdzewna-premium\\\/#primaryimage\"},\"thumbnailUrl\":\"https:\\\/\\\/miloscispokoj.pl\\\/wp-content\\\/uploads\\\/2025\\\/05\\\/handpan-instrument-miloscispokoj.png?wsr\",\"datePublished\":\"2025-05-16T13:10:33+00:00\",\"dateModified\":\"2026-04-07T13:33:07+00:00\",\"description\":\"Handpan Pygmy F3 na 9 nut od Mi\u0142o\u015b\u0107 i Spok\u00f3j \u2013 r\u0119cznie wykonany instrument z Stal nierdzewna Premium. Rozpocznij now\u0105 podr\u00f3\u017c z muzyk\u0105 przez \u017cycie.\",\"breadcrumb\":{\"@id\":\"https:\\\/\\\/miloscispokoj.pl\\\/produkt\\\/handpan-f3-pygmy-9-stal-nierdzewna-premium\\\/#breadcrumb\"},\"inLanguage\":\"en-GB\",\"potentialAction\":[{\"@type\":\"ReadAction\",\"target\":[\"https:\\\/\\\/miloscispokoj.pl\\\/produkt\\\/handpan-f3-pygmy-9-stal-nierdzewna-premium\\\/\"]}]},{\"@type\":\"ImageObject\",\"inLanguage\":\"en-GB\",\"@id\":\"https:\\\/\\\/miloscispokoj.pl\\\/produkt\\\/handpan-f3-pygmy-9-stal-nierdzewna-premium\\\/#primaryimage\",\"url\":\"https:\\\/\\\/miloscispokoj.pl\\\/wp-content\\\/uploads\\\/2025\\\/05\\\/handpan-instrument-miloscispokoj.png?wsr\",\"contentUrl\":\"https:\\\/\\\/miloscispokoj.pl\\\/wp-content\\\/uploads\\\/2025\\\/05\\\/handpan-instrument-miloscispokoj.png?wsr\",\"width\":800,\"height\":800,\"caption\":\"Handpan Pygmy F3 9 nut instrument miloscispokoj\"},{\"@type\":\"BreadcrumbList\",\"@id\":\"https:\\\/\\\/miloscispokoj.pl\\\/produkt\\\/handpan-f3-pygmy-9-stal-nierdzewna-premium\\\/#breadcrumb\",\"itemListElement\":[{\"@type\":\"ListItem\",\"position\":1,\"name\":\"Mi\u0142o\u015b\u0107 i Spok\u00f3j\",\"item\":\"https:\\\/\\\/miloscispokoj.pl\\\/\"},{\"@type\":\"ListItem\",\"position\":2,\"name\":\"Sklep z handpanami \u2013 wybierz sw\u00f3j instrument\",\"item\":\"https:\\\/\\\/miloscispokoj.pl\\\/sklep-handpan-milosc-i-spokoj\\\/\"},{\"@type\":\"ListItem\",\"position\":3,\"name\":\"Handpan F3 Pygmy 9 Stal nierdzewna Premium\"}]},{\"@type\":\"WebSite\",\"@id\":\"https:\\\/\\\/miloscispokoj.pl\\\/#website\",\"url\":\"https:\\\/\\\/miloscispokoj.pl\\\/\",\"name\":\"handpany Mi\u0142o\u015b\u0107 i Spok\u00f3j\",\"description\":\"Odkryj moc instrumentu, kt\u00f3ry przenosi do krainy medytacji, relaksu i duchowego wzrostu.\",\"publisher\":{\"@id\":\"https:\\\/\\\/miloscispokoj.pl\\\/#organization\"},\"alternateName\":\"R\u0119cznie robione handpany marki Mi\u0142o\u015b\u0107 i Spok\u00f3j\",\"potentialAction\":[{\"@type\":\"SearchAction\",\"target\":{\"@type\":\"EntryPoint\",\"urlTemplate\":\"https:\\\/\\\/miloscispokoj.pl\\\/?s={search_term_string}\"},\"query-input\":{\"@type\":\"PropertyValueSpecification\",\"valueRequired\":true,\"valueName\":\"search_term_string\"}}],\"inLanguage\":\"en-GB\"},{\"@type\":\"Organization\",\"@id\":\"https:\\\/\\\/miloscispokoj.pl\\\/#organization\",\"name\":\"Firma: Kreatywne \u015acie\u017cki Piotr Kaczorowski Marka: Mi\u0142o\u015b\u0107 i Spok\u00f3j\",\"alternateName\":\"Mi\u0142o\u015b\u0107 i spok\u00f3j\",\"url\":\"https:\\\/\\\/miloscispokoj.pl\\\/\",\"logo\":{\"@type\":\"ImageObject\",\"inLanguage\":\"en-GB\",\"@id\":\"https:\\\/\\\/miloscispokoj.pl\\\/#\\\/schema\\\/logo\\\/image\\\/\",\"url\":\"https:\\\/\\\/miloscispokoj.pl\\\/wp-content\\\/uploads\\\/2025\\\/04\\\/cropped-Logo_MILOSC-I-SPOKOJ_pl_CMYK_v1_RGB_z-bialym-tlem.png?wsr\",\"contentUrl\":\"https:\\\/\\\/miloscispokoj.pl\\\/wp-content\\\/uploads\\\/2025\\\/04\\\/cropped-Logo_MILOSC-I-SPOKOJ_pl_CMYK_v1_RGB_z-bialym-tlem.png?wsr\",\"width\":512,\"height\":512,\"caption\":\"Firma: Kreatywne \u015acie\u017cki Piotr Kaczorowski Marka: Mi\u0142o\u015b\u0107 i Spok\u00f3j\"},\"image\":{\"@id\":\"https:\\\/\\\/miloscispokoj.pl\\\/#\\\/schema\\\/logo\\\/image\\\/\"},\"sameAs\":[\"https:\\\/\\\/www.facebook.com\\\/HandpanyMiloscISpokoj\",\"https:\\\/\\\/www.youtube.com\\\/@miloscispokoj\"]}]}<\/script>\n<!-- \/ Yoast SEO plugin. -->","yoast_head_json":{"title":"Handpan F3 Pygmy 9 Premium Stainless Steel - Mi\u0142o\u015b\u0107 i Spok\u00f3j","description":"The 9-note Pygmy F3 Handpan by Mi\u0142o\u015b\u0107 i Spok\u00f3j is a handcrafted instrument made of premium stainless steel. Embark on a new musical journey through life.","robots":{"index":"index","follow":"follow","max-snippet":"max-snippet:-1","max-image-preview":"max-image-preview:large","max-video-preview":"max-video-preview:-1"},"canonical":"https:\/\/miloscispokoj.pl\/en\/product\/handpan-f3-pygmy-9-premium-stainless-steel\/","og_locale":"en_GB","og_type":"article","og_title":"Handpan F3 Pygmy 9 Stal nierdzewna Premium - Mi\u0142o\u015b\u0107 i Spok\u00f3j","og_description":"Handpan Pygmy F3 na 9 nut od Mi\u0142o\u015b\u0107 i Spok\u00f3j \u2013 r\u0119cznie wykonany instrument z Stal nierdzewna Premium. Rozpocznij now\u0105 podr\u00f3\u017c z muzyk\u0105 przez \u017cycie.","og_url":"https:\/\/miloscispokoj.pl\/en\/product\/handpan-f3-pygmy-9-premium-stainless-steel\/","og_site_name":"Mi\u0142o\u015b\u0107 i Spok\u00f3j","article_publisher":"https:\/\/www.facebook.com\/HandpanyMiloscISpokoj","article_modified_time":"2026-04-07T13:33:07+00:00","og_image":[{"width":800,"height":800,"url":"https:\/\/miloscispokoj.pl\/wp-content\/uploads\/2025\/05\/handpan-instrument-miloscispokoj.png?wsr","type":"image\/png"}],"twitter_card":"summary_large_image","twitter_misc":{"Estimated reading time":"2 minutes"},"schema":{"@context":"https:\/\/schema.org","@graph":[{"@type":"WebPage","@id":"https:\/\/miloscispokoj.pl\/produkt\/handpan-f3-pygmy-9-stal-nierdzewna-premium\/","url":"https:\/\/miloscispokoj.pl\/produkt\/handpan-f3-pygmy-9-stal-nierdzewna-premium\/","name":"Handpan F3 Pygmy 9 Premium Stainless Steel - Mi\u0142o\u015b\u0107 i Spok\u00f3j","isPartOf":{"@id":"https:\/\/miloscispokoj.pl\/#website"},"primaryImageOfPage":{"@id":"https:\/\/miloscispokoj.pl\/produkt\/handpan-f3-pygmy-9-stal-nierdzewna-premium\/#primaryimage"},"image":{"@id":"https:\/\/miloscispokoj.pl\/produkt\/handpan-f3-pygmy-9-stal-nierdzewna-premium\/#primaryimage"},"thumbnailUrl":"https:\/\/miloscispokoj.pl\/wp-content\/uploads\/2025\/05\/handpan-instrument-miloscispokoj.png?wsr","datePublished":"2025-05-16T13:10:33+00:00","dateModified":"2026-04-07T13:33:07+00:00","description":"The 9-note Pygmy F3 Handpan by Mi\u0142o\u015b\u0107 i Spok\u00f3j is a handcrafted instrument made of premium stainless steel. Embark on a new musical journey through life.","breadcrumb":{"@id":"https:\/\/miloscispokoj.pl\/produkt\/handpan-f3-pygmy-9-stal-nierdzewna-premium\/#breadcrumb"},"inLanguage":"en-GB","potentialAction":[{"@type":"ReadAction","target":["https:\/\/miloscispokoj.pl\/produkt\/handpan-f3-pygmy-9-stal-nierdzewna-premium\/"]}]},{"@type":"ImageObject","inLanguage":"en-GB","@id":"https:\/\/miloscispokoj.pl\/produkt\/handpan-f3-pygmy-9-stal-nierdzewna-premium\/#primaryimage","url":"https:\/\/miloscispokoj.pl\/wp-content\/uploads\/2025\/05\/handpan-instrument-miloscispokoj.png?wsr","contentUrl":"https:\/\/miloscispokoj.pl\/wp-content\/uploads\/2025\/05\/handpan-instrument-miloscispokoj.png?wsr","width":800,"height":800,"caption":"Handpan Pygmy F3 9 nut instrument miloscispokoj"},{"@type":"BreadcrumbList","@id":"https:\/\/miloscispokoj.pl\/produkt\/handpan-f3-pygmy-9-stal-nierdzewna-premium\/#breadcrumb","itemListElement":[{"@type":"ListItem","position":1,"name":"Mi\u0142o\u015b\u0107 i Spok\u00f3j","item":"https:\/\/miloscispokoj.pl\/"},{"@type":"ListItem","position":2,"name":"Sklep z handpanami \u2013 wybierz sw\u00f3j instrument","item":"https:\/\/miloscispokoj.pl\/sklep-handpan-milosc-i-spokoj\/"},{"@type":"ListItem","position":3,"name":"Handpan F3 Pygmy 9 Stal nierdzewna Premium"}]},{"@type":"WebSite","@id":"https:\/\/miloscispokoj.pl\/#website","url":"https:\/\/miloscispokoj.pl\/","name":"Mi\u0142o\u015b\u0107 i Spok\u00f3j handpans","description":"Discover the power of a tool that takes you to the land of meditation, relaxation, and spiritual growth.","publisher":{"@id":"https:\/\/miloscispokoj.pl\/#organization"},"alternateName":"R\u0119cznie robione handpany marki Mi\u0142o\u015b\u0107 i Spok\u00f3j","potentialAction":[{"@type":"SearchAction","target":{"@type":"EntryPoint","urlTemplate":"https:\/\/miloscispokoj.pl\/?s={search_term_string}"},"query-input":{"@type":"PropertyValueSpecification","valueRequired":true,"valueName":"search_term_string"}}],"inLanguage":"en-GB"},{"@type":"Organization","@id":"https:\/\/miloscispokoj.pl\/#organization","name":"Company: creative ways Peter Kaczorowski brand: love and tranquility","alternateName":"Mi\u0142o\u015b\u0107 i spok\u00f3j","url":"https:\/\/miloscispokoj.pl\/","logo":{"@type":"ImageObject","inLanguage":"en-GB","@id":"https:\/\/miloscispokoj.pl\/#\/schema\/logo\/image\/","url":"https:\/\/miloscispokoj.pl\/wp-content\/uploads\/2025\/04\/cropped-Logo_MILOSC-I-SPOKOJ_pl_CMYK_v1_RGB_z-bialym-tlem.png?wsr","contentUrl":"https:\/\/miloscispokoj.pl\/wp-content\/uploads\/2025\/04\/cropped-Logo_MILOSC-I-SPOKOJ_pl_CMYK_v1_RGB_z-bialym-tlem.png?wsr","width":512,"height":512,"caption":"Firma: Kreatywne \u015acie\u017cki Piotr Kaczorowski Marka: Mi\u0142o\u015b\u0107 i Spok\u00f3j"},"image":{"@id":"https:\/\/miloscispokoj.pl\/#\/schema\/logo\/image\/"},"sameAs":["https:\/\/www.facebook.com\/HandpanyMiloscISpokoj","https:\/\/www.youtube.com\/@miloscispokoj"]}]}},"_links":{"self":[{"href":"https:\/\/miloscispokoj.pl\/en\/wp-json\/wp\/v2\/product\/1929","targetHints":{"allow":["GET"]}}],"collection":[{"href":"https:\/\/miloscispokoj.pl\/en\/wp-json\/wp\/v2\/product"}],"about":[{"href":"https:\/\/miloscispokoj.pl\/en\/wp-json\/wp\/v2\/types\/product"}],"replies":[{"embeddable":true,"href":"https:\/\/miloscispokoj.pl\/en\/wp-json\/wp\/v2\/comments?post=1929"}],"wp:featuredmedia":[{"embeddable":true,"href":"https:\/\/miloscispokoj.pl\/en\/wp-json\/wp\/v2\/media\/1962"}],"wp:attachment":[{"href":"https:\/\/miloscispokoj.pl\/en\/wp-json\/wp\/v2\/media?parent=1929"}],"wp:term":[{"taxonomy":"product_brand","embeddable":true,"href":"https:\/\/miloscispokoj.pl\/en\/wp-json\/wp\/v2\/product_brand?post=1929"},{"taxonomy":"product_cat","embeddable":true,"href":"https:\/\/miloscispokoj.pl\/en\/wp-json\/wp\/v2\/product_cat?post=1929"},{"taxonomy":"product_tag","embeddable":true,"href":"https:\/\/miloscispokoj.pl\/en\/wp-json\/wp\/v2\/product_tag?post=1929"}],"curies":[{"name":"wp","href":"https:\/\/api.w.org\/{rel}","templated":true}]}}