{"id":2046,"date":"2025-05-29T19:44:14","date_gmt":"2025-05-29T17:44:14","guid":{"rendered":"https:\/\/miloscispokoj.pl\/?post_type=product&#038;p=2046"},"modified":"2026-03-26T21:00:35","modified_gmt":"2026-03-26T20:00:35","slug":"handpan-d-kurd-12-with-premium-stainless-steel-440-432-hz","status":"publish","type":"product","link":"https:\/\/miloscispokoj.pl\/en\/produkt\/handpan-d-kurd-12-z-stal-nierdzewna-premium-440-432-hz\/","title":{"rendered":"Handpan D Kurd 12 (10+2) with Premium Stainless Steel 440\/432 Hz"},"content":{"rendered":"<h2 class=\"my-0\">D Kurd 12 - The Sound That Leads Further into Love and Serenity<\/h2>\n<p class=\"my-0\">In a world where every sound matters, the Handpan D Kurd 12 in premium stainless steel is born as a story of harmony, passion, and the constant search for beauty. This is an instrument for those who long to transcend the boundaries of everyday life and immerse themselves in an ocean of sounds \u2013 deep, pure, and unique.<\/p>\n<p class=\"my-0\"><strong>Twelve paths of inspiration<\/strong><br \/>\nTwelve carefully tuned fields - 10 on top, two on the bottom - open up a world of musical possibilities. The central D3 ding leads you through a circle of sounds, moving seamlessly from the warm tones of A3, Bb3, C4 to the luminous C5. Two additional fields on the bottom (F3, G3) add a new dimension of expression to the instrument and allow even more freedom for improvisation.<\/p>\n<h3>Video shot by the maker during the handpan creation stage.<\/h3>\n<div class=\"video-container\" style=\"margin-top:20px\"><iframe style=\"position: absolute; top: 0; left: 0; width: 100%; height: 100%;\" src=\"https:\/\/player.vimeo.com\/video\/1157265908?badge=0&amp;autopause=0&amp;player_id=0&amp;app_id=58479\" frameborder=\"0\" allow=\"autoplay; fullscreen; picture-in-picture; clipboard-write; encrypted-media; web-share\" referrerpolicy=\"strict-origin-when-cross-origin\" title=\"D Kurd 10 spiral 432Hz Premium stainless steel - miloscispokoj.pl\"><\/iframe><\/div>\n<h3>Video showing quality control after unpacking the handpan on site.<\/h3>\n<div style=\"margin:0 auto;text-align:center;padding:56.25% 0 0 0;position:relative;\"><iframe src=\"https:\/\/www.youtube.com\/embed\/ukMi-ULMM6E?si=eR2OKieBzrPpVluL\" frameborder=\"0\" allow=\"autoplay; fullscreen; picture-in-picture; clipboard-write; encrypted-media; web-share\" style=\"position:absolute;top:0;left:0px;width:100%;height:100%;\" title=\"Inhale - miloscispokoj.pl\"><\/iframe><\/div>\n<p><script src=\"https:\/\/player.vimeo.com\/api\/player.js\"><\/script><\/p>\n<h2 class=\"my-0\"><strong>Premium Stainless Steel \u2013 Steel, for the handpan D Kurd who sings<\/strong><\/h2>\n<p>We chose premium stainless steel to ensure each sound is full of depth, harmony, and long, mesmerizing sustain. Hand-shaping and tuning make each handpan unique\u2014subtle differences in tone, texture, and appearance are testament to the authentic craftsmanship.<\/p>\n<p class=\"my-0\"><strong>Technical parameters:<\/strong><\/p>\n<ul class=\"marker:text-textOff list-disc\">\n<li>\n<p class=\"my-0\">Material: Premium stainless steel<\/p>\n<\/li>\n<li>\n<p class=\"my-0\">Size: 53cm<\/p>\n<\/li>\n<li>\n<p class=\"my-0\">Scale: D Kurd 12<\/p>\n<\/li>\n<li>\n<p class=\"my-0\">Number of sounds: 12<\/p>\n<ul class=\"marker:text-textOff list-disc\">\n<li>\n<p class=\"my-0\">Top: D3 \/ A3, Bb3, C4, D4, E4, F4, G4, A4, C5<\/p>\n<\/li>\n<li>\n<p class=\"my-0\">Bottom: F3, G3<\/p>\n<\/li>\n<\/ul>\n<\/li>\n<li>\n<p class=\"my-0\">Package Contents: 432 Hz \/ 440 Hz (optional)<\/p>\n<\/li>\n<li>\n<p class=\"my-0\">Colour: Gold, Brown, Silver: spiral, Silver: retro 1, 2, 3, Gold spiral<\/p>\n<\/li>\n<li>\n<p class=\"my-0\">Case: Soft (free of charge) \/ Hard (+$125)<\/p>\n<\/li>\n<\/ul>\n<h2 class=\"my-0\"><strong>Your individual Handpan D Kurd 12<\/strong><\/h2>\n<p class=\"my-0\">Each Handpan Mi\u0142o\u015b\u0107 i Spok\u00f3j is made to order - with your musical journey in mind. Choose the colour, the tuning, the case and let the sounds of this instrument become your personal guide to the world of harmony.<\/p>\n<p class=\"my-0\">Open yourself to new inspirations. Order the Handpan D Kurd 12 in Premium Stainless Steel and let the music of Love and Peace guide you further.<\/p>\n<p class=\"my-0\"><strong>Note:<\/strong><\/p>\n<p class=\"my-0\">Most of our hands are available in gold or brown. We always confirm with you the final shade of the ordered tool before completing the order to meet all your expectations.<\/p>\n<p class=\"my-0\">For more information about the available colors and an example of the color palette, please visit our website: <a href=\"https:\/\/miloscispokoj.pl\/en\/colour-palette\/\" rel=\"nofollow noopener\">https:\/\/miloscispokoj.pl\/en\/colour-palette\/<\/a>.<\/p>\n<p class=\"my-0\">Please also note that the patina that develops on the surface of Premium Stainless Steel handpans is not entirely permanent. Over time, the instrument may slightly change color, but this does not affect its sound or tuning. This change is purely cosmetic, giving the instrument a unique, stylish, and unmistakable vintage character.<\/p>\n<p class=\"my-0\">If you have any questions or doubts, we will help you!<\/p>","protected":false},"excerpt":{"rendered":"<ul class=\"marker:text-textOff list-disc\">\n<li>Material: Premium stainless steel<\/li>\n<li>Size: 53cm<\/li>\n<li>Scale: D Kurd<\/li>\n<li>Number of sounds: 12\n<ul class=\"marker:text-textOff list-disc\">\n<li>Top:D3\/A3 bB3 C4 D4 E4 F4 G4 A4 C5<\/li>\n<li>Bottom: (F3 G3)<\/li>\n<\/ul>\n<\/li>\n<li>Package Contents: 432 Hz \/ 440 Hz<\/li>\n<li>Color: Gold \/ Bronze \/ Silver: Spiral \/ Silver: Retro 1,2,3 \/ Gold spiral<\/li>\n<li>Case: Soft ( free ) \/ Hard (+$125 )<\/li>\n<\/ul>\n<hr \/>\n<h2>Handpan price from: PLN 6,500<\/h2>\n<p><\/p>","protected":false},"featured_media":2048,"comment_status":"closed","ping_status":"closed","template":"","meta":[],"product_brand":[285],"product_cat":[286],"product_tag":[],"class_list":{"0":"post-2046","1":"product","2":"type-product","3":"status-publish","4":"has-post-thumbnail","6":"product_brand-milosc-i-spokoj-handpany-z-serca-harmonii","7":"product_cat-handpan-z-stali-nierdzewnej-premium-edycja-mistyczna","9":"first","10":"instock","11":"shipping-taxable","12":"product-type-simple"},"yoast_head":"<!-- This site is optimized with the Yoast SEO plugin v27.4 - https:\/\/yoast.com\/product\/yoast-seo-wordpress\/ -->\n<title>Handpan D Kurd 12 (10+2) z Stal nierdzewna Premium 440\/432 Hz - Mi\u0142o\u015b\u0107 i Spok\u00f3j<\/title>\n<meta name=\"description\" content=\"Handpan D Kurd 12 z Stal nierdzewna Premium \u2013 12 d\u017awi\u0119k\u00f3w, g\u0142\u0119bokie brzmienie i r\u0119czne rzemios\u0142o. Stw\u00f3rz teraz sw\u00f3j unikalny instrument!\" \/>\n<meta name=\"robots\" content=\"index, follow, max-snippet:-1, max-image-preview:large, max-video-preview:-1\" \/>\n<link rel=\"canonical\" href=\"https:\/\/miloscispokoj.pl\/en\/product\/handpan-d-kurd-12-with-premium-stainless-steel-440-432-hz\/\" \/>\n<meta property=\"og:locale\" content=\"en_GB\" \/>\n<meta property=\"og:type\" content=\"article\" \/>\n<meta property=\"og:title\" content=\"Handpan D Kurd 12 (10+2) z Stal nierdzewna Premium 440\/432 Hz - Mi\u0142o\u015b\u0107 i Spok\u00f3j\" \/>\n<meta property=\"og:description\" content=\"Handpan D Kurd 12 z Stal nierdzewna Premium \u2013 12 d\u017awi\u0119k\u00f3w, g\u0142\u0119bokie brzmienie i r\u0119czne rzemios\u0142o. Stw\u00f3rz teraz sw\u00f3j unikalny instrument!\" \/>\n<meta property=\"og:url\" content=\"https:\/\/miloscispokoj.pl\/en\/product\/handpan-d-kurd-12-with-premium-stainless-steel-440-432-hz\/\" \/>\n<meta property=\"og:site_name\" content=\"Mi\u0142o\u015b\u0107 i Spok\u00f3j\" \/>\n<meta property=\"article:publisher\" content=\"https:\/\/www.facebook.com\/HandpanyMiloscISpokoj\" \/>\n<meta property=\"article:modified_time\" content=\"2026-03-26T20:00:35+00:00\" \/>\n<meta property=\"og:image\" content=\"https:\/\/miloscispokoj.pl\/wp-content\/uploads\/2025\/05\/Handpan-D-Kurd-12-z-Stal%20nierdzewna%20Premium-Steel-handpanpolska_pl.png?wsr\" \/>\n\t<meta property=\"og:image:width\" content=\"800\" \/>\n\t<meta property=\"og:image:height\" content=\"800\" \/>\n\t<meta property=\"og:image:type\" content=\"image\/png\" \/>\n<meta name=\"twitter:card\" content=\"summary_large_image\" \/>\n<meta name=\"twitter:label1\" content=\"Estimated reading time\" \/>\n\t<meta name=\"twitter:data1\" content=\"3 minutes\" \/>\n<script type=\"application\/ld+json\" class=\"yoast-schema-graph\">{\"@context\":\"https:\\\/\\\/schema.org\",\"@graph\":[{\"@type\":\"WebPage\",\"@id\":\"https:\\\/\\\/miloscispokoj.pl\\\/produkt\\\/handpan-d-kurd-12-z-stal-nierdzewna-premium-440-432-hz\\\/\",\"url\":\"https:\\\/\\\/miloscispokoj.pl\\\/produkt\\\/handpan-d-kurd-12-z-stal-nierdzewna-premium-440-432-hz\\\/\",\"name\":\"Handpan D Kurd 12 (10+2) z Stal nierdzewna Premium 440\\\/432 Hz - Mi\u0142o\u015b\u0107 i Spok\u00f3j\",\"isPartOf\":{\"@id\":\"https:\\\/\\\/miloscispokoj.pl\\\/#website\"},\"primaryImageOfPage\":{\"@id\":\"https:\\\/\\\/miloscispokoj.pl\\\/produkt\\\/handpan-d-kurd-12-z-stal-nierdzewna-premium-440-432-hz\\\/#primaryimage\"},\"image\":{\"@id\":\"https:\\\/\\\/miloscispokoj.pl\\\/produkt\\\/handpan-d-kurd-12-z-stal-nierdzewna-premium-440-432-hz\\\/#primaryimage\"},\"thumbnailUrl\":\"https:\\\/\\\/miloscispokoj.pl\\\/wp-content\\\/uploads\\\/2025\\\/05\\\/Handpan-D-Kurd-12-z-Stal nierdzewna Premium-Steel-handpanpolska_pl.png?wsr\",\"datePublished\":\"2025-05-29T17:44:14+00:00\",\"dateModified\":\"2026-03-26T20:00:35+00:00\",\"description\":\"Handpan D Kurd 12 z Stal nierdzewna Premium \u2013 12 d\u017awi\u0119k\u00f3w, g\u0142\u0119bokie brzmienie i r\u0119czne rzemios\u0142o. Stw\u00f3rz teraz sw\u00f3j unikalny instrument!\",\"breadcrumb\":{\"@id\":\"https:\\\/\\\/miloscispokoj.pl\\\/produkt\\\/handpan-d-kurd-12-z-stal-nierdzewna-premium-440-432-hz\\\/#breadcrumb\"},\"inLanguage\":\"en-GB\",\"potentialAction\":[{\"@type\":\"ReadAction\",\"target\":[\"https:\\\/\\\/miloscispokoj.pl\\\/produkt\\\/handpan-d-kurd-12-z-stal-nierdzewna-premium-440-432-hz\\\/\"]}]},{\"@type\":\"ImageObject\",\"inLanguage\":\"en-GB\",\"@id\":\"https:\\\/\\\/miloscispokoj.pl\\\/produkt\\\/handpan-d-kurd-12-z-stal-nierdzewna-premium-440-432-hz\\\/#primaryimage\",\"url\":\"https:\\\/\\\/miloscispokoj.pl\\\/wp-content\\\/uploads\\\/2025\\\/05\\\/Handpan-D-Kurd-12-z-Stal nierdzewna Premium-Steel-handpanpolska_pl.png?wsr\",\"contentUrl\":\"https:\\\/\\\/miloscispokoj.pl\\\/wp-content\\\/uploads\\\/2025\\\/05\\\/Handpan-D-Kurd-12-z-Stal nierdzewna Premium-Steel-handpanpolska_pl.png?wsr\",\"width\":800,\"height\":800,\"caption\":\"Handpan D Kurd 12 z Stal nierdzewna Premium - handpanpolska_pl\"},{\"@type\":\"BreadcrumbList\",\"@id\":\"https:\\\/\\\/miloscispokoj.pl\\\/produkt\\\/handpan-d-kurd-12-z-stal-nierdzewna-premium-440-432-hz\\\/#breadcrumb\",\"itemListElement\":[{\"@type\":\"ListItem\",\"position\":1,\"name\":\"Mi\u0142o\u015b\u0107 i Spok\u00f3j\",\"item\":\"https:\\\/\\\/miloscispokoj.pl\\\/\"},{\"@type\":\"ListItem\",\"position\":2,\"name\":\"Sklep z handpanami \u2013 wybierz sw\u00f3j instrument\",\"item\":\"https:\\\/\\\/miloscispokoj.pl\\\/sklep-handpan-milosc-i-spokoj\\\/\"},{\"@type\":\"ListItem\",\"position\":3,\"name\":\"Handpan D Kurd 12 (10+2) z Stal nierdzewna Premium 440\\\/432 Hz\"}]},{\"@type\":\"WebSite\",\"@id\":\"https:\\\/\\\/miloscispokoj.pl\\\/#website\",\"url\":\"https:\\\/\\\/miloscispokoj.pl\\\/\",\"name\":\"handpany Mi\u0142o\u015b\u0107 i Spok\u00f3j\",\"description\":\"Odkryj moc instrumentu, kt\u00f3ry przenosi do krainy medytacji, relaksu i duchowego wzrostu.\",\"publisher\":{\"@id\":\"https:\\\/\\\/miloscispokoj.pl\\\/#organization\"},\"alternateName\":\"R\u0119cznie robione handpany marki Mi\u0142o\u015b\u0107 i Spok\u00f3j\",\"potentialAction\":[{\"@type\":\"SearchAction\",\"target\":{\"@type\":\"EntryPoint\",\"urlTemplate\":\"https:\\\/\\\/miloscispokoj.pl\\\/?s={search_term_string}\"},\"query-input\":{\"@type\":\"PropertyValueSpecification\",\"valueRequired\":true,\"valueName\":\"search_term_string\"}}],\"inLanguage\":\"en-GB\"},{\"@type\":\"Organization\",\"@id\":\"https:\\\/\\\/miloscispokoj.pl\\\/#organization\",\"name\":\"Firma: Kreatywne \u015acie\u017cki Piotr Kaczorowski Marka: Mi\u0142o\u015b\u0107 i Spok\u00f3j\",\"alternateName\":\"Mi\u0142o\u015b\u0107 i spok\u00f3j\",\"url\":\"https:\\\/\\\/miloscispokoj.pl\\\/\",\"logo\":{\"@type\":\"ImageObject\",\"inLanguage\":\"en-GB\",\"@id\":\"https:\\\/\\\/miloscispokoj.pl\\\/#\\\/schema\\\/logo\\\/image\\\/\",\"url\":\"https:\\\/\\\/miloscispokoj.pl\\\/wp-content\\\/uploads\\\/2025\\\/04\\\/cropped-Logo_MILOSC-I-SPOKOJ_pl_CMYK_v1_RGB_z-bialym-tlem.png?wsr\",\"contentUrl\":\"https:\\\/\\\/miloscispokoj.pl\\\/wp-content\\\/uploads\\\/2025\\\/04\\\/cropped-Logo_MILOSC-I-SPOKOJ_pl_CMYK_v1_RGB_z-bialym-tlem.png?wsr\",\"width\":512,\"height\":512,\"caption\":\"Firma: Kreatywne \u015acie\u017cki Piotr Kaczorowski Marka: Mi\u0142o\u015b\u0107 i Spok\u00f3j\"},\"image\":{\"@id\":\"https:\\\/\\\/miloscispokoj.pl\\\/#\\\/schema\\\/logo\\\/image\\\/\"},\"sameAs\":[\"https:\\\/\\\/www.facebook.com\\\/HandpanyMiloscISpokoj\",\"https:\\\/\\\/www.youtube.com\\\/@miloscispokoj\"]}]}<\/script>\n<!-- \/ Yoast SEO plugin. -->","yoast_head_json":{"title":"Handpan D Kurd 12 (10+2) z Stal nierdzewna Premium 440\/432 Hz - Mi\u0142o\u015b\u0107 i Spok\u00f3j","description":"Handpan D Kurd 12 in Premium Stainless Steel \u2013 12 notes, deep sound, and handcrafted. Create your own unique instrument now!","robots":{"index":"index","follow":"follow","max-snippet":"max-snippet:-1","max-image-preview":"max-image-preview:large","max-video-preview":"max-video-preview:-1"},"canonical":"https:\/\/miloscispokoj.pl\/en\/product\/handpan-d-kurd-12-with-premium-stainless-steel-440-432-hz\/","og_locale":"en_GB","og_type":"article","og_title":"Handpan D Kurd 12 (10+2) z Stal nierdzewna Premium 440\/432 Hz - Mi\u0142o\u015b\u0107 i Spok\u00f3j","og_description":"Handpan D Kurd 12 z Stal nierdzewna Premium \u2013 12 d\u017awi\u0119k\u00f3w, g\u0142\u0119bokie brzmienie i r\u0119czne rzemios\u0142o. Stw\u00f3rz teraz sw\u00f3j unikalny instrument!","og_url":"https:\/\/miloscispokoj.pl\/en\/product\/handpan-d-kurd-12-with-premium-stainless-steel-440-432-hz\/","og_site_name":"Mi\u0142o\u015b\u0107 i Spok\u00f3j","article_publisher":"https:\/\/www.facebook.com\/HandpanyMiloscISpokoj","article_modified_time":"2026-03-26T20:00:35+00:00","og_image":[{"width":800,"height":800,"url":"https:\/\/miloscispokoj.pl\/wp-content\/uploads\/2025\/05\/Handpan-D-Kurd-12-z-Stal nierdzewna Premium-Steel-handpanpolska_pl.png?wsr","type":"image\/png"}],"twitter_card":"summary_large_image","twitter_misc":{"Estimated reading time":"3 minutes"},"schema":{"@context":"https:\/\/schema.org","@graph":[{"@type":"WebPage","@id":"https:\/\/miloscispokoj.pl\/produkt\/handpan-d-kurd-12-z-stal-nierdzewna-premium-440-432-hz\/","url":"https:\/\/miloscispokoj.pl\/produkt\/handpan-d-kurd-12-z-stal-nierdzewna-premium-440-432-hz\/","name":"Handpan D Kurd 12 (10+2) z Stal nierdzewna Premium 440\/432 Hz - Mi\u0142o\u015b\u0107 i Spok\u00f3j","isPartOf":{"@id":"https:\/\/miloscispokoj.pl\/#website"},"primaryImageOfPage":{"@id":"https:\/\/miloscispokoj.pl\/produkt\/handpan-d-kurd-12-z-stal-nierdzewna-premium-440-432-hz\/#primaryimage"},"image":{"@id":"https:\/\/miloscispokoj.pl\/produkt\/handpan-d-kurd-12-z-stal-nierdzewna-premium-440-432-hz\/#primaryimage"},"thumbnailUrl":"https:\/\/miloscispokoj.pl\/wp-content\/uploads\/2025\/05\/Handpan-D-Kurd-12-z-Stal nierdzewna Premium-Steel-handpanpolska_pl.png?wsr","datePublished":"2025-05-29T17:44:14+00:00","dateModified":"2026-03-26T20:00:35+00:00","description":"Handpan D Kurd 12 in Premium Stainless Steel \u2013 12 notes, deep sound, and handcrafted. Create your own unique instrument now!","breadcrumb":{"@id":"https:\/\/miloscispokoj.pl\/produkt\/handpan-d-kurd-12-z-stal-nierdzewna-premium-440-432-hz\/#breadcrumb"},"inLanguage":"en-GB","potentialAction":[{"@type":"ReadAction","target":["https:\/\/miloscispokoj.pl\/produkt\/handpan-d-kurd-12-z-stal-nierdzewna-premium-440-432-hz\/"]}]},{"@type":"ImageObject","inLanguage":"en-GB","@id":"https:\/\/miloscispokoj.pl\/produkt\/handpan-d-kurd-12-z-stal-nierdzewna-premium-440-432-hz\/#primaryimage","url":"https:\/\/miloscispokoj.pl\/wp-content\/uploads\/2025\/05\/Handpan-D-Kurd-12-z-Stal nierdzewna Premium-Steel-handpanpolska_pl.png?wsr","contentUrl":"https:\/\/miloscispokoj.pl\/wp-content\/uploads\/2025\/05\/Handpan-D-Kurd-12-z-Stal nierdzewna Premium-Steel-handpanpolska_pl.png?wsr","width":800,"height":800,"caption":"Handpan D Kurd 12 z Stal nierdzewna Premium - handpanpolska_pl"},{"@type":"BreadcrumbList","@id":"https:\/\/miloscispokoj.pl\/produkt\/handpan-d-kurd-12-z-stal-nierdzewna-premium-440-432-hz\/#breadcrumb","itemListElement":[{"@type":"ListItem","position":1,"name":"Mi\u0142o\u015b\u0107 i Spok\u00f3j","item":"https:\/\/miloscispokoj.pl\/"},{"@type":"ListItem","position":2,"name":"Sklep z handpanami \u2013 wybierz sw\u00f3j instrument","item":"https:\/\/miloscispokoj.pl\/sklep-handpan-milosc-i-spokoj\/"},{"@type":"ListItem","position":3,"name":"Handpan D Kurd 12 (10+2) z Stal nierdzewna Premium 440\/432 Hz"}]},{"@type":"WebSite","@id":"https:\/\/miloscispokoj.pl\/#website","url":"https:\/\/miloscispokoj.pl\/","name":"Mi\u0142o\u015b\u0107 i Spok\u00f3j handpans","description":"Discover the power of a tool that takes you to the land of meditation, relaxation, and spiritual growth.","publisher":{"@id":"https:\/\/miloscispokoj.pl\/#organization"},"alternateName":"R\u0119cznie robione handpany marki Mi\u0142o\u015b\u0107 i Spok\u00f3j","potentialAction":[{"@type":"SearchAction","target":{"@type":"EntryPoint","urlTemplate":"https:\/\/miloscispokoj.pl\/?s={search_term_string}"},"query-input":{"@type":"PropertyValueSpecification","valueRequired":true,"valueName":"search_term_string"}}],"inLanguage":"en-GB"},{"@type":"Organization","@id":"https:\/\/miloscispokoj.pl\/#organization","name":"Company: creative ways Peter Kaczorowski brand: love and tranquility","alternateName":"Mi\u0142o\u015b\u0107 i spok\u00f3j","url":"https:\/\/miloscispokoj.pl\/","logo":{"@type":"ImageObject","inLanguage":"en-GB","@id":"https:\/\/miloscispokoj.pl\/#\/schema\/logo\/image\/","url":"https:\/\/miloscispokoj.pl\/wp-content\/uploads\/2025\/04\/cropped-Logo_MILOSC-I-SPOKOJ_pl_CMYK_v1_RGB_z-bialym-tlem.png?wsr","contentUrl":"https:\/\/miloscispokoj.pl\/wp-content\/uploads\/2025\/04\/cropped-Logo_MILOSC-I-SPOKOJ_pl_CMYK_v1_RGB_z-bialym-tlem.png?wsr","width":512,"height":512,"caption":"Firma: Kreatywne \u015acie\u017cki Piotr Kaczorowski Marka: Mi\u0142o\u015b\u0107 i Spok\u00f3j"},"image":{"@id":"https:\/\/miloscispokoj.pl\/#\/schema\/logo\/image\/"},"sameAs":["https:\/\/www.facebook.com\/HandpanyMiloscISpokoj","https:\/\/www.youtube.com\/@miloscispokoj"]}]}},"_links":{"self":[{"href":"https:\/\/miloscispokoj.pl\/en\/wp-json\/wp\/v2\/product\/2046","targetHints":{"allow":["GET"]}}],"collection":[{"href":"https:\/\/miloscispokoj.pl\/en\/wp-json\/wp\/v2\/product"}],"about":[{"href":"https:\/\/miloscispokoj.pl\/en\/wp-json\/wp\/v2\/types\/product"}],"replies":[{"embeddable":true,"href":"https:\/\/miloscispokoj.pl\/en\/wp-json\/wp\/v2\/comments?post=2046"}],"wp:featuredmedia":[{"embeddable":true,"href":"https:\/\/miloscispokoj.pl\/en\/wp-json\/wp\/v2\/media\/2048"}],"wp:attachment":[{"href":"https:\/\/miloscispokoj.pl\/en\/wp-json\/wp\/v2\/media?parent=2046"}],"wp:term":[{"taxonomy":"product_brand","embeddable":true,"href":"https:\/\/miloscispokoj.pl\/en\/wp-json\/wp\/v2\/product_brand?post=2046"},{"taxonomy":"product_cat","embeddable":true,"href":"https:\/\/miloscispokoj.pl\/en\/wp-json\/wp\/v2\/product_cat?post=2046"},{"taxonomy":"product_tag","embeddable":true,"href":"https:\/\/miloscispokoj.pl\/en\/wp-json\/wp\/v2\/product_tag?post=2046"}],"curies":[{"name":"wp","href":"https:\/\/api.w.org\/{rel}","templated":true}]}}