{"id":4271,"date":"2026-02-16T14:39:11","date_gmt":"2026-02-16T13:39:11","guid":{"rendered":"https:\/\/miloscispokoj.pl\/?page_id=4271"},"modified":"2026-03-16T22:10:02","modified_gmt":"2026-03-16T21:10:02","slug":"comment-nous-emballons-votre-envoi-de-poeles-a-mains-0-pln","status":"publish","type":"page","link":"https:\/\/miloscispokoj.pl\/fr\/jak-pakujemy-twoje-handpany-przesylka-0-pln\/","title":{"rendered":"Comment nous emballons vos handpans \u2013 frais de port 0 PLN"},"content":{"rendered":"<p>Chaque <a href=\"https:\/\/miloscispokoj.pl\/fr\/skad-pochodzi-handpan-historia-instrumentu-ktory-podbil-swiat\/\">handpan<\/a> est trait\u00e9 avec le plus grand soin. Nos instruments sont emball\u00e9s avec attention afin de les prot\u00e9ger des chocs, de l'humidit\u00e9 et des dommages durant le transport. Ainsi, ils arrivent en parfait \u00e9tat, pr\u00eats \u00e0 jouer.<\/p>\n\n\n\n<h2 class=\"wp-block-heading\">Contr\u00f4le de qualit\u00e9 des handpans \u00e0 Gda\u0144sk<\/h2>\n\n\n\n<p>Chaque handpan que je r\u00e9cup\u00e8re aupr\u00e8s du fabricant \u00e0 Gda\u0144sk est minutieusement test\u00e9 par mes soins. Ce n'est que lorsqu'il r\u00e9pond \u00e0 toutes les exigences de qualit\u00e9 (intonation parfaite, harmonies justes, absence de d\u00e9fauts) que nous l'emballons et vous l'exp\u00e9dions.<\/p>\n\n\n\n<p>Apprenez-en davantage sur notre <a href=\"https:\/\/miloscispokoj.pl\/fr\/tests-de-qualite-de-handpan-et-livraison-a-gdansk\/\" target=\"_blank\" rel=\"noreferrer noopener\">tests de qualit\u00e9 et notre service de livraison de handpans \u00e0 Gdansk.<\/a>.<\/p>\n\n\n\n<h2 class=\"wp-block-heading\" id=\"etapy-pakowania-handpana\">\u00e9tapes d'emballage du handpan<\/h2>\n\n\n\n<p>Voici comment nous prot\u00e9geons votre instrument, \u00e9tape par \u00e9tape, afin qu'il arrive en parfait \u00e9tat\u00a0:<\/p>\n\n\n\n<p><strong>Carton de base<\/strong><br>Le handpan est emball\u00e9 dans une bo\u00eete en carton solide mesurant 63 x 63 x 45 cm, parfaitement adapt\u00e9e aux balances standard.<\/p>\n\n\n\n<p><strong>Handpan avec \u00e9tui rigide<\/strong><br>L'instrument, rang\u00e9 dans un \u00e9tui rigide, est entour\u00e9 de tubes en carton creux et r\u00e9sistants qui assurent sa stabilit\u00e9 et le prot\u00e8gent des chocs. L'ensemble est enferm\u00e9 dans un cadre en polystyr\u00e8ne expans\u00e9, recouvert d'une couche suppl\u00e9mentaire de carton \u00e9pais (plusieurs centim\u00e8tres). Enfin, une plaque de plexiglas prot\u00e8ge les notes les plus sensibles (m\u00e9diums et aigus).<\/p>\n\n\n\n<p><strong>Handpan dans un sac souple<\/strong><br>Dans le cas d'un instrument achet\u00e9 avec un \u00e9tui souple, le handpan est plac\u00e9 dans un cadre en polystyr\u00e8ne profond, et l'\u00e9tui souple le prot\u00e8ge en plus par le dessus \u2013 il offre une double protection contre les chocs et l'humidit\u00e9.<\/p>\n\n\n\n<p>Gr\u00e2ce \u00e0 cet emballage, votre handpan est parfaitement prot\u00e9g\u00e9 pendant le transport, m\u00eame dans les conditions les plus difficiles !<\/p>\n\n\n\n<h2 class=\"wp-block-heading\" id=\"koszty-i-czasy-dostawy\">Frais et d\u00e9lais de livraison<\/h2>\n\n\n\n<p>Voici quelques exemples de tarifs (en fonction du poids, du type d'emballage et du transporteur comme DPD, UPS ou InPost)\u00a0:<\/p>\n\n\n\n<div id=\"cennik-dostaw\" class=\"table-responsive\"> <table class=\"table table-striped\"> <thead> <tr> <th>R\u00e9gion<\/th> <th>Frais de livraison<\/th> <th>D\u00e9lai de livraison<\/th> <\/tr> <\/thead> <tbody> <tr> <td><strong>Pologne<\/strong><\/td> <td>Livraison gratuite pour les achats sup\u00e9rieurs \u00e0 5\u00a0000 PLN \u2013 inf\u00e9rieurs \u00e0 150 PLN <\/td> <td>1 \u00e0 3 jours<\/td> <\/tr> <tr> <td><strong>UE<\/strong><\/td> <td>250-350 z\u0142<\/td> <td>4 \u00e0 12 jours<\/td> <\/tr> <tr> <td><strong>En dehors de l'UE<\/strong><\/td> <td>Sur demande<\/td> <td>Individuellement<\/td> <\/tr> <\/tbody> <\/table> <\/div>\n<br>\n<p><strong>Les colis sont enti\u00e8rement assur\u00e9s.<br> En cas de carton endommag\u00e9 <u style=\"color:red\">demandez au livreur d'\u00e9tablir un constat de dommages, de prendre des photos et de nous envoyer toutes les informations par e-mail.<\/u> kontakt@miloscispokoj.pl. <br \/>Nous nous chargerons de toute la proc\u00e9dure de r\u00e9clamation \u2013 vous n'avez \u00e0 vous soucier de rien.<\/strong><\/p>","protected":false},"excerpt":{"rendered":"<p>Traktujemy ka\u017cdy handpan jak skarb. Nasze instrumenty podr\u00f3\u017cuj\u0105 w precyzyjnie przygotowanym opakowaniu, kt\u00f3re chroni je przed wstrz\u0105sami, wilgoci\u0105 i uszkodzeniami podczas wysy\u0142ki. Dzi\u0119ki temu docieraj\u0105 do Ciebie w idealnym stanie, gotowe do gry. Testowanie jako\u015bci handpana w Gda\u0144sku Ka\u017cdy handpan, kt\u00f3ry odbiram od makera w Gda\u0144sku, jest najpierw dok\u0142adnie przeze mnie testowany. Dopiero gdy spe\u0142ni [&hellip;]<\/p>","protected":false},"author":1,"featured_media":0,"parent":0,"menu_order":0,"comment_status":"closed","ping_status":"closed","template":"","meta":{"footnotes":""},"class_list":["post-4271","page","type-page","status-publish","hentry"],"yoast_head":"<!-- This site is optimized with the Yoast SEO plugin v27.3 - https:\/\/yoast.com\/product\/yoast-seo-wordpress\/ -->\n<title>Bezpieczna przesy\u0142ka GRATIS -Mi\u0142o\u015b\u0107 i Spok\u00f3j<\/title>\n<meta name=\"description\" content=\"Bezpieczna, darmowa i ubezpieczona przesy\u0142a - testy handpan\u00f3w w Gda\u0144sku. Paczka w Polsce za 0z\u0142 (2-5 dni), UE 250-350z\u0142 (5-14 dni).\" \/>\n<meta name=\"robots\" content=\"index, follow, max-snippet:-1, max-image-preview:large, max-video-preview:-1\" \/>\n<link rel=\"canonical\" href=\"https:\/\/miloscispokoj.pl\/fr\/comment-nous-emballons-votre-envoi-de-poeles-a-mains-0-pln\/\" \/>\n<meta property=\"og:locale\" content=\"fr_FR\" \/>\n<meta property=\"og:type\" content=\"article\" \/>\n<meta property=\"og:title\" content=\"Bezpieczna przesy\u0142ka GRATIS -Mi\u0142o\u015b\u0107 i Spok\u00f3j\" \/>\n<meta property=\"og:description\" content=\"Bezpieczna, darmowa i ubezpieczona przesy\u0142a - testy handpan\u00f3w w Gda\u0144sku. Paczka w Polsce za 0z\u0142 (2-5 dni), UE 250-350z\u0142 (5-14 dni).\" \/>\n<meta property=\"og:url\" content=\"https:\/\/miloscispokoj.pl\/fr\/comment-nous-emballons-votre-envoi-de-poeles-a-mains-0-pln\/\" \/>\n<meta property=\"og:site_name\" content=\"Mi\u0142o\u015b\u0107 i Spok\u00f3j\" \/>\n<meta property=\"article:publisher\" content=\"https:\/\/www.facebook.com\/HandpanyMiloscISpokoj\" \/>\n<meta property=\"article:modified_time\" content=\"2026-03-16T21:10:02+00:00\" \/>\n<meta property=\"og:image\" content=\"https:\/\/miloscispokoj.pl\/wp-content\/uploads\/2025\/04\/cropped-Logo_MILOSC-I-SPOKOJ_pl_CMYK_v1_RGB_z-bialym-tlem.png?wsr\" \/>\n\t<meta property=\"og:image:width\" content=\"512\" \/>\n\t<meta property=\"og:image:height\" content=\"512\" \/>\n\t<meta property=\"og:image:type\" content=\"image\/png\" \/>\n<meta name=\"twitter:card\" content=\"summary_large_image\" \/>\n<meta name=\"twitter:label1\" content=\"Dur\u00e9e de lecture estim\u00e9e\" \/>\n\t<meta name=\"twitter:data1\" content=\"2 minutes\" \/>\n<script type=\"application\/ld+json\" class=\"yoast-schema-graph\">{\"@context\":\"https:\\\/\\\/schema.org\",\"@graph\":[{\"@type\":\"WebPage\",\"@id\":\"https:\\\/\\\/miloscispokoj.pl\\\/jak-pakujemy-twoje-handpany-przesylka-0-pln\\\/\",\"url\":\"https:\\\/\\\/miloscispokoj.pl\\\/jak-pakujemy-twoje-handpany-przesylka-0-pln\\\/\",\"name\":\"Bezpieczna przesy\u0142ka GRATIS -Mi\u0142o\u015b\u0107 i Spok\u00f3j\",\"isPartOf\":{\"@id\":\"https:\\\/\\\/miloscispokoj.pl\\\/#website\"},\"datePublished\":\"2026-02-16T13:39:11+00:00\",\"dateModified\":\"2026-03-16T21:10:02+00:00\",\"description\":\"Bezpieczna, darmowa i ubezpieczona przesy\u0142a - testy handpan\u00f3w w Gda\u0144sku. Paczka w Polsce za 0z\u0142 (2-5 dni), UE 250-350z\u0142 (5-14 dni).\",\"breadcrumb\":{\"@id\":\"https:\\\/\\\/miloscispokoj.pl\\\/jak-pakujemy-twoje-handpany-przesylka-0-pln\\\/#breadcrumb\"},\"inLanguage\":\"fr-FR\",\"potentialAction\":[{\"@type\":\"ReadAction\",\"target\":[\"https:\\\/\\\/miloscispokoj.pl\\\/jak-pakujemy-twoje-handpany-przesylka-0-pln\\\/\"]}]},{\"@type\":\"BreadcrumbList\",\"@id\":\"https:\\\/\\\/miloscispokoj.pl\\\/jak-pakujemy-twoje-handpany-przesylka-0-pln\\\/#breadcrumb\",\"itemListElement\":[{\"@type\":\"ListItem\",\"position\":1,\"name\":\"Mi\u0142o\u015b\u0107 i Spok\u00f3j\",\"item\":\"https:\\\/\\\/miloscispokoj.pl\\\/\"},{\"@type\":\"ListItem\",\"position\":2,\"name\":\"Jak pakujemy Twoje handpany \u2013 przesy\u0142ka 0 PLN\"}]},{\"@type\":\"WebSite\",\"@id\":\"https:\\\/\\\/miloscispokoj.pl\\\/#website\",\"url\":\"https:\\\/\\\/miloscispokoj.pl\\\/\",\"name\":\"handpany Mi\u0142o\u015b\u0107 i Spok\u00f3j\",\"description\":\"Odkryj moc instrumentu, kt\u00f3ry przenosi do krainy medytacji, relaksu i duchowego wzrostu.\",\"publisher\":{\"@id\":\"https:\\\/\\\/miloscispokoj.pl\\\/#organization\"},\"alternateName\":\"R\u0119cznie robione handpany marki Mi\u0142o\u015b\u0107 i Spok\u00f3j\",\"potentialAction\":[{\"@type\":\"SearchAction\",\"target\":{\"@type\":\"EntryPoint\",\"urlTemplate\":\"https:\\\/\\\/miloscispokoj.pl\\\/?s={search_term_string}\"},\"query-input\":{\"@type\":\"PropertyValueSpecification\",\"valueRequired\":true,\"valueName\":\"search_term_string\"}}],\"inLanguage\":\"fr-FR\"},{\"@type\":\"Organization\",\"@id\":\"https:\\\/\\\/miloscispokoj.pl\\\/#organization\",\"name\":\"Firma: Kreatywne \u015acie\u017cki Piotr Kaczorowski Marka: Mi\u0142o\u015b\u0107 i Spok\u00f3j\",\"alternateName\":\"Mi\u0142o\u015b\u0107 i spok\u00f3j\",\"url\":\"https:\\\/\\\/miloscispokoj.pl\\\/\",\"logo\":{\"@type\":\"ImageObject\",\"inLanguage\":\"fr-FR\",\"@id\":\"https:\\\/\\\/miloscispokoj.pl\\\/#\\\/schema\\\/logo\\\/image\\\/\",\"url\":\"https:\\\/\\\/miloscispokoj.pl\\\/wp-content\\\/uploads\\\/2025\\\/04\\\/cropped-Logo_MILOSC-I-SPOKOJ_pl_CMYK_v1_RGB_z-bialym-tlem.png?wsr\",\"contentUrl\":\"https:\\\/\\\/miloscispokoj.pl\\\/wp-content\\\/uploads\\\/2025\\\/04\\\/cropped-Logo_MILOSC-I-SPOKOJ_pl_CMYK_v1_RGB_z-bialym-tlem.png?wsr\",\"width\":512,\"height\":512,\"caption\":\"Firma: Kreatywne \u015acie\u017cki Piotr Kaczorowski Marka: Mi\u0142o\u015b\u0107 i Spok\u00f3j\"},\"image\":{\"@id\":\"https:\\\/\\\/miloscispokoj.pl\\\/#\\\/schema\\\/logo\\\/image\\\/\"},\"sameAs\":[\"https:\\\/\\\/www.facebook.com\\\/HandpanyMiloscISpokoj\",\"https:\\\/\\\/www.youtube.com\\\/@miloscispokoj\"]}]}<\/script>\n<!-- \/ Yoast SEO plugin. -->","yoast_head_json":{"title":"Livraison GRATUITE et s\u00e9curis\u00e9e - Handpans Mi\u0142o\u015b\u0107 i Spok\u00f3j","description":"Livraison s\u00e9curis\u00e9e, gratuite et assur\u00e9e - essais de handpan \u00e0 Gdansk. Livraison gratuite en Pologne (2 \u00e0 5 jours), 250 \u00e0 350 PLN dans l'UE (5 \u00e0 14 jours).","robots":{"index":"index","follow":"follow","max-snippet":"max-snippet:-1","max-image-preview":"max-image-preview:large","max-video-preview":"max-video-preview:-1"},"canonical":"https:\/\/miloscispokoj.pl\/fr\/comment-nous-emballons-votre-envoi-de-poeles-a-mains-0-pln\/","og_locale":"fr_FR","og_type":"article","og_title":"Bezpieczna przesy\u0142ka GRATIS -Mi\u0142o\u015b\u0107 i Spok\u00f3j","og_description":"Bezpieczna, darmowa i ubezpieczona przesy\u0142a - testy handpan\u00f3w w Gda\u0144sku. Paczka w Polsce za 0z\u0142 (2-5 dni), UE 250-350z\u0142 (5-14 dni).","og_url":"https:\/\/miloscispokoj.pl\/fr\/comment-nous-emballons-votre-envoi-de-poeles-a-mains-0-pln\/","og_site_name":"Mi\u0142o\u015b\u0107 i Spok\u00f3j","article_publisher":"https:\/\/www.facebook.com\/HandpanyMiloscISpokoj","article_modified_time":"2026-03-16T21:10:02+00:00","og_image":[{"width":512,"height":512,"url":"https:\/\/miloscispokoj.pl\/wp-content\/uploads\/2025\/04\/cropped-Logo_MILOSC-I-SPOKOJ_pl_CMYK_v1_RGB_z-bialym-tlem.png?wsr","type":"image\/png"}],"twitter_card":"summary_large_image","twitter_misc":{"Dur\u00e9e de lecture estim\u00e9e":"2 minutes"},"schema":{"@context":"https:\/\/schema.org","@graph":[{"@type":"WebPage","@id":"https:\/\/miloscispokoj.pl\/jak-pakujemy-twoje-handpany-przesylka-0-pln\/","url":"https:\/\/miloscispokoj.pl\/jak-pakujemy-twoje-handpany-przesylka-0-pln\/","name":"Livraison GRATUITE et s\u00e9curis\u00e9e - Handpans Mi\u0142o\u015b\u0107 i Spok\u00f3j","isPartOf":{"@id":"https:\/\/miloscispokoj.pl\/#website"},"datePublished":"2026-02-16T13:39:11+00:00","dateModified":"2026-03-16T21:10:02+00:00","description":"Livraison s\u00e9curis\u00e9e, gratuite et assur\u00e9e - essais de handpan \u00e0 Gdansk. Livraison gratuite en Pologne (2 \u00e0 5 jours), 250 \u00e0 350 PLN dans l'UE (5 \u00e0 14 jours).","breadcrumb":{"@id":"https:\/\/miloscispokoj.pl\/jak-pakujemy-twoje-handpany-przesylka-0-pln\/#breadcrumb"},"inLanguage":"fr-FR","potentialAction":[{"@type":"ReadAction","target":["https:\/\/miloscispokoj.pl\/jak-pakujemy-twoje-handpany-przesylka-0-pln\/"]}]},{"@type":"BreadcrumbList","@id":"https:\/\/miloscispokoj.pl\/jak-pakujemy-twoje-handpany-przesylka-0-pln\/#breadcrumb","itemListElement":[{"@type":"ListItem","position":1,"name":"Mi\u0142o\u015b\u0107 i Spok\u00f3j","item":"https:\/\/miloscispokoj.pl\/"},{"@type":"ListItem","position":2,"name":"Jak pakujemy Twoje handpany \u2013 przesy\u0142ka 0 PLN"}]},{"@type":"WebSite","@id":"https:\/\/miloscispokoj.pl\/#website","url":"https:\/\/miloscispokoj.pl\/","name":"handpany Mi\u0142o\u015b\u0107 i Spok\u00f3j","description":"D\u00e9couvrez la puissance de l'outil, qui vous transporte au pays de la m\u00e9ditation, de la relaxation et de la croissance spirituelle.","publisher":{"@id":"https:\/\/miloscispokoj.pl\/#organization"},"alternateName":"R\u0119cznie robione handpany marki Mi\u0142o\u015b\u0107 i Spok\u00f3j","potentialAction":[{"@type":"SearchAction","target":{"@type":"EntryPoint","urlTemplate":"https:\/\/miloscispokoj.pl\/?s={search_term_string}"},"query-input":{"@type":"PropertyValueSpecification","valueRequired":true,"valueName":"search_term_string"}}],"inLanguage":"fr-FR"},{"@type":"Organization","@id":"https:\/\/miloscispokoj.pl\/#organization","name":"Entreprise: cr\u00e9ation de la voie Piotr Kaczorowski de la marque: l'amour et la s\u00e9r\u00e9nit\u00e9","alternateName":"Mi\u0142o\u015b\u0107 i spok\u00f3j","url":"https:\/\/miloscispokoj.pl\/","logo":{"@type":"ImageObject","inLanguage":"fr-FR","@id":"https:\/\/miloscispokoj.pl\/#\/schema\/logo\/image\/","url":"https:\/\/miloscispokoj.pl\/wp-content\/uploads\/2025\/04\/cropped-Logo_MILOSC-I-SPOKOJ_pl_CMYK_v1_RGB_z-bialym-tlem.png?wsr","contentUrl":"https:\/\/miloscispokoj.pl\/wp-content\/uploads\/2025\/04\/cropped-Logo_MILOSC-I-SPOKOJ_pl_CMYK_v1_RGB_z-bialym-tlem.png?wsr","width":512,"height":512,"caption":"Firma: Kreatywne \u015acie\u017cki Piotr Kaczorowski Marka: Mi\u0142o\u015b\u0107 i Spok\u00f3j"},"image":{"@id":"https:\/\/miloscispokoj.pl\/#\/schema\/logo\/image\/"},"sameAs":["https:\/\/www.facebook.com\/HandpanyMiloscISpokoj","https:\/\/www.youtube.com\/@miloscispokoj"]}]}},"_links":{"self":[{"href":"https:\/\/miloscispokoj.pl\/fr\/wp-json\/wp\/v2\/pages\/4271","targetHints":{"allow":["GET"]}}],"collection":[{"href":"https:\/\/miloscispokoj.pl\/fr\/wp-json\/wp\/v2\/pages"}],"about":[{"href":"https:\/\/miloscispokoj.pl\/fr\/wp-json\/wp\/v2\/types\/page"}],"author":[{"embeddable":true,"href":"https:\/\/miloscispokoj.pl\/fr\/wp-json\/wp\/v2\/users\/1"}],"replies":[{"embeddable":true,"href":"https:\/\/miloscispokoj.pl\/fr\/wp-json\/wp\/v2\/comments?post=4271"}],"version-history":[{"count":36,"href":"https:\/\/miloscispokoj.pl\/fr\/wp-json\/wp\/v2\/pages\/4271\/revisions"}],"predecessor-version":[{"id":4545,"href":"https:\/\/miloscispokoj.pl\/fr\/wp-json\/wp\/v2\/pages\/4271\/revisions\/4545"}],"wp:attachment":[{"href":"https:\/\/miloscispokoj.pl\/fr\/wp-json\/wp\/v2\/media?parent=4271"}],"curies":[{"name":"wp","href":"https:\/\/api.w.org\/{rel}","templated":true}]}}