{"id":1109,"date":"2025-02-14T15:02:10","date_gmt":"2025-02-14T14:02:10","guid":{"rendered":"https:\/\/miloscispokoj.pl\/?post_type=product&#038;p=1109"},"modified":"2026-03-26T21:38:07","modified_gmt":"2026-03-26T20:38:07","slug":"handpan-f-flow-pygmy-21129-en-acier-inoxydable-de-qualite-superieure","status":"publish","type":"product","link":"https:\/\/miloscispokoj.pl\/fr\/produkt\/handpan-f-low-pygmy-21129-stal-nierdzewna-premium\/","title":{"rendered":"Handpan F # Low Pygm\u00e9e 21 (12 + 9) la prime d'acier inoxydable"},"content":{"rendered":"<h2>Handpan Mutant F# Low Pygmy 21 pouces en acier r\u00e9sistant \u00e0 la chaleur \u2013 MiloscISpokoj.pl<\/h2>\n<p>Imaginez un instrument alliant magie, savoir-faire et profonde harmonie. Le handpan de 21 notes, dans la gamme pygm\u00e9e grave unique F# (12+9), n&#039;est pas seulement un instrument\u00a0: c&#039;est un portail vers votre \u00e2me musicale. Chaque note, soigneusement accord\u00e9e par un ma\u00eetre, r\u00e9sonne avec puret\u00e9 et profondeur, enveloppant l&#039;espace d&#039;une douce lumi\u00e8re sonore. C&#039;est cette vibration qui apaise, inspire et vous permet d&#039;exprimer ce que les mots ne peuvent exprimer.<\/p>\n<div class=\"video-grid\">\n<div class=\"video-tile\">\n<div class=\"video-container\"><iframe src=\"https:\/\/player.vimeo.com\/video\/1095245717\" frameborder=\"0\" allowfullscreen=\"allowfullscreen\"><\/iframe>Handpan F# Low Pygmy 21 \u2013 Vid\u00e9o de production pour validation de conception<\/div>\n<\/div>\n<\/div>\n<h3><strong>Param\u00e8tres de l&#039;instrument Pygmy<\/strong><\/h3>\n<p class=\"\" data-start=\"0\" data-end=\"25\"><strong>Mat\u00e9riel<\/strong>Acier inoxydable de qualit\u00e9 sup\u00e9rieure<\/p>\n<p class=\"\" data-start=\"27\" data-end=\"41\"><strong>Taille<\/strong>: 53 cm<\/p>\n<p class=\"\" data-start=\"43\" data-end=\"62\"><strong>\u00c9chelle<\/strong>: F# Pygm\u00e9e bas<\/p>\n<p data-start=\"43\" data-end=\"62\"><strong>Nombre de sons<\/strong>: 21<\/p>\n<p class=\"\" data-start=\"64\" data-end=\"124\"><strong>\u00a0\u00a0\u00a0 Montagne<\/strong>: F#3), G#3, A3, C#4, E4, F#4, G#4, A4, C#5, E5, F#5, G#5<\/p>\n<p class=\"\" data-start=\"126\" data-end=\"167\"><strong>\u00a0\u00a0\u00a0 Bas<\/strong>: D3, E3, B3, D4, B4, D5, A5, B5, C#6<\/p>\n<p class=\"\" data-start=\"190\" data-end=\"222\"><strong>Tenue:<\/strong> 432 Hz \/ 440 Hz<\/p>\n<p class=\"\" data-start=\"224\" data-end=\"254\"><strong>Couleur<\/strong>: Or\/Bronze\/Argent : spirale\/Argent : r\u00e9tro 1,2,3\/Spirale dor\u00e9e<\/p>\n<p data-start=\"224\" data-end=\"254\"><strong>Cas:<\/strong> Doux (gratuit) \/ Dur (+ 107 EUR)<\/p>\n<h4 class=\"my-0\">Artisanat,<strong> que vous pouvez sentir sous vos doigts.<\/strong><\/h4>\n<p class=\"my-0\">Chaque pi\u00e8ce est fabriqu\u00e9e avec passion et pr\u00e9cision, du fa\u00e7onnage de l&#039;acier \u00e0 la touche finale, en passant par l&#039;accordage subtil. Il ne s&#039;agit pas d&#039;une production de masse, mais d&#039;une \u0153uvre d&#039;art unique qui enchante non seulement par sa sonorit\u00e9, mais aussi par son esth\u00e9tique. Sa surface miroitante refl\u00e8te la lumi\u00e8re, et le son s&#039;\u00e9coule tel un fleuve paisible, pur, durable et empreint d&#039;harmonie.<span class=\"whitespace-nowrap\">.<\/span><\/p>\n<h4 class=\"my-0\">Un univers de possibilit\u00e9s - pour vous avec le F# Pygmy.<\/h4>\n<p class=\"my-0\">Que vous jouiez en solo, cr\u00e9iez avec un groupe ou recherchiez simplement un r\u00e9confort musical, ce handpan vous ouvre un monde d&#039;inspiration. Ses sonorit\u00e9s m\u00e9lodieuses et apaisantes sont parfaites pour la m\u00e9ditation, la relaxation, le yoga ou la cr\u00e9ation de musique d&#039;ambiance. Et lorsque vous avez besoin d&#039;\u00e9nergie, sa palette sonore dynamique vous permet d&#039;exprimer joie et mouvement. C&#039;est un instrument qui \u00e9volue avec vous.<span class=\"whitespace-nowrap\">.<\/span><\/p>\n<h4 class=\"my-0\"><strong>Durabilit\u00e9 et beaut\u00e9 pendant des ann\u00e9es.<\/strong><\/h4>\n<p class=\"my-0\">Fabriqu\u00e9 en acier inoxydable de la plus haute qualit\u00e9, il r\u00e9siste au temps et \u00e0 l&#039;usage quotidien et deviendra votre compagnon musical pour les ann\u00e9es \u00e0 venir. Chaque son est synonyme de durabilit\u00e9 et de fiabilit\u00e9, et chaque instant pass\u00e9 avec le handpan est une rencontre avec l&#039;amour et la paix.<span class=\"whitespace-nowrap\">.<\/span><\/p>\n<h4 class=\"my-0\">Vivez la magie et red\u00e9couvrez-vous avec le handpan F Pygmy.<\/h4>\n<p class=\"my-0\">Accordez-vous un moment de silence, l\u00e0 o\u00f9 la musique na\u00eet. Le handpan pygm\u00e9e bas F# de 21 notes de miloscispokoj.pl est un instrument qui non seulement inspire, mais transforme. Pour les professionnels comme pour les amateurs. Pour ceux qui souhaitent cr\u00e9er de la beaut\u00e9 et partager la joie. Pour vous.<\/p>\n<blockquote>\n<p class=\"my-0\">\u00ab La musique est amour. Le son est paix. Tu es l&#039;harmonie. \u00bb \u2014 Milo\u015b\u0107ISpok\u00f3j.pl<\/p>\n<\/blockquote>\n<p class=\"my-0\"><strong>Attention:<\/strong><\/p>\n<p class=\"my-0\">La plupart de nos handpans sont disponibles en or ou en bronze. Nous confirmons toujours la teinte finale avec vous avant de passer commande afin de r\u00e9pondre \u00e0 vos attentes.<\/p>\n<p class=\"my-0\">Des informations d\u00e9taill\u00e9es sur les couleurs disponibles et un exemple de palette de couleurs sont disponibles sur notre site Web : <a href=\"https:\/\/miloscispokoj.pl\/fr\/palette-de-couleurs\/\" rel=\"nofollow noopener\">https:\/\/miloscispokoj.pl\/fr\/palette-de-couleurs\/<\/a>.<\/p>\n<p class=\"my-0\">Veuillez noter \u00e9galement que la patine qui se forme \u00e0 la surface des handpans en acier inoxydable de qualit\u00e9 sup\u00e9rieure n&#039;est pas totalement permanente. Avec le temps, l&#039;instrument peut l\u00e9g\u00e8rement changer de couleur, sans que cela n&#039;affecte son son ni son accordage. Ce changement est purement esth\u00e9tique et conf\u00e8re \u00e0 l&#039;instrument un caract\u00e8re vintage unique, \u00e9l\u00e9gant et inimitable.<\/p>\n<p class=\"my-0\">Si vous avez des questions ou des pr\u00e9occupations, nous sommes l\u00e0 pour vous aider\u00a0!<\/p>","protected":false},"excerpt":{"rendered":"<ul>\n<li>Mat\u00e9riau : Acier inoxydable de qualit\u00e9 sup\u00e9rieure<\/li>\n<li>Taille: 53 cm<\/li>\n<li>\u00c9chelle : F# Pygm\u00e9e basse<\/li>\n<li>Nombre de sons : 21\n<ul>\n<li>Haut\u00a0: F#3, G#3, A3, C#4, E4, F#4, G#4, A4, C#5, E5, F#5, G#5<\/li>\n<li>En bas : D3, E3, B3, D4, B4, D5, A5, B5, C#6<\/li>\n<\/ul>\n<\/li>\n<li>Accordage : 432 Hz \/ 440 Hz<\/li>\n<li>Couleur : Or\/Marron\/Argent : spirale\/Argent : r\u00e9tro 1,2,3\/Spirale dor\u00e9e<\/li>\n<li>\u00c9tui : Souple (gratuit) \/ Rigide (+ 107 EUR)<\/li>\n<\/ul>\n<hr>\n<h2>Prix \u200b\u200bdu handpan \u00e0 partir de : 12 200 PLN<\/h2>\n<p><\/p>","protected":false},"featured_media":1955,"comment_status":"closed","ping_status":"closed","template":"","meta":[],"product_brand":[285],"product_cat":[286],"product_tag":[],"class_list":{"0":"post-1109","1":"product","2":"type-product","3":"status-publish","4":"has-post-thumbnail","6":"product_brand-milosc-i-spokoj-handpany-z-serca-harmonii","7":"product_cat-handpan-z-stali-nierdzewnej-premium-edycja-mistyczna","9":"first","10":"onbackorder","11":"shipping-taxable","12":"product-type-simple"},"yoast_head":"<!-- This site is optimized with the Yoast SEO plugin v27.4 - https:\/\/yoast.com\/product\/yoast-seo-wordpress\/ -->\n<title>Handpan F# Low Pygmy 21(12+9) Stal nierdzewna Premium - Mi\u0142o\u015b\u0107 i Spok\u00f3j<\/title>\n<meta name=\"description\" content=\"Personalizowane handpan F# low pygmy z Stal nierdzewna Premium, r\u0119czne rzemios\u0142o \ud83d\udd28. Odwied\u017a stron\u0119 muzyka i wejd\u017a do \u015bwiata instrument\u00f3w zrodzonych z pasji \ud83c\udfb6.\" \/>\n<meta name=\"robots\" content=\"index, follow, max-snippet:-1, max-image-preview:large, max-video-preview:-1\" \/>\n<link rel=\"canonical\" href=\"https:\/\/miloscispokoj.pl\/fr\/product-2\/handpan-f-flow-pygmy-21129-en-acier-inoxydable-de-qualite-superieure\/\" \/>\n<meta property=\"og:locale\" content=\"fr_FR\" \/>\n<meta property=\"og:type\" content=\"article\" \/>\n<meta property=\"og:title\" content=\"Handpan F# Low Pygmy 21(12+9) Stal nierdzewna Premium - Mi\u0142o\u015b\u0107 i Spok\u00f3j\" \/>\n<meta property=\"og:description\" content=\"Personalizowane handpan F# low pygmy z Stal nierdzewna Premium, r\u0119czne rzemios\u0142o \ud83d\udd28. Odwied\u017a stron\u0119 muzyka i wejd\u017a do \u015bwiata instrument\u00f3w zrodzonych z pasji \ud83c\udfb6.\" \/>\n<meta property=\"og:url\" content=\"https:\/\/miloscispokoj.pl\/fr\/product-2\/handpan-f-flow-pygmy-21129-en-acier-inoxydable-de-qualite-superieure\/\" \/>\n<meta property=\"og:site_name\" content=\"Mi\u0142o\u015b\u0107 i Spok\u00f3j\" \/>\n<meta property=\"article:publisher\" content=\"https:\/\/www.facebook.com\/HandpanyMiloscISpokoj\" \/>\n<meta property=\"article:modified_time\" content=\"2026-03-26T20:38:07+00:00\" \/>\n<meta property=\"og:image\" content=\"https:\/\/miloscispokoj.pl\/wp-content\/uploads\/2025\/02\/1-1.png?wsr\" \/>\n\t<meta property=\"og:image:width\" content=\"800\" \/>\n\t<meta property=\"og:image:height\" content=\"800\" \/>\n\t<meta property=\"og:image:type\" content=\"image\/png\" \/>\n<meta name=\"twitter:card\" content=\"summary_large_image\" \/>\n<meta name=\"twitter:label1\" content=\"Dur\u00e9e de lecture estim\u00e9e\" \/>\n\t<meta name=\"twitter:data1\" content=\"3 minutes\" \/>\n<script type=\"application\/ld+json\" class=\"yoast-schema-graph\">{\"@context\":\"https:\\\/\\\/schema.org\",\"@graph\":[{\"@type\":\"WebPage\",\"@id\":\"https:\\\/\\\/miloscispokoj.pl\\\/produkt\\\/handpan-f-low-pygmy-21129-stal-nierdzewna-premium\\\/\",\"url\":\"https:\\\/\\\/miloscispokoj.pl\\\/produkt\\\/handpan-f-low-pygmy-21129-stal-nierdzewna-premium\\\/\",\"name\":\"Handpan F# Low Pygmy 21(12+9) Stal nierdzewna Premium - Mi\u0142o\u015b\u0107 i Spok\u00f3j\",\"isPartOf\":{\"@id\":\"https:\\\/\\\/miloscispokoj.pl\\\/#website\"},\"primaryImageOfPage\":{\"@id\":\"https:\\\/\\\/miloscispokoj.pl\\\/produkt\\\/handpan-f-low-pygmy-21129-stal-nierdzewna-premium\\\/#primaryimage\"},\"image\":{\"@id\":\"https:\\\/\\\/miloscispokoj.pl\\\/produkt\\\/handpan-f-low-pygmy-21129-stal-nierdzewna-premium\\\/#primaryimage\"},\"thumbnailUrl\":\"https:\\\/\\\/miloscispokoj.pl\\\/wp-content\\\/uploads\\\/2025\\\/02\\\/1-1.png?wsr\",\"datePublished\":\"2025-02-14T14:02:10+00:00\",\"dateModified\":\"2026-03-26T20:38:07+00:00\",\"description\":\"Personalizowane handpan F# low pygmy z Stal nierdzewna Premium, r\u0119czne rzemios\u0142o \ud83d\udd28. Odwied\u017a stron\u0119 muzyka i wejd\u017a do \u015bwiata instrument\u00f3w zrodzonych z pasji \ud83c\udfb6.\",\"breadcrumb\":{\"@id\":\"https:\\\/\\\/miloscispokoj.pl\\\/produkt\\\/handpan-f-low-pygmy-21129-stal-nierdzewna-premium\\\/#breadcrumb\"},\"inLanguage\":\"fr-FR\",\"potentialAction\":[{\"@type\":\"ReadAction\",\"target\":[\"https:\\\/\\\/miloscispokoj.pl\\\/produkt\\\/handpan-f-low-pygmy-21129-stal-nierdzewna-premium\\\/\"]}]},{\"@type\":\"ImageObject\",\"inLanguage\":\"fr-FR\",\"@id\":\"https:\\\/\\\/miloscispokoj.pl\\\/produkt\\\/handpan-f-low-pygmy-21129-stal-nierdzewna-premium\\\/#primaryimage\",\"url\":\"https:\\\/\\\/miloscispokoj.pl\\\/wp-content\\\/uploads\\\/2025\\\/02\\\/1-1.png?wsr\",\"contentUrl\":\"https:\\\/\\\/miloscispokoj.pl\\\/wp-content\\\/uploads\\\/2025\\\/02\\\/1-1.png?wsr\",\"width\":800,\"height\":800,\"caption\":\"Handpan F# low pygmy 21 nut\"},{\"@type\":\"BreadcrumbList\",\"@id\":\"https:\\\/\\\/miloscispokoj.pl\\\/produkt\\\/handpan-f-low-pygmy-21129-stal-nierdzewna-premium\\\/#breadcrumb\",\"itemListElement\":[{\"@type\":\"ListItem\",\"position\":1,\"name\":\"Mi\u0142o\u015b\u0107 i Spok\u00f3j\",\"item\":\"https:\\\/\\\/miloscispokoj.pl\\\/\"},{\"@type\":\"ListItem\",\"position\":2,\"name\":\"Sklep z handpanami \u2013 wybierz sw\u00f3j instrument\",\"item\":\"https:\\\/\\\/miloscispokoj.pl\\\/sklep-handpan-milosc-i-spokoj\\\/\"},{\"@type\":\"ListItem\",\"position\":3,\"name\":\"Handpan F# Low Pygmy 21(12+9) Stal nierdzewna Premium\"}]},{\"@type\":\"WebSite\",\"@id\":\"https:\\\/\\\/miloscispokoj.pl\\\/#website\",\"url\":\"https:\\\/\\\/miloscispokoj.pl\\\/\",\"name\":\"handpany Mi\u0142o\u015b\u0107 i Spok\u00f3j\",\"description\":\"Odkryj moc instrumentu, kt\u00f3ry przenosi do krainy medytacji, relaksu i duchowego wzrostu.\",\"publisher\":{\"@id\":\"https:\\\/\\\/miloscispokoj.pl\\\/#organization\"},\"alternateName\":\"R\u0119cznie robione handpany marki Mi\u0142o\u015b\u0107 i Spok\u00f3j\",\"potentialAction\":[{\"@type\":\"SearchAction\",\"target\":{\"@type\":\"EntryPoint\",\"urlTemplate\":\"https:\\\/\\\/miloscispokoj.pl\\\/?s={search_term_string}\"},\"query-input\":{\"@type\":\"PropertyValueSpecification\",\"valueRequired\":true,\"valueName\":\"search_term_string\"}}],\"inLanguage\":\"fr-FR\"},{\"@type\":\"Organization\",\"@id\":\"https:\\\/\\\/miloscispokoj.pl\\\/#organization\",\"name\":\"Firma: Kreatywne \u015acie\u017cki Piotr Kaczorowski Marka: Mi\u0142o\u015b\u0107 i Spok\u00f3j\",\"alternateName\":\"Mi\u0142o\u015b\u0107 i spok\u00f3j\",\"url\":\"https:\\\/\\\/miloscispokoj.pl\\\/\",\"logo\":{\"@type\":\"ImageObject\",\"inLanguage\":\"fr-FR\",\"@id\":\"https:\\\/\\\/miloscispokoj.pl\\\/#\\\/schema\\\/logo\\\/image\\\/\",\"url\":\"https:\\\/\\\/miloscispokoj.pl\\\/wp-content\\\/uploads\\\/2025\\\/04\\\/cropped-Logo_MILOSC-I-SPOKOJ_pl_CMYK_v1_RGB_z-bialym-tlem.png?wsr\",\"contentUrl\":\"https:\\\/\\\/miloscispokoj.pl\\\/wp-content\\\/uploads\\\/2025\\\/04\\\/cropped-Logo_MILOSC-I-SPOKOJ_pl_CMYK_v1_RGB_z-bialym-tlem.png?wsr\",\"width\":512,\"height\":512,\"caption\":\"Firma: Kreatywne \u015acie\u017cki Piotr Kaczorowski Marka: Mi\u0142o\u015b\u0107 i Spok\u00f3j\"},\"image\":{\"@id\":\"https:\\\/\\\/miloscispokoj.pl\\\/#\\\/schema\\\/logo\\\/image\\\/\"},\"sameAs\":[\"https:\\\/\\\/www.facebook.com\\\/HandpanyMiloscISpokoj\",\"https:\\\/\\\/www.youtube.com\\\/@miloscispokoj\"]}]}<\/script>\n<!-- \/ Yoast SEO plugin. -->","yoast_head_json":{"title":"Handpan F# Low Pygmy 12 Premium en acier inoxydable 440 Hz - handpans Mi\u0142o\u015b\u0107 i Spok\u00f3j","description":"Handpan pygm\u00e9e F# personnalis\u00e9, fabriqu\u00e9 artisanalement en acier inoxydable de haute qualit\u00e9 \ud83d\udd28. Visitez le site web du musicien et d\u00e9couvrez un univers d&#039;instruments n\u00e9s de la passion \ud83c\udfb6.","robots":{"index":"index","follow":"follow","max-snippet":"max-snippet:-1","max-image-preview":"max-image-preview:large","max-video-preview":"max-video-preview:-1"},"canonical":"https:\/\/miloscispokoj.pl\/fr\/product-2\/handpan-f-flow-pygmy-21129-en-acier-inoxydable-de-qualite-superieure\/","og_locale":"fr_FR","og_type":"article","og_title":"Handpan F# Low Pygmy 21(12+9) Stal nierdzewna Premium - Mi\u0142o\u015b\u0107 i Spok\u00f3j","og_description":"Personalizowane handpan F# low pygmy z Stal nierdzewna Premium, r\u0119czne rzemios\u0142o \ud83d\udd28. Odwied\u017a stron\u0119 muzyka i wejd\u017a do \u015bwiata instrument\u00f3w zrodzonych z pasji \ud83c\udfb6.","og_url":"https:\/\/miloscispokoj.pl\/fr\/product-2\/handpan-f-flow-pygmy-21129-en-acier-inoxydable-de-qualite-superieure\/","og_site_name":"Mi\u0142o\u015b\u0107 i Spok\u00f3j","article_publisher":"https:\/\/www.facebook.com\/HandpanyMiloscISpokoj","article_modified_time":"2026-03-26T20:38:07+00:00","og_image":[{"width":800,"height":800,"url":"https:\/\/miloscispokoj.pl\/wp-content\/uploads\/2025\/02\/1-1.png?wsr","type":"image\/png"}],"twitter_card":"summary_large_image","twitter_misc":{"Dur\u00e9e de lecture estim\u00e9e":"3 minutes"},"schema":{"@context":"https:\/\/schema.org","@graph":[{"@type":"WebPage","@id":"https:\/\/miloscispokoj.pl\/produkt\/handpan-f-low-pygmy-21129-stal-nierdzewna-premium\/","url":"https:\/\/miloscispokoj.pl\/produkt\/handpan-f-low-pygmy-21129-stal-nierdzewna-premium\/","name":"Handpan F# Low Pygmy 12 Premium en acier inoxydable 440 Hz - handpans Mi\u0142o\u015b\u0107 i Spok\u00f3j","isPartOf":{"@id":"https:\/\/miloscispokoj.pl\/#website"},"primaryImageOfPage":{"@id":"https:\/\/miloscispokoj.pl\/produkt\/handpan-f-low-pygmy-21129-stal-nierdzewna-premium\/#primaryimage"},"image":{"@id":"https:\/\/miloscispokoj.pl\/produkt\/handpan-f-low-pygmy-21129-stal-nierdzewna-premium\/#primaryimage"},"thumbnailUrl":"https:\/\/miloscispokoj.pl\/wp-content\/uploads\/2025\/02\/1-1.png?wsr","datePublished":"2025-02-14T14:02:10+00:00","dateModified":"2026-03-26T20:38:07+00:00","description":"Handpan pygm\u00e9e F# personnalis\u00e9, fabriqu\u00e9 artisanalement en acier inoxydable de haute qualit\u00e9 \ud83d\udd28. Visitez le site web du musicien et d\u00e9couvrez un univers d&#039;instruments n\u00e9s de la passion \ud83c\udfb6.","breadcrumb":{"@id":"https:\/\/miloscispokoj.pl\/produkt\/handpan-f-low-pygmy-21129-stal-nierdzewna-premium\/#breadcrumb"},"inLanguage":"fr-FR","potentialAction":[{"@type":"ReadAction","target":["https:\/\/miloscispokoj.pl\/produkt\/handpan-f-low-pygmy-21129-stal-nierdzewna-premium\/"]}]},{"@type":"ImageObject","inLanguage":"fr-FR","@id":"https:\/\/miloscispokoj.pl\/produkt\/handpan-f-low-pygmy-21129-stal-nierdzewna-premium\/#primaryimage","url":"https:\/\/miloscispokoj.pl\/wp-content\/uploads\/2025\/02\/1-1.png?wsr","contentUrl":"https:\/\/miloscispokoj.pl\/wp-content\/uploads\/2025\/02\/1-1.png?wsr","width":800,"height":800,"caption":"Handpan F# low pygmy 21 nut"},{"@type":"BreadcrumbList","@id":"https:\/\/miloscispokoj.pl\/produkt\/handpan-f-low-pygmy-21129-stal-nierdzewna-premium\/#breadcrumb","itemListElement":[{"@type":"ListItem","position":1,"name":"Mi\u0142o\u015b\u0107 i Spok\u00f3j","item":"https:\/\/miloscispokoj.pl\/"},{"@type":"ListItem","position":2,"name":"Sklep z handpanami \u2013 wybierz sw\u00f3j instrument","item":"https:\/\/miloscispokoj.pl\/sklep-handpan-milosc-i-spokoj\/"},{"@type":"ListItem","position":3,"name":"Handpan F# Low Pygmy 21(12+9) Stal nierdzewna Premium"}]},{"@type":"WebSite","@id":"https:\/\/miloscispokoj.pl\/#website","url":"https:\/\/miloscispokoj.pl\/","name":"handpany Mi\u0142o\u015b\u0107 i Spok\u00f3j","description":"D\u00e9couvrez la puissance de l'outil, qui vous transporte au pays de la m\u00e9ditation, de la relaxation et de la croissance spirituelle.","publisher":{"@id":"https:\/\/miloscispokoj.pl\/#organization"},"alternateName":"R\u0119cznie robione handpany marki Mi\u0142o\u015b\u0107 i Spok\u00f3j","potentialAction":[{"@type":"SearchAction","target":{"@type":"EntryPoint","urlTemplate":"https:\/\/miloscispokoj.pl\/?s={search_term_string}"},"query-input":{"@type":"PropertyValueSpecification","valueRequired":true,"valueName":"search_term_string"}}],"inLanguage":"fr-FR"},{"@type":"Organization","@id":"https:\/\/miloscispokoj.pl\/#organization","name":"Entreprise: cr\u00e9ation de la voie Piotr Kaczorowski de la marque: l'amour et la s\u00e9r\u00e9nit\u00e9","alternateName":"Mi\u0142o\u015b\u0107 i spok\u00f3j","url":"https:\/\/miloscispokoj.pl\/","logo":{"@type":"ImageObject","inLanguage":"fr-FR","@id":"https:\/\/miloscispokoj.pl\/#\/schema\/logo\/image\/","url":"https:\/\/miloscispokoj.pl\/wp-content\/uploads\/2025\/04\/cropped-Logo_MILOSC-I-SPOKOJ_pl_CMYK_v1_RGB_z-bialym-tlem.png?wsr","contentUrl":"https:\/\/miloscispokoj.pl\/wp-content\/uploads\/2025\/04\/cropped-Logo_MILOSC-I-SPOKOJ_pl_CMYK_v1_RGB_z-bialym-tlem.png?wsr","width":512,"height":512,"caption":"Firma: Kreatywne \u015acie\u017cki Piotr Kaczorowski Marka: Mi\u0142o\u015b\u0107 i Spok\u00f3j"},"image":{"@id":"https:\/\/miloscispokoj.pl\/#\/schema\/logo\/image\/"},"sameAs":["https:\/\/www.facebook.com\/HandpanyMiloscISpokoj","https:\/\/www.youtube.com\/@miloscispokoj"]}]}},"_links":{"self":[{"href":"https:\/\/miloscispokoj.pl\/fr\/wp-json\/wp\/v2\/product\/1109","targetHints":{"allow":["GET"]}}],"collection":[{"href":"https:\/\/miloscispokoj.pl\/fr\/wp-json\/wp\/v2\/product"}],"about":[{"href":"https:\/\/miloscispokoj.pl\/fr\/wp-json\/wp\/v2\/types\/product"}],"replies":[{"embeddable":true,"href":"https:\/\/miloscispokoj.pl\/fr\/wp-json\/wp\/v2\/comments?post=1109"}],"wp:featuredmedia":[{"embeddable":true,"href":"https:\/\/miloscispokoj.pl\/fr\/wp-json\/wp\/v2\/media\/1955"}],"wp:attachment":[{"href":"https:\/\/miloscispokoj.pl\/fr\/wp-json\/wp\/v2\/media?parent=1109"}],"wp:term":[{"taxonomy":"product_brand","embeddable":true,"href":"https:\/\/miloscispokoj.pl\/fr\/wp-json\/wp\/v2\/product_brand?post=1109"},{"taxonomy":"product_cat","embeddable":true,"href":"https:\/\/miloscispokoj.pl\/fr\/wp-json\/wp\/v2\/product_cat?post=1109"},{"taxonomy":"product_tag","embeddable":true,"href":"https:\/\/miloscispokoj.pl\/fr\/wp-json\/wp\/v2\/product_tag?post=1109"}],"curies":[{"name":"wp","href":"https:\/\/api.w.org\/{rel}","templated":true}]}}