{"id":1788,"date":"2025-05-07T10:35:16","date_gmt":"2025-05-07T08:35:16","guid":{"rendered":"https:\/\/miloscispokoj.pl\/?post_type=product&#038;p=1788"},"modified":"2026-03-26T20:22:46","modified_gmt":"2026-03-26T19:22:46","slug":"handpan-et-kurde-10","status":"publish","type":"product","link":"https:\/\/miloscispokoj.pl\/fr\/produkt\/handpan-d-kurd-10\/","title":{"rendered":"Handpan D Kurd 10 en acier inoxydable + \ud83c\udf81 housse 0 PLN \u2013 prix r\u00e9duit !"},"content":{"rendered":"<h2>Profesjonalny Handpan D Kurd 10 &#8211; z rabatem cenowym i futera\u0142em gratis<\/h2>\n<p class=\"my-0\">Chez Mi\u0142o\u015b\u0107 i Spok\u00f3j, nous pensons que chaque instrument doit \u00eatre unique, \u00e0 l&#039;image de vous et de votre parcours musical. Nos handpans sont fabriqu\u00e9s exclusivement sur commande, et chaque pi\u00e8ce est fabriqu\u00e9e \u00e0 la main avec le plus grand soin et une attention particuli\u00e8re aux d\u00e9tails.<\/p>\n<p class=\"my-0\">Nous pouvons vous inspirer du handpan kurde en r\u00e9 mineur avec 10 plages de notes. La configuration propos\u00e9e comprend les sonorit\u00e9s suivantes\u00a0:<br \/>\nR\u00e9 | La Sib DoFaFaLa<\/p>\n<div style=\"padding: 56.25% 0 0 0; position: relative;\"><iframe style=\"position: absolute; top: 0; left: 0; width: 100%; height: 100%;\" title=\"D kurd 10 notes Acier inoxydable 440HZ - or - vid\u00e9o de production pour approbation du projet.\" src=\"https:\/\/player.vimeo.com\/video\/1100300901?badge=0&amp;autopause=0&amp;player_id=0&amp;app_id=58479\" frameborder=\"0\"><\/iframe><\/div>\n<p><script src=\"https:\/\/player.vimeo.com\/api\/player.js\"><\/script><\/p>\n<p class=\"my-0\">L&#039;instrument est fabriqu\u00e9 en acier inoxydable de haute qualit\u00e9, garantissant durabilit\u00e9, r\u00e9sistance \u00e0 l&#039;humidit\u00e9 et clart\u00e9 sonore. Il mesure 53 cm de diam\u00e8tre et est propos\u00e9 dans une \u00e9l\u00e9gante finition dor\u00e9e ou bronze. Chaque handpan est accord\u00e9 \u00e0 432 Hz ou 440 Hz, selon vos pr\u00e9f\u00e9rences.<\/p>\n<p class=\"my-0\">Lors de la cr\u00e9ation des instruments Mi\u0142o\u015b\u0107 i Spok\u00f3j, nous veillons \u00e0 ce que leur sonorit\u00e9 enveloppe, apaise et inspire, qu&#039;ils vous accompagnent pendant vos m\u00e9ditations, vos s\u00e9ances de yoga, vos exercices corporels ou vos moments de d\u00e9tente quotidienne. Pour nous, la fabrication d&#039;un handpan est un art, et chaque pi\u00e8ce est con\u00e7ue en fonction des besoins sp\u00e9cifiques de son futur propri\u00e9taire.<\/p>\n<p class=\"my-0\">Si vous r\u00eavez d&#039;un instrument qui deviendra votre guide personnel vers un monde d&#039;harmonie et de paix, contactez-nous. Ensemble, nous cr\u00e9erons un handpan qui r\u00e9pondra parfaitement \u00e0 vos attentes et \u00e0 vos inspirations musicales.<\/p>\n<h3 class=\"my-0\"><strong>Param\u00e8tres de l&#039;instrument que nous pr\u00e9parerons pour vous :<\/strong><\/h3>\n<ul class=\"marker:text-textOff list-disc\">\n<li>\n<p class=\"my-0\">Mat\u00e9riau : acier inoxydable<\/p>\n<\/li>\n<li>\n<p class=\"my-0\">Taille: 53 cm<\/p>\n<\/li>\n<li>\n<p class=\"my-0\">\u00c9chelle : D Kurde<\/p>\n<\/li>\n<li>\n<p class=\"my-0\">Nombre de notes : 10 ( D | A Bb CDEFGAC)<\/p>\n<\/li>\n<li>\n<p class=\"my-0\">Accordage : 432 Hz ou 440 Hz (s\u00e9lectionnable)<\/p>\n<\/li>\n<li>\n<p class=\"my-0\">Couleur : Or \/ Marron<\/p>\n<\/li>\n<li>\u00c9tui : Souple (gratuit) \/ Rigide (+ 107 EUR)<\/li>\n<\/ul>\n<p class=\"my-0\">Chaque instrument est fabriqu\u00e9 sur commande, en pensant \u00e0 vous et \u00e0 votre musique.<\/p>\n<p class=\"my-0\"><strong>Attention:<\/strong><\/p>\n<p class=\"my-0\">La plupart de nos handpans sont disponibles en or ou en bronze. Nous confirmons toujours la teinte finale avec vous avant de passer commande afin de r\u00e9pondre \u00e0 vos attentes.<\/p>\n<p class=\"my-0\">Des informations d\u00e9taill\u00e9es sur les couleurs disponibles et un exemple de palette de couleurs sont disponibles sur notre site Web : <a href=\"https:\/\/miloscispokoj.pl\/fr\/palette-de-couleurs\/\" rel=\"nofollow noopener\">https:\/\/miloscispokoj.pl\/fr\/palette-de-couleurs\/<\/a>.<\/p>\n<p class=\"my-0\">Veuillez \u00e9galement noter que la patine qui se forme \u00e0 la surface des handpans en acier inoxydable n&#039;est pas totalement permanente. Avec le temps, l&#039;instrument peut l\u00e9g\u00e8rement changer de couleur, sans que cela n&#039;affecte sa sonorit\u00e9 ni son accordage. Ce changement est purement esth\u00e9tique, conf\u00e9rant \u00e0 l&#039;instrument un caract\u00e8re vintage unique, \u00e9l\u00e9gant et inimitable.<\/p>\n<p class=\"my-0\">Si vous avez des questions ou des pr\u00e9occupations, nous sommes l\u00e0 pour vous aider\u00a0!<\/p>","protected":false},"excerpt":{"rendered":"<ul class=\"marker:text-textOff list-disc\">\n<li>Mat\u00e9riau : acier inoxydable<\/li>\n<li>Taille: 53 cm<\/li>\n<li>\u00c9chelle : D Kurde<\/li>\n<li>Nombre de notes : 10 (R\u00e93 \/ La3 Sib3 Do4 R\u00e94 Mi4 Fa4 Sol4 La4 Do5)<\/li>\n<li>Accordage : 432 Hz \/ 440 Hz<\/li>\n<li>Couleur : Or \/ Marron<\/li>\n<li>\u00c9tui : Souple (gratuit) \/ Rigide (+ 107 EUR)<\/li>\n<\/ul>\n<hr \/>\n<h2>Prix du handpan \u00e0 partir de\u00a0: <span class=\"skresl\">5400 z\u0142<\/span> 5000 z\u0142<\/h2>\n<p><\/p>","protected":false},"featured_media":1946,"comment_status":"closed","ping_status":"closed","template":"","meta":[],"product_brand":[285],"product_cat":[19],"product_tag":[],"class_list":{"0":"post-1788","1":"product","2":"type-product","3":"status-publish","4":"has-post-thumbnail","6":"product_brand-milosc-i-spokoj-handpany-z-serca-harmonii","7":"product_cat-handpan-z-stainless-steel-seria-profesjonalna","9":"first","10":"instock","11":"sale","12":"shipping-taxable","13":"product-type-simple"},"yoast_head":"<!-- This site is optimized with the Yoast SEO plugin v27.4 - https:\/\/yoast.com\/product\/yoast-seo-wordpress\/ -->\n<title>Handpan D Kurd 10 stal nierdzewna + \ud83c\udf81 pokrowiec 0z\u0142 - ni\u017csza cena! - Mi\u0142o\u015b\u0107 i Spok\u00f3j<\/title>\n<meta name=\"description\" content=\"R\u0119cznie wykonany handpan Kurd D-moll 10 nut. Ciep\u0142e, g\u0142\u0119bokie brzmienie, intuicyjny uk\u0142ad. Idealny dla pocz\u0105tkuj\u0105cych i zaawansowanych. Odkryj muzyczny l\u0105d.\" \/>\n<meta name=\"robots\" content=\"index, follow, max-snippet:-1, max-image-preview:large, max-video-preview:-1\" \/>\n<link rel=\"canonical\" href=\"https:\/\/miloscispokoj.pl\/fr\/product-2\/handpan-et-kurde-10\/\" \/>\n<meta property=\"og:locale\" content=\"fr_FR\" \/>\n<meta property=\"og:type\" content=\"article\" \/>\n<meta property=\"og:title\" content=\"Handpan D Kurd 10 stal nierdzewna + \ud83c\udf81 pokrowiec 0z\u0142 - ni\u017csza cena! - Mi\u0142o\u015b\u0107 i Spok\u00f3j\" \/>\n<meta property=\"og:description\" content=\"R\u0119cznie wykonany handpan Kurd D-moll 10 nut. Ciep\u0142e, g\u0142\u0119bokie brzmienie, intuicyjny uk\u0142ad. Idealny dla pocz\u0105tkuj\u0105cych i zaawansowanych. Odkryj muzyczny l\u0105d.\" \/>\n<meta property=\"og:url\" content=\"https:\/\/miloscispokoj.pl\/fr\/product-2\/handpan-et-kurde-10\/\" \/>\n<meta property=\"og:site_name\" content=\"Mi\u0142o\u015b\u0107 i Spok\u00f3j\" \/>\n<meta property=\"article:publisher\" content=\"https:\/\/www.facebook.com\/HandpanyMiloscISpokoj\" \/>\n<meta property=\"article:modified_time\" content=\"2026-03-26T19:22:46+00:00\" \/>\n<meta property=\"og:image\" content=\"https:\/\/miloscispokoj.pl\/wp-content\/uploads\/2025\/05\/1-handpan-miloscispokoj.pl_.png?wsr\" \/>\n\t<meta property=\"og:image:width\" content=\"800\" \/>\n\t<meta property=\"og:image:height\" content=\"800\" \/>\n\t<meta property=\"og:image:type\" content=\"image\/png\" \/>\n<meta name=\"twitter:card\" content=\"summary_large_image\" \/>\n<meta name=\"twitter:label1\" content=\"Dur\u00e9e de lecture estim\u00e9e\" \/>\n\t<meta name=\"twitter:data1\" content=\"3 minutes\" \/>\n<script type=\"application\/ld+json\" class=\"yoast-schema-graph\">{\"@context\":\"https:\\\/\\\/schema.org\",\"@graph\":[{\"@type\":\"WebPage\",\"@id\":\"https:\\\/\\\/miloscispokoj.pl\\\/produkt\\\/handpan-d-kurd-10\\\/\",\"url\":\"https:\\\/\\\/miloscispokoj.pl\\\/produkt\\\/handpan-d-kurd-10\\\/\",\"name\":\"Handpan D Kurd 10 stal nierdzewna + \ud83c\udf81 pokrowiec 0z\u0142 - ni\u017csza cena! - Mi\u0142o\u015b\u0107 i Spok\u00f3j\",\"isPartOf\":{\"@id\":\"https:\\\/\\\/miloscispokoj.pl\\\/#website\"},\"primaryImageOfPage\":{\"@id\":\"https:\\\/\\\/miloscispokoj.pl\\\/produkt\\\/handpan-d-kurd-10\\\/#primaryimage\"},\"image\":{\"@id\":\"https:\\\/\\\/miloscispokoj.pl\\\/produkt\\\/handpan-d-kurd-10\\\/#primaryimage\"},\"thumbnailUrl\":\"https:\\\/\\\/miloscispokoj.pl\\\/wp-content\\\/uploads\\\/2025\\\/05\\\/1-handpan-miloscispokoj.pl_.png?wsr\",\"datePublished\":\"2025-05-07T08:35:16+00:00\",\"dateModified\":\"2026-03-26T19:22:46+00:00\",\"description\":\"R\u0119cznie wykonany handpan Kurd D-moll 10 nut. Ciep\u0142e, g\u0142\u0119bokie brzmienie, intuicyjny uk\u0142ad. Idealny dla pocz\u0105tkuj\u0105cych i zaawansowanych. Odkryj muzyczny l\u0105d.\",\"breadcrumb\":{\"@id\":\"https:\\\/\\\/miloscispokoj.pl\\\/produkt\\\/handpan-d-kurd-10\\\/#breadcrumb\"},\"inLanguage\":\"fr-FR\",\"potentialAction\":[{\"@type\":\"ReadAction\",\"target\":[\"https:\\\/\\\/miloscispokoj.pl\\\/produkt\\\/handpan-d-kurd-10\\\/\"]}]},{\"@type\":\"ImageObject\",\"inLanguage\":\"fr-FR\",\"@id\":\"https:\\\/\\\/miloscispokoj.pl\\\/produkt\\\/handpan-d-kurd-10\\\/#primaryimage\",\"url\":\"https:\\\/\\\/miloscispokoj.pl\\\/wp-content\\\/uploads\\\/2025\\\/05\\\/1-handpan-miloscispokoj.pl_.png?wsr\",\"contentUrl\":\"https:\\\/\\\/miloscispokoj.pl\\\/wp-content\\\/uploads\\\/2025\\\/05\\\/1-handpan-miloscispokoj.pl_.png?wsr\",\"width\":800,\"height\":800,\"caption\":\"1-handpan-miloscispokoj.pl\"},{\"@type\":\"BreadcrumbList\",\"@id\":\"https:\\\/\\\/miloscispokoj.pl\\\/produkt\\\/handpan-d-kurd-10\\\/#breadcrumb\",\"itemListElement\":[{\"@type\":\"ListItem\",\"position\":1,\"name\":\"Mi\u0142o\u015b\u0107 i Spok\u00f3j\",\"item\":\"https:\\\/\\\/miloscispokoj.pl\\\/\"},{\"@type\":\"ListItem\",\"position\":2,\"name\":\"Sklep z handpanami \u2013 wybierz sw\u00f3j instrument\",\"item\":\"https:\\\/\\\/miloscispokoj.pl\\\/sklep-handpan-milosc-i-spokoj\\\/\"},{\"@type\":\"ListItem\",\"position\":3,\"name\":\"Handpan D Kurd 10 stal nierdzewna + \ud83c\udf81 pokrowiec 0z\u0142 &#8211; ni\u017csza cena!\"}]},{\"@type\":\"WebSite\",\"@id\":\"https:\\\/\\\/miloscispokoj.pl\\\/#website\",\"url\":\"https:\\\/\\\/miloscispokoj.pl\\\/\",\"name\":\"handpany Mi\u0142o\u015b\u0107 i Spok\u00f3j\",\"description\":\"Odkryj moc instrumentu, kt\u00f3ry przenosi do krainy medytacji, relaksu i duchowego wzrostu.\",\"publisher\":{\"@id\":\"https:\\\/\\\/miloscispokoj.pl\\\/#organization\"},\"alternateName\":\"R\u0119cznie robione handpany marki Mi\u0142o\u015b\u0107 i Spok\u00f3j\",\"potentialAction\":[{\"@type\":\"SearchAction\",\"target\":{\"@type\":\"EntryPoint\",\"urlTemplate\":\"https:\\\/\\\/miloscispokoj.pl\\\/?s={search_term_string}\"},\"query-input\":{\"@type\":\"PropertyValueSpecification\",\"valueRequired\":true,\"valueName\":\"search_term_string\"}}],\"inLanguage\":\"fr-FR\"},{\"@type\":\"Organization\",\"@id\":\"https:\\\/\\\/miloscispokoj.pl\\\/#organization\",\"name\":\"Firma: Kreatywne \u015acie\u017cki Piotr Kaczorowski Marka: Mi\u0142o\u015b\u0107 i Spok\u00f3j\",\"alternateName\":\"Mi\u0142o\u015b\u0107 i spok\u00f3j\",\"url\":\"https:\\\/\\\/miloscispokoj.pl\\\/\",\"logo\":{\"@type\":\"ImageObject\",\"inLanguage\":\"fr-FR\",\"@id\":\"https:\\\/\\\/miloscispokoj.pl\\\/#\\\/schema\\\/logo\\\/image\\\/\",\"url\":\"https:\\\/\\\/miloscispokoj.pl\\\/wp-content\\\/uploads\\\/2025\\\/04\\\/cropped-Logo_MILOSC-I-SPOKOJ_pl_CMYK_v1_RGB_z-bialym-tlem.png?wsr\",\"contentUrl\":\"https:\\\/\\\/miloscispokoj.pl\\\/wp-content\\\/uploads\\\/2025\\\/04\\\/cropped-Logo_MILOSC-I-SPOKOJ_pl_CMYK_v1_RGB_z-bialym-tlem.png?wsr\",\"width\":512,\"height\":512,\"caption\":\"Firma: Kreatywne \u015acie\u017cki Piotr Kaczorowski Marka: Mi\u0142o\u015b\u0107 i Spok\u00f3j\"},\"image\":{\"@id\":\"https:\\\/\\\/miloscispokoj.pl\\\/#\\\/schema\\\/logo\\\/image\\\/\"},\"sameAs\":[\"https:\\\/\\\/www.facebook.com\\\/HandpanyMiloscISpokoj\",\"https:\\\/\\\/www.youtube.com\\\/@miloscispokoj\"]}]}<\/script>\n<!-- \/ Yoast SEO plugin. -->","yoast_head_json":{"title":"Handpan D Kurd 10 stal nierdzewna + \ud83c\udf81 pokrowiec 0z\u0142 - ni\u017csza cena! - Mi\u0142o\u015b\u0107 i Spok\u00f3j","description":"Handpan kurde fait main en r\u00e9 mineur, 10 notes. Sonorit\u00e9 chaleureuse et profonde, interface intuitive. Parfait pour les d\u00e9butants comme pour les joueurs confirm\u00e9s. D\u00e9couvrez un monde musical.","robots":{"index":"index","follow":"follow","max-snippet":"max-snippet:-1","max-image-preview":"max-image-preview:large","max-video-preview":"max-video-preview:-1"},"canonical":"https:\/\/miloscispokoj.pl\/fr\/product-2\/handpan-et-kurde-10\/","og_locale":"fr_FR","og_type":"article","og_title":"Handpan D Kurd 10 stal nierdzewna + \ud83c\udf81 pokrowiec 0z\u0142 - ni\u017csza cena! - Mi\u0142o\u015b\u0107 i Spok\u00f3j","og_description":"R\u0119cznie wykonany handpan Kurd D-moll 10 nut. Ciep\u0142e, g\u0142\u0119bokie brzmienie, intuicyjny uk\u0142ad. Idealny dla pocz\u0105tkuj\u0105cych i zaawansowanych. Odkryj muzyczny l\u0105d.","og_url":"https:\/\/miloscispokoj.pl\/fr\/product-2\/handpan-et-kurde-10\/","og_site_name":"Mi\u0142o\u015b\u0107 i Spok\u00f3j","article_publisher":"https:\/\/www.facebook.com\/HandpanyMiloscISpokoj","article_modified_time":"2026-03-26T19:22:46+00:00","og_image":[{"width":800,"height":800,"url":"https:\/\/miloscispokoj.pl\/wp-content\/uploads\/2025\/05\/1-handpan-miloscispokoj.pl_.png?wsr","type":"image\/png"}],"twitter_card":"summary_large_image","twitter_misc":{"Dur\u00e9e de lecture estim\u00e9e":"3 minutes"},"schema":{"@context":"https:\/\/schema.org","@graph":[{"@type":"WebPage","@id":"https:\/\/miloscispokoj.pl\/produkt\/handpan-d-kurd-10\/","url":"https:\/\/miloscispokoj.pl\/produkt\/handpan-d-kurd-10\/","name":"Handpan D Kurd 10 stal nierdzewna + \ud83c\udf81 pokrowiec 0z\u0142 - ni\u017csza cena! - Mi\u0142o\u015b\u0107 i Spok\u00f3j","isPartOf":{"@id":"https:\/\/miloscispokoj.pl\/#website"},"primaryImageOfPage":{"@id":"https:\/\/miloscispokoj.pl\/produkt\/handpan-d-kurd-10\/#primaryimage"},"image":{"@id":"https:\/\/miloscispokoj.pl\/produkt\/handpan-d-kurd-10\/#primaryimage"},"thumbnailUrl":"https:\/\/miloscispokoj.pl\/wp-content\/uploads\/2025\/05\/1-handpan-miloscispokoj.pl_.png?wsr","datePublished":"2025-05-07T08:35:16+00:00","dateModified":"2026-03-26T19:22:46+00:00","description":"Handpan kurde fait main en r\u00e9 mineur, 10 notes. Sonorit\u00e9 chaleureuse et profonde, interface intuitive. Parfait pour les d\u00e9butants comme pour les joueurs confirm\u00e9s. D\u00e9couvrez un monde musical.","breadcrumb":{"@id":"https:\/\/miloscispokoj.pl\/produkt\/handpan-d-kurd-10\/#breadcrumb"},"inLanguage":"fr-FR","potentialAction":[{"@type":"ReadAction","target":["https:\/\/miloscispokoj.pl\/produkt\/handpan-d-kurd-10\/"]}]},{"@type":"ImageObject","inLanguage":"fr-FR","@id":"https:\/\/miloscispokoj.pl\/produkt\/handpan-d-kurd-10\/#primaryimage","url":"https:\/\/miloscispokoj.pl\/wp-content\/uploads\/2025\/05\/1-handpan-miloscispokoj.pl_.png?wsr","contentUrl":"https:\/\/miloscispokoj.pl\/wp-content\/uploads\/2025\/05\/1-handpan-miloscispokoj.pl_.png?wsr","width":800,"height":800,"caption":"1-handpan-miloscispokoj.pl"},{"@type":"BreadcrumbList","@id":"https:\/\/miloscispokoj.pl\/produkt\/handpan-d-kurd-10\/#breadcrumb","itemListElement":[{"@type":"ListItem","position":1,"name":"Mi\u0142o\u015b\u0107 i Spok\u00f3j","item":"https:\/\/miloscispokoj.pl\/"},{"@type":"ListItem","position":2,"name":"Sklep z handpanami \u2013 wybierz sw\u00f3j instrument","item":"https:\/\/miloscispokoj.pl\/sklep-handpan-milosc-i-spokoj\/"},{"@type":"ListItem","position":3,"name":"Handpan D Kurd 10 stal nierdzewna + \ud83c\udf81 pokrowiec 0z\u0142 &#8211; ni\u017csza cena!"}]},{"@type":"WebSite","@id":"https:\/\/miloscispokoj.pl\/#website","url":"https:\/\/miloscispokoj.pl\/","name":"handpany Mi\u0142o\u015b\u0107 i Spok\u00f3j","description":"D\u00e9couvrez la puissance de l'outil, qui vous transporte au pays de la m\u00e9ditation, de la relaxation et de la croissance spirituelle.","publisher":{"@id":"https:\/\/miloscispokoj.pl\/#organization"},"alternateName":"R\u0119cznie robione handpany marki Mi\u0142o\u015b\u0107 i Spok\u00f3j","potentialAction":[{"@type":"SearchAction","target":{"@type":"EntryPoint","urlTemplate":"https:\/\/miloscispokoj.pl\/?s={search_term_string}"},"query-input":{"@type":"PropertyValueSpecification","valueRequired":true,"valueName":"search_term_string"}}],"inLanguage":"fr-FR"},{"@type":"Organization","@id":"https:\/\/miloscispokoj.pl\/#organization","name":"Entreprise: cr\u00e9ation de la voie Piotr Kaczorowski de la marque: l'amour et la s\u00e9r\u00e9nit\u00e9","alternateName":"Mi\u0142o\u015b\u0107 i spok\u00f3j","url":"https:\/\/miloscispokoj.pl\/","logo":{"@type":"ImageObject","inLanguage":"fr-FR","@id":"https:\/\/miloscispokoj.pl\/#\/schema\/logo\/image\/","url":"https:\/\/miloscispokoj.pl\/wp-content\/uploads\/2025\/04\/cropped-Logo_MILOSC-I-SPOKOJ_pl_CMYK_v1_RGB_z-bialym-tlem.png?wsr","contentUrl":"https:\/\/miloscispokoj.pl\/wp-content\/uploads\/2025\/04\/cropped-Logo_MILOSC-I-SPOKOJ_pl_CMYK_v1_RGB_z-bialym-tlem.png?wsr","width":512,"height":512,"caption":"Firma: Kreatywne \u015acie\u017cki Piotr Kaczorowski Marka: Mi\u0142o\u015b\u0107 i Spok\u00f3j"},"image":{"@id":"https:\/\/miloscispokoj.pl\/#\/schema\/logo\/image\/"},"sameAs":["https:\/\/www.facebook.com\/HandpanyMiloscISpokoj","https:\/\/www.youtube.com\/@miloscispokoj"]}]}},"_links":{"self":[{"href":"https:\/\/miloscispokoj.pl\/fr\/wp-json\/wp\/v2\/product\/1788","targetHints":{"allow":["GET"]}}],"collection":[{"href":"https:\/\/miloscispokoj.pl\/fr\/wp-json\/wp\/v2\/product"}],"about":[{"href":"https:\/\/miloscispokoj.pl\/fr\/wp-json\/wp\/v2\/types\/product"}],"replies":[{"embeddable":true,"href":"https:\/\/miloscispokoj.pl\/fr\/wp-json\/wp\/v2\/comments?post=1788"}],"wp:featuredmedia":[{"embeddable":true,"href":"https:\/\/miloscispokoj.pl\/fr\/wp-json\/wp\/v2\/media\/1946"}],"wp:attachment":[{"href":"https:\/\/miloscispokoj.pl\/fr\/wp-json\/wp\/v2\/media?parent=1788"}],"wp:term":[{"taxonomy":"product_brand","embeddable":true,"href":"https:\/\/miloscispokoj.pl\/fr\/wp-json\/wp\/v2\/product_brand?post=1788"},{"taxonomy":"product_cat","embeddable":true,"href":"https:\/\/miloscispokoj.pl\/fr\/wp-json\/wp\/v2\/product_cat?post=1788"},{"taxonomy":"product_tag","embeddable":true,"href":"https:\/\/miloscispokoj.pl\/fr\/wp-json\/wp\/v2\/product_tag?post=1788"}],"curies":[{"name":"wp","href":"https:\/\/api.w.org\/{rel}","templated":true}]}}