{"id":1845,"date":"2025-05-13T21:28:11","date_gmt":"2025-05-13T19:28:11","guid":{"rendered":"https:\/\/miloscispokoj.pl\/?post_type=product&#038;p=1845"},"modified":"2026-04-03T14:43:21","modified_gmt":"2026-04-03T12:43:21","slug":"handpan-f2-nordlys-1596-en-acier-inoxydable-de-qualite-superieure","status":"publish","type":"product","link":"https:\/\/miloscispokoj.pl\/fr\/produkt\/handpan-f2-nordlys-1596-stal-nierdzewna-premium\/","title":{"rendered":"Handpan Mutant F#2 Nordlys 15 (9+6) en acier inoxydable de qualit\u00e9 sup\u00e9rieure"},"content":{"rendered":"<h2>Handpan Mutant F#2 Nordlys 15 (9+6) en acier inoxydable de qualit\u00e9 sup\u00e9rieure \u2013 Son grave<\/h2>\n<p>Chez Mi\u0142o\u015b\u0107 i Spok\u00f3j, chaque instrument est fabriqu\u00e9 sur mesure, en tenant compte de votre parcours musical et de votre d\u00e9sir d&#039;un son unique. Nous proposons un handpan dans la gamme Nordlys F#2, qui impressionne par sa profondeur et son ampleur sonore, ouvrant de nouvelles possibilit\u00e9s d&#039;expression.<\/p>\n<p>Fabriqu\u00e9 en acier inoxydable de qualit\u00e9 sup\u00e9rieure, cet instrument garantit durabilit\u00e9, r\u00e9sistance \u00e0 la corrosion et une sonorit\u00e9 exceptionnellement claire et persistante. Le diam\u00e8tre du handpan est de 53 cm et vous avez le choix entre plusieurs finitions\u00a0: or, bronze, argent spiral\u00e9, argent r\u00e9tro (1, 2, 3) ou or spiral\u00e9 \u2013 une nouveaut\u00e9 dans notre gamme.<\/p>\n<p>La gamme Nordlys F#2 offre 15 champs sonores, offrant une libert\u00e9 de cr\u00e9ation et d&#039;improvisation extraordinaire. Un exemple de configuration comprend\u00a0:<br \/>\nF#2 \/ (A# C# F) F# G# A# C C# F G# C (C# F G#)<\/p>\n<p>Nous pouvons pr\u00e9parer l\u2019instrument en accordage 432 Hz ou 440 Hz \u2013 selon vos attentes et pr\u00e9f\u00e9rences.<\/p>\n<p>Lors de la cr\u00e9ation des handpans Mi\u0142o\u015b\u0107 i Spok\u00f3j, nous veillons \u00e0 ce que leur son inspire, apaise et induise un \u00e9tat de relaxation profonde, que ce soit pendant la m\u00e9ditation, le yoga, les exercices corporels ou les moments de calme du quotidien. Chaque instrument est con\u00e7u en tenant compte des besoins individuels de son futur propri\u00e9taire, et nous consid\u00e9rons sa fabrication comme un v\u00e9ritable art.<u><\/u><\/p>\n<div style=\"padding: 56.25% 0 0 0; position: relative;\"><iframe style=\"position: absolute; top: 0; left: 0; width: 100%; height: 100%;\" title=\"Handpan F#2 Nordlys 15(9+6) Stali nierdzewnej Premium - spirala \u2013 wideo z produkcji do akceptacji projektu.\" src=\"https:\/\/player.vimeo.com\/video\/1151321555?badge=0&amp;autopause=0&amp;player_id=0&amp;app_id=58479\" frameborder=\"0\"><\/iframe><\/div>\n<p><script src=\"https:\/\/player.vimeo.com\/api\/player.js\"><\/script><br \/>\nSi vous r\u00eavez d&#039;un instrument qui deviendra votre guide personnel vers un monde d&#039;harmonie et de paix, contactez-nous. Ensemble, nous cr\u00e9erons un handpan qui r\u00e9pondra parfaitement \u00e0 vos attentes et \u00e0 vos inspirations musicales.<\/p>\n<h3><b>Param\u00e8tres de l&#039;instrument que nous pr\u00e9parerons pour vous :<\/b><\/h3>\n<ul>\n<li>Mat\u00e9riau : Acier inoxydable de qualit\u00e9 sup\u00e9rieure<\/li>\n<li>Taille: 53 cm<\/li>\n<li>\u00c9chelle : F#2 Nordlys<\/li>\n<li>Nombre de sons : 15 (F#2 \/ (A# C# F) F# G# A# C C# F G# C (C# F G#))<\/li>\n<li>Accordage : 432 Hz ou 440 Hz (s\u00e9lectionnable)<\/li>\n<li>Couleur : Or \/ Marron \/ Argent : Spirale \/ Argent : R\u00e9tro 1 \/ Argent : R\u00e9tro 2 \/ Argent : R\u00e9tro 3 \/ Spirale dor\u00e9e<\/li>\n<li>\u00c9tui : Souple (gratuit) \/ Rigide (+ 107 EUR)<\/li>\n<\/ul>\n<p>Chaque instrument est fabriqu\u00e9 sur commande, en pensant \u00e0 vous et \u00e0 votre musique.<\/p>\n<p class=\"my-0\"><strong>Attention:<\/strong><\/p>\n<p class=\"my-0\">La plupart de nos handpans sont disponibles en or ou en bronze. Nous confirmons toujours la teinte finale avec vous avant de passer commande afin de r\u00e9pondre \u00e0 vos attentes.<\/p>\n<p class=\"my-0\">Des informations d\u00e9taill\u00e9es sur les couleurs disponibles et un exemple de palette de couleurs sont disponibles sur notre site Web : <a href=\"https:\/\/miloscispokoj.pl\/fr\/palette-de-couleurs\/\" rel=\"nofollow noopener\">https:\/\/miloscispokoj.pl\/fr\/palette-de-couleurs\/<\/a>.<\/p>\n<p class=\"my-0\">Veuillez noter \u00e9galement que la patine qui se forme \u00e0 la surface des handpans en acier inoxydable de qualit\u00e9 sup\u00e9rieure n&#039;est pas totalement permanente. Avec le temps, l&#039;instrument peut l\u00e9g\u00e8rement changer de couleur, sans que cela n&#039;affecte son son ni son accordage. Ce changement est purement esth\u00e9tique et conf\u00e8re \u00e0 l&#039;instrument un caract\u00e8re vintage unique, \u00e9l\u00e9gant et inimitable.<\/p>\n<p class=\"my-0\">Si vous avez des questions ou des pr\u00e9occupations, nous sommes l\u00e0 pour vous aider\u00a0!<\/p>","protected":false},"excerpt":{"rendered":"<ul>\n<li>Mat\u00e9riau : Acier inoxydable de qualit\u00e9 sup\u00e9rieure<\/li>\n<li>Taille: 53 cm<\/li>\n<li>\u00c9chelle : F#2 Nordlys<\/li>\n<li>Nombre de sons : 15 (F#2 \/ (A# C# F) F# G# A# C C# F G# C (C# F G#))<\/li>\n<li>Accordage : 432 Hz ou 440 Hz (s\u00e9lectionnable)<\/li>\n<li>Couleur : Or\/Marron\/Argent : spirale\/Argent : r\u00e9tro 1,2,3\/Spirale dor\u00e9e<\/li>\n<li>\u00c9tui : Souple (gratuit) \/ Rigide (+ 107 EUR)<\/li>\n<\/ul>\n<hr \/>\n<h2>Prix \u200b\u200bdu handpan \u00e0 partir de : 11 990 PLN<\/h2>\n<p><\/p>","protected":false},"featured_media":1972,"comment_status":"closed","ping_status":"closed","template":"","meta":[],"product_brand":[285],"product_cat":[286],"product_tag":[],"class_list":{"0":"post-1845","1":"product","2":"type-product","3":"status-publish","4":"has-post-thumbnail","6":"product_brand-milosc-i-spokoj-handpany-z-serca-harmonii","7":"product_cat-handpan-z-stali-nierdzewnej-premium-edycja-mistyczna","9":"first","10":"instock","11":"shipping-taxable","12":"product-type-simple"},"yoast_head":"<!-- This site is optimized with the Yoast SEO plugin v27.4 - https:\/\/yoast.com\/product\/yoast-seo-wordpress\/ -->\n<title>Handpan Mutant F#2 Nordlys 15(9+6) Low Pitch Stal nierdzewna Premium - Mi\u0142o\u015b\u0107 i Spok\u00f3j<\/title>\n<meta name=\"description\" content=\"Handpan F#2 Nordlys 15 nut \u2013 r\u0119cznie wykonany z Stal nierdzewna Premium. Odkryj przestrzenne brzmienie i now\u0105 muzyczn\u0105 podr\u00f3\u017c z Mi\u0142o\u015b\u0107 i Spok\u00f3j.\" \/>\n<meta name=\"robots\" content=\"index, follow, max-snippet:-1, max-image-preview:large, max-video-preview:-1\" \/>\n<link rel=\"canonical\" href=\"https:\/\/miloscispokoj.pl\/fr\/product-2\/handpan-f2-nordlys-1596-en-acier-inoxydable-de-qualite-superieure\/\" \/>\n<meta property=\"og:locale\" content=\"fr_FR\" \/>\n<meta property=\"og:type\" content=\"article\" \/>\n<meta property=\"og:title\" content=\"Handpan Mutant F#2 Nordlys 15(9+6) Low Pitch Stal nierdzewna Premium - Mi\u0142o\u015b\u0107 i Spok\u00f3j\" \/>\n<meta property=\"og:description\" content=\"Handpan F#2 Nordlys 15 nut \u2013 r\u0119cznie wykonany z Stal nierdzewna Premium. Odkryj przestrzenne brzmienie i now\u0105 muzyczn\u0105 podr\u00f3\u017c z Mi\u0142o\u015b\u0107 i Spok\u00f3j.\" \/>\n<meta property=\"og:url\" content=\"https:\/\/miloscispokoj.pl\/fr\/product-2\/handpan-f2-nordlys-1596-en-acier-inoxydable-de-qualite-superieure\/\" \/>\n<meta property=\"og:site_name\" content=\"Mi\u0142o\u015b\u0107 i Spok\u00f3j\" \/>\n<meta property=\"article:publisher\" content=\"https:\/\/www.facebook.com\/HandpanyMiloscISpokoj\" \/>\n<meta property=\"article:modified_time\" content=\"2026-04-03T12:43:21+00:00\" \/>\n<meta property=\"og:image\" content=\"https:\/\/miloscispokoj.pl\/wp-content\/uploads\/2025\/05\/Handpan-9-nut-Milosc-i-Spokoj.pl_-1.png?wsr\" \/>\n\t<meta property=\"og:image:width\" content=\"800\" \/>\n\t<meta property=\"og:image:height\" content=\"800\" \/>\n\t<meta property=\"og:image:type\" content=\"image\/png\" \/>\n<meta name=\"twitter:card\" content=\"summary_large_image\" \/>\n<meta name=\"twitter:label1\" content=\"Dur\u00e9e de lecture estim\u00e9e\" \/>\n\t<meta name=\"twitter:data1\" content=\"3 minutes\" \/>\n<script type=\"application\/ld+json\" class=\"yoast-schema-graph\">{\"@context\":\"https:\\\/\\\/schema.org\",\"@graph\":[{\"@type\":\"WebPage\",\"@id\":\"https:\\\/\\\/miloscispokoj.pl\\\/produkt\\\/handpan-f2-nordlys-1596-stal-nierdzewna-premium\\\/\",\"url\":\"https:\\\/\\\/miloscispokoj.pl\\\/produkt\\\/handpan-f2-nordlys-1596-stal-nierdzewna-premium\\\/\",\"name\":\"Handpan Mutant F#2 Nordlys 15(9+6) Low Pitch Stal nierdzewna Premium - Mi\u0142o\u015b\u0107 i Spok\u00f3j\",\"isPartOf\":{\"@id\":\"https:\\\/\\\/miloscispokoj.pl\\\/#website\"},\"primaryImageOfPage\":{\"@id\":\"https:\\\/\\\/miloscispokoj.pl\\\/produkt\\\/handpan-f2-nordlys-1596-stal-nierdzewna-premium\\\/#primaryimage\"},\"image\":{\"@id\":\"https:\\\/\\\/miloscispokoj.pl\\\/produkt\\\/handpan-f2-nordlys-1596-stal-nierdzewna-premium\\\/#primaryimage\"},\"thumbnailUrl\":\"https:\\\/\\\/miloscispokoj.pl\\\/wp-content\\\/uploads\\\/2025\\\/05\\\/Handpan-9-nut-Milosc-i-Spokoj.pl_-1.png?wsr\",\"datePublished\":\"2025-05-13T19:28:11+00:00\",\"dateModified\":\"2026-04-03T12:43:21+00:00\",\"description\":\"Handpan F#2 Nordlys 15 nut \u2013 r\u0119cznie wykonany z Stal nierdzewna Premium. Odkryj przestrzenne brzmienie i now\u0105 muzyczn\u0105 podr\u00f3\u017c z Mi\u0142o\u015b\u0107 i Spok\u00f3j.\",\"breadcrumb\":{\"@id\":\"https:\\\/\\\/miloscispokoj.pl\\\/produkt\\\/handpan-f2-nordlys-1596-stal-nierdzewna-premium\\\/#breadcrumb\"},\"inLanguage\":\"fr-FR\",\"potentialAction\":[{\"@type\":\"ReadAction\",\"target\":[\"https:\\\/\\\/miloscispokoj.pl\\\/produkt\\\/handpan-f2-nordlys-1596-stal-nierdzewna-premium\\\/\"]}]},{\"@type\":\"ImageObject\",\"inLanguage\":\"fr-FR\",\"@id\":\"https:\\\/\\\/miloscispokoj.pl\\\/produkt\\\/handpan-f2-nordlys-1596-stal-nierdzewna-premium\\\/#primaryimage\",\"url\":\"https:\\\/\\\/miloscispokoj.pl\\\/wp-content\\\/uploads\\\/2025\\\/05\\\/Handpan-9-nut-Milosc-i-Spokoj.pl_-1.png?wsr\",\"contentUrl\":\"https:\\\/\\\/miloscispokoj.pl\\\/wp-content\\\/uploads\\\/2025\\\/05\\\/Handpan-9-nut-Milosc-i-Spokoj.pl_-1.png?wsr\",\"width\":800,\"height\":800,\"caption\":\"Handpan 9 nut Mi\u0142o\u015b\u0107 i Spok\u00f3j.pl\"},{\"@type\":\"BreadcrumbList\",\"@id\":\"https:\\\/\\\/miloscispokoj.pl\\\/produkt\\\/handpan-f2-nordlys-1596-stal-nierdzewna-premium\\\/#breadcrumb\",\"itemListElement\":[{\"@type\":\"ListItem\",\"position\":1,\"name\":\"Mi\u0142o\u015b\u0107 i Spok\u00f3j\",\"item\":\"https:\\\/\\\/miloscispokoj.pl\\\/\"},{\"@type\":\"ListItem\",\"position\":2,\"name\":\"Sklep z handpanami \u2013 wybierz sw\u00f3j instrument\",\"item\":\"https:\\\/\\\/miloscispokoj.pl\\\/sklep-handpan-milosc-i-spokoj\\\/\"},{\"@type\":\"ListItem\",\"position\":3,\"name\":\"Handpan Mutant F#2 Nordlys 15(9+6) Low Pitch Stal nierdzewna Premium\"}]},{\"@type\":\"WebSite\",\"@id\":\"https:\\\/\\\/miloscispokoj.pl\\\/#website\",\"url\":\"https:\\\/\\\/miloscispokoj.pl\\\/\",\"name\":\"handpany Mi\u0142o\u015b\u0107 i Spok\u00f3j\",\"description\":\"Odkryj moc instrumentu, kt\u00f3ry przenosi do krainy medytacji, relaksu i duchowego wzrostu.\",\"publisher\":{\"@id\":\"https:\\\/\\\/miloscispokoj.pl\\\/#organization\"},\"alternateName\":\"R\u0119cznie robione handpany marki Mi\u0142o\u015b\u0107 i Spok\u00f3j\",\"potentialAction\":[{\"@type\":\"SearchAction\",\"target\":{\"@type\":\"EntryPoint\",\"urlTemplate\":\"https:\\\/\\\/miloscispokoj.pl\\\/?s={search_term_string}\"},\"query-input\":{\"@type\":\"PropertyValueSpecification\",\"valueRequired\":true,\"valueName\":\"search_term_string\"}}],\"inLanguage\":\"fr-FR\"},{\"@type\":\"Organization\",\"@id\":\"https:\\\/\\\/miloscispokoj.pl\\\/#organization\",\"name\":\"Firma: Kreatywne \u015acie\u017cki Piotr Kaczorowski Marka: Mi\u0142o\u015b\u0107 i Spok\u00f3j\",\"alternateName\":\"Mi\u0142o\u015b\u0107 i spok\u00f3j\",\"url\":\"https:\\\/\\\/miloscispokoj.pl\\\/\",\"logo\":{\"@type\":\"ImageObject\",\"inLanguage\":\"fr-FR\",\"@id\":\"https:\\\/\\\/miloscispokoj.pl\\\/#\\\/schema\\\/logo\\\/image\\\/\",\"url\":\"https:\\\/\\\/miloscispokoj.pl\\\/wp-content\\\/uploads\\\/2025\\\/04\\\/cropped-Logo_MILOSC-I-SPOKOJ_pl_CMYK_v1_RGB_z-bialym-tlem.png?wsr\",\"contentUrl\":\"https:\\\/\\\/miloscispokoj.pl\\\/wp-content\\\/uploads\\\/2025\\\/04\\\/cropped-Logo_MILOSC-I-SPOKOJ_pl_CMYK_v1_RGB_z-bialym-tlem.png?wsr\",\"width\":512,\"height\":512,\"caption\":\"Firma: Kreatywne \u015acie\u017cki Piotr Kaczorowski Marka: Mi\u0142o\u015b\u0107 i Spok\u00f3j\"},\"image\":{\"@id\":\"https:\\\/\\\/miloscispokoj.pl\\\/#\\\/schema\\\/logo\\\/image\\\/\"},\"sameAs\":[\"https:\\\/\\\/www.facebook.com\\\/HandpanyMiloscISpokoj\",\"https:\\\/\\\/www.youtube.com\\\/@miloscispokoj\"]}]}<\/script>\n<!-- \/ Yoast SEO plugin. -->","yoast_head_json":{"title":"Handpan Mutant F#2 Nordlys 15 (9+6) en acier inoxydable de qualit\u00e9 sup\u00e9rieure","description":"Nordlys F#2 Handpan 15 notes \u2013 Fabriqu\u00e9 artisanalement en acier inoxydable de premi\u00e8re qualit\u00e9. D\u00e9couvrez un son ample et un nouveau voyage musical avec le Mi\u0142o\u015b\u0107 i Spok\u00f3j.","robots":{"index":"index","follow":"follow","max-snippet":"max-snippet:-1","max-image-preview":"max-image-preview:large","max-video-preview":"max-video-preview:-1"},"canonical":"https:\/\/miloscispokoj.pl\/fr\/product-2\/handpan-f2-nordlys-1596-en-acier-inoxydable-de-qualite-superieure\/","og_locale":"fr_FR","og_type":"article","og_title":"Handpan Mutant F#2 Nordlys 15(9+6) Low Pitch Stal nierdzewna Premium - Mi\u0142o\u015b\u0107 i Spok\u00f3j","og_description":"Handpan F#2 Nordlys 15 nut \u2013 r\u0119cznie wykonany z Stal nierdzewna Premium. Odkryj przestrzenne brzmienie i now\u0105 muzyczn\u0105 podr\u00f3\u017c z Mi\u0142o\u015b\u0107 i Spok\u00f3j.","og_url":"https:\/\/miloscispokoj.pl\/fr\/product-2\/handpan-f2-nordlys-1596-en-acier-inoxydable-de-qualite-superieure\/","og_site_name":"Mi\u0142o\u015b\u0107 i Spok\u00f3j","article_publisher":"https:\/\/www.facebook.com\/HandpanyMiloscISpokoj","article_modified_time":"2026-04-03T12:43:21+00:00","og_image":[{"width":800,"height":800,"url":"https:\/\/miloscispokoj.pl\/wp-content\/uploads\/2025\/05\/Handpan-9-nut-Milosc-i-Spokoj.pl_-1.png?wsr","type":"image\/png"}],"twitter_card":"summary_large_image","twitter_misc":{"Dur\u00e9e de lecture estim\u00e9e":"3 minutes"},"schema":{"@context":"https:\/\/schema.org","@graph":[{"@type":"WebPage","@id":"https:\/\/miloscispokoj.pl\/produkt\/handpan-f2-nordlys-1596-stal-nierdzewna-premium\/","url":"https:\/\/miloscispokoj.pl\/produkt\/handpan-f2-nordlys-1596-stal-nierdzewna-premium\/","name":"Handpan Mutant F#2 Nordlys 15 (9+6) en acier inoxydable de qualit\u00e9 sup\u00e9rieure","isPartOf":{"@id":"https:\/\/miloscispokoj.pl\/#website"},"primaryImageOfPage":{"@id":"https:\/\/miloscispokoj.pl\/produkt\/handpan-f2-nordlys-1596-stal-nierdzewna-premium\/#primaryimage"},"image":{"@id":"https:\/\/miloscispokoj.pl\/produkt\/handpan-f2-nordlys-1596-stal-nierdzewna-premium\/#primaryimage"},"thumbnailUrl":"https:\/\/miloscispokoj.pl\/wp-content\/uploads\/2025\/05\/Handpan-9-nut-Milosc-i-Spokoj.pl_-1.png?wsr","datePublished":"2025-05-13T19:28:11+00:00","dateModified":"2026-04-03T12:43:21+00:00","description":"Nordlys F#2 Handpan 15 notes \u2013 Fabriqu\u00e9 artisanalement en acier inoxydable de premi\u00e8re qualit\u00e9. D\u00e9couvrez un son ample et un nouveau voyage musical avec le Mi\u0142o\u015b\u0107 i Spok\u00f3j.","breadcrumb":{"@id":"https:\/\/miloscispokoj.pl\/produkt\/handpan-f2-nordlys-1596-stal-nierdzewna-premium\/#breadcrumb"},"inLanguage":"fr-FR","potentialAction":[{"@type":"ReadAction","target":["https:\/\/miloscispokoj.pl\/produkt\/handpan-f2-nordlys-1596-stal-nierdzewna-premium\/"]}]},{"@type":"ImageObject","inLanguage":"fr-FR","@id":"https:\/\/miloscispokoj.pl\/produkt\/handpan-f2-nordlys-1596-stal-nierdzewna-premium\/#primaryimage","url":"https:\/\/miloscispokoj.pl\/wp-content\/uploads\/2025\/05\/Handpan-9-nut-Milosc-i-Spokoj.pl_-1.png?wsr","contentUrl":"https:\/\/miloscispokoj.pl\/wp-content\/uploads\/2025\/05\/Handpan-9-nut-Milosc-i-Spokoj.pl_-1.png?wsr","width":800,"height":800,"caption":"Handpan 9 nut Mi\u0142o\u015b\u0107 i Spok\u00f3j.pl"},{"@type":"BreadcrumbList","@id":"https:\/\/miloscispokoj.pl\/produkt\/handpan-f2-nordlys-1596-stal-nierdzewna-premium\/#breadcrumb","itemListElement":[{"@type":"ListItem","position":1,"name":"Mi\u0142o\u015b\u0107 i Spok\u00f3j","item":"https:\/\/miloscispokoj.pl\/"},{"@type":"ListItem","position":2,"name":"Sklep z handpanami \u2013 wybierz sw\u00f3j instrument","item":"https:\/\/miloscispokoj.pl\/sklep-handpan-milosc-i-spokoj\/"},{"@type":"ListItem","position":3,"name":"Handpan Mutant F#2 Nordlys 15(9+6) Low Pitch Stal nierdzewna Premium"}]},{"@type":"WebSite","@id":"https:\/\/miloscispokoj.pl\/#website","url":"https:\/\/miloscispokoj.pl\/","name":"handpany Mi\u0142o\u015b\u0107 i Spok\u00f3j","description":"D\u00e9couvrez la puissance de l'outil, qui vous transporte au pays de la m\u00e9ditation, de la relaxation et de la croissance spirituelle.","publisher":{"@id":"https:\/\/miloscispokoj.pl\/#organization"},"alternateName":"R\u0119cznie robione handpany marki Mi\u0142o\u015b\u0107 i Spok\u00f3j","potentialAction":[{"@type":"SearchAction","target":{"@type":"EntryPoint","urlTemplate":"https:\/\/miloscispokoj.pl\/?s={search_term_string}"},"query-input":{"@type":"PropertyValueSpecification","valueRequired":true,"valueName":"search_term_string"}}],"inLanguage":"fr-FR"},{"@type":"Organization","@id":"https:\/\/miloscispokoj.pl\/#organization","name":"Entreprise: cr\u00e9ation de la voie Piotr Kaczorowski de la marque: l'amour et la s\u00e9r\u00e9nit\u00e9","alternateName":"Mi\u0142o\u015b\u0107 i spok\u00f3j","url":"https:\/\/miloscispokoj.pl\/","logo":{"@type":"ImageObject","inLanguage":"fr-FR","@id":"https:\/\/miloscispokoj.pl\/#\/schema\/logo\/image\/","url":"https:\/\/miloscispokoj.pl\/wp-content\/uploads\/2025\/04\/cropped-Logo_MILOSC-I-SPOKOJ_pl_CMYK_v1_RGB_z-bialym-tlem.png?wsr","contentUrl":"https:\/\/miloscispokoj.pl\/wp-content\/uploads\/2025\/04\/cropped-Logo_MILOSC-I-SPOKOJ_pl_CMYK_v1_RGB_z-bialym-tlem.png?wsr","width":512,"height":512,"caption":"Firma: Kreatywne \u015acie\u017cki Piotr Kaczorowski Marka: Mi\u0142o\u015b\u0107 i Spok\u00f3j"},"image":{"@id":"https:\/\/miloscispokoj.pl\/#\/schema\/logo\/image\/"},"sameAs":["https:\/\/www.facebook.com\/HandpanyMiloscISpokoj","https:\/\/www.youtube.com\/@miloscispokoj"]}]}},"_links":{"self":[{"href":"https:\/\/miloscispokoj.pl\/fr\/wp-json\/wp\/v2\/product\/1845","targetHints":{"allow":["GET"]}}],"collection":[{"href":"https:\/\/miloscispokoj.pl\/fr\/wp-json\/wp\/v2\/product"}],"about":[{"href":"https:\/\/miloscispokoj.pl\/fr\/wp-json\/wp\/v2\/types\/product"}],"replies":[{"embeddable":true,"href":"https:\/\/miloscispokoj.pl\/fr\/wp-json\/wp\/v2\/comments?post=1845"}],"wp:featuredmedia":[{"embeddable":true,"href":"https:\/\/miloscispokoj.pl\/fr\/wp-json\/wp\/v2\/media\/1972"}],"wp:attachment":[{"href":"https:\/\/miloscispokoj.pl\/fr\/wp-json\/wp\/v2\/media?parent=1845"}],"wp:term":[{"taxonomy":"product_brand","embeddable":true,"href":"https:\/\/miloscispokoj.pl\/fr\/wp-json\/wp\/v2\/product_brand?post=1845"},{"taxonomy":"product_cat","embeddable":true,"href":"https:\/\/miloscispokoj.pl\/fr\/wp-json\/wp\/v2\/product_cat?post=1845"},{"taxonomy":"product_tag","embeddable":true,"href":"https:\/\/miloscispokoj.pl\/fr\/wp-json\/wp\/v2\/product_tag?post=1845"}],"curies":[{"name":"wp","href":"https:\/\/api.w.org\/{rel}","templated":true}]}}