{"id":1981,"date":"2025-05-18T17:32:14","date_gmt":"2025-05-18T15:32:14","guid":{"rendered":"https:\/\/miloscispokoj.pl\/?post_type=product&#038;p=1981"},"modified":"2026-03-26T20:44:41","modified_gmt":"2026-03-26T19:44:41","slug":"handpan-d-kurd-10-acier-inoxydable-acier-premium","status":"publish","type":"product","link":"https:\/\/miloscispokoj.pl\/fr\/produkt\/handpan-d-kurd-10-stal-nierdzewna-premium-steel\/","title":{"rendered":"Handpan D Kurd 10 Premium en acier inoxydable + housse \ud83c\udf81 0 PLN"},"content":{"rendered":"<h2>Handpan Master D Kurd 10 en acier inoxydable de qualit\u00e9 sup\u00e9rieure \u2013 MiloscISpokoj.pl<\/h2>\n<p class=\"my-0\">Votre son. Votre voyage. Votre instrument.<\/p>\n<p class=\"my-0\">Chez Mi\u0142o\u015b\u0107 i Spok\u00f3j, nous cr\u00e9ons des handpans qui sont bien plus qu&#039;un simple outil\u00a0: ils vous ouvrent les portes d&#039;un monde d&#039;harmonie, d&#039;espace et d&#039;inspiration. Chaque pi\u00e8ce est fabriqu\u00e9e sur commande, avec une attention particuli\u00e8re port\u00e9e aux d\u00e9tails et dans le respect de votre parcours musical.<\/p>\n<h3>Vid\u00e9o film\u00e9e par le fabricant lors de la phase de cr\u00e9ation du handpan.<\/h3>\n<p><script src=\"https:\/\/player.vimeo.com\/api\/player.js\"><\/script><\/p>\n<div class=\"video-grid\">\n<div class=\"video-tile\">\n<div class=\"video-container\"><iframe src=\"https:\/\/player.vimeo.com\/video\/1094417429\" frameborder=\"0\" allowfullscreen=\"allowfullscreen\"><\/iframe><\/div>\n<div class=\"video-container\" style=\"margin-top: 20px;\"><iframe style=\"position: absolute; top: 0; left: 0; width: 100%; height: 100%;\" title=\"Handpan D Kurd 10 notes 440 Hz, acier inoxydable de qualit\u00e9 sup\u00e9rieure\" src=\"https:\/\/player.vimeo.com\/video\/1100632001?badge=0&amp;autopause=0&amp;player_id=0&amp;app_id=58479\" frameborder=\"0\"><\/iframe><\/div>\n<div class=\"video-container\" style=\"margin-top: 20px;\"><iframe style=\"position: absolute; top: 0; left: 0; width: 100%; height: 100%;\" title=\"D Kurd 10 spirales 432 Hz Acier inoxydable premium - miloscispokoj.pl\" src=\"https:\/\/player.vimeo.com\/video\/1144267381?badge=0&amp;autopause=0&amp;player_id=0&amp;app_id=58479\" frameborder=\"0\"><\/iframe><\/div>\n<h3>Vid\u00e9o montrant le contr\u00f4le qualit\u00e9 apr\u00e8s le d\u00e9ballage du handpan sur place.<\/h3>\n<div style=\"margin: 0 auto; text-align: center; padding: 56.25% 0 0 0; position: relative;\"><iframe style=\"position: absolute; top: 0; left: 0px; width: 100%; height: 100%;\" title=\"Inhaler - miloscispokoj.pl\" src=\"https:\/\/www.youtube.com\/embed\/A2Ev8yBTNwI?si=yR94jj0Mk3W-_MF5\" frameborder=\"0\"><\/iframe><\/div>\n<p><script src=\"https:\/\/player.vimeo.com\/api\/player.js\"><\/script><\/p>\n<\/div>\n<\/div>\n<h3 class=\"my-0\"><strong>D Kurd avec acier inoxydable de qualit\u00e9 sup\u00e9rieure<\/strong><\/h3>\n<p class=\"my-0\">Nous avons choisi l&#039;acier inoxydable de premi\u00e8re qualit\u00e9, un acier qui fait vibrer la musique. Sa structure garantit une stabilit\u00e9 d&#039;accordage et une r\u00e9sistance \u00e0 l&#039;humidit\u00e9 et aux variations de temp\u00e9rature. Ce mat\u00e9riau permet aux sons de se diffuser avec l\u00e9g\u00e8ret\u00e9, chaleur, profondeur et richesse harmonique. Au fil du temps, il acquiert une patine noble, conf\u00e9rant \u00e0 chaque instrument un caract\u00e8re unique.<\/p>\n<p class=\"my-0\"><strong>Gamme kurde en r\u00e9 mineur \u2013 10 champs de notes<\/strong><br \/>\nR\u00e9 | La Sib DoFaFaLa<\/p>\n<h3 class=\"my-0\">Param\u00e8tres du handpan kurde D :<\/h3>\n<ul class=\"marker:text-textOff list-disc\">\n<li>\n<p class=\"my-0\">Mat\u00e9riau : Acier inoxydable de qualit\u00e9 sup\u00e9rieure<\/p>\n<\/li>\n<li>\n<p class=\"my-0\">Diam\u00e8tre : 53 cm<\/p>\n<\/li>\n<li>\n<p class=\"my-0\">\u00c9chelle : D kurde (10 tons)<\/p>\n<\/li>\n<li>\n<p class=\"my-0\">Accordage : 432 Hz ou 440 Hz \u2013 choisissez ce qui joue dans votre c\u0153ur<\/p>\n<\/li>\n<li>\n<p class=\"my-0\">Couleur : Or \/ Marron \/ Argent : spirale \/ Argent : r\u00e9tro 1,2,3 \/ Spirale dor\u00e9e<\/p>\n<\/li>\n<li>\n<p class=\"my-0\">\u00c9tui : souple (gratuit) ou rigide (+450 PLN)<\/p>\n<\/li>\n<\/ul>\n<p class=\"my-0\">Le Handpan Mi\u0142o\u015b\u0107 i Spok\u00f3j est un instrument qui vous enveloppe de sons \u2013 que ce soit pendant la m\u00e9ditation, la pratique du yoga, les exercices corporels, les concerts ou les moments de silence quotidien. Chaque pi\u00e8ce est cr\u00e9\u00e9e en pensant \u00e0 vous \u2013 \u00e0 votre musique, \u00e0 votre sensibilit\u00e9, \u00e0 votre chemin.<\/p>\n<p class=\"my-0\"><strong>Attention:<\/strong><\/p>\n<p class=\"my-0\">La plupart de nos handpans sont disponibles en or ou en bronze. Nous confirmons toujours la teinte finale avec vous avant de passer commande afin de r\u00e9pondre \u00e0 vos attentes.<\/p>\n<p class=\"my-0\">Des informations d\u00e9taill\u00e9es sur les couleurs disponibles et un exemple de palette de couleurs sont disponibles sur notre site Web : <a href=\"https:\/\/miloscispokoj.pl\/fr\/palette-de-couleurs\/\" rel=\"nofollow noopener\">https:\/\/miloscispokoj.pl\/fr\/palette-de-couleurs\/<\/a>.<\/p>\n<p class=\"my-0\">Veuillez noter \u00e9galement que la patine qui se forme \u00e0 la surface des handpans en acier inoxydable de qualit\u00e9 sup\u00e9rieure n&#039;est pas totalement permanente. Avec le temps, l&#039;instrument peut l\u00e9g\u00e8rement changer de couleur, sans que cela n&#039;affecte son son ni son accordage. Ce changement est purement esth\u00e9tique et conf\u00e8re \u00e0 l&#039;instrument un caract\u00e8re vintage unique, \u00e9l\u00e9gant et inimitable.<\/p>\n<p class=\"my-0\">Si vous avez des questions ou des pr\u00e9occupations, nous sommes l\u00e0 pour vous aider\u00a0!<\/p>\n<div id=\"simple-translate\" class=\"simple-translate-system-theme\">\n<div>\n<div class=\"simple-translate-button isShow\" style=\"background-image: url('moz-extension:\/\/d2ec7cf9-3b8d-4ea2-9d96-4897196402bf\/icons\/512.png'); height: 22px; width: 22px; top: 341px; left: 1882px;\"><\/div>\n<div class=\"simple-translate-panel\" style=\"width: 300px; height: 200px; top: 0px; left: 0px; font-size: 13px;\">\n<div class=\"simple-translate-result-wrapper\" style=\"overflow: hidden;\">\n<div class=\"simple-translate-move\" draggable=\"true\"><\/div>\n<div class=\"simple-translate-result-contents\">\n<p class=\"simple-translate-candidate\" dir=\"auto\">\n<\/div>\n<\/div>\n<\/div>\n<\/div>\n<\/div>","protected":false},"excerpt":{"rendered":"<ul class=\"marker:text-textOff list-disc\">\n<li>Mat\u00e9riau : Acier inoxydable de qualit\u00e9 sup\u00e9rieure<\/li>\n<li>Taille: 53 cm<\/li>\n<li>\u00c9chelle : D Kurde<\/li>\n<li>Nombre de notes : 10 (R\u00e93 \/ La3 Sib3 Do4 R\u00e94 Mi4 Fa4 Sol4 La4 Do5)<\/li>\n<li>Accordage : 432 Hz ou 440 Hz (s\u00e9lectionnable)<\/li>\n<li>Couleur : Or\/Marron\/Argent : spirale\/Argent : r\u00e9tro 1,2,3\/Spirale dor\u00e9e<\/li>\n<li>\u00c9tui : Souple (gratuit) \/ Rigide (+ 107 EUR)<\/li>\n<\/ul>\n<hr \/>\n<h2>Prix \u200b\u200bdu handpan \u00e0 partir de\u00a0: 5800 PLN<\/h2>\n<p><\/p>","protected":false},"featured_media":4040,"comment_status":"closed","ping_status":"closed","template":"","meta":[],"product_brand":[285],"product_cat":[286],"product_tag":[],"class_list":{"0":"post-1981","1":"product","2":"type-product","3":"status-publish","4":"has-post-thumbnail","6":"product_brand-milosc-i-spokoj-handpany-z-serca-harmonii","7":"product_cat-handpan-z-stali-nierdzewnej-premium-edycja-mistyczna","9":"first","10":"instock","11":"shipping-taxable","12":"product-type-simple"},"yoast_head":"<!-- This site is optimized with the Yoast SEO plugin v27.4 - https:\/\/yoast.com\/product\/yoast-seo-wordpress\/ -->\n<title>Handpan D Kurd 10 Stal nierdzewna Premium + \ud83c\udf81 pokrowiec 0z\u0142 - Mi\u0142o\u015b\u0107 i Spok\u00f3j<\/title>\n<meta name=\"description\" content=\"Handpan D Kurd 10 Stal nierdzewna Premium \u2013 poczuj magi\u0119 brzmienia i wyrusz w muzyczn\u0105 podr\u00f3\u017c. Zam\u00f3w teraz i odkryj harmoni\u0119 d\u017awi\u0119k\u00f3w!\" \/>\n<meta name=\"robots\" content=\"index, follow, max-snippet:-1, max-image-preview:large, max-video-preview:-1\" \/>\n<link rel=\"canonical\" href=\"https:\/\/miloscispokoj.pl\/fr\/product-2\/handpan-d-kurd-10-acier-inoxydable-acier-premium\/\" \/>\n<meta property=\"og:locale\" content=\"fr_FR\" \/>\n<meta property=\"og:type\" content=\"article\" \/>\n<meta property=\"og:title\" content=\"Handpan D Kurd 10 Stal nierdzewna Premium + \ud83c\udf81 pokrowiec 0z\u0142 - Mi\u0142o\u015b\u0107 i Spok\u00f3j\" \/>\n<meta property=\"og:description\" content=\"Handpan D Kurd 10 Stal nierdzewna Premium \u2013 poczuj magi\u0119 brzmienia i wyrusz w muzyczn\u0105 podr\u00f3\u017c. Zam\u00f3w teraz i odkryj harmoni\u0119 d\u017awi\u0119k\u00f3w!\" \/>\n<meta property=\"og:url\" content=\"https:\/\/miloscispokoj.pl\/fr\/product-2\/handpan-d-kurd-10-acier-inoxydable-acier-premium\/\" \/>\n<meta property=\"og:site_name\" content=\"Mi\u0142o\u015b\u0107 i Spok\u00f3j\" \/>\n<meta property=\"article:publisher\" content=\"https:\/\/www.facebook.com\/HandpanyMiloscISpokoj\" \/>\n<meta property=\"article:modified_time\" content=\"2026-03-26T19:44:41+00:00\" \/>\n<meta property=\"og:image\" content=\"https:\/\/miloscispokoj.pl\/wp-content\/uploads\/2025\/05\/miloscispokoj.pl-handpan-d-kurd-10-stal-nierdzewna-premium-handpan-10-nut-miloscispokoj.pl--1024x682.png\" \/>\n\t<meta property=\"og:image:width\" content=\"1024\" \/>\n\t<meta property=\"og:image:height\" content=\"682\" \/>\n\t<meta property=\"og:image:type\" content=\"image\/png\" \/>\n<meta name=\"twitter:card\" content=\"summary_large_image\" \/>\n<meta name=\"twitter:label1\" content=\"Dur\u00e9e de lecture estim\u00e9e\" \/>\n\t<meta name=\"twitter:data1\" content=\"3 minutes\" \/>\n<script type=\"application\/ld+json\" class=\"yoast-schema-graph\">{\"@context\":\"https:\\\/\\\/schema.org\",\"@graph\":[{\"@type\":\"WebPage\",\"@id\":\"https:\\\/\\\/miloscispokoj.pl\\\/produkt\\\/handpan-d-kurd-10-stal-nierdzewna-premium-steel\\\/\",\"url\":\"https:\\\/\\\/miloscispokoj.pl\\\/produkt\\\/handpan-d-kurd-10-stal-nierdzewna-premium-steel\\\/\",\"name\":\"Handpan D Kurd 10 Stal nierdzewna Premium + \ud83c\udf81 pokrowiec 0z\u0142 - Mi\u0142o\u015b\u0107 i Spok\u00f3j\",\"isPartOf\":{\"@id\":\"https:\\\/\\\/miloscispokoj.pl\\\/#website\"},\"primaryImageOfPage\":{\"@id\":\"https:\\\/\\\/miloscispokoj.pl\\\/produkt\\\/handpan-d-kurd-10-stal-nierdzewna-premium-steel\\\/#primaryimage\"},\"image\":{\"@id\":\"https:\\\/\\\/miloscispokoj.pl\\\/produkt\\\/handpan-d-kurd-10-stal-nierdzewna-premium-steel\\\/#primaryimage\"},\"thumbnailUrl\":\"https:\\\/\\\/miloscispokoj.pl\\\/wp-content\\\/uploads\\\/2025\\\/05\\\/miloscispokoj.pl-handpan-d-kurd-10-stal-nierdzewna-premium-handpan-10-nut-miloscispokoj.pl-.png?wsr\",\"datePublished\":\"2025-05-18T15:32:14+00:00\",\"dateModified\":\"2026-03-26T19:44:41+00:00\",\"description\":\"Handpan D Kurd 10 Stal nierdzewna Premium \u2013 poczuj magi\u0119 brzmienia i wyrusz w muzyczn\u0105 podr\u00f3\u017c. Zam\u00f3w teraz i odkryj harmoni\u0119 d\u017awi\u0119k\u00f3w!\",\"breadcrumb\":{\"@id\":\"https:\\\/\\\/miloscispokoj.pl\\\/produkt\\\/handpan-d-kurd-10-stal-nierdzewna-premium-steel\\\/#breadcrumb\"},\"inLanguage\":\"fr-FR\",\"potentialAction\":[{\"@type\":\"ReadAction\",\"target\":[\"https:\\\/\\\/miloscispokoj.pl\\\/produkt\\\/handpan-d-kurd-10-stal-nierdzewna-premium-steel\\\/\"]}]},{\"@type\":\"ImageObject\",\"inLanguage\":\"fr-FR\",\"@id\":\"https:\\\/\\\/miloscispokoj.pl\\\/produkt\\\/handpan-d-kurd-10-stal-nierdzewna-premium-steel\\\/#primaryimage\",\"url\":\"https:\\\/\\\/miloscispokoj.pl\\\/wp-content\\\/uploads\\\/2025\\\/05\\\/miloscispokoj.pl-handpan-d-kurd-10-stal-nierdzewna-premium-handpan-10-nut-miloscispokoj.pl-.png?wsr\",\"contentUrl\":\"https:\\\/\\\/miloscispokoj.pl\\\/wp-content\\\/uploads\\\/2025\\\/05\\\/miloscispokoj.pl-handpan-d-kurd-10-stal-nierdzewna-premium-handpan-10-nut-miloscispokoj.pl-.png?wsr\",\"width\":2000,\"height\":1333,\"caption\":\"handpan 10 nut miloscispokoj.pl\"},{\"@type\":\"BreadcrumbList\",\"@id\":\"https:\\\/\\\/miloscispokoj.pl\\\/produkt\\\/handpan-d-kurd-10-stal-nierdzewna-premium-steel\\\/#breadcrumb\",\"itemListElement\":[{\"@type\":\"ListItem\",\"position\":1,\"name\":\"Mi\u0142o\u015b\u0107 i Spok\u00f3j\",\"item\":\"https:\\\/\\\/miloscispokoj.pl\\\/\"},{\"@type\":\"ListItem\",\"position\":2,\"name\":\"Sklep z handpanami \u2013 wybierz sw\u00f3j instrument\",\"item\":\"https:\\\/\\\/miloscispokoj.pl\\\/sklep-handpan-milosc-i-spokoj\\\/\"},{\"@type\":\"ListItem\",\"position\":3,\"name\":\"Handpan D Kurd 10 Stal nierdzewna Premium + \ud83c\udf81 pokrowiec 0z\u0142\"}]},{\"@type\":\"WebSite\",\"@id\":\"https:\\\/\\\/miloscispokoj.pl\\\/#website\",\"url\":\"https:\\\/\\\/miloscispokoj.pl\\\/\",\"name\":\"handpany Mi\u0142o\u015b\u0107 i Spok\u00f3j\",\"description\":\"Odkryj moc instrumentu, kt\u00f3ry przenosi do krainy medytacji, relaksu i duchowego wzrostu.\",\"publisher\":{\"@id\":\"https:\\\/\\\/miloscispokoj.pl\\\/#organization\"},\"alternateName\":\"R\u0119cznie robione handpany marki Mi\u0142o\u015b\u0107 i Spok\u00f3j\",\"potentialAction\":[{\"@type\":\"SearchAction\",\"target\":{\"@type\":\"EntryPoint\",\"urlTemplate\":\"https:\\\/\\\/miloscispokoj.pl\\\/?s={search_term_string}\"},\"query-input\":{\"@type\":\"PropertyValueSpecification\",\"valueRequired\":true,\"valueName\":\"search_term_string\"}}],\"inLanguage\":\"fr-FR\"},{\"@type\":\"Organization\",\"@id\":\"https:\\\/\\\/miloscispokoj.pl\\\/#organization\",\"name\":\"Firma: Kreatywne \u015acie\u017cki Piotr Kaczorowski Marka: Mi\u0142o\u015b\u0107 i Spok\u00f3j\",\"alternateName\":\"Mi\u0142o\u015b\u0107 i spok\u00f3j\",\"url\":\"https:\\\/\\\/miloscispokoj.pl\\\/\",\"logo\":{\"@type\":\"ImageObject\",\"inLanguage\":\"fr-FR\",\"@id\":\"https:\\\/\\\/miloscispokoj.pl\\\/#\\\/schema\\\/logo\\\/image\\\/\",\"url\":\"https:\\\/\\\/miloscispokoj.pl\\\/wp-content\\\/uploads\\\/2025\\\/04\\\/cropped-Logo_MILOSC-I-SPOKOJ_pl_CMYK_v1_RGB_z-bialym-tlem.png?wsr\",\"contentUrl\":\"https:\\\/\\\/miloscispokoj.pl\\\/wp-content\\\/uploads\\\/2025\\\/04\\\/cropped-Logo_MILOSC-I-SPOKOJ_pl_CMYK_v1_RGB_z-bialym-tlem.png?wsr\",\"width\":512,\"height\":512,\"caption\":\"Firma: Kreatywne \u015acie\u017cki Piotr Kaczorowski Marka: Mi\u0142o\u015b\u0107 i Spok\u00f3j\"},\"image\":{\"@id\":\"https:\\\/\\\/miloscispokoj.pl\\\/#\\\/schema\\\/logo\\\/image\\\/\"},\"sameAs\":[\"https:\\\/\\\/www.facebook.com\\\/HandpanyMiloscISpokoj\",\"https:\\\/\\\/www.youtube.com\\\/@miloscispokoj\"]}]}<\/script>\n<!-- \/ Yoast SEO plugin. -->","yoast_head_json":{"title":"Handpan D Kurd 10 Premium en acier inoxydable + housse \ud83c\udf81 0 PLN","description":"Handpan D Kurd 10 en acier inoxydable premium \u2013 ressentez la magie du son et embarquez pour un voyage musical. Commandez d\u00e8s maintenant et d\u00e9couvrez l&#039;harmonie des sons !","robots":{"index":"index","follow":"follow","max-snippet":"max-snippet:-1","max-image-preview":"max-image-preview:large","max-video-preview":"max-video-preview:-1"},"canonical":"https:\/\/miloscispokoj.pl\/fr\/product-2\/handpan-d-kurd-10-acier-inoxydable-acier-premium\/","og_locale":"fr_FR","og_type":"article","og_title":"Handpan D Kurd 10 Stal nierdzewna Premium + \ud83c\udf81 pokrowiec 0z\u0142 - Mi\u0142o\u015b\u0107 i Spok\u00f3j","og_description":"Handpan D Kurd 10 Stal nierdzewna Premium \u2013 poczuj magi\u0119 brzmienia i wyrusz w muzyczn\u0105 podr\u00f3\u017c. Zam\u00f3w teraz i odkryj harmoni\u0119 d\u017awi\u0119k\u00f3w!","og_url":"https:\/\/miloscispokoj.pl\/fr\/product-2\/handpan-d-kurd-10-acier-inoxydable-acier-premium\/","og_site_name":"Mi\u0142o\u015b\u0107 i Spok\u00f3j","article_publisher":"https:\/\/www.facebook.com\/HandpanyMiloscISpokoj","article_modified_time":"2026-03-26T19:44:41+00:00","og_image":[{"width":1024,"height":682,"url":"https:\/\/miloscispokoj.pl\/wp-content\/uploads\/2025\/05\/miloscispokoj.pl-handpan-d-kurd-10-stal-nierdzewna-premium-handpan-10-nut-miloscispokoj.pl--1024x682.png","type":"image\/png"}],"twitter_card":"summary_large_image","twitter_misc":{"Dur\u00e9e de lecture estim\u00e9e":"3 minutes"},"schema":{"@context":"https:\/\/schema.org","@graph":[{"@type":"WebPage","@id":"https:\/\/miloscispokoj.pl\/produkt\/handpan-d-kurd-10-stal-nierdzewna-premium-steel\/","url":"https:\/\/miloscispokoj.pl\/produkt\/handpan-d-kurd-10-stal-nierdzewna-premium-steel\/","name":"Handpan D Kurd 10 Premium en acier inoxydable + housse \ud83c\udf81 0 PLN","isPartOf":{"@id":"https:\/\/miloscispokoj.pl\/#website"},"primaryImageOfPage":{"@id":"https:\/\/miloscispokoj.pl\/produkt\/handpan-d-kurd-10-stal-nierdzewna-premium-steel\/#primaryimage"},"image":{"@id":"https:\/\/miloscispokoj.pl\/produkt\/handpan-d-kurd-10-stal-nierdzewna-premium-steel\/#primaryimage"},"thumbnailUrl":"https:\/\/miloscispokoj.pl\/wp-content\/uploads\/2025\/05\/miloscispokoj.pl-handpan-d-kurd-10-stal-nierdzewna-premium-handpan-10-nut-miloscispokoj.pl-.png?wsr","datePublished":"2025-05-18T15:32:14+00:00","dateModified":"2026-03-26T19:44:41+00:00","description":"Handpan D Kurd 10 en acier inoxydable premium \u2013 ressentez la magie du son et embarquez pour un voyage musical. Commandez d\u00e8s maintenant et d\u00e9couvrez l&#039;harmonie des sons !","breadcrumb":{"@id":"https:\/\/miloscispokoj.pl\/produkt\/handpan-d-kurd-10-stal-nierdzewna-premium-steel\/#breadcrumb"},"inLanguage":"fr-FR","potentialAction":[{"@type":"ReadAction","target":["https:\/\/miloscispokoj.pl\/produkt\/handpan-d-kurd-10-stal-nierdzewna-premium-steel\/"]}]},{"@type":"ImageObject","inLanguage":"fr-FR","@id":"https:\/\/miloscispokoj.pl\/produkt\/handpan-d-kurd-10-stal-nierdzewna-premium-steel\/#primaryimage","url":"https:\/\/miloscispokoj.pl\/wp-content\/uploads\/2025\/05\/miloscispokoj.pl-handpan-d-kurd-10-stal-nierdzewna-premium-handpan-10-nut-miloscispokoj.pl-.png?wsr","contentUrl":"https:\/\/miloscispokoj.pl\/wp-content\/uploads\/2025\/05\/miloscispokoj.pl-handpan-d-kurd-10-stal-nierdzewna-premium-handpan-10-nut-miloscispokoj.pl-.png?wsr","width":2000,"height":1333,"caption":"handpan 10 nut miloscispokoj.pl"},{"@type":"BreadcrumbList","@id":"https:\/\/miloscispokoj.pl\/produkt\/handpan-d-kurd-10-stal-nierdzewna-premium-steel\/#breadcrumb","itemListElement":[{"@type":"ListItem","position":1,"name":"Mi\u0142o\u015b\u0107 i Spok\u00f3j","item":"https:\/\/miloscispokoj.pl\/"},{"@type":"ListItem","position":2,"name":"Sklep z handpanami \u2013 wybierz sw\u00f3j instrument","item":"https:\/\/miloscispokoj.pl\/sklep-handpan-milosc-i-spokoj\/"},{"@type":"ListItem","position":3,"name":"Handpan D Kurd 10 Stal nierdzewna Premium + \ud83c\udf81 pokrowiec 0z\u0142"}]},{"@type":"WebSite","@id":"https:\/\/miloscispokoj.pl\/#website","url":"https:\/\/miloscispokoj.pl\/","name":"handpany Mi\u0142o\u015b\u0107 i Spok\u00f3j","description":"D\u00e9couvrez la puissance de l'outil, qui vous transporte au pays de la m\u00e9ditation, de la relaxation et de la croissance spirituelle.","publisher":{"@id":"https:\/\/miloscispokoj.pl\/#organization"},"alternateName":"R\u0119cznie robione handpany marki Mi\u0142o\u015b\u0107 i Spok\u00f3j","potentialAction":[{"@type":"SearchAction","target":{"@type":"EntryPoint","urlTemplate":"https:\/\/miloscispokoj.pl\/?s={search_term_string}"},"query-input":{"@type":"PropertyValueSpecification","valueRequired":true,"valueName":"search_term_string"}}],"inLanguage":"fr-FR"},{"@type":"Organization","@id":"https:\/\/miloscispokoj.pl\/#organization","name":"Entreprise: cr\u00e9ation de la voie Piotr Kaczorowski de la marque: l'amour et la s\u00e9r\u00e9nit\u00e9","alternateName":"Mi\u0142o\u015b\u0107 i spok\u00f3j","url":"https:\/\/miloscispokoj.pl\/","logo":{"@type":"ImageObject","inLanguage":"fr-FR","@id":"https:\/\/miloscispokoj.pl\/#\/schema\/logo\/image\/","url":"https:\/\/miloscispokoj.pl\/wp-content\/uploads\/2025\/04\/cropped-Logo_MILOSC-I-SPOKOJ_pl_CMYK_v1_RGB_z-bialym-tlem.png?wsr","contentUrl":"https:\/\/miloscispokoj.pl\/wp-content\/uploads\/2025\/04\/cropped-Logo_MILOSC-I-SPOKOJ_pl_CMYK_v1_RGB_z-bialym-tlem.png?wsr","width":512,"height":512,"caption":"Firma: Kreatywne \u015acie\u017cki Piotr Kaczorowski Marka: Mi\u0142o\u015b\u0107 i Spok\u00f3j"},"image":{"@id":"https:\/\/miloscispokoj.pl\/#\/schema\/logo\/image\/"},"sameAs":["https:\/\/www.facebook.com\/HandpanyMiloscISpokoj","https:\/\/www.youtube.com\/@miloscispokoj"]}]}},"_links":{"self":[{"href":"https:\/\/miloscispokoj.pl\/fr\/wp-json\/wp\/v2\/product\/1981","targetHints":{"allow":["GET"]}}],"collection":[{"href":"https:\/\/miloscispokoj.pl\/fr\/wp-json\/wp\/v2\/product"}],"about":[{"href":"https:\/\/miloscispokoj.pl\/fr\/wp-json\/wp\/v2\/types\/product"}],"replies":[{"embeddable":true,"href":"https:\/\/miloscispokoj.pl\/fr\/wp-json\/wp\/v2\/comments?post=1981"}],"wp:featuredmedia":[{"embeddable":true,"href":"https:\/\/miloscispokoj.pl\/fr\/wp-json\/wp\/v2\/media\/4040"}],"wp:attachment":[{"href":"https:\/\/miloscispokoj.pl\/fr\/wp-json\/wp\/v2\/media?parent=1981"}],"wp:term":[{"taxonomy":"product_brand","embeddable":true,"href":"https:\/\/miloscispokoj.pl\/fr\/wp-json\/wp\/v2\/product_brand?post=1981"},{"taxonomy":"product_cat","embeddable":true,"href":"https:\/\/miloscispokoj.pl\/fr\/wp-json\/wp\/v2\/product_cat?post=1981"},{"taxonomy":"product_tag","embeddable":true,"href":"https:\/\/miloscispokoj.pl\/fr\/wp-json\/wp\/v2\/product_tag?post=1981"}],"curies":[{"name":"wp","href":"https:\/\/api.w.org\/{rel}","templated":true}]}}