{"id":2182,"date":"2025-06-10T12:31:55","date_gmt":"2025-06-10T10:31:55","guid":{"rendered":"https:\/\/miloscispokoj.pl\/?post_type=product&#038;p=2182"},"modified":"2026-03-26T21:07:02","modified_gmt":"2026-03-26T20:07:02","slug":"handpan-g-saybe-14-95-mini-de-voyage-en-acier-inoxydable","status":"publish","type":"product","link":"https:\/\/miloscispokoj.pl\/fr\/produkt\/handpan-g-saybe-14-95-travel-mini-stainless\/","title":{"rendered":"Handpan G Saybe 14 (9+5) Mini de voyage en acier inoxydable - Amour et Paix"},"content":{"rendered":"<h2>Handpan G Saybe 14 \u2013 Votre compagnon musical pour chaque voyage<\/h2>\n<p class=\"my-0\">Laissez le son vous accompagner partout : le G Saybe 14 est l&#039;instrument id\u00e9al pour tous ceux qui appr\u00e9cient la l\u00e9g\u00e8ret\u00e9, la compacit\u00e9 et un son unique. Son diam\u00e8tre de seulement 43 cm le rend facile \u00e0 emporter partout : en for\u00eat, \u00e0 la mer, \u00e0 la montagne ou pour retrouver des amis.<\/p>\n<p class=\"my-0\">La gamme Sabye Sol3\/(La3, Si3), Do4, R\u00e94, Mi4, Fa#4, Sol4, La4, Si4, (Do5), R\u00e95, (Mi5, Fa#5) offre 15 notes, vous offrant une grande libert\u00e9 d&#039;exp\u00e9rimentation musicale et la possibilit\u00e9 de cr\u00e9er vos propres m\u00e9lodies. Vous pouvez choisir entre les accordages 432 Hz et 440 Hz, pour adapter l&#039;instrument \u00e0 votre style et \u00e0 votre humeur. Un \u00e9tui souple assure la s\u00e9curit\u00e9 pendant le transport, tandis qu&#039;un \u00e9tui rigide offre une protection renforc\u00e9e.<\/p>\n<p class=\"my-0\">Handpan Travel \u2013 l\u00e9ger, pratique et pr\u00eat pour de nouvelles aventures. Laissez votre musique vous accompagner partout.<\/p>\n<div style=\"padding: 56.25% 0 0 0; position: relative;\"><iframe style=\"position: absolute; top: 0; left: 0; width: 100%; height: 100%;\" title=\"Handpan Travel mini G Saybe 14 notes 440hz \u2013 vid\u00e9o de production pour approbation du projet.\" src=\"https:\/\/player.vimeo.com\/video\/1108070033?badge=0&amp;autopause=0&amp;player_id=0&amp;app_id=58479\" frameborder=\"0\"><\/iframe><\/div>\n<p><script src=\"https:\/\/player.vimeo.com\/api\/player.js\"><\/script><\/p>\n<p class=\"my-0\"><strong>Attention:<\/strong><\/p>\n<p class=\"my-0\">La plupart de nos handpans sont disponibles en or ou en bronze. Nous confirmons toujours la teinte finale avec vous avant de passer commande afin de r\u00e9pondre \u00e0 vos attentes.<\/p>\n<p class=\"my-0\">Des informations d\u00e9taill\u00e9es sur les couleurs disponibles et un exemple de palette de couleurs sont disponibles sur notre site Web : <a href=\"https:\/\/miloscispokoj.pl\/fr\/palette-de-couleurs\/\" rel=\"nofollow noopener\">https:\/\/miloscispokoj.pl\/fr\/palette-de-couleurs\/<\/a>.<\/p>\n<p class=\"my-0\" style=\"text-align: left;\">Prosimy r\u00f3wnie\u017c pami\u0119ta\u0107, \u017ce patyna powstaj\u0105ca na powierzchni handpan\u00f3w ze stali nierdzewnej typu Stal nierdzewna nie jest ca\u0142kowicie trwa\u0142a. Z czasem instrument mo\u017ce delikatnie zmienia\u0107 kolor, co nie wp\u0142ywa jednak na jego brzmienie ani strojenie. Zmiana ta dotyczy wy\u0142\u0105cznie wygl\u0105du, nadaj\u0105c instrumentowi wyj\u0105tkowy, stylowy i niepowtarzalny charakter vintage.<\/p>\n<p class=\"my-0\">Si vous avez des questions ou des pr\u00e9occupations, nous sommes l\u00e0 pour vous aider\u00a0!<\/p>\n<div id=\"simple-translate\" class=\"simple-translate-system-theme\">\n<div>\n<div class=\"simple-translate-button\" style=\"background-image: url('moz-extension:\/\/d2ec7cf9-3b8d-4ea2-9d96-4897196402bf\/icons\/512.png'); height: 22px; width: 22px; top: 10px; left: 10px;\"><\/div>\n<div class=\"simple-translate-panel\" style=\"width: 300px; height: 200px; top: 0px; left: 0px; font-size: 13px;\">\n<div class=\"simple-translate-result-wrapper\" style=\"overflow: hidden;\">\n<div class=\"simple-translate-move\" draggable=\"true\"><\/div>\n<div class=\"simple-translate-result-contents\">\n<p class=\"simple-translate-candidate\" dir=\"auto\">\n<\/div>\n<\/div>\n<\/div>\n<\/div>\n<\/div>","protected":false},"excerpt":{"rendered":"<ul>\n<li>Mat\u00e9riau : acier inoxydable<\/li>\n<li>Taille: 43 cm<\/li>\n<li>\u00c9chelle\u00a0: G Sabye G3\/ (A3, B3), C4, D4, E4, F#4, G4, A4, B4, (C5), D5, (E5, F#5)<\/li>\n<li>Nombre de sons : 14 ( 9 + 5 )<\/li>\n<li>Accordage : 432 Hz ou 440 Hz (s\u00e9lectionnable)<\/li>\n<li>Couleur : Or\/Marron\/Argent : spirale\/Argent : r\u00e9tro 1,2,3\/Spirale dor\u00e9e<\/li>\n<li>\u00c9tui : Souple (gratuit) \/ Rigide (+ 107 EUR)<\/li>\n<\/ul>\n<hr \/>\n<h2>Prix \u200b\u200bdu handpan \u00e0 partir de\u00a0: 8\u00a0300 PLN<\/h2>\n<p><\/p>","protected":false},"featured_media":2181,"comment_status":"closed","ping_status":"closed","template":"","meta":[],"product_brand":[285],"product_cat":[286],"product_tag":[],"class_list":{"0":"post-2182","1":"product","2":"type-product","3":"status-publish","4":"has-post-thumbnail","6":"product_brand-milosc-i-spokoj-handpany-z-serca-harmonii","7":"product_cat-handpan-z-stali-nierdzewnej-premium-edycja-mistyczna","9":"first","10":"instock","11":"shipping-taxable","12":"product-type-simple"},"yoast_head":"<!-- This site is optimized with the Yoast SEO plugin v27.4 - https:\/\/yoast.com\/product\/yoast-seo-wordpress\/ -->\n<title>Handpan G Saybe 14 (9+5) Travel Mini Stal nierdzewna - Mi\u0142o\u015b\u0107 i Spok\u00f3j<\/title>\n<meta name=\"description\" content=\"Handpan G Saybe 14 TRAVEL \u2013 kompaktowy instrument perkusyjny, tylko 43 cm, skala G2 Minor, 9 d\u017awi\u0119k\u00f3w. Idealny na podr\u00f3\u017ce i na co dzie\u0144.\" \/>\n<meta name=\"robots\" content=\"index, follow, max-snippet:-1, max-image-preview:large, max-video-preview:-1\" \/>\n<link rel=\"canonical\" href=\"https:\/\/miloscispokoj.pl\/fr\/product-2\/handpan-g-saybe-14-95-mini-de-voyage-en-acier-inoxydable\/\" \/>\n<meta property=\"og:locale\" content=\"fr_FR\" \/>\n<meta property=\"og:type\" content=\"article\" \/>\n<meta property=\"og:title\" content=\"Handpan G Saybe 14 (9+5) Travel Mini Stal nierdzewna - Mi\u0142o\u015b\u0107 i Spok\u00f3j\" \/>\n<meta property=\"og:description\" content=\"Handpan G Saybe 14 TRAVEL \u2013 kompaktowy instrument perkusyjny, tylko 43 cm, skala G2 Minor, 9 d\u017awi\u0119k\u00f3w. Idealny na podr\u00f3\u017ce i na co dzie\u0144.\" \/>\n<meta property=\"og:url\" content=\"https:\/\/miloscispokoj.pl\/fr\/product-2\/handpan-g-saybe-14-95-mini-de-voyage-en-acier-inoxydable\/\" \/>\n<meta property=\"og:site_name\" content=\"Mi\u0142o\u015b\u0107 i Spok\u00f3j\" \/>\n<meta property=\"article:publisher\" content=\"https:\/\/www.facebook.com\/HandpanyMiloscISpokoj\" \/>\n<meta property=\"article:modified_time\" content=\"2026-03-26T20:07:02+00:00\" \/>\n<meta property=\"og:image\" content=\"https:\/\/miloscispokoj.pl\/wp-content\/uploads\/2025\/06\/mini-handpanmilosc-i-spokoj-gora.png?wsr\" \/>\n\t<meta property=\"og:image:width\" content=\"800\" \/>\n\t<meta property=\"og:image:height\" content=\"800\" \/>\n\t<meta property=\"og:image:type\" content=\"image\/png\" \/>\n<meta name=\"twitter:card\" content=\"summary_large_image\" \/>\n<meta name=\"twitter:label1\" content=\"Dur\u00e9e de lecture estim\u00e9e\" \/>\n\t<meta name=\"twitter:data1\" content=\"2 minutes\" \/>\n<script type=\"application\/ld+json\" class=\"yoast-schema-graph\">{\"@context\":\"https:\\\/\\\/schema.org\",\"@graph\":[{\"@type\":\"WebPage\",\"@id\":\"https:\\\/\\\/miloscispokoj.pl\\\/produkt\\\/handpan-g-saybe-14-95-travel-mini-stainless\\\/\",\"url\":\"https:\\\/\\\/miloscispokoj.pl\\\/produkt\\\/handpan-g-saybe-14-95-travel-mini-stainless\\\/\",\"name\":\"Handpan G Saybe 14 (9+5) Travel Mini Stal nierdzewna - Mi\u0142o\u015b\u0107 i Spok\u00f3j\",\"isPartOf\":{\"@id\":\"https:\\\/\\\/miloscispokoj.pl\\\/#website\"},\"primaryImageOfPage\":{\"@id\":\"https:\\\/\\\/miloscispokoj.pl\\\/produkt\\\/handpan-g-saybe-14-95-travel-mini-stainless\\\/#primaryimage\"},\"image\":{\"@id\":\"https:\\\/\\\/miloscispokoj.pl\\\/produkt\\\/handpan-g-saybe-14-95-travel-mini-stainless\\\/#primaryimage\"},\"thumbnailUrl\":\"https:\\\/\\\/miloscispokoj.pl\\\/wp-content\\\/uploads\\\/2025\\\/06\\\/mini-handpanmilosc-i-spokoj-gora.png?wsr\",\"datePublished\":\"2025-06-10T10:31:55+00:00\",\"dateModified\":\"2026-03-26T20:07:02+00:00\",\"description\":\"Handpan G Saybe 14 TRAVEL \u2013 kompaktowy instrument perkusyjny, tylko 43 cm, skala G2 Minor, 9 d\u017awi\u0119k\u00f3w. Idealny na podr\u00f3\u017ce i na co dzie\u0144.\",\"breadcrumb\":{\"@id\":\"https:\\\/\\\/miloscispokoj.pl\\\/produkt\\\/handpan-g-saybe-14-95-travel-mini-stainless\\\/#breadcrumb\"},\"inLanguage\":\"fr-FR\",\"potentialAction\":[{\"@type\":\"ReadAction\",\"target\":[\"https:\\\/\\\/miloscispokoj.pl\\\/produkt\\\/handpan-g-saybe-14-95-travel-mini-stainless\\\/\"]}]},{\"@type\":\"ImageObject\",\"inLanguage\":\"fr-FR\",\"@id\":\"https:\\\/\\\/miloscispokoj.pl\\\/produkt\\\/handpan-g-saybe-14-95-travel-mini-stainless\\\/#primaryimage\",\"url\":\"https:\\\/\\\/miloscispokoj.pl\\\/wp-content\\\/uploads\\\/2025\\\/06\\\/mini-handpanmilosc-i-spokoj-gora.png?wsr\",\"contentUrl\":\"https:\\\/\\\/miloscispokoj.pl\\\/wp-content\\\/uploads\\\/2025\\\/06\\\/mini-handpanmilosc-i-spokoj-gora.png?wsr\",\"width\":800,\"height\":800,\"caption\":\"mini handpan w sklepie HandpanPolska marki MiloscISpok\u00f3j.pl\"},{\"@type\":\"BreadcrumbList\",\"@id\":\"https:\\\/\\\/miloscispokoj.pl\\\/produkt\\\/handpan-g-saybe-14-95-travel-mini-stainless\\\/#breadcrumb\",\"itemListElement\":[{\"@type\":\"ListItem\",\"position\":1,\"name\":\"Mi\u0142o\u015b\u0107 i Spok\u00f3j\",\"item\":\"https:\\\/\\\/miloscispokoj.pl\\\/\"},{\"@type\":\"ListItem\",\"position\":2,\"name\":\"Sklep z handpanami \u2013 wybierz sw\u00f3j instrument\",\"item\":\"https:\\\/\\\/miloscispokoj.pl\\\/sklep-handpan-milosc-i-spokoj\\\/\"},{\"@type\":\"ListItem\",\"position\":3,\"name\":\"Handpan G Saybe 14 (9+5) Travel Mini Stal nierdzewna\"}]},{\"@type\":\"WebSite\",\"@id\":\"https:\\\/\\\/miloscispokoj.pl\\\/#website\",\"url\":\"https:\\\/\\\/miloscispokoj.pl\\\/\",\"name\":\"handpany Mi\u0142o\u015b\u0107 i Spok\u00f3j\",\"description\":\"Odkryj moc instrumentu, kt\u00f3ry przenosi do krainy medytacji, relaksu i duchowego wzrostu.\",\"publisher\":{\"@id\":\"https:\\\/\\\/miloscispokoj.pl\\\/#organization\"},\"alternateName\":\"R\u0119cznie robione handpany marki Mi\u0142o\u015b\u0107 i Spok\u00f3j\",\"potentialAction\":[{\"@type\":\"SearchAction\",\"target\":{\"@type\":\"EntryPoint\",\"urlTemplate\":\"https:\\\/\\\/miloscispokoj.pl\\\/?s={search_term_string}\"},\"query-input\":{\"@type\":\"PropertyValueSpecification\",\"valueRequired\":true,\"valueName\":\"search_term_string\"}}],\"inLanguage\":\"fr-FR\"},{\"@type\":\"Organization\",\"@id\":\"https:\\\/\\\/miloscispokoj.pl\\\/#organization\",\"name\":\"Firma: Kreatywne \u015acie\u017cki Piotr Kaczorowski Marka: Mi\u0142o\u015b\u0107 i Spok\u00f3j\",\"alternateName\":\"Mi\u0142o\u015b\u0107 i spok\u00f3j\",\"url\":\"https:\\\/\\\/miloscispokoj.pl\\\/\",\"logo\":{\"@type\":\"ImageObject\",\"inLanguage\":\"fr-FR\",\"@id\":\"https:\\\/\\\/miloscispokoj.pl\\\/#\\\/schema\\\/logo\\\/image\\\/\",\"url\":\"https:\\\/\\\/miloscispokoj.pl\\\/wp-content\\\/uploads\\\/2025\\\/04\\\/cropped-Logo_MILOSC-I-SPOKOJ_pl_CMYK_v1_RGB_z-bialym-tlem.png?wsr\",\"contentUrl\":\"https:\\\/\\\/miloscispokoj.pl\\\/wp-content\\\/uploads\\\/2025\\\/04\\\/cropped-Logo_MILOSC-I-SPOKOJ_pl_CMYK_v1_RGB_z-bialym-tlem.png?wsr\",\"width\":512,\"height\":512,\"caption\":\"Firma: Kreatywne \u015acie\u017cki Piotr Kaczorowski Marka: Mi\u0142o\u015b\u0107 i Spok\u00f3j\"},\"image\":{\"@id\":\"https:\\\/\\\/miloscispokoj.pl\\\/#\\\/schema\\\/logo\\\/image\\\/\"},\"sameAs\":[\"https:\\\/\\\/www.facebook.com\\\/HandpanyMiloscISpokoj\",\"https:\\\/\\\/www.youtube.com\\\/@miloscispokoj\"]}]}<\/script>\n<!-- \/ Yoast SEO plugin. -->","yoast_head_json":{"title":"Handpan G Saybe 14 (9+5) Mini de voyage en acier inoxydable - Amour et Paix","description":"Le handpan G Saybe 14 TRAVEL est un instrument de percussion compact de seulement 43 cm de long, avec une gamme de Sol2 mineur et 9 notes. Id\u00e9al pour les voyages et le quotidien.","robots":{"index":"index","follow":"follow","max-snippet":"max-snippet:-1","max-image-preview":"max-image-preview:large","max-video-preview":"max-video-preview:-1"},"canonical":"https:\/\/miloscispokoj.pl\/fr\/product-2\/handpan-g-saybe-14-95-mini-de-voyage-en-acier-inoxydable\/","og_locale":"fr_FR","og_type":"article","og_title":"Handpan G Saybe 14 (9+5) Travel Mini Stal nierdzewna - Mi\u0142o\u015b\u0107 i Spok\u00f3j","og_description":"Handpan G Saybe 14 TRAVEL \u2013 kompaktowy instrument perkusyjny, tylko 43 cm, skala G2 Minor, 9 d\u017awi\u0119k\u00f3w. Idealny na podr\u00f3\u017ce i na co dzie\u0144.","og_url":"https:\/\/miloscispokoj.pl\/fr\/product-2\/handpan-g-saybe-14-95-mini-de-voyage-en-acier-inoxydable\/","og_site_name":"Mi\u0142o\u015b\u0107 i Spok\u00f3j","article_publisher":"https:\/\/www.facebook.com\/HandpanyMiloscISpokoj","article_modified_time":"2026-03-26T20:07:02+00:00","og_image":[{"url":"https:\/\/miloscispokoj.pl\/wp-content\/uploads\/2025\/06\/mini-handpanmilosc-i-spokoj-gora.png?wsr","width":800,"height":800,"type":"image\/png"}],"twitter_card":"summary_large_image","twitter_misc":{"Dur\u00e9e de lecture estim\u00e9e":"2 minutes"},"schema":{"@context":"https:\/\/schema.org","@graph":[{"@type":"WebPage","@id":"https:\/\/miloscispokoj.pl\/produkt\/handpan-g-saybe-14-95-travel-mini-stainless\/","url":"https:\/\/miloscispokoj.pl\/produkt\/handpan-g-saybe-14-95-travel-mini-stainless\/","name":"Handpan G Saybe 14 (9+5) Mini de voyage en acier inoxydable - Amour et Paix","isPartOf":{"@id":"https:\/\/miloscispokoj.pl\/#website"},"primaryImageOfPage":{"@id":"https:\/\/miloscispokoj.pl\/produkt\/handpan-g-saybe-14-95-travel-mini-stainless\/#primaryimage"},"image":{"@id":"https:\/\/miloscispokoj.pl\/produkt\/handpan-g-saybe-14-95-travel-mini-stainless\/#primaryimage"},"thumbnailUrl":"https:\/\/miloscispokoj.pl\/wp-content\/uploads\/2025\/06\/mini-handpanmilosc-i-spokoj-gora.png?wsr","datePublished":"2025-06-10T10:31:55+00:00","dateModified":"2026-03-26T20:07:02+00:00","description":"Le handpan G Saybe 14 TRAVEL est un instrument de percussion compact de seulement 43 cm de long, avec une gamme de Sol2 mineur et 9 notes. Id\u00e9al pour les voyages et le quotidien.","breadcrumb":{"@id":"https:\/\/miloscispokoj.pl\/produkt\/handpan-g-saybe-14-95-travel-mini-stainless\/#breadcrumb"},"inLanguage":"fr-FR","potentialAction":[{"@type":"ReadAction","target":["https:\/\/miloscispokoj.pl\/produkt\/handpan-g-saybe-14-95-travel-mini-stainless\/"]}]},{"@type":"ImageObject","inLanguage":"fr-FR","@id":"https:\/\/miloscispokoj.pl\/produkt\/handpan-g-saybe-14-95-travel-mini-stainless\/#primaryimage","url":"https:\/\/miloscispokoj.pl\/wp-content\/uploads\/2025\/06\/mini-handpanmilosc-i-spokoj-gora.png?wsr","contentUrl":"https:\/\/miloscispokoj.pl\/wp-content\/uploads\/2025\/06\/mini-handpanmilosc-i-spokoj-gora.png?wsr","width":800,"height":800,"caption":"mini handpan w sklepie HandpanPolska marki MiloscISpok\u00f3j.pl"},{"@type":"BreadcrumbList","@id":"https:\/\/miloscispokoj.pl\/produkt\/handpan-g-saybe-14-95-travel-mini-stainless\/#breadcrumb","itemListElement":[{"@type":"ListItem","position":1,"name":"Mi\u0142o\u015b\u0107 i Spok\u00f3j","item":"https:\/\/miloscispokoj.pl\/"},{"@type":"ListItem","position":2,"name":"Sklep z handpanami \u2013 wybierz sw\u00f3j instrument","item":"https:\/\/miloscispokoj.pl\/sklep-handpan-milosc-i-spokoj\/"},{"@type":"ListItem","position":3,"name":"Handpan G Saybe 14 (9+5) Travel Mini Stal nierdzewna"}]},{"@type":"WebSite","@id":"https:\/\/miloscispokoj.pl\/#website","url":"https:\/\/miloscispokoj.pl\/","name":"handpany Mi\u0142o\u015b\u0107 i Spok\u00f3j","description":"D\u00e9couvrez la puissance de l'outil, qui vous transporte au pays de la m\u00e9ditation, de la relaxation et de la croissance spirituelle.","publisher":{"@id":"https:\/\/miloscispokoj.pl\/#organization"},"alternateName":"R\u0119cznie robione handpany marki Mi\u0142o\u015b\u0107 i Spok\u00f3j","potentialAction":[{"@type":"SearchAction","target":{"@type":"EntryPoint","urlTemplate":"https:\/\/miloscispokoj.pl\/?s={search_term_string}"},"query-input":{"@type":"PropertyValueSpecification","valueRequired":true,"valueName":"search_term_string"}}],"inLanguage":"fr-FR"},{"@type":"Organization","@id":"https:\/\/miloscispokoj.pl\/#organization","name":"Entreprise: cr\u00e9ation de la voie Piotr Kaczorowski de la marque: l'amour et la s\u00e9r\u00e9nit\u00e9","alternateName":"Mi\u0142o\u015b\u0107 i spok\u00f3j","url":"https:\/\/miloscispokoj.pl\/","logo":{"@type":"ImageObject","inLanguage":"fr-FR","@id":"https:\/\/miloscispokoj.pl\/#\/schema\/logo\/image\/","url":"https:\/\/miloscispokoj.pl\/wp-content\/uploads\/2025\/04\/cropped-Logo_MILOSC-I-SPOKOJ_pl_CMYK_v1_RGB_z-bialym-tlem.png?wsr","contentUrl":"https:\/\/miloscispokoj.pl\/wp-content\/uploads\/2025\/04\/cropped-Logo_MILOSC-I-SPOKOJ_pl_CMYK_v1_RGB_z-bialym-tlem.png?wsr","width":512,"height":512,"caption":"Firma: Kreatywne \u015acie\u017cki Piotr Kaczorowski Marka: Mi\u0142o\u015b\u0107 i Spok\u00f3j"},"image":{"@id":"https:\/\/miloscispokoj.pl\/#\/schema\/logo\/image\/"},"sameAs":["https:\/\/www.facebook.com\/HandpanyMiloscISpokoj","https:\/\/www.youtube.com\/@miloscispokoj"]}]}},"_links":{"self":[{"href":"https:\/\/miloscispokoj.pl\/fr\/wp-json\/wp\/v2\/product\/2182","targetHints":{"allow":["GET"]}}],"collection":[{"href":"https:\/\/miloscispokoj.pl\/fr\/wp-json\/wp\/v2\/product"}],"about":[{"href":"https:\/\/miloscispokoj.pl\/fr\/wp-json\/wp\/v2\/types\/product"}],"replies":[{"embeddable":true,"href":"https:\/\/miloscispokoj.pl\/fr\/wp-json\/wp\/v2\/comments?post=2182"}],"wp:featuredmedia":[{"embeddable":true,"href":"https:\/\/miloscispokoj.pl\/fr\/wp-json\/wp\/v2\/media\/2181"}],"wp:attachment":[{"href":"https:\/\/miloscispokoj.pl\/fr\/wp-json\/wp\/v2\/media?parent=2182"}],"wp:term":[{"taxonomy":"product_brand","embeddable":true,"href":"https:\/\/miloscispokoj.pl\/fr\/wp-json\/wp\/v2\/product_brand?post=2182"},{"taxonomy":"product_cat","embeddable":true,"href":"https:\/\/miloscispokoj.pl\/fr\/wp-json\/wp\/v2\/product_cat?post=2182"},{"taxonomy":"product_tag","embeddable":true,"href":"https:\/\/miloscispokoj.pl\/fr\/wp-json\/wp\/v2\/product_tag?post=2182"}],"curies":[{"name":"wp","href":"https:\/\/api.w.org\/{rel}","templated":true}]}}