{"id":2184,"date":"2025-06-10T12:53:05","date_gmt":"2025-06-10T10:53:05","guid":{"rendered":"https:\/\/miloscispokoj.pl\/?post_type=product&#038;p=2184"},"modified":"2026-03-27T09:44:37","modified_gmt":"2026-03-27T08:44:37","slug":"handpan-d-kurd-16-spirale-argentee-432-hz","status":"publish","type":"product","link":"https:\/\/miloscispokoj.pl\/fr\/produkt\/handpan-d-kurd-16-srebrna-spirala-432hz\/","title":{"rendered":"Handpan D Kurd 16 (12+4) Spirale argent\u00e9e 432 Hz"},"content":{"rendered":"<h2>Handpan D Kurd 16 Spirale sonore argent\u00e9e<\/h2>\n<p class=\"my-0\">Dans un monde o\u00f9 chaque son compte, le Handpan D Kurd 16 Silver Spiral est n\u00e9 d&#039;une histoire d&#039;harmonie, de passion et de qu\u00eate constante de beaut\u00e9. C&#039;est un instrument pour ceux qui aspirent \u00e0 transcender les limites du quotidien et \u00e0 s&#039;immerger dans un oc\u00e9an de sons profonds, purs et uniques.<\/p>\n<h3>Vid\u00e9o film\u00e9e par le cr\u00e9ateur lors de la phase de cr\u00e9ation du handpan \u2013 pr\u00e9sentation de 16 champs sonores. <\/h3>\n<div style=\"padding:56.25% 0 0 0;position:relative;\"><iframe src=\"https:\/\/player.vimeo.com\/video\/1100644014?badge=0&amp;autopause=0&amp;player_id=0&amp;app_id=58479\" frameborder=\"0\" allow=\"autoplay; fullscreen; picture-in-picture; clipboard-write; encrypted-media; web-share\" style=\"position:absolute;top:0;left:0;width:100%;height:100%;\" title=\"Handpan D Kurd 16 (12+4), 432 Hz, acier inoxydable de qualit\u00e9 sup\u00e9rieure \u2013 vid\u00e9o de production pour approbation du projet.\"><\/iframe><\/div>\n<p><script src=\"https:\/\/player.vimeo.com\/api\/player.js\"><\/script><\/p>\n<h3>Vid\u00e9o comment\u00e9e par le cr\u00e9ateur lors de la cr\u00e9ation du handpan \u2013 pr\u00e9sentation des couleurs (handpan 10 champs sonores). <\/h3>\n<div class=\"video-container\" style=\"margin-top:20px\"><iframe style=\"position: absolute; top: 0; left: 0; width: 100%; height: 100%;\" src=\"https:\/\/player.vimeo.com\/video\/1144267381?badge=0&amp;autopause=0&amp;player_id=0&amp;app_id=58479\" frameborder=\"0\" allow=\"autoplay; fullscreen; picture-in-picture; clipboard-write; encrypted-media; web-share\" referrerpolicy=\"strict-origin-when-cross-origin\" title=\"D Kurd 10 spirales 432 Hz Acier inoxydable premium - miloscispokoj.pl\"><\/iframe><\/div>\n<h3>Vid\u00e9o du contr\u00f4le qualit\u00e9 apr\u00e8s d\u00e9ballage de l'instrument sur site \u2013 pr\u00e9sentation couleur (handpan 10 champs sonores). <\/h3>\n<div style=\"margin:0 auto;text-align:center;padding:56.25% 0 0 0;position:relative;\"><iframe src=\"https:\/\/www.youtube.com\/embed\/A2Ev8yBTNwI?si=yR94jj0Mk3W-_MF5\" frameborder=\"0\" allow=\"autoplay; fullscreen; picture-in-picture; clipboard-write; encrypted-media; web-share\" style=\"position:absolute;top:0;left:0px;width:100%;height:100%;\" title=\"Inhaler - miloscispokoj.pl\"><\/iframe><\/div>\n<p><script src=\"https:\/\/player.vimeo.com\/api\/player.js\"><\/script><\/p>\n<h3 class=\"my-0\">Seize chemins d&#039;inspiration<\/h3>\n<p class=\"my-0\">Seize champs soigneusement accord\u00e9s ouvrent un monde de possibilit\u00e9s musicales. Le ding central vous guide \u00e0 travers le cercle sonore, passant en douceur des tons chauds des notes les plus graves \u00e0 la lumineuse octave aigu\u00eb. La spirale argent\u00e9e conf\u00e8re \u00e0 l&#039;instrument une \u00e9l\u00e9gance et une expressivit\u00e9 exceptionnelles.<\/p>\n<h3 class=\"my-0\">Acier inoxydable de qualit\u00e9 sup\u00e9rieure \u2013 Un acier qui chante<\/h3>\n<p class=\"my-0\">Nous avons choisi un acier inoxydable de premi\u00e8re qualit\u00e9 pour garantir \u00e0 chaque son une profondeur, une harmonie et une r\u00e9sonance longue et envo\u00fbtante. Fa\u00e7onn\u00e9s et accord\u00e9s \u00e0 la main, chaque handpan est unique\u00a0; les subtiles variations de timbre et de texture t\u00e9moignent d\u2019un savoir-faire authentique.<\/p>\n<h4>Param\u00e8tres techniques du D Kurd 16 :<\/h4>\n<p>Mat\u00e9riau : Acier inoxydable de qualit\u00e9 sup\u00e9rieure<br \/>\n\u00c9chelle : D Kurde<br \/>\nNombre de notes : 16 (Do) R\u00e9 | (Mi) (Fa) (Sol) La Sib DoFaGaDoR\u00e9<br \/>\nAccordage : 432 Hz ou 440 Hz (s\u00e9lectionnable)<br \/>\nCouleur : Spirale argent\u00e9e<br \/>\n\u00c9tui : Souple (gratuit) \/ Rigide (+107 EUR)<\/p>\n<p class=\"my-0\"><strong>Votre instrument individuel<\/strong><br \/>\nChaque handpan D Kurd 16 Silver Spiral est fabriqu\u00e9 sur commande, en pensant \u00e0 votre aventure musicale. Choisissez votre accordage et votre \u00e9tui, et laissez les sonorit\u00e9s de cet instrument vous guider vers l&#039;univers de l&#039;harmonie.<\/p>\n<p class=\"my-0\">Ouvrez-vous \u00e0 de nouvelles inspirations. Commandez le handpan D Kurd 16 Silver Spiral en acier inoxydable de qualit\u00e9 sup\u00e9rieure et laissez la musique de l&#039;amour et de la paix vous guider.<\/p>\n<p class=\"my-0\"><strong>Attention:<\/strong><\/p>\n<p class=\"my-0\">La plupart de nos handpans sont disponibles en or ou en bronze. Nous confirmons toujours la teinte finale avec vous avant de passer commande afin de r\u00e9pondre \u00e0 vos attentes.<\/p>\n<p class=\"my-0\">Des informations d\u00e9taill\u00e9es sur les couleurs disponibles et un exemple de palette de couleurs sont disponibles sur notre site Web : <a href=\"https:\/\/miloscispokoj.pl\/fr\/palette-de-couleurs\/\" rel=\"nofollow noopener\">https:\/\/miloscispokoj.pl\/fr\/palette-de-couleurs\/<\/a>.<\/p>\n<p class=\"my-0\">Veuillez noter \u00e9galement que la patine qui se forme \u00e0 la surface des handpans en acier inoxydable de qualit\u00e9 sup\u00e9rieure n&#039;est pas totalement permanente. Avec le temps, l&#039;instrument peut l\u00e9g\u00e8rement changer de couleur, sans que cela n&#039;affecte son son ni son accordage. Ce changement est purement esth\u00e9tique et conf\u00e8re \u00e0 l&#039;instrument un caract\u00e8re vintage unique, \u00e9l\u00e9gant et inimitable.<\/p>\n<p class=\"my-0\">Si vous avez des questions ou des pr\u00e9occupations, nous sommes l\u00e0 pour vous aider\u00a0!<\/p>","protected":false},"excerpt":{"rendered":"<ul class=\"marker:text-textOff list-disc\">\n<li>Mat\u00e9riau : Acier inoxydable de qualit\u00e9 sup\u00e9rieure<\/li>\n<li>Taille: 53 cm<\/li>\n<li>\u00c9chelle : D Kurde<\/li>\n<li>Nombre de notes : 16 (Do) R\u00e9 | (Mi) (Fa) (Sol) La Sib DoFaGaDoR\u00e9<\/li>\n<li>Accordage : 432 Hz\/440 Hz<\/li>\n<li>Couleur : Or\/Marron\/Argent : spirale\/Argent : r\u00e9tro 1,2,3\/Spirale dor\u00e9e<\/li>\n<li>\u00c9tui : Souple (gratuit) \/ Rigide (+ 107 EUR)<\/li>\n<\/ul>\n<hr>\n<h2>Prix du handpan \u00e0 partir de : 9 300 z\u0142<\/h2>\n<p><\/p>","protected":false},"featured_media":2187,"comment_status":"closed","ping_status":"closed","template":"","meta":[],"product_brand":[285],"product_cat":[286],"product_tag":[],"class_list":{"0":"post-2184","1":"product","2":"type-product","3":"status-publish","4":"has-post-thumbnail","6":"product_brand-milosc-i-spokoj-handpany-z-serca-harmonii","7":"product_cat-handpan-z-stali-nierdzewnej-premium-edycja-mistyczna","9":"first","10":"instock","11":"shipping-taxable","12":"product-type-simple"},"yoast_head":"<!-- This site is optimized with the Yoast SEO plugin v27.4 - https:\/\/yoast.com\/product\/yoast-seo-wordpress\/ -->\n<title>Handpan D Kurd 16 (12+4) Srebrna spirala 432Hz - Mi\u0142o\u015b\u0107 i Spok\u00f3j<\/title>\n<meta name=\"description\" content=\"Handpan D Kurd 16 Srebrna spirala wykonany ze stali Stal nierdzewna Premium \u2013 klasyczny Kurd z dodatkowymi d\u017awi\u0119kami i pi\u0119knymi wzorami. Zobacz mnie teraz!\" \/>\n<meta name=\"robots\" content=\"index, follow, max-snippet:-1, max-image-preview:large, max-video-preview:-1\" \/>\n<link rel=\"canonical\" href=\"https:\/\/miloscispokoj.pl\/fr\/product-2\/handpan-d-kurd-16-spirale-argentee-432-hz\/\" \/>\n<meta property=\"og:locale\" content=\"fr_FR\" \/>\n<meta property=\"og:type\" content=\"article\" \/>\n<meta property=\"og:title\" content=\"Handpan D Kurd 16 (12+4) Srebrna spirala 432Hz - Mi\u0142o\u015b\u0107 i Spok\u00f3j\" \/>\n<meta property=\"og:description\" content=\"Handpan D Kurd 16 Srebrna spirala wykonany ze stali Stal nierdzewna Premium \u2013 klasyczny Kurd z dodatkowymi d\u017awi\u0119kami i pi\u0119knymi wzorami. Zobacz mnie teraz!\" \/>\n<meta property=\"og:url\" content=\"https:\/\/miloscispokoj.pl\/fr\/product-2\/handpan-d-kurd-16-spirale-argentee-432-hz\/\" \/>\n<meta property=\"og:site_name\" content=\"Mi\u0142o\u015b\u0107 i Spok\u00f3j\" \/>\n<meta property=\"article:publisher\" content=\"https:\/\/www.facebook.com\/HandpanyMiloscISpokoj\" \/>\n<meta property=\"article:modified_time\" content=\"2026-03-27T08:44:37+00:00\" \/>\n<meta property=\"og:image\" content=\"https:\/\/miloscispokoj.pl\/wp-content\/uploads\/2025\/06\/D-kurd-124-srebrna-spirala-w-sklepie-handpanpolska.png-marki-miloscispokoj.pl_.png?wsr\" \/>\n\t<meta property=\"og:image:width\" content=\"800\" \/>\n\t<meta property=\"og:image:height\" content=\"800\" \/>\n\t<meta property=\"og:image:type\" content=\"image\/png\" \/>\n<meta name=\"twitter:card\" content=\"summary_large_image\" \/>\n<meta name=\"twitter:label1\" content=\"Dur\u00e9e de lecture estim\u00e9e\" \/>\n\t<meta name=\"twitter:data1\" content=\"3 minutes\" \/>\n<script type=\"application\/ld+json\" class=\"yoast-schema-graph\">{\"@context\":\"https:\\\/\\\/schema.org\",\"@graph\":[{\"@type\":\"WebPage\",\"@id\":\"https:\\\/\\\/miloscispokoj.pl\\\/produkt\\\/handpan-d-kurd-16-srebrna-spirala-432hz\\\/\",\"url\":\"https:\\\/\\\/miloscispokoj.pl\\\/produkt\\\/handpan-d-kurd-16-srebrna-spirala-432hz\\\/\",\"name\":\"Handpan D Kurd 16 (12+4) Srebrna spirala 432Hz - Mi\u0142o\u015b\u0107 i Spok\u00f3j\",\"isPartOf\":{\"@id\":\"https:\\\/\\\/miloscispokoj.pl\\\/#website\"},\"primaryImageOfPage\":{\"@id\":\"https:\\\/\\\/miloscispokoj.pl\\\/produkt\\\/handpan-d-kurd-16-srebrna-spirala-432hz\\\/#primaryimage\"},\"image\":{\"@id\":\"https:\\\/\\\/miloscispokoj.pl\\\/produkt\\\/handpan-d-kurd-16-srebrna-spirala-432hz\\\/#primaryimage\"},\"thumbnailUrl\":\"https:\\\/\\\/miloscispokoj.pl\\\/wp-content\\\/uploads\\\/2025\\\/06\\\/D-kurd-124-srebrna-spirala-w-sklepie-handpanpolska.png-marki-miloscispokoj.pl_.png?wsr\",\"datePublished\":\"2025-06-10T10:53:05+00:00\",\"dateModified\":\"2026-03-27T08:44:37+00:00\",\"description\":\"Handpan D Kurd 16 Srebrna spirala wykonany ze stali Stal nierdzewna Premium \u2013 klasyczny Kurd z dodatkowymi d\u017awi\u0119kami i pi\u0119knymi wzorami. Zobacz mnie teraz!\",\"breadcrumb\":{\"@id\":\"https:\\\/\\\/miloscispokoj.pl\\\/produkt\\\/handpan-d-kurd-16-srebrna-spirala-432hz\\\/#breadcrumb\"},\"inLanguage\":\"fr-FR\",\"potentialAction\":[{\"@type\":\"ReadAction\",\"target\":[\"https:\\\/\\\/miloscispokoj.pl\\\/produkt\\\/handpan-d-kurd-16-srebrna-spirala-432hz\\\/\"]}]},{\"@type\":\"ImageObject\",\"inLanguage\":\"fr-FR\",\"@id\":\"https:\\\/\\\/miloscispokoj.pl\\\/produkt\\\/handpan-d-kurd-16-srebrna-spirala-432hz\\\/#primaryimage\",\"url\":\"https:\\\/\\\/miloscispokoj.pl\\\/wp-content\\\/uploads\\\/2025\\\/06\\\/D-kurd-124-srebrna-spirala-w-sklepie-handpanpolska.png-marki-miloscispokoj.pl_.png?wsr\",\"contentUrl\":\"https:\\\/\\\/miloscispokoj.pl\\\/wp-content\\\/uploads\\\/2025\\\/06\\\/D-kurd-124-srebrna-spirala-w-sklepie-handpanpolska.png-marki-miloscispokoj.pl_.png?wsr\",\"width\":800,\"height\":800,\"caption\":\"D-kurd-12+4 srebrna spirala w sklepie handpanpolska.png marki miloscispokoj.pl\"},{\"@type\":\"BreadcrumbList\",\"@id\":\"https:\\\/\\\/miloscispokoj.pl\\\/produkt\\\/handpan-d-kurd-16-srebrna-spirala-432hz\\\/#breadcrumb\",\"itemListElement\":[{\"@type\":\"ListItem\",\"position\":1,\"name\":\"Mi\u0142o\u015b\u0107 i Spok\u00f3j\",\"item\":\"https:\\\/\\\/miloscispokoj.pl\\\/\"},{\"@type\":\"ListItem\",\"position\":2,\"name\":\"Sklep z handpanami \u2013 wybierz sw\u00f3j instrument\",\"item\":\"https:\\\/\\\/miloscispokoj.pl\\\/sklep-handpan-milosc-i-spokoj\\\/\"},{\"@type\":\"ListItem\",\"position\":3,\"name\":\"Handpan D Kurd 16 (12+4) Srebrna spirala 432Hz\"}]},{\"@type\":\"WebSite\",\"@id\":\"https:\\\/\\\/miloscispokoj.pl\\\/#website\",\"url\":\"https:\\\/\\\/miloscispokoj.pl\\\/\",\"name\":\"handpany Mi\u0142o\u015b\u0107 i Spok\u00f3j\",\"description\":\"Odkryj moc instrumentu, kt\u00f3ry przenosi do krainy medytacji, relaksu i duchowego wzrostu.\",\"publisher\":{\"@id\":\"https:\\\/\\\/miloscispokoj.pl\\\/#organization\"},\"alternateName\":\"R\u0119cznie robione handpany marki Mi\u0142o\u015b\u0107 i Spok\u00f3j\",\"potentialAction\":[{\"@type\":\"SearchAction\",\"target\":{\"@type\":\"EntryPoint\",\"urlTemplate\":\"https:\\\/\\\/miloscispokoj.pl\\\/?s={search_term_string}\"},\"query-input\":{\"@type\":\"PropertyValueSpecification\",\"valueRequired\":true,\"valueName\":\"search_term_string\"}}],\"inLanguage\":\"fr-FR\"},{\"@type\":\"Organization\",\"@id\":\"https:\\\/\\\/miloscispokoj.pl\\\/#organization\",\"name\":\"Firma: Kreatywne \u015acie\u017cki Piotr Kaczorowski Marka: Mi\u0142o\u015b\u0107 i Spok\u00f3j\",\"alternateName\":\"Mi\u0142o\u015b\u0107 i spok\u00f3j\",\"url\":\"https:\\\/\\\/miloscispokoj.pl\\\/\",\"logo\":{\"@type\":\"ImageObject\",\"inLanguage\":\"fr-FR\",\"@id\":\"https:\\\/\\\/miloscispokoj.pl\\\/#\\\/schema\\\/logo\\\/image\\\/\",\"url\":\"https:\\\/\\\/miloscispokoj.pl\\\/wp-content\\\/uploads\\\/2025\\\/04\\\/cropped-Logo_MILOSC-I-SPOKOJ_pl_CMYK_v1_RGB_z-bialym-tlem.png?wsr\",\"contentUrl\":\"https:\\\/\\\/miloscispokoj.pl\\\/wp-content\\\/uploads\\\/2025\\\/04\\\/cropped-Logo_MILOSC-I-SPOKOJ_pl_CMYK_v1_RGB_z-bialym-tlem.png?wsr\",\"width\":512,\"height\":512,\"caption\":\"Firma: Kreatywne \u015acie\u017cki Piotr Kaczorowski Marka: Mi\u0142o\u015b\u0107 i Spok\u00f3j\"},\"image\":{\"@id\":\"https:\\\/\\\/miloscispokoj.pl\\\/#\\\/schema\\\/logo\\\/image\\\/\"},\"sameAs\":[\"https:\\\/\\\/www.facebook.com\\\/HandpanyMiloscISpokoj\",\"https:\\\/\\\/www.youtube.com\\\/@miloscispokoj\"]}]}<\/script>\n<!-- \/ Yoast SEO plugin. -->","yoast_head_json":{"title":"Handpan D Kurd 16 (12+4) Srebrna spirala 432Hz - Mi\u0142o\u015b\u0107 i Spok\u00f3j","description":"Handpan D Kurd 16 Silver Spiral en acier inoxydable de qualit\u00e9 sup\u00e9rieure \u2013 Kurd classique avec des sonorit\u00e9s suppl\u00e9mentaires et de magnifiques motifs. \u00c0 d\u00e9couvrir absolument\u00a0!","robots":{"index":"index","follow":"follow","max-snippet":"max-snippet:-1","max-image-preview":"max-image-preview:large","max-video-preview":"max-video-preview:-1"},"canonical":"https:\/\/miloscispokoj.pl\/fr\/product-2\/handpan-d-kurd-16-spirale-argentee-432-hz\/","og_locale":"fr_FR","og_type":"article","og_title":"Handpan D Kurd 16 (12+4) Srebrna spirala 432Hz - Mi\u0142o\u015b\u0107 i Spok\u00f3j","og_description":"Handpan D Kurd 16 Srebrna spirala wykonany ze stali Stal nierdzewna Premium \u2013 klasyczny Kurd z dodatkowymi d\u017awi\u0119kami i pi\u0119knymi wzorami. Zobacz mnie teraz!","og_url":"https:\/\/miloscispokoj.pl\/fr\/product-2\/handpan-d-kurd-16-spirale-argentee-432-hz\/","og_site_name":"Mi\u0142o\u015b\u0107 i Spok\u00f3j","article_publisher":"https:\/\/www.facebook.com\/HandpanyMiloscISpokoj","article_modified_time":"2026-03-27T08:44:37+00:00","og_image":[{"width":800,"height":800,"url":"https:\/\/miloscispokoj.pl\/wp-content\/uploads\/2025\/06\/D-kurd-124-srebrna-spirala-w-sklepie-handpanpolska.png-marki-miloscispokoj.pl_.png?wsr","type":"image\/png"}],"twitter_card":"summary_large_image","twitter_misc":{"Dur\u00e9e de lecture estim\u00e9e":"3 minutes"},"schema":{"@context":"https:\/\/schema.org","@graph":[{"@type":"WebPage","@id":"https:\/\/miloscispokoj.pl\/produkt\/handpan-d-kurd-16-srebrna-spirala-432hz\/","url":"https:\/\/miloscispokoj.pl\/produkt\/handpan-d-kurd-16-srebrna-spirala-432hz\/","name":"Handpan D Kurd 16 (12+4) Srebrna spirala 432Hz - Mi\u0142o\u015b\u0107 i Spok\u00f3j","isPartOf":{"@id":"https:\/\/miloscispokoj.pl\/#website"},"primaryImageOfPage":{"@id":"https:\/\/miloscispokoj.pl\/produkt\/handpan-d-kurd-16-srebrna-spirala-432hz\/#primaryimage"},"image":{"@id":"https:\/\/miloscispokoj.pl\/produkt\/handpan-d-kurd-16-srebrna-spirala-432hz\/#primaryimage"},"thumbnailUrl":"https:\/\/miloscispokoj.pl\/wp-content\/uploads\/2025\/06\/D-kurd-124-srebrna-spirala-w-sklepie-handpanpolska.png-marki-miloscispokoj.pl_.png?wsr","datePublished":"2025-06-10T10:53:05+00:00","dateModified":"2026-03-27T08:44:37+00:00","description":"Handpan D Kurd 16 Silver Spiral en acier inoxydable de qualit\u00e9 sup\u00e9rieure \u2013 Kurd classique avec des sonorit\u00e9s suppl\u00e9mentaires et de magnifiques motifs. \u00c0 d\u00e9couvrir absolument\u00a0!","breadcrumb":{"@id":"https:\/\/miloscispokoj.pl\/produkt\/handpan-d-kurd-16-srebrna-spirala-432hz\/#breadcrumb"},"inLanguage":"fr-FR","potentialAction":[{"@type":"ReadAction","target":["https:\/\/miloscispokoj.pl\/produkt\/handpan-d-kurd-16-srebrna-spirala-432hz\/"]}]},{"@type":"ImageObject","inLanguage":"fr-FR","@id":"https:\/\/miloscispokoj.pl\/produkt\/handpan-d-kurd-16-srebrna-spirala-432hz\/#primaryimage","url":"https:\/\/miloscispokoj.pl\/wp-content\/uploads\/2025\/06\/D-kurd-124-srebrna-spirala-w-sklepie-handpanpolska.png-marki-miloscispokoj.pl_.png?wsr","contentUrl":"https:\/\/miloscispokoj.pl\/wp-content\/uploads\/2025\/06\/D-kurd-124-srebrna-spirala-w-sklepie-handpanpolska.png-marki-miloscispokoj.pl_.png?wsr","width":800,"height":800,"caption":"D-kurd-12+4 srebrna spirala w sklepie handpanpolska.png marki miloscispokoj.pl"},{"@type":"BreadcrumbList","@id":"https:\/\/miloscispokoj.pl\/produkt\/handpan-d-kurd-16-srebrna-spirala-432hz\/#breadcrumb","itemListElement":[{"@type":"ListItem","position":1,"name":"Mi\u0142o\u015b\u0107 i Spok\u00f3j","item":"https:\/\/miloscispokoj.pl\/"},{"@type":"ListItem","position":2,"name":"Sklep z handpanami \u2013 wybierz sw\u00f3j instrument","item":"https:\/\/miloscispokoj.pl\/sklep-handpan-milosc-i-spokoj\/"},{"@type":"ListItem","position":3,"name":"Handpan D Kurd 16 (12+4) Srebrna spirala 432Hz"}]},{"@type":"WebSite","@id":"https:\/\/miloscispokoj.pl\/#website","url":"https:\/\/miloscispokoj.pl\/","name":"handpany Mi\u0142o\u015b\u0107 i Spok\u00f3j","description":"D\u00e9couvrez la puissance de l'outil, qui vous transporte au pays de la m\u00e9ditation, de la relaxation et de la croissance spirituelle.","publisher":{"@id":"https:\/\/miloscispokoj.pl\/#organization"},"alternateName":"R\u0119cznie robione handpany marki Mi\u0142o\u015b\u0107 i Spok\u00f3j","potentialAction":[{"@type":"SearchAction","target":{"@type":"EntryPoint","urlTemplate":"https:\/\/miloscispokoj.pl\/?s={search_term_string}"},"query-input":{"@type":"PropertyValueSpecification","valueRequired":true,"valueName":"search_term_string"}}],"inLanguage":"fr-FR"},{"@type":"Organization","@id":"https:\/\/miloscispokoj.pl\/#organization","name":"Entreprise: cr\u00e9ation de la voie Piotr Kaczorowski de la marque: l'amour et la s\u00e9r\u00e9nit\u00e9","alternateName":"Mi\u0142o\u015b\u0107 i spok\u00f3j","url":"https:\/\/miloscispokoj.pl\/","logo":{"@type":"ImageObject","inLanguage":"fr-FR","@id":"https:\/\/miloscispokoj.pl\/#\/schema\/logo\/image\/","url":"https:\/\/miloscispokoj.pl\/wp-content\/uploads\/2025\/04\/cropped-Logo_MILOSC-I-SPOKOJ_pl_CMYK_v1_RGB_z-bialym-tlem.png?wsr","contentUrl":"https:\/\/miloscispokoj.pl\/wp-content\/uploads\/2025\/04\/cropped-Logo_MILOSC-I-SPOKOJ_pl_CMYK_v1_RGB_z-bialym-tlem.png?wsr","width":512,"height":512,"caption":"Firma: Kreatywne \u015acie\u017cki Piotr Kaczorowski Marka: Mi\u0142o\u015b\u0107 i Spok\u00f3j"},"image":{"@id":"https:\/\/miloscispokoj.pl\/#\/schema\/logo\/image\/"},"sameAs":["https:\/\/www.facebook.com\/HandpanyMiloscISpokoj","https:\/\/www.youtube.com\/@miloscispokoj"]}]}},"_links":{"self":[{"href":"https:\/\/miloscispokoj.pl\/fr\/wp-json\/wp\/v2\/product\/2184","targetHints":{"allow":["GET"]}}],"collection":[{"href":"https:\/\/miloscispokoj.pl\/fr\/wp-json\/wp\/v2\/product"}],"about":[{"href":"https:\/\/miloscispokoj.pl\/fr\/wp-json\/wp\/v2\/types\/product"}],"replies":[{"embeddable":true,"href":"https:\/\/miloscispokoj.pl\/fr\/wp-json\/wp\/v2\/comments?post=2184"}],"wp:featuredmedia":[{"embeddable":true,"href":"https:\/\/miloscispokoj.pl\/fr\/wp-json\/wp\/v2\/media\/2187"}],"wp:attachment":[{"href":"https:\/\/miloscispokoj.pl\/fr\/wp-json\/wp\/v2\/media?parent=2184"}],"wp:term":[{"taxonomy":"product_brand","embeddable":true,"href":"https:\/\/miloscispokoj.pl\/fr\/wp-json\/wp\/v2\/product_brand?post=2184"},{"taxonomy":"product_cat","embeddable":true,"href":"https:\/\/miloscispokoj.pl\/fr\/wp-json\/wp\/v2\/product_cat?post=2184"},{"taxonomy":"product_tag","embeddable":true,"href":"https:\/\/miloscispokoj.pl\/fr\/wp-json\/wp\/v2\/product_tag?post=2184"}],"curies":[{"name":"wp","href":"https:\/\/api.w.org\/{rel}","templated":true}]}}