{"id":4230,"date":"2026-02-14T16:05:43","date_gmt":"2026-02-14T15:05:43","guid":{"rendered":"https:\/\/miloscispokoj.pl\/?post_type=product&#038;p=4230"},"modified":"2026-03-26T20:54:22","modified_gmt":"2026-03-26T19:54:22","slug":"handpan-c-aegean-11-or-spirale-fibonacci-acier-inoxydable-premium","status":"publish","type":"product","link":"https:\/\/miloscispokoj.pl\/fr\/produkt\/handpan-c-aegean-11-zlota-spirala-fibonacciego-stal-nierdzewna-premium\/","title":{"rendered":"Handpan C3 Aegean 11 Spirale de Fibonacci dor\u00e9e \u2013 Acier inoxydable de qualit\u00e9 sup\u00e9rieure"},"content":{"rendered":"<div class=\"prose text-pretty dark:prose-invert inline leading-normal break-words min-w-0 [word-break:break-word]\">\n<p class=\"my-2 [&amp;+p]:mt-4 [&amp;_strong:has(+br)]:inline-block [&amp;_strong:has(+br)]:pb-2\">\ud83c\udf1f Instrument Handpan <strong>Aegean 11 (9+2) &#8211; Z\u0142ota Spirala C3<\/strong> \ud83c\udf1f<br \/>\n( C3 | (E3) (G3) B3 C4 E4 F#4 G4 B4 C5 E5)<\/p>\n<p class=\"my-2 [&amp;+p]:mt-4 [&amp;_strong:has(+br)]:inline-block [&amp;_strong:has(+br)]:pb-2\">Wejd\u017a do \u015bwiata d\u017awi\u0119k\u00f3w, gdzie czas zwalnia, a ka\u017cda nuta niesie magi\u0119 spokoju.<\/p>\n<div style=\"padding: 56.25% 0 0 0; position: relative;\"><iframe style=\"position: absolute; top: 0; left: 0; width: 100%; height: 100%;\" title=\"Handpan C Aegean 9 Stal nierdzewna Premium 432Hz - z\u0142ota spirala \u2013 wideo z produkcji do akceptacji projektu.\" src=\"https:\/\/player.vimeo.com\/video\/1164977970?badge=0&amp;autopause=0&amp;player_id=0&amp;app_id=58479\" frameborder=\"0\"><\/iframe><\/div>\n<h2 id=\"mistyczna-podr-z-mioci-i-spokojem\" class=\"mb-2 mt-4 [.has-inline-images_&amp;]:clear-end font-sans visRefresh2026AnswerSerif:font-editorial font-semimedium visRefresh2026Fonts:font-bold text-base visRefresh2026Fonts:text-lg first:mt-0 md:text-lg [hr+&amp;]:mt-4\">Mistyczna podr\u00f3\u017c z Mi\u0142o\u015bci\u0105 i Spokojem<\/h2>\n<p class=\"my-2 [&amp;+p]:mt-4 [&amp;_strong:has(+br)]:inline-block [&amp;_strong:has(+br)]:pb-2\">Wyobra\u017a sobie poranek, gdy pierwsze promienie s\u0142o\u0144ca ta\u0144cz\u0105 na z\u0142otej spirali Twojego handpana Aegean 11. Delikatne mu\u015bni\u0119cie palc\u00f3w budzi instrument, a eteryczne d\u017awi\u0119ki wype\u0142niaj\u0105 przestrze\u0144 jak pradawne legendy. Ten customowy model to portal do medytacji i improwizacji.<\/p>\n<div style=\"padding: 56.25% 0 0 0; position: relative;\"><iframe style=\"position: absolute; top: 0; left: 0; width: 100%; height: 100%;\" title=\"Handpan C Aegean 11 Stal nierdzewna Premium 432Hz - z\u0142ota spirala \u2013 wideo z test\u00f3w w Gda\u0144sku.\" src=\"https:\/\/www.youtube.com\/embed\/yU9Ih3U11kk?si=gGxlpLWnHP3F96YR\" frameborder=\"0\"><\/iframe><\/div>\n<h2 id=\"cechy-tworzce-magi\" class=\"mb-2 mt-4 [.has-inline-images_&amp;]:clear-end font-sans visRefresh2026AnswerSerif:font-editorial font-semimedium visRefresh2026Fonts:font-bold text-base visRefresh2026Fonts:text-lg first:mt-0 md:text-lg [hr+&amp;]:mt-4\">Cechy tworz\u0105ce magi\u0119<\/h2>\n<ul class=\"marker:text-quiet list-disc\">\n<li class=\"py-0 my-0 prose-p:pt-0 prose-p:mb-2 prose-p:my-0 [&amp;&gt;p]:pt-0 [&amp;&gt;p]:mb-2 [&amp;&gt;p]:my-0\">\n<p class=\"my-2 [&amp;+p]:mt-4 [&amp;_strong:has(+br)]:inline-block [&amp;_strong:has(+br)]:pb-2\"><strong>Stal nierdzewna Premium<\/strong> \u2013 nadaje d\u017awi\u0119kom g\u0142\u0119bi\u0119 jak w g\u00f3rskiej jaskini.<\/p>\n<\/li>\n<li class=\"py-0 my-0 prose-p:pt-0 prose-p:mb-2 prose-p:my-0 [&amp;&gt;p]:pt-0 [&amp;&gt;p]:mb-2 [&amp;&gt;p]:my-0\">\n<p class=\"my-2 [&amp;+p]:mt-4 [&amp;_strong:has(+br)]:inline-block [&amp;_strong:has(+br)]:pb-2\"><strong>53 cm doskona\u0142o\u015bci<\/strong> \u2013 idealny rozmiar do obj\u0119cia i poczucia pulsowania.<\/p>\n<\/li>\n<li class=\"py-0 my-0 prose-p:pt-0 prose-p:mb-2 prose-p:my-0 [&amp;&gt;p]:pt-0 [&amp;&gt;p]:mb-2 [&amp;&gt;p]:my-0\">\n<p class=\"my-2 [&amp;+p]:mt-4 [&amp;_strong:has(+br)]:inline-block [&amp;_strong:has(+br)]:pb-2\"><strong>Skala C Aegean 11 (9+2)<\/strong> \u2013 (E3) (G3) B3 C4 E4 F#4 G4 B4 C5 E5 , jedena\u015bcie bram do krainy marze\u0144.<\/p>\n<\/li>\n<li class=\"py-0 my-0 prose-p:pt-0 prose-p:mb-2 prose-p:my-0 [&amp;&gt;p]:pt-0 [&amp;&gt;p]:mb-2 [&amp;&gt;p]:my-0\">\n<p class=\"my-2 [&amp;+p]:mt-4 [&amp;_strong:has(+br)]:inline-block [&amp;_strong:has(+br)]:pb-2\"><strong>Strojenie 432 Hz \/ 440 Hz<\/strong> \u2013 rezonans z Twoj\u0105 dusz\u0105.<\/p>\n<\/li>\n<li class=\"py-0 my-0 prose-p:pt-0 prose-p:mb-2 prose-p:my-0 [&amp;&gt;p]:pt-0 [&amp;&gt;p]:mb-2 [&amp;&gt;p]:my-0\">\n<p class=\"my-2 [&amp;+p]:mt-4 [&amp;_strong:has(+br)]:inline-block [&amp;_strong:has(+br)]:pb-2\"><strong>Z\u0142ota spirala<\/strong> \u2013 unikatowy design jak magiczny talizman.<\/p>\n<\/li>\n<li class=\"py-0 my-0 prose-p:pt-0 prose-p:mb-2 prose-p:my-0 [&amp;&gt;p]:pt-0 [&amp;&gt;p]:mb-2 [&amp;&gt;p]:my-0\">\n<p class=\"my-2 [&amp;+p]:mt-4 [&amp;_strong:has(+br)]:inline-block [&amp;_strong:has(+br)]:pb-2\"><strong>Futera\u0142 mi\u0119kki (w cenie) lub twardy (+450 z\u0142)<\/strong>.<\/p>\n<\/li>\n<\/ul>\n<h2 id=\"dlaczego-mio-i-spokj\" class=\"mb-2 mt-4 [.has-inline-images_&amp;]:clear-end font-sans visRefresh2026AnswerSerif:font-editorial font-semimedium visRefresh2026Fonts:font-bold text-base visRefresh2026Fonts:text-lg first:mt-0 md:text-lg [hr+&amp;]:mt-4\">Dlaczego Mi\u0142o\u015b\u0107 i Spok\u00f3j?<\/h2>\n<ul class=\"marker:text-quiet list-disc\">\n<li class=\"py-0 my-0 prose-p:pt-0 prose-p:mb-2 prose-p:my-0 [&amp;&gt;p]:pt-0 [&amp;&gt;p]:mb-2 [&amp;&gt;p]:my-0\">\n<p class=\"my-2 [&amp;+p]:mt-4 [&amp;_strong:has(+br)]:inline-block [&amp;_strong:has(+br)]:pb-2\">R\u0119cznie wykuta opowie\u015b\u0107 z latami do\u015bwiadczenia.<\/p>\n<\/li>\n<li class=\"py-0 my-0 prose-p:pt-0 prose-p:mb-2 prose-p:my-0 [&amp;&gt;p]:pt-0 [&amp;&gt;p]:mb-2 [&amp;&gt;p]:my-0\">\n<p class=\"my-2 [&amp;+p]:mt-4 [&amp;_strong:has(+br)]:inline-block [&amp;_strong:has(+br)]:pb-2\">D\u0142ugie wybrzmiewanie i g\u0142\u0119boki rezonans do medytacji czy koncert\u00f3w.<\/p>\n<\/li>\n<li class=\"py-0 my-0 prose-p:pt-0 prose-p:mb-2 prose-p:my-0 [&amp;&gt;p]:pt-0 [&amp;&gt;p]:mb-2 [&amp;&gt;p]:my-0\">\n<p class=\"my-2 [&amp;+p]:mt-4 [&amp;_strong:has(+br)]:inline-block [&amp;_strong:has(+br)]:pb-2\">Idealny dla terapeut\u00f3w d\u017awi\u0119kiem i mi\u0142o\u015bnik\u00f3w ambientu.<\/p>\n<\/li>\n<\/ul>\n<p class=\"my-2 [&amp;+p]:mt-4 [&amp;_strong:has(+br)]:inline-block [&amp;_strong:has(+br)]:pb-2\">Handpan Aegean 11 \u2013 niech ka\u017cda nuta b\u0119dzie zakl\u0119ciem podr\u00f3\u017cy w g\u0142\u0105b siebie.<\/p>\n<p>&nbsp;<\/p>\n<div class=\"prose dark:prose-invert inline leading-relaxed break-words min-w-0 [word-break:break-word] prose-strong:font-medium visRefresh2026Fonts:prose-strong:font-bold [&amp;_&gt;*:first-child]:mt-0 [&amp;_&gt;*:last-child]:mb-0\">\n<p class=\"my-2 [&amp;+p]:mt-4 [&amp;_strong:has(+br)]:inline-block [&amp;_strong:has(+br)]:pb-2\"><strong>Uwaga dotycz\u0105ca kolor\u00f3w i patyny:<\/strong><\/p>\n<p class=\"my-2 [&amp;+p]:mt-4 [&amp;_strong:has(+br)]:inline-block [&amp;_strong:has(+br)]:pb-2\">Nasze handpany oferujemy g\u0142\u00f3wnie w eleganckich wyko\u0144czeniach z\u0142otym i srebrnym. Przed produkcj\u0105 zawsze potwierdzamy z Pa\u0144stwem ostateczny odcie\u0144, korzystaj\u0105c z palety barw dost\u0119pnej na stronie <a class=\"reset interactable cursor-pointer decoration-1 underline-offset-1 text-super hover:underline font-semibold\" href=\"https:\/\/miloscispokoj.pl\/paleta-kolorow\/\" target=\"_blank\" rel=\"nofollow noopener\"><span class=\"text-box-trim-both\">https:\/\/miloscispokoj.pl\/paleta-kolorow\/<\/span><\/a>, by w pe\u0142ni dopasowa\u0107 instrument do Waszych oczekiwa\u0144.<\/p>\n<p class=\"my-2 [&amp;+p]:mt-4 [&amp;_strong:has(+br)]:inline-block [&amp;_strong:has(+br)]:pb-2\">Patyna naturalnie powstaj\u0105ca na stali nierdzewnej Premium ewoluuje z czasem, nadaj\u0105c unikalny, vintage charakter \u2013 bez wp\u0142ywu na brzmienie czy strojenie. To wy\u0142\u0105cznie estetyczna zmiana, kt\u00f3ra wyr\u00f3\u017cnia ka\u017cdy egzemplarz.<\/p>\n<\/div>\n<p>&nbsp;<\/p>\n<\/div>","protected":false},"excerpt":{"rendered":"<ul class=\"marker:text-textOff list-disc\">\n<li>Mat\u00e9riau : Acier inoxydable de qualit\u00e9 sup\u00e9rieure<\/li>\n<li>Taille: 53 cm<\/li>\n<li>\u00c9chelle : C \u00c9g\u00e9e<\/li>\n<li>Nombre de notes : C \u00c9g\u00e9e ( C3 | (E3) (G3) B3 C4 E4 F#4 G4 B4 C5 E5)<\/li>\n<li>Accordage : 432 Hz \/ 440 Hz<\/li>\n<li>Couleur : Or\/Marron\/Argent : spirale\/Argent : r\u00e9tro 1,2,3\/Spirale dor\u00e9e<\/li>\n<li>\u00c9tui : Souple (gratuit) \/ Rigide (+ 107 EUR)<\/li>\n<\/ul>\n<hr \/>\n<h2>Prix \u200b\u200bdu handpan \u00e0 partir de\u00a0: 6\u00a0200 PLN<\/h2>\n<p><\/p>","protected":false},"featured_media":4233,"comment_status":"closed","ping_status":"closed","template":"","meta":[],"product_brand":[285],"product_cat":[286],"product_tag":[],"class_list":{"0":"post-4230","1":"product","2":"type-product","3":"status-publish","4":"has-post-thumbnail","6":"product_brand-milosc-i-spokoj-handpany-z-serca-harmonii","7":"product_cat-handpan-z-stali-nierdzewnej-premium-edycja-mistyczna","9":"first","10":"instock","11":"shipping-taxable","12":"product-type-simple"},"yoast_head":"<!-- This site is optimized with the Yoast SEO plugin v27.4 - https:\/\/yoast.com\/product\/yoast-seo-wordpress\/ -->\n<title>Handpan C3 Aegean 11 (9+2) Z\u0142ota spirala Fibonacciego - stal nierdzewna Premium - Mi\u0142o\u015b\u0107 i Spok\u00f3j<\/title>\n<meta name=\"description\" content=\"Handpan C Aegean 11 Stal nierdzewna Premium \u2013 harmonijne brzmienie i wyj\u0105tkowa skala. Kolor: z\u0142ota spirala. Odkryj d\u017awi\u0119ki Mi\u0142o\u015bci i Spokoju \u2013 sprawd\u017a!\" \/>\n<meta name=\"robots\" content=\"index, follow, max-snippet:-1, max-image-preview:large, max-video-preview:-1\" \/>\n<link rel=\"canonical\" href=\"https:\/\/miloscispokoj.pl\/fr\/product-2\/handpan-c-aegean-11-or-spirale-fibonacci-acier-inoxydable-premium\/\" \/>\n<meta property=\"og:locale\" content=\"fr_FR\" \/>\n<meta property=\"og:type\" content=\"article\" \/>\n<meta property=\"og:title\" content=\"Handpan C3 Aegean 11 (9+2) Z\u0142ota spirala Fibonacciego - stal nierdzewna Premium - Mi\u0142o\u015b\u0107 i Spok\u00f3j\" \/>\n<meta property=\"og:description\" content=\"Handpan C Aegean 11 Stal nierdzewna Premium \u2013 harmonijne brzmienie i wyj\u0105tkowa skala. Kolor: z\u0142ota spirala. Odkryj d\u017awi\u0119ki Mi\u0142o\u015bci i Spokoju \u2013 sprawd\u017a!\" \/>\n<meta property=\"og:url\" content=\"https:\/\/miloscispokoj.pl\/fr\/product-2\/handpan-c-aegean-11-or-spirale-fibonacci-acier-inoxydable-premium\/\" \/>\n<meta property=\"og:site_name\" content=\"Mi\u0142o\u015b\u0107 i Spok\u00f3j\" \/>\n<meta property=\"article:publisher\" content=\"https:\/\/www.facebook.com\/HandpanyMiloscISpokoj\" \/>\n<meta property=\"article:modified_time\" content=\"2026-03-26T19:54:22+00:00\" \/>\n<meta property=\"og:image\" content=\"https:\/\/miloscispokoj.pl\/wp-content\/uploads\/2026\/02\/miloscispokoj.pl-handpan-c-aegean-11-zlota-spirala-fibonacciego-stal-nierdzewna-premium-handpa-aegean-11-przednia-muszla-stal-nierdzewna-premium-milosc-i-spokoj-1024x682.png\" \/>\n\t<meta property=\"og:image:width\" content=\"1024\" \/>\n\t<meta property=\"og:image:height\" content=\"682\" \/>\n\t<meta property=\"og:image:type\" content=\"image\/png\" \/>\n<meta name=\"twitter:card\" content=\"summary_large_image\" \/>\n<meta name=\"twitter:label1\" content=\"Dur\u00e9e de lecture estim\u00e9e\" \/>\n\t<meta name=\"twitter:data1\" content=\"2 minutes\" \/>\n<script type=\"application\/ld+json\" class=\"yoast-schema-graph\">{\"@context\":\"https:\\\/\\\/schema.org\",\"@graph\":[{\"@type\":\"WebPage\",\"@id\":\"https:\\\/\\\/miloscispokoj.pl\\\/produkt\\\/handpan-c-aegean-11-zlota-spirala-fibonacciego-stal-nierdzewna-premium\\\/\",\"url\":\"https:\\\/\\\/miloscispokoj.pl\\\/produkt\\\/handpan-c-aegean-11-zlota-spirala-fibonacciego-stal-nierdzewna-premium\\\/\",\"name\":\"Handpan C3 Aegean 11 (9+2) Z\u0142ota spirala Fibonacciego - stal nierdzewna Premium - Mi\u0142o\u015b\u0107 i Spok\u00f3j\",\"isPartOf\":{\"@id\":\"https:\\\/\\\/miloscispokoj.pl\\\/#website\"},\"primaryImageOfPage\":{\"@id\":\"https:\\\/\\\/miloscispokoj.pl\\\/produkt\\\/handpan-c-aegean-11-zlota-spirala-fibonacciego-stal-nierdzewna-premium\\\/#primaryimage\"},\"image\":{\"@id\":\"https:\\\/\\\/miloscispokoj.pl\\\/produkt\\\/handpan-c-aegean-11-zlota-spirala-fibonacciego-stal-nierdzewna-premium\\\/#primaryimage\"},\"thumbnailUrl\":\"https:\\\/\\\/miloscispokoj.pl\\\/wp-content\\\/uploads\\\/2026\\\/02\\\/miloscispokoj.pl-handpan-c-aegean-11-zlota-spirala-fibonacciego-stal-nierdzewna-premium-handpa-aegean-11-przednia-muszla-stal-nierdzewna-premium-milosc-i-spokoj.png?wsr\",\"datePublished\":\"2026-02-14T15:05:43+00:00\",\"dateModified\":\"2026-03-26T19:54:22+00:00\",\"description\":\"Handpan C Aegean 11 Stal nierdzewna Premium \u2013 harmonijne brzmienie i wyj\u0105tkowa skala. Kolor: z\u0142ota spirala. Odkryj d\u017awi\u0119ki Mi\u0142o\u015bci i Spokoju \u2013 sprawd\u017a!\",\"breadcrumb\":{\"@id\":\"https:\\\/\\\/miloscispokoj.pl\\\/produkt\\\/handpan-c-aegean-11-zlota-spirala-fibonacciego-stal-nierdzewna-premium\\\/#breadcrumb\"},\"inLanguage\":\"fr-FR\",\"potentialAction\":[{\"@type\":\"ReadAction\",\"target\":[\"https:\\\/\\\/miloscispokoj.pl\\\/produkt\\\/handpan-c-aegean-11-zlota-spirala-fibonacciego-stal-nierdzewna-premium\\\/\"]}]},{\"@type\":\"ImageObject\",\"inLanguage\":\"fr-FR\",\"@id\":\"https:\\\/\\\/miloscispokoj.pl\\\/produkt\\\/handpan-c-aegean-11-zlota-spirala-fibonacciego-stal-nierdzewna-premium\\\/#primaryimage\",\"url\":\"https:\\\/\\\/miloscispokoj.pl\\\/wp-content\\\/uploads\\\/2026\\\/02\\\/miloscispokoj.pl-handpan-c-aegean-11-zlota-spirala-fibonacciego-stal-nierdzewna-premium-handpa-aegean-11-przednia-muszla-stal-nierdzewna-premium-milosc-i-spokoj.png?wsr\",\"contentUrl\":\"https:\\\/\\\/miloscispokoj.pl\\\/wp-content\\\/uploads\\\/2026\\\/02\\\/miloscispokoj.pl-handpan-c-aegean-11-zlota-spirala-fibonacciego-stal-nierdzewna-premium-handpa-aegean-11-przednia-muszla-stal-nierdzewna-premium-milosc-i-spokoj.png?wsr\",\"width\":2000,\"height\":1333,\"caption\":\"Handpa Aegean 11 - Przednia muszla - Stal nierdzewna Premium - Mi\u0142o\u015b\u0107 i Spok\u00f3j\"},{\"@type\":\"BreadcrumbList\",\"@id\":\"https:\\\/\\\/miloscispokoj.pl\\\/produkt\\\/handpan-c-aegean-11-zlota-spirala-fibonacciego-stal-nierdzewna-premium\\\/#breadcrumb\",\"itemListElement\":[{\"@type\":\"ListItem\",\"position\":1,\"name\":\"Mi\u0142o\u015b\u0107 i Spok\u00f3j\",\"item\":\"https:\\\/\\\/miloscispokoj.pl\\\/\"},{\"@type\":\"ListItem\",\"position\":2,\"name\":\"Sklep z handpanami \u2013 wybierz sw\u00f3j instrument\",\"item\":\"https:\\\/\\\/miloscispokoj.pl\\\/sklep-handpan-milosc-i-spokoj\\\/\"},{\"@type\":\"ListItem\",\"position\":3,\"name\":\"Handpan C3 Aegean 11 (9+2) Z\u0142ota spirala Fibonacciego &#8211; stal nierdzewna Premium\"}]},{\"@type\":\"WebSite\",\"@id\":\"https:\\\/\\\/miloscispokoj.pl\\\/#website\",\"url\":\"https:\\\/\\\/miloscispokoj.pl\\\/\",\"name\":\"handpany Mi\u0142o\u015b\u0107 i Spok\u00f3j\",\"description\":\"Odkryj moc instrumentu, kt\u00f3ry przenosi do krainy medytacji, relaksu i duchowego wzrostu.\",\"publisher\":{\"@id\":\"https:\\\/\\\/miloscispokoj.pl\\\/#organization\"},\"alternateName\":\"R\u0119cznie robione handpany marki Mi\u0142o\u015b\u0107 i Spok\u00f3j\",\"potentialAction\":[{\"@type\":\"SearchAction\",\"target\":{\"@type\":\"EntryPoint\",\"urlTemplate\":\"https:\\\/\\\/miloscispokoj.pl\\\/?s={search_term_string}\"},\"query-input\":{\"@type\":\"PropertyValueSpecification\",\"valueRequired\":true,\"valueName\":\"search_term_string\"}}],\"inLanguage\":\"fr-FR\"},{\"@type\":\"Organization\",\"@id\":\"https:\\\/\\\/miloscispokoj.pl\\\/#organization\",\"name\":\"Firma: Kreatywne \u015acie\u017cki Piotr Kaczorowski Marka: Mi\u0142o\u015b\u0107 i Spok\u00f3j\",\"alternateName\":\"Mi\u0142o\u015b\u0107 i spok\u00f3j\",\"url\":\"https:\\\/\\\/miloscispokoj.pl\\\/\",\"logo\":{\"@type\":\"ImageObject\",\"inLanguage\":\"fr-FR\",\"@id\":\"https:\\\/\\\/miloscispokoj.pl\\\/#\\\/schema\\\/logo\\\/image\\\/\",\"url\":\"https:\\\/\\\/miloscispokoj.pl\\\/wp-content\\\/uploads\\\/2025\\\/04\\\/cropped-Logo_MILOSC-I-SPOKOJ_pl_CMYK_v1_RGB_z-bialym-tlem.png?wsr\",\"contentUrl\":\"https:\\\/\\\/miloscispokoj.pl\\\/wp-content\\\/uploads\\\/2025\\\/04\\\/cropped-Logo_MILOSC-I-SPOKOJ_pl_CMYK_v1_RGB_z-bialym-tlem.png?wsr\",\"width\":512,\"height\":512,\"caption\":\"Firma: Kreatywne \u015acie\u017cki Piotr Kaczorowski Marka: Mi\u0142o\u015b\u0107 i Spok\u00f3j\"},\"image\":{\"@id\":\"https:\\\/\\\/miloscispokoj.pl\\\/#\\\/schema\\\/logo\\\/image\\\/\"},\"sameAs\":[\"https:\\\/\\\/www.facebook.com\\\/HandpanyMiloscISpokoj\",\"https:\\\/\\\/www.youtube.com\\\/@miloscispokoj\"]}]}<\/script>\n<!-- \/ Yoast SEO plugin. -->","yoast_head_json":{"title":"Handpan C3 Aegean 11 (9+2) Z\u0142ota spirala Fibonacciego - stal nierdzewna Premium - Mi\u0142o\u015b\u0107 i Spok\u00f3j","description":"Handpan C Aegean 11 Premium en acier inoxydable \u2013 son harmonieux et gamme unique. Couleur\u00a0: spirale dor\u00e9e. D\u00e9couvrez les sons de l\u2019amour et de la paix \u2013 consultez notre offre\u00a0!","robots":{"index":"index","follow":"follow","max-snippet":"max-snippet:-1","max-image-preview":"max-image-preview:large","max-video-preview":"max-video-preview:-1"},"canonical":"https:\/\/miloscispokoj.pl\/fr\/product-2\/handpan-c-aegean-11-or-spirale-fibonacci-acier-inoxydable-premium\/","og_locale":"fr_FR","og_type":"article","og_title":"Handpan C3 Aegean 11 (9+2) Z\u0142ota spirala Fibonacciego - stal nierdzewna Premium - Mi\u0142o\u015b\u0107 i Spok\u00f3j","og_description":"Handpan C Aegean 11 Stal nierdzewna Premium \u2013 harmonijne brzmienie i wyj\u0105tkowa skala. Kolor: z\u0142ota spirala. Odkryj d\u017awi\u0119ki Mi\u0142o\u015bci i Spokoju \u2013 sprawd\u017a!","og_url":"https:\/\/miloscispokoj.pl\/fr\/product-2\/handpan-c-aegean-11-or-spirale-fibonacci-acier-inoxydable-premium\/","og_site_name":"Mi\u0142o\u015b\u0107 i Spok\u00f3j","article_publisher":"https:\/\/www.facebook.com\/HandpanyMiloscISpokoj","article_modified_time":"2026-03-26T19:54:22+00:00","og_image":[{"width":1024,"height":682,"url":"https:\/\/miloscispokoj.pl\/wp-content\/uploads\/2026\/02\/miloscispokoj.pl-handpan-c-aegean-11-zlota-spirala-fibonacciego-stal-nierdzewna-premium-handpa-aegean-11-przednia-muszla-stal-nierdzewna-premium-milosc-i-spokoj-1024x682.png","type":"image\/png"}],"twitter_card":"summary_large_image","twitter_misc":{"Dur\u00e9e de lecture estim\u00e9e":"2 minutes"},"schema":{"@context":"https:\/\/schema.org","@graph":[{"@type":"WebPage","@id":"https:\/\/miloscispokoj.pl\/produkt\/handpan-c-aegean-11-zlota-spirala-fibonacciego-stal-nierdzewna-premium\/","url":"https:\/\/miloscispokoj.pl\/produkt\/handpan-c-aegean-11-zlota-spirala-fibonacciego-stal-nierdzewna-premium\/","name":"Handpan C3 Aegean 11 (9+2) Z\u0142ota spirala Fibonacciego - stal nierdzewna Premium - Mi\u0142o\u015b\u0107 i Spok\u00f3j","isPartOf":{"@id":"https:\/\/miloscispokoj.pl\/#website"},"primaryImageOfPage":{"@id":"https:\/\/miloscispokoj.pl\/produkt\/handpan-c-aegean-11-zlota-spirala-fibonacciego-stal-nierdzewna-premium\/#primaryimage"},"image":{"@id":"https:\/\/miloscispokoj.pl\/produkt\/handpan-c-aegean-11-zlota-spirala-fibonacciego-stal-nierdzewna-premium\/#primaryimage"},"thumbnailUrl":"https:\/\/miloscispokoj.pl\/wp-content\/uploads\/2026\/02\/miloscispokoj.pl-handpan-c-aegean-11-zlota-spirala-fibonacciego-stal-nierdzewna-premium-handpa-aegean-11-przednia-muszla-stal-nierdzewna-premium-milosc-i-spokoj.png?wsr","datePublished":"2026-02-14T15:05:43+00:00","dateModified":"2026-03-26T19:54:22+00:00","description":"Handpan C Aegean 11 Premium en acier inoxydable \u2013 son harmonieux et gamme unique. Couleur\u00a0: spirale dor\u00e9e. D\u00e9couvrez les sons de l\u2019amour et de la paix \u2013 consultez notre offre\u00a0!","breadcrumb":{"@id":"https:\/\/miloscispokoj.pl\/produkt\/handpan-c-aegean-11-zlota-spirala-fibonacciego-stal-nierdzewna-premium\/#breadcrumb"},"inLanguage":"fr-FR","potentialAction":[{"@type":"ReadAction","target":["https:\/\/miloscispokoj.pl\/produkt\/handpan-c-aegean-11-zlota-spirala-fibonacciego-stal-nierdzewna-premium\/"]}]},{"@type":"ImageObject","inLanguage":"fr-FR","@id":"https:\/\/miloscispokoj.pl\/produkt\/handpan-c-aegean-11-zlota-spirala-fibonacciego-stal-nierdzewna-premium\/#primaryimage","url":"https:\/\/miloscispokoj.pl\/wp-content\/uploads\/2026\/02\/miloscispokoj.pl-handpan-c-aegean-11-zlota-spirala-fibonacciego-stal-nierdzewna-premium-handpa-aegean-11-przednia-muszla-stal-nierdzewna-premium-milosc-i-spokoj.png?wsr","contentUrl":"https:\/\/miloscispokoj.pl\/wp-content\/uploads\/2026\/02\/miloscispokoj.pl-handpan-c-aegean-11-zlota-spirala-fibonacciego-stal-nierdzewna-premium-handpa-aegean-11-przednia-muszla-stal-nierdzewna-premium-milosc-i-spokoj.png?wsr","width":2000,"height":1333,"caption":"Handpa Aegean 11 - Przednia muszla - Stal nierdzewna Premium - Mi\u0142o\u015b\u0107 i Spok\u00f3j"},{"@type":"BreadcrumbList","@id":"https:\/\/miloscispokoj.pl\/produkt\/handpan-c-aegean-11-zlota-spirala-fibonacciego-stal-nierdzewna-premium\/#breadcrumb","itemListElement":[{"@type":"ListItem","position":1,"name":"Mi\u0142o\u015b\u0107 i Spok\u00f3j","item":"https:\/\/miloscispokoj.pl\/"},{"@type":"ListItem","position":2,"name":"Sklep z handpanami \u2013 wybierz sw\u00f3j instrument","item":"https:\/\/miloscispokoj.pl\/sklep-handpan-milosc-i-spokoj\/"},{"@type":"ListItem","position":3,"name":"Handpan C3 Aegean 11 (9+2) Z\u0142ota spirala Fibonacciego &#8211; stal nierdzewna Premium"}]},{"@type":"WebSite","@id":"https:\/\/miloscispokoj.pl\/#website","url":"https:\/\/miloscispokoj.pl\/","name":"handpany Mi\u0142o\u015b\u0107 i Spok\u00f3j","description":"D\u00e9couvrez la puissance de l'outil, qui vous transporte au pays de la m\u00e9ditation, de la relaxation et de la croissance spirituelle.","publisher":{"@id":"https:\/\/miloscispokoj.pl\/#organization"},"alternateName":"R\u0119cznie robione handpany marki Mi\u0142o\u015b\u0107 i Spok\u00f3j","potentialAction":[{"@type":"SearchAction","target":{"@type":"EntryPoint","urlTemplate":"https:\/\/miloscispokoj.pl\/?s={search_term_string}"},"query-input":{"@type":"PropertyValueSpecification","valueRequired":true,"valueName":"search_term_string"}}],"inLanguage":"fr-FR"},{"@type":"Organization","@id":"https:\/\/miloscispokoj.pl\/#organization","name":"Entreprise: cr\u00e9ation de la voie Piotr Kaczorowski de la marque: l'amour et la s\u00e9r\u00e9nit\u00e9","alternateName":"Mi\u0142o\u015b\u0107 i spok\u00f3j","url":"https:\/\/miloscispokoj.pl\/","logo":{"@type":"ImageObject","inLanguage":"fr-FR","@id":"https:\/\/miloscispokoj.pl\/#\/schema\/logo\/image\/","url":"https:\/\/miloscispokoj.pl\/wp-content\/uploads\/2025\/04\/cropped-Logo_MILOSC-I-SPOKOJ_pl_CMYK_v1_RGB_z-bialym-tlem.png?wsr","contentUrl":"https:\/\/miloscispokoj.pl\/wp-content\/uploads\/2025\/04\/cropped-Logo_MILOSC-I-SPOKOJ_pl_CMYK_v1_RGB_z-bialym-tlem.png?wsr","width":512,"height":512,"caption":"Firma: Kreatywne \u015acie\u017cki Piotr Kaczorowski Marka: Mi\u0142o\u015b\u0107 i Spok\u00f3j"},"image":{"@id":"https:\/\/miloscispokoj.pl\/#\/schema\/logo\/image\/"},"sameAs":["https:\/\/www.facebook.com\/HandpanyMiloscISpokoj","https:\/\/www.youtube.com\/@miloscispokoj"]}]}},"_links":{"self":[{"href":"https:\/\/miloscispokoj.pl\/fr\/wp-json\/wp\/v2\/product\/4230","targetHints":{"allow":["GET"]}}],"collection":[{"href":"https:\/\/miloscispokoj.pl\/fr\/wp-json\/wp\/v2\/product"}],"about":[{"href":"https:\/\/miloscispokoj.pl\/fr\/wp-json\/wp\/v2\/types\/product"}],"replies":[{"embeddable":true,"href":"https:\/\/miloscispokoj.pl\/fr\/wp-json\/wp\/v2\/comments?post=4230"}],"wp:featuredmedia":[{"embeddable":true,"href":"https:\/\/miloscispokoj.pl\/fr\/wp-json\/wp\/v2\/media\/4233"}],"wp:attachment":[{"href":"https:\/\/miloscispokoj.pl\/fr\/wp-json\/wp\/v2\/media?parent=4230"}],"wp:term":[{"taxonomy":"product_brand","embeddable":true,"href":"https:\/\/miloscispokoj.pl\/fr\/wp-json\/wp\/v2\/product_brand?post=4230"},{"taxonomy":"product_cat","embeddable":true,"href":"https:\/\/miloscispokoj.pl\/fr\/wp-json\/wp\/v2\/product_cat?post=4230"},{"taxonomy":"product_tag","embeddable":true,"href":"https:\/\/miloscispokoj.pl\/fr\/wp-json\/wp\/v2\/product_tag?post=4230"}],"curies":[{"name":"wp","href":"https:\/\/api.w.org\/{rel}","templated":true}]}}